{"id":27974,"date":"2018-03-09T17:54:27","date_gmt":"2018-03-09T09:54:27","guid":{"rendered":"https:\/\/www.comfort-works.com\/news\/anleitung-fur-ikea-kivik-sofas\/"},"modified":"2024-01-15T13:37:45","modified_gmt":"2024-01-15T05:37:45","slug":"anleitung-fur-ikea-kivik-sofas","status":"publish","type":"page","link":"https:\/\/blog.comfort-works.com\/de\/anleitung-fur-ikea-kivik-sofas\/","title":{"rendered":"Anleitung f\u00fcr IKEA Kivik Sofas"},"content":{"rendered":"<p>Ultimative Tipps und Informationen \u00fcber die IKEA Kivik Sofa Serie \u2013 Ma\u00dfe, Bewertungen, Bez\u00fcge, Anleitungen und mehr.<\/p>\n<p>Vielleicht suchst du das perfekte Sofa und brauchst ein wenig Hilfe? Oder hast du dich bereits f\u00fcr das Kivik Sofa entschieden, eins auf Ebay gefunden und jetzt ben\u00f6tigst du weitere Informationen \u00fcber das Modell? Es k\u00f6nnte sein, dass du schon das Sofa hast, aber jemand hat darauf Kaffee versch\u00fcttet oder deine Schwiegereltern kommen nach langer Zeit zu besuch. Keine Sorgen, wir sind f\u00fcr jede Situation vorbereitet.<\/p>\n<p>Wenn du weitere Fragen wegen der Serie hast, kontaktiere uns am besten unter\u00a0<a href=\"mailto:info@comfortworks.com.au\">info@comfortworks.com.au<\/a>.<\/p>\n<figure id=\"attachment_5670\" aria-describedby=\"caption-attachment-5670\" style=\"width: 612px\" class=\"wp-caption aligncenter\"><a href=\"https:\/\/www.comfort-works.com\/news\/wp-content\/uploads\/2011\/10\/Kivik-3-seater-in-Kino-Orange-by-Essani-Design.jpg\"><img loading=\"lazy\" decoding=\"async\" class=\"wp-image-5670 size-full\" src=\"https:\/\/www.comfort-works.com\/news\/wp-content\/uploads\/2011\/10\/Kivik-3-seater-in-Kino-Orange-by-Essani-Design.jpg\" alt=\"Kivik 3er Sofabezug aus dem Kino Orange Stoff\" width=\"612\" height=\"612\" srcset=\"https:\/\/blog.comfort-works.com\/wp-content\/uploads\/2011\/10\/Kivik-3-seater-in-Kino-Orange-by-Essani-Design.jpg 612w, https:\/\/blog.comfort-works.com\/wp-content\/uploads\/2011\/10\/Kivik-3-seater-in-Kino-Orange-by-Essani-Design-150x150.jpg 150w\" sizes=\"auto, (max-width: 612px) 100vw, 612px\" \/><\/a><figcaption id=\"caption-attachment-5670\" class=\"wp-caption-text\">Kivik 3er Sofabezug aus dem Kino Orange Stoff<\/figcaption><\/figure>\n<h2>Schneller Check<\/h2>\n<p>Die Sofas und Bez\u00fcge f\u00fcr die Serie sind bei IKEA erh\u00e4ltlich, aber aus irgendeinem Grund sind sie immer ausverkauft.<\/p>\n<p><strong>Sofabez\u00fcge: <\/strong>Hier findest du\u00a0<a href=\"https:\/\/comfort-works.com\/de-de\/collections\/ikea-kivik-slipcovers\n\">IKEA Kivik Bez\u00fcge<\/a> von\u00a0Comfort Works.<\/p>\n<p><strong>Ma\u00dfe:\u00a0<\/strong><a href=\"\/news?p=3075\">https:\/\/www.comfort-works.com\/news\/ikea-kivik-sofa-series-all-kivik-sofa-dimensions-and-sizes\/<\/a><\/p>\n<p><strong>Vorteile:<\/strong> Abnehmbare Armlehnen, die sich mit anderen Modellen kombinieren lassen. Die Serie zeichnet ein zeitloser Look aus.<\/p>\n<p><strong>Nachteile:<\/strong> Unnat\u00fcrlich niedrige Armlehnen, die sich einfach nicht richtig anf\u00fchlen. Die Serie ist auch bisschen teurer als erwartet.<\/p>\n<h2>Anleitungen<\/h2>\n<p>M\u00f6chtest du wissen, wie du ein Kivik Sofa zusammenbauen sollst? Klicke auf das gew\u00fcnschte Modell, um die Bedienungsanleitung herunterzuladen.<\/p>\n<ul>\n<li><a href=\"https:\/\/www.comfort-works.com\/news\/wp-content\/uploads\/2015\/03\/Kivik-Chaise.pdf\">IKEA Kivik Recamiere<\/a><\/li>\n<li><a href=\"https:\/\/www.comfort-works.com\/news\/wp-content\/uploads\/2015\/03\/Kivik-Corner-Section.pdf\">IKEA Kivik Eckelement<\/a><\/li>\n<li><a href=\"https:\/\/www.comfort-works.com\/news\/wp-content\/uploads\/2015\/03\/Kivik-Footstool.pdf\">IKEA Kivik Hocker<\/a><\/li>\n<li><a href=\"https:\/\/www.comfort-works.com\/news\/wp-content\/uploads\/2015\/03\/Kivik-Loveseat.pdf\">IKEA Kivik 2er Sofa<\/a><\/li>\n<li><a href=\"https:\/\/www.comfort-works.com\/news\/wp-content\/uploads\/2015\/03\/Kivik-One-Seat-Section.pdf\">IKEA Kivik 1-Sitzer<\/a><\/li>\n<li><a href=\"https:\/\/www.comfort-works.com\/news\/wp-content\/uploads\/2015\/03\/Kivik-Sofa.pdf\">IKEA Kivik Sofa<\/a><\/li>\n<li><a href=\"https:\/\/www.comfort-works.com\/news\/wp-content\/uploads\/2015\/03\/Kivik-Sofa-Bed.pdf\">IKEA Kivik Schlafsofa<\/a><\/li>\n<li><a href=\"http:\/\/www.youtube.com\/watch?v=cigz25_vpgU\">Anleitungsvideo f\u00fcr die Kivik Serie<\/a><\/li>\n<\/ul>\n<h2>Unsere Bewertung<\/h2>\n<p>Kurz gesagt: Das Kivik Sofa ist eigentlich ein h\u00fcbscher Hingucker und es ist auch bequem f\u00fcr ein IKEA Sofa &#8211; aber die Serie ist leider zu teuer. <a href=\"\/news?p=26763\">Hier<\/a> findest du unsere vollst\u00e4ndige Bewertung.<\/p>\n Kivik 3er Sofabezug aus wei\u00dfem Leinen\n<p>Obwohl dieses Modell noch bei IKEA erh\u00e4ltlich ist, bietet <a href=\"https:\/\/comfort-works.com\/de\/\">Comfort Works<\/a> auch Stoff- und Lederbez\u00fcge als Alternative an. Wir produzieren auch bodenlange Bez\u00fcge f\u00fcr die Kivik Serie (wie auf dem Foto dargestellt).<\/p>\n<p>Entwerfe schon heute deinen eigenen\u00a0<a href=\"https:\/\/comfort-works.com\/de-de\/collections\/ikea-kivik-slipcovers\n\">Kivik\u00a0Bezug.<\/a><\/p>\n<h2>Mehr Informationen<\/h2>\n<p><a href=\"http:\/\/ths.gardenweb.com\/forums\/load\/decor\/msg0523051928658.html\">Garden Web<\/a> &#8211; Ein Forum \u00fcber das Kivik Sofa<br \/>\nAPARTMENT THERAPY- Bewertungen von dem IKEA Kivik Sofa<br \/>\nAPARTMENT THERAPY &#8211; Meinungen von Kunden \u00fcber die IKEA Kivik, Karlstad und Poang Serien.<\/p>\n","protected":false},"excerpt":{"rendered":"<p>Ultimative Tipps und Informationen \u00fcber die IKEA Kivik Sofa Serie \u2013 Ma\u00dfe, Bewertungen, Bez\u00fcge, Anleitungen und mehr. Vielleicht suchst du das perfekte Sofa und brauchst ein wenig Hilfe? Oder hast du dich bereits f\u00fcr das Kivik Sofa entschieden, eins auf Ebay gefunden und jetzt ben\u00f6tigst du weitere Informationen \u00fcber das Modell? Es k\u00f6nnte sein, dass [&hellip;]<\/p>\n","protected":false},"author":1,"featured_media":75387,"parent":0,"menu_order":0,"comment_status":"open","ping_status":"closed","template":"","meta":{"_acf_changed":false,"footnotes":""},"class_list":["post-27974","page","type-page","status-publish","has-post-thumbnail","hentry"],"acf":[],"yoast_head":"<!-- This site is optimized with the Yoast SEO Premium plugin v25.1 (Yoast SEO v25.1) - https:\/\/yoast.com\/wordpress\/plugins\/seo\/ -->\n<title>Anleitung f\u00fcr IKEA Kivik Sofas<\/title>\n<meta name=\"description\" content=\"Ultimative Tipps und Informationen \u00fcber die IKEA Kivik Sofas \u2013 Ma\u00dfe, Bewertungen, Bez\u00fcge, Anleitungen und mehr.\" \/>\n<meta name=\"robots\" content=\"index, follow, max-snippet:-1, max-image-preview:large, max-video-preview:-1\" \/>\n<link rel=\"canonical\" href=\"https:\/\/blog.comfort-works.com\/de\/anleitung-fur-ikea-kivik-sofas\/\" \/>\n<meta property=\"og:locale\" content=\"de_DE\" \/>\n<meta property=\"og:type\" content=\"article\" \/>\n<meta property=\"og:title\" content=\"Anleitung f\u00fcr IKEA Kivik Sofas\" \/>\n<meta property=\"og:description\" content=\"Ultimative Tipps und Informationen \u00fcber die IKEA Kivik Sofas \u2013 Ma\u00dfe, Bewertungen, Bez\u00fcge, Anleitungen und mehr.\" \/>\n<meta property=\"og:url\" content=\"https:\/\/blog.comfort-works.com\/de\/anleitung-fur-ikea-kivik-sofas\/\" \/>\n<meta property=\"og:site_name\" content=\"Comfort Works Blog &amp; Design Inspirationen\" \/>\n<meta property=\"article:publisher\" content=\"https:\/\/www.facebook.com\/comfortworkscovers\" \/>\n<meta property=\"article:modified_time\" content=\"2024-01-15T05:37:45+00:00\" \/>\n<meta property=\"og:image\" content=\"https:\/\/blog-v3.comfort-works.com\/wp-content\/uploads\/2021\/06\/ikea-kivik-information-guide.jpg\" \/>\n\t<meta property=\"og:image:width\" content=\"940\" \/>\n\t<meta property=\"og:image:height\" content=\"534\" \/>\n\t<meta property=\"og:image:type\" content=\"image\/jpeg\" \/>\n<meta name=\"twitter:card\" content=\"summary_large_image\" \/>\n<meta name=\"twitter:site\" content=\"@comfortworks\" \/>\n<meta name=\"twitter:label1\" content=\"Gesch\u00e4tzte Lesezeit\" \/>\n\t<meta name=\"twitter:data1\" content=\"2\u00a0Minuten\" \/>\n<script type=\"application\/ld+json\" class=\"yoast-schema-graph\">{\"@context\":\"https:\/\/schema.org\",\"@graph\":[{\"@type\":\"WebPage\",\"@id\":\"https:\/\/blog.comfort-works.com\/de\/anleitung-fur-ikea-kivik-sofas\/\",\"url\":\"https:\/\/blog.comfort-works.com\/de\/anleitung-fur-ikea-kivik-sofas\/\",\"name\":\"Anleitung f\u00fcr IKEA Kivik Sofas\",\"isPartOf\":{\"@id\":\"https:\/\/blog.comfort-works.com\/#website\"},\"primaryImageOfPage\":{\"@id\":\"https:\/\/blog.comfort-works.com\/de\/anleitung-fur-ikea-kivik-sofas\/#primaryimage\"},\"image\":{\"@id\":\"https:\/\/blog.comfort-works.com\/de\/anleitung-fur-ikea-kivik-sofas\/#primaryimage\"},\"thumbnailUrl\":\"https:\/\/blog.comfort-works.com\/wp-content\/uploads\/2021\/06\/ikea-kivik-information-guide.jpg\",\"datePublished\":\"2018-03-09T09:54:27+00:00\",\"dateModified\":\"2024-01-15T05:37:45+00:00\",\"description\":\"Ultimative Tipps und Informationen \u00fcber die IKEA Kivik Sofas \u2013 Ma\u00dfe, Bewertungen, Bez\u00fcge, Anleitungen und mehr.\",\"inLanguage\":\"de\",\"potentialAction\":[{\"@type\":\"ReadAction\",\"target\":[\"https:\/\/blog.comfort-works.com\/de\/anleitung-fur-ikea-kivik-sofas\/\"]}]},{\"@type\":\"ImageObject\",\"inLanguage\":\"de\",\"@id\":\"https:\/\/blog.comfort-works.com\/de\/anleitung-fur-ikea-kivik-sofas\/#primaryimage\",\"url\":\"https:\/\/blog.comfort-works.com\/wp-content\/uploads\/2021\/06\/ikea-kivik-information-guide.jpg\",\"contentUrl\":\"https:\/\/blog.comfort-works.com\/wp-content\/uploads\/2021\/06\/ikea-kivik-information-guide.jpg\",\"width\":940,\"height\":534},{\"@type\":\"WebSite\",\"@id\":\"https:\/\/blog.comfort-works.com\/#website\",\"url\":\"https:\/\/blog.comfort-works.com\/\",\"name\":\"Finding Comfort\",\"description\":\"Alles \u00fcber sch\u00f6ner Wohnen und Leben\",\"publisher\":{\"@id\":\"https:\/\/blog.comfort-works.com\/#organization\"},\"potentialAction\":[{\"@type\":\"SearchAction\",\"target\":{\"@type\":\"EntryPoint\",\"urlTemplate\":\"https:\/\/blog.comfort-works.com\/?s={search_term_string}\"},\"query-input\":{\"@type\":\"PropertyValueSpecification\",\"valueRequired\":true,\"valueName\":\"search_term_string\"}}],\"inLanguage\":\"de\"},{\"@type\":\"Organization\",\"@id\":\"https:\/\/blog.comfort-works.com\/#organization\",\"name\":\"Comfort Works\",\"url\":\"https:\/\/blog.comfort-works.com\/\",\"logo\":{\"@type\":\"ImageObject\",\"inLanguage\":\"de\",\"@id\":\"https:\/\/blog.comfort-works.com\/#\/schema\/logo\/image\/\",\"url\":\"https:\/\/blog.comfort-works.com\/wp-content\/uploads\/2025\/06\/Frame-31.png\",\"contentUrl\":\"https:\/\/blog.comfort-works.com\/wp-content\/uploads\/2025\/06\/Frame-31.png\",\"width\":1200,\"height\":675,\"caption\":\"Comfort Works\"},\"image\":{\"@id\":\"https:\/\/blog.comfort-works.com\/#\/schema\/logo\/image\/\"},\"sameAs\":[\"https:\/\/www.facebook.com\/comfortworkscovers\",\"https:\/\/x.com\/comfortworks\",\"https:\/\/www.instagram.com\/comfortworks\/\",\"https:\/\/www.pinterest.com\/comfortworks\/\",\"https:\/\/www.youtube.com\/channel\/UCiY0z-GqZUzfeBwrAhT2kAg\"]}]}<\/script>\n<!-- \/ Yoast SEO Premium plugin. -->","yoast_head_json":{"title":"Anleitung f\u00fcr IKEA Kivik Sofas","description":"Ultimative Tipps und Informationen \u00fcber die IKEA Kivik Sofas \u2013 Ma\u00dfe, Bewertungen, Bez\u00fcge, Anleitungen und mehr.","robots":{"index":"index","follow":"follow","max-snippet":"max-snippet:-1","max-image-preview":"max-image-preview:large","max-video-preview":"max-video-preview:-1"},"canonical":"https:\/\/blog.comfort-works.com\/de\/anleitung-fur-ikea-kivik-sofas\/","og_locale":"de_DE","og_type":"article","og_title":"Anleitung f\u00fcr IKEA Kivik Sofas","og_description":"Ultimative Tipps und Informationen \u00fcber die IKEA Kivik Sofas \u2013 Ma\u00dfe, Bewertungen, Bez\u00fcge, Anleitungen und mehr.","og_url":"https:\/\/blog.comfort-works.com\/de\/anleitung-fur-ikea-kivik-sofas\/","og_site_name":"Comfort Works Blog &amp; Design Inspirationen","article_publisher":"https:\/\/www.facebook.com\/comfortworkscovers","article_modified_time":"2024-01-15T05:37:45+00:00","og_image":[{"width":940,"height":534,"url":"https:\/\/blog-v3.comfort-works.com\/wp-content\/uploads\/2021\/06\/ikea-kivik-information-guide.jpg","type":"image\/jpeg"}],"twitter_card":"summary_large_image","twitter_site":"@comfortworks","twitter_misc":{"Gesch\u00e4tzte Lesezeit":"2\u00a0Minuten"},"schema":{"@context":"https:\/\/schema.org","@graph":[{"@type":"WebPage","@id":"https:\/\/blog.comfort-works.com\/de\/anleitung-fur-ikea-kivik-sofas\/","url":"https:\/\/blog.comfort-works.com\/de\/anleitung-fur-ikea-kivik-sofas\/","name":"Anleitung f\u00fcr IKEA Kivik Sofas","isPartOf":{"@id":"https:\/\/blog.comfort-works.com\/#website"},"primaryImageOfPage":{"@id":"https:\/\/blog.comfort-works.com\/de\/anleitung-fur-ikea-kivik-sofas\/#primaryimage"},"image":{"@id":"https:\/\/blog.comfort-works.com\/de\/anleitung-fur-ikea-kivik-sofas\/#primaryimage"},"thumbnailUrl":"https:\/\/blog.comfort-works.com\/wp-content\/uploads\/2021\/06\/ikea-kivik-information-guide.jpg","datePublished":"2018-03-09T09:54:27+00:00","dateModified":"2024-01-15T05:37:45+00:00","description":"Ultimative Tipps und Informationen \u00fcber die IKEA Kivik Sofas \u2013 Ma\u00dfe, Bewertungen, Bez\u00fcge, Anleitungen und mehr.","inLanguage":"de","potentialAction":[{"@type":"ReadAction","target":["https:\/\/blog.comfort-works.com\/de\/anleitung-fur-ikea-kivik-sofas\/"]}]},{"@type":"ImageObject","inLanguage":"de","@id":"https:\/\/blog.comfort-works.com\/de\/anleitung-fur-ikea-kivik-sofas\/#primaryimage","url":"https:\/\/blog.comfort-works.com\/wp-content\/uploads\/2021\/06\/ikea-kivik-information-guide.jpg","contentUrl":"https:\/\/blog.comfort-works.com\/wp-content\/uploads\/2021\/06\/ikea-kivik-information-guide.jpg","width":940,"height":534},{"@type":"WebSite","@id":"https:\/\/blog.comfort-works.com\/#website","url":"https:\/\/blog.comfort-works.com\/","name":"Finding Comfort","description":"Alles \u00fcber sch\u00f6ner Wohnen und Leben","publisher":{"@id":"https:\/\/blog.comfort-works.com\/#organization"},"potentialAction":[{"@type":"SearchAction","target":{"@type":"EntryPoint","urlTemplate":"https:\/\/blog.comfort-works.com\/?s={search_term_string}"},"query-input":{"@type":"PropertyValueSpecification","valueRequired":true,"valueName":"search_term_string"}}],"inLanguage":"de"},{"@type":"Organization","@id":"https:\/\/blog.comfort-works.com\/#organization","name":"Comfort Works","url":"https:\/\/blog.comfort-works.com\/","logo":{"@type":"ImageObject","inLanguage":"de","@id":"https:\/\/blog.comfort-works.com\/#\/schema\/logo\/image\/","url":"https:\/\/blog.comfort-works.com\/wp-content\/uploads\/2025\/06\/Frame-31.png","contentUrl":"https:\/\/blog.comfort-works.com\/wp-content\/uploads\/2025\/06\/Frame-31.png","width":1200,"height":675,"caption":"Comfort Works"},"image":{"@id":"https:\/\/blog.comfort-works.com\/#\/schema\/logo\/image\/"},"sameAs":["https:\/\/www.facebook.com\/comfortworkscovers","https:\/\/x.com\/comfortworks","https:\/\/www.instagram.com\/comfortworks\/","https:\/\/www.pinterest.com\/comfortworks\/","https:\/\/www.youtube.com\/channel\/UCiY0z-GqZUzfeBwrAhT2kAg"]}]}},"_links":{"self":[{"href":"https:\/\/blog.comfort-works.com\/de\/wp-json\/wp\/v2\/pages\/27974","targetHints":{"allow":["GET"]}}],"collection":[{"href":"https:\/\/blog.comfort-works.com\/de\/wp-json\/wp\/v2\/pages"}],"about":[{"href":"https:\/\/blog.comfort-works.com\/de\/wp-json\/wp\/v2\/types\/page"}],"author":[{"embeddable":true,"href":"https:\/\/blog.comfort-works.com\/de\/wp-json\/wp\/v2\/users\/1"}],"replies":[{"embeddable":true,"href":"https:\/\/blog.comfort-works.com\/de\/wp-json\/wp\/v2\/comments?post=27974"}],"version-history":[{"count":13,"href":"https:\/\/blog.comfort-works.com\/de\/wp-json\/wp\/v2\/pages\/27974\/revisions"}],"predecessor-version":[{"id":108597,"href":"https:\/\/blog.comfort-works.com\/de\/wp-json\/wp\/v2\/pages\/27974\/revisions\/108597"}],"wp:featuredmedia":[{"embeddable":true,"href":"https:\/\/blog.comfort-works.com\/de\/wp-json\/wp\/v2\/media\/75387"}],"wp:attachment":[{"href":"https:\/\/blog.comfort-works.com\/de\/wp-json\/wp\/v2\/media?parent=27974"}],"curies":[{"name":"wp","href":"https:\/\/api.w.org\/{rel}","templated":true}]}}