{"id":29829,"date":"2018-07-03T13:49:14","date_gmt":"2018-07-03T05:49:14","guid":{"rendered":"https:\/\/www.comfort-works.com\/news\/anleitung-fur-ikea-backabro-schlafsofa\/"},"modified":"2022-07-15T10:35:53","modified_gmt":"2022-07-15T02:35:53","slug":"anleitung-fur-ikea-backabro-schlafsofa","status":"publish","type":"page","link":"https:\/\/blog.comfort-works.com\/de\/anleitung-fur-ikea-backabro-schlafsofa\/","title":{"rendered":"Anleitung f\u00fcr das IKEA Backabro Schlafsofa"},"content":{"rendered":"<p>Ultimative Tipps und Informationen rund um die IKEA Backabro Sofa-Serie \u2013 Ma\u00dfe, Bewertungen, Bez\u00fcge, Anleitungen und mehr.<\/p>\n<p>Vielleicht suchst du nach dem perfekten Sofa und brauchst ein wenig Hilfe. Oder hast du dich bereits f\u00fcr das Backabro Sofa entschieden, eins auf eBay gefunden und jetzt ben\u00f6tigst du weitere Informationen \u00fcber das Modell? Es k\u00f6nnte sein, dass du schon das Sofa hast, aber jemand hat darauf Kaffee versch\u00fcttet oder deine Schwiegereltern kommen nach langer Zeit zu Besuch. Keine Sorgen, wir sind f\u00fcr jede Situation vorbereitet.<\/p>\n<p>Wenn du weitere Fragen wegen der Serie hast, kontaktiere uns am besten unter\u00a0<a href=\"mailto:info@comfortworks.com.au\">info@comfortworks.com.au<\/a>.<\/p>\n<p><a href=\"https:\/\/www.comfort-works.com\/news\/wp-content\/uploads\/2015\/07\/BRO3_L132-11_Backabro-Sofa-Bed-Slipcover_Nomad-Red.jpg\"><img loading=\"lazy\" decoding=\"async\" class=\"alignnone size-full wp-image-6169\" src=\"https:\/\/www.comfort-works.com\/news\/wp-content\/uploads\/2015\/07\/BRO3_L132-11_Backabro-Sofa-Bed-Slipcover_Nomad-Red.jpg\" alt=\"BRO3_L132-11_Backabro-Sofa-Bed-Slipcover_Nomad-Red\" width=\"860\" height=\"444\" \/><\/a><\/p>\n<h2>Technische Details<\/h2>\n<p><span style=\"font-weight: 400;\">Das Sofa und die Sofabez\u00fcge sind nur in bestimmten IKEA Gesch\u00e4ften erh\u00e4ltlich.<\/span><\/p>\n<p><span style=\"font-weight: 400;\"><strong>Sofabez\u00fcge:<\/strong> Jetzt kannst du auch bei <a href=\"https:\/\/comfort-works.com\/de-de\n\">Comfort Works<\/a> einen <a href=\"https:\/\/comfort-works.com\/de-de\/collections\/ikea-backabro-slipcovers\n\">Sofabezug f\u00fcr das Backabro Sofa<\/a> nachkaufen.<\/span><\/p>\n<p><strong>Ma\u00dfe<\/strong>:<\/p>\n<ul>\n<li>Backabro 2er Sofa:\u00a0Breite- 168cm; Tiefe &#8211; 88cm; H\u00f6he- 71cm;<\/li>\n<li>Backabro 3er Sofa: Breite- 208cm; Tiefe- 88cm; H\u00f6he- 71cm;<\/li>\n<li>Backabro Sofa mit R\u00e9cami\u00e8re:\u00a0Breite &#8211; 248cm; Tiefe &#8211; 88(150)cm; H\u00f6he- 71cm.<\/li>\n<\/ul>\n<p><span style=\"font-weight: 400;\"><strong>Vorteile:<\/strong> Ein gem\u00fctliches und traditionelles Design, das \u00fcberall passen wird. Die R\u00fcckenkissen sind aus Schwamm, sehr bequem und weich wie die Sitzkissen. Dazu k\u00f6nnen auch s\u00e4mtliche Sachen unter den Sitzkissen verstaut werden.<\/span><\/p>\n<p><span style=\"font-weight: 400;\"><strong>Nachteile:<\/strong> Der traditioneller Stil wird nicht jedem gefallen. Dazu kann das Sofa mit dem Moheda Sofa verwechselt werden. Leider m\u00fcssen die Kissen nach einiger Zeit wieder gef\u00fcllt werden.<\/span><\/p>\n<h2>ANLEITUNGEN<\/h2>\n<p>M\u00f6chtest du wissen, wie du ein Backabro Sofa zusammenbauen sollst?<\/p>\n<p>Klicken auf dein Model, um die Bedienungsanleitung herunterzuladen:<\/p>\n<ul>\n<li><a href=\"https:\/\/www.comfort-works.com\/news\/wp-content\/uploads\/2015\/07\/backabro-two-seat-sofa-bed-frame.pdf\">Backabro 2er Sofa<\/a>\u00a0[Die Anleitung f\u00fcr die Sofabez\u00fcge kann\u00a0<a href=\"https:\/\/www.comfort-works.com\/news\/wp-content\/uploads\/2015\/07\/backabro-two-seat-sofa-bed-frame.pdf\">hier<\/a> gefunden werden]<\/li>\n<li><a href=\"https:\/\/www.comfort-works.com\/news\/wp-content\/uploads\/2015\/07\/backabro-three-seat-sofa-bed-frame.pdf\">Backabro 3er Sofa<\/a>\u00a0[Die Anleitung f\u00fcr die Sofabez\u00fcge kann\u00a0<a href=\"https:\/\/www.comfort-works.com\/news\/wp-content\/uploads\/2015\/07\/backabro-three-seat-sofa-bed-cover.pdf\">hier<\/a>\u00a0gefunden werden]<\/li>\n<li><a href=\"https:\/\/www.comfort-works.com\/news\/wp-content\/uploads\/2015\/07\/backabro-frame-sofa-bed-with-chaise-longue.pdf\">Backabro 2er Sofa mit R\u00e9cami\u00e8re\u00a0<\/a>[Die Anleitung f\u00fcr die Sofabez\u00fcge kann\u00a0<a href=\"https:\/\/www.comfort-works.com\/news\/wp-content\/uploads\/2015\/07\/backabro-cover-sofa-bed-with-chaise-longue.pdf\">hier <\/a>gefunden werden]<\/li>\n<\/ul>\n<h2>UNSERE BEWERTUNG<\/h2>\n<p><span style=\"font-weight: 400;\">Obwohl das Sofa von dem Stil dem Ektorp Sofa \u00e4hnelt, wird das Backabro Sofa perfekt in deinem Wohnzimmer aussehen und es noch veredeln. Leider ist das Sofa durch die Konstruktion ein bisschen unbequem, da die Armlehnen- und Sitzfl\u00e4che kleiner sind. Jedoch passt das Sofa perfekt in kleine R\u00e4ume wegen seiner Gr\u00f6\u00dfe. Au\u00dferdem sind die R\u00fcckenkissen weich und dazu bieten die Sitzkissen viel Unterst\u00fctzung. Das Backabro Sofa zeichnet das klassische Design und die vielf\u00e4ltige Nutzung aus.<\/span><\/p>\n<figure id=\"attachment_6529\" aria-describedby=\"caption-attachment-6529\" style=\"width: 520px\" class=\"wp-caption aligncenter\"><a href=\"https:\/\/www.comfort-works.com\/news\/wp-content\/uploads\/2015\/08\/IKEA-Backabro-Display-Image.jpg\"><img loading=\"lazy\" decoding=\"async\" class=\"size-full wp-image-6529\" src=\"https:\/\/www.comfort-works.com\/news\/wp-content\/uploads\/2015\/08\/IKEA-Backabro-Display-Image.jpg\" alt=\"IKEA Backabro Display Image\" width=\"520\" height=\"350\" \/><\/a><figcaption id=\"caption-attachment-6529\" class=\"wp-caption-text\">Backabro\u00a02er Sofa mit R\u00e9cami\u00e8re (Quelle: IKEA)<\/figcaption><\/figure>\n<p>Obwohl dieses Modell in IKEA-Gesch\u00e4ften nicht mehr erh\u00e4ltlich ist, produziert<a href=\"https:\/\/comfort-works.com\/de-de\n\"> Comfort Works<\/a> immer noch\u00a0<a href=\"https:\/\/comfort-works.com\/de-de\/collections\/ikea-backabro-slipcovers\n\">Ersatzbez\u00fcge f\u00fcr das IKEA Backabro Schlafsofa<\/a>.<\/p>\n<p><!--h2>More Information.<\/h2-->\n","protected":false},"excerpt":{"rendered":"<p>Ultimative Tipps und Informationen rund um die IKEA Backabro Sofa-Serie \u2013 Ma\u00dfe, Bewertungen, Bez\u00fcge, Anleitungen und mehr. Vielleicht suchst du nach dem perfekten Sofa und brauchst ein wenig Hilfe. Oder hast du dich bereits f\u00fcr das Backabro Sofa entschieden, eins auf eBay gefunden und jetzt ben\u00f6tigst du weitere Informationen \u00fcber das Modell? Es k\u00f6nnte sein, [&hellip;]<\/p>\n","protected":false},"author":1001007,"featured_media":0,"parent":0,"menu_order":0,"comment_status":"open","ping_status":"closed","template":"","meta":{"_acf_changed":false,"footnotes":""},"class_list":["post-29829","page","type-page","status-publish","hentry"],"acf":[],"yoast_head":"<!-- This site is optimized with the Yoast SEO Premium plugin v25.1 (Yoast SEO v25.1) - https:\/\/yoast.com\/wordpress\/plugins\/seo\/ -->\n<title>Anleitung f\u00fcr IKEA Backabro Schlafsofa<\/title>\n<meta name=\"description\" content=\"Ultimative Tipps und Informationen \u00fcber die IKEA Backabro Sofa Serie \u2013 Ma\u00dfe, Bewertungen, Bez\u00fcge, Anleitungen und mehr.\" \/>\n<meta name=\"robots\" content=\"index, follow, max-snippet:-1, max-image-preview:large, max-video-preview:-1\" \/>\n<link rel=\"canonical\" href=\"https:\/\/blog.comfort-works.com\/de\/anleitung-fur-ikea-backabro-schlafsofa\/\" \/>\n<meta property=\"og:locale\" content=\"de_DE\" \/>\n<meta property=\"og:type\" content=\"article\" \/>\n<meta property=\"og:title\" content=\"Anleitung f\u00fcr IKEA Backabro Schlafsofa\" \/>\n<meta property=\"og:description\" content=\"Ultimative Tipps und Informationen \u00fcber die IKEA Backabro Sofa Serie \u2013 Ma\u00dfe, Bewertungen, Bez\u00fcge, Anleitungen und mehr.\" \/>\n<meta property=\"og:url\" content=\"https:\/\/blog.comfort-works.com\/de\/anleitung-fur-ikea-backabro-schlafsofa\/\" \/>\n<meta property=\"og:site_name\" content=\"Comfort Works Blog &amp; Design Inspirationen\" \/>\n<meta property=\"article:publisher\" content=\"https:\/\/www.facebook.com\/comfortworkscovers\" \/>\n<meta property=\"article:modified_time\" content=\"2022-07-15T02:35:53+00:00\" \/>\n<meta property=\"og:image\" content=\"https:\/\/www.comfort-works.com\/news\/wp-content\/uploads\/2015\/07\/BRO3_L132-11_Backabro-Sofa-Bed-Slipcover_Nomad-Red.jpg\" \/>\n<meta name=\"twitter:card\" content=\"summary_large_image\" \/>\n<meta name=\"twitter:site\" content=\"@comfortworks\" \/>\n<meta name=\"twitter:label1\" content=\"Gesch\u00e4tzte Lesezeit\" \/>\n\t<meta name=\"twitter:data1\" content=\"3\u00a0Minuten\" \/>\n<script type=\"application\/ld+json\" class=\"yoast-schema-graph\">{\"@context\":\"https:\/\/schema.org\",\"@graph\":[{\"@type\":\"WebPage\",\"@id\":\"https:\/\/blog.comfort-works.com\/de\/anleitung-fur-ikea-backabro-schlafsofa\/\",\"url\":\"https:\/\/blog.comfort-works.com\/de\/anleitung-fur-ikea-backabro-schlafsofa\/\",\"name\":\"Anleitung f\u00fcr IKEA Backabro Schlafsofa\",\"isPartOf\":{\"@id\":\"https:\/\/blog.comfort-works.com\/#website\"},\"primaryImageOfPage\":{\"@id\":\"https:\/\/blog.comfort-works.com\/de\/anleitung-fur-ikea-backabro-schlafsofa\/#primaryimage\"},\"image\":{\"@id\":\"https:\/\/blog.comfort-works.com\/de\/anleitung-fur-ikea-backabro-schlafsofa\/#primaryimage\"},\"thumbnailUrl\":\"https:\/\/www.comfort-works.com\/news\/wp-content\/uploads\/2015\/07\/BRO3_L132-11_Backabro-Sofa-Bed-Slipcover_Nomad-Red.jpg\",\"datePublished\":\"2018-07-03T05:49:14+00:00\",\"dateModified\":\"2022-07-15T02:35:53+00:00\",\"description\":\"Ultimative Tipps und Informationen \u00fcber die IKEA Backabro Sofa Serie \u2013 Ma\u00dfe, Bewertungen, Bez\u00fcge, Anleitungen und mehr.\",\"inLanguage\":\"de\",\"potentialAction\":[{\"@type\":\"ReadAction\",\"target\":[\"https:\/\/blog.comfort-works.com\/de\/anleitung-fur-ikea-backabro-schlafsofa\/\"]}]},{\"@type\":\"ImageObject\",\"inLanguage\":\"de\",\"@id\":\"https:\/\/blog.comfort-works.com\/de\/anleitung-fur-ikea-backabro-schlafsofa\/#primaryimage\",\"url\":\"https:\/\/www.comfort-works.com\/news\/wp-content\/uploads\/2015\/07\/BRO3_L132-11_Backabro-Sofa-Bed-Slipcover_Nomad-Red.jpg\",\"contentUrl\":\"https:\/\/www.comfort-works.com\/news\/wp-content\/uploads\/2015\/07\/BRO3_L132-11_Backabro-Sofa-Bed-Slipcover_Nomad-Red.jpg\"},{\"@type\":\"WebSite\",\"@id\":\"https:\/\/blog.comfort-works.com\/#website\",\"url\":\"https:\/\/blog.comfort-works.com\/\",\"name\":\"Finding Comfort\",\"description\":\"Alles \u00fcber sch\u00f6ner Wohnen und Leben\",\"publisher\":{\"@id\":\"https:\/\/blog.comfort-works.com\/#organization\"},\"potentialAction\":[{\"@type\":\"SearchAction\",\"target\":{\"@type\":\"EntryPoint\",\"urlTemplate\":\"https:\/\/blog.comfort-works.com\/?s={search_term_string}\"},\"query-input\":{\"@type\":\"PropertyValueSpecification\",\"valueRequired\":true,\"valueName\":\"search_term_string\"}}],\"inLanguage\":\"de\"},{\"@type\":\"Organization\",\"@id\":\"https:\/\/blog.comfort-works.com\/#organization\",\"name\":\"Comfort Works\",\"url\":\"https:\/\/blog.comfort-works.com\/\",\"logo\":{\"@type\":\"ImageObject\",\"inLanguage\":\"de\",\"@id\":\"https:\/\/blog.comfort-works.com\/#\/schema\/logo\/image\/\",\"url\":\"https:\/\/blog.comfort-works.com\/wp-content\/uploads\/2025\/06\/Frame-31.png\",\"contentUrl\":\"https:\/\/blog.comfort-works.com\/wp-content\/uploads\/2025\/06\/Frame-31.png\",\"width\":1200,\"height\":675,\"caption\":\"Comfort Works\"},\"image\":{\"@id\":\"https:\/\/blog.comfort-works.com\/#\/schema\/logo\/image\/\"},\"sameAs\":[\"https:\/\/www.facebook.com\/comfortworkscovers\",\"https:\/\/x.com\/comfortworks\",\"https:\/\/www.instagram.com\/comfortworks\/\",\"https:\/\/www.pinterest.com\/comfortworks\/\",\"https:\/\/www.youtube.com\/channel\/UCiY0z-GqZUzfeBwrAhT2kAg\"]}]}<\/script>\n<!-- \/ Yoast SEO Premium plugin. -->","yoast_head_json":{"title":"Anleitung f\u00fcr IKEA Backabro Schlafsofa","description":"Ultimative Tipps und Informationen \u00fcber die IKEA Backabro Sofa Serie \u2013 Ma\u00dfe, Bewertungen, Bez\u00fcge, Anleitungen und mehr.","robots":{"index":"index","follow":"follow","max-snippet":"max-snippet:-1","max-image-preview":"max-image-preview:large","max-video-preview":"max-video-preview:-1"},"canonical":"https:\/\/blog.comfort-works.com\/de\/anleitung-fur-ikea-backabro-schlafsofa\/","og_locale":"de_DE","og_type":"article","og_title":"Anleitung f\u00fcr IKEA Backabro Schlafsofa","og_description":"Ultimative Tipps und Informationen \u00fcber die IKEA Backabro Sofa Serie \u2013 Ma\u00dfe, Bewertungen, Bez\u00fcge, Anleitungen und mehr.","og_url":"https:\/\/blog.comfort-works.com\/de\/anleitung-fur-ikea-backabro-schlafsofa\/","og_site_name":"Comfort Works Blog &amp; Design Inspirationen","article_publisher":"https:\/\/www.facebook.com\/comfortworkscovers","article_modified_time":"2022-07-15T02:35:53+00:00","og_image":[{"url":"https:\/\/www.comfort-works.com\/news\/wp-content\/uploads\/2015\/07\/BRO3_L132-11_Backabro-Sofa-Bed-Slipcover_Nomad-Red.jpg","type":"","width":"","height":""}],"twitter_card":"summary_large_image","twitter_site":"@comfortworks","twitter_misc":{"Gesch\u00e4tzte Lesezeit":"3\u00a0Minuten"},"schema":{"@context":"https:\/\/schema.org","@graph":[{"@type":"WebPage","@id":"https:\/\/blog.comfort-works.com\/de\/anleitung-fur-ikea-backabro-schlafsofa\/","url":"https:\/\/blog.comfort-works.com\/de\/anleitung-fur-ikea-backabro-schlafsofa\/","name":"Anleitung f\u00fcr IKEA Backabro Schlafsofa","isPartOf":{"@id":"https:\/\/blog.comfort-works.com\/#website"},"primaryImageOfPage":{"@id":"https:\/\/blog.comfort-works.com\/de\/anleitung-fur-ikea-backabro-schlafsofa\/#primaryimage"},"image":{"@id":"https:\/\/blog.comfort-works.com\/de\/anleitung-fur-ikea-backabro-schlafsofa\/#primaryimage"},"thumbnailUrl":"https:\/\/www.comfort-works.com\/news\/wp-content\/uploads\/2015\/07\/BRO3_L132-11_Backabro-Sofa-Bed-Slipcover_Nomad-Red.jpg","datePublished":"2018-07-03T05:49:14+00:00","dateModified":"2022-07-15T02:35:53+00:00","description":"Ultimative Tipps und Informationen \u00fcber die IKEA Backabro Sofa Serie \u2013 Ma\u00dfe, Bewertungen, Bez\u00fcge, Anleitungen und mehr.","inLanguage":"de","potentialAction":[{"@type":"ReadAction","target":["https:\/\/blog.comfort-works.com\/de\/anleitung-fur-ikea-backabro-schlafsofa\/"]}]},{"@type":"ImageObject","inLanguage":"de","@id":"https:\/\/blog.comfort-works.com\/de\/anleitung-fur-ikea-backabro-schlafsofa\/#primaryimage","url":"https:\/\/www.comfort-works.com\/news\/wp-content\/uploads\/2015\/07\/BRO3_L132-11_Backabro-Sofa-Bed-Slipcover_Nomad-Red.jpg","contentUrl":"https:\/\/www.comfort-works.com\/news\/wp-content\/uploads\/2015\/07\/BRO3_L132-11_Backabro-Sofa-Bed-Slipcover_Nomad-Red.jpg"},{"@type":"WebSite","@id":"https:\/\/blog.comfort-works.com\/#website","url":"https:\/\/blog.comfort-works.com\/","name":"Finding Comfort","description":"Alles \u00fcber sch\u00f6ner Wohnen und Leben","publisher":{"@id":"https:\/\/blog.comfort-works.com\/#organization"},"potentialAction":[{"@type":"SearchAction","target":{"@type":"EntryPoint","urlTemplate":"https:\/\/blog.comfort-works.com\/?s={search_term_string}"},"query-input":{"@type":"PropertyValueSpecification","valueRequired":true,"valueName":"search_term_string"}}],"inLanguage":"de"},{"@type":"Organization","@id":"https:\/\/blog.comfort-works.com\/#organization","name":"Comfort Works","url":"https:\/\/blog.comfort-works.com\/","logo":{"@type":"ImageObject","inLanguage":"de","@id":"https:\/\/blog.comfort-works.com\/#\/schema\/logo\/image\/","url":"https:\/\/blog.comfort-works.com\/wp-content\/uploads\/2025\/06\/Frame-31.png","contentUrl":"https:\/\/blog.comfort-works.com\/wp-content\/uploads\/2025\/06\/Frame-31.png","width":1200,"height":675,"caption":"Comfort Works"},"image":{"@id":"https:\/\/blog.comfort-works.com\/#\/schema\/logo\/image\/"},"sameAs":["https:\/\/www.facebook.com\/comfortworkscovers","https:\/\/x.com\/comfortworks","https:\/\/www.instagram.com\/comfortworks\/","https:\/\/www.pinterest.com\/comfortworks\/","https:\/\/www.youtube.com\/channel\/UCiY0z-GqZUzfeBwrAhT2kAg"]}]}},"_links":{"self":[{"href":"https:\/\/blog.comfort-works.com\/de\/wp-json\/wp\/v2\/pages\/29829","targetHints":{"allow":["GET"]}}],"collection":[{"href":"https:\/\/blog.comfort-works.com\/de\/wp-json\/wp\/v2\/pages"}],"about":[{"href":"https:\/\/blog.comfort-works.com\/de\/wp-json\/wp\/v2\/types\/page"}],"author":[{"embeddable":true,"href":"https:\/\/blog.comfort-works.com\/de\/wp-json\/wp\/v2\/users\/1001007"}],"replies":[{"embeddable":true,"href":"https:\/\/blog.comfort-works.com\/de\/wp-json\/wp\/v2\/comments?post=29829"}],"version-history":[{"count":6,"href":"https:\/\/blog.comfort-works.com\/de\/wp-json\/wp\/v2\/pages\/29829\/revisions"}],"predecessor-version":[{"id":90475,"href":"https:\/\/blog.comfort-works.com\/de\/wp-json\/wp\/v2\/pages\/29829\/revisions\/90475"}],"wp:attachment":[{"href":"https:\/\/blog.comfort-works.com\/de\/wp-json\/wp\/v2\/media?parent=29829"}],"curies":[{"name":"wp","href":"https:\/\/api.w.org\/{rel}","templated":true}]}}