{"id":29875,"date":"2018-07-03T16:57:05","date_gmt":"2018-07-03T08:57:05","guid":{"rendered":"https:\/\/www.comfort-works.com\/news\/anleitung-fur-das-ikea-beddinge-schlafsofa\/"},"modified":"2024-01-15T14:26:40","modified_gmt":"2024-01-15T06:26:40","slug":"anleitung-fur-das-ikea-beddinge-schlafsofa","status":"publish","type":"page","link":"https:\/\/blog.comfort-works.com\/de\/anleitung-fur-das-ikea-beddinge-schlafsofa\/","title":{"rendered":"Anleitung f\u00fcr das IKEA Beddinge Schlafsofa"},"content":{"rendered":"<p>Ultimative Tipps und Informationen zur IKEA Beddinge Sofa Serie \u2013 Ma\u00dfe, Bewertungen, Bez\u00fcge, Anleitungen und mehr.<\/p>\n<p>Vielleicht suchst du nach dem perfekten Sofa und brauchst ein wenig Hilfe? Oder hast du dich bereits f\u00fcr das Beddinge Sofa entschieden, eins auf Ebay gefunden und jetzt ben\u00f6tigst du weitere Informationen \u00fcber das Modell? Es k\u00f6nnte sein, dass du schon das Sofa hast, aber jemand hat darauf Kaffee versch\u00fcttet oder deine Schwiegereltern kommen nach langer Zeit zu besuch. Keine Sorgen, wir sind f\u00fcr jede Situation vorbereitet.<\/p>\n<p>Wenn du weitere Fragen wegen der Serie hast, kontaktiere uns am besten unter\u00a0<a style=\"font-size: 1em;\" href=\"mailto:info@comfortworks.com.au\">info@comfortworks.com.au<\/a><span style=\"font-size: 1em;\">.<\/span><\/p>\n<h2>SCHNELLER CHECK<\/h2>\n<p>Sowohl das Sofa als auch die Bez\u00fcge sind noch bei IKEA erh\u00e4ltlich.<\/p>\n<p><strong>Modelle:<\/strong> Beddinge 2er Schlafsofa<\/p>\n<p><strong>Sofabez\u00fcge:<\/strong>\u00a0Personalisierte\u00a0<a href=\"https:\/\/comfort-works.com\/de-de\/products\/beddinge-sofa-bed-loose-fit-slipcover\n\">Beddinge Sofabez\u00fcge<\/a> k\u00f6nnen bei <a href=\"https:\/\/comfort-works.com\/de-de\n\">Comfort Works<\/a> gefunden werden<\/p>\n<p><strong>Ma\u00dfe:\u00a0<\/strong>Breite &#8211; 200 cm, Tiefe &#8211; 104 cm,\u00a0H\u00f6he &#8211; 91 cm.<\/p>\n<p><span style=\"font-weight: 400;\"><strong>Vorteile:<\/strong> Das Sofa kann in ein Schlafsofa verwandelt werden und dazu kann die R\u00fcckenlehne eingestellt werden.<\/span><\/p>\n<p><span style=\"font-weight: 400;\"><strong>Nachteile:<\/strong> Das Sofa ist leider nicht das sch\u00f6nste Modell und wird dementsprechend nicht jedem gefallen.<\/span><\/p>\n<h2>ANLEITUNGEN<\/h2>\n<p><span style=\"font-size: 1em;\">M\u00f6chtest du wissen, wie du ein Beddinge Sofa zusammenbauen sollst? Klicke\u00a0<a href=\"http:\/\/www.ikea.com\/us\/en\/assembly_instructions\/beddinge-sofa-bed-slipcover__AA-203737-4_pub.PDF\">hier<\/a>, um die Bedienungsanleitung herunterzuladen.<\/span><\/p>\n<h2>UNSERE BEWERTUNG<\/h2>\n<p><span style=\"font-weight: 400;\">Das Beddinge ist nicht das sch\u00f6nste Sofa, jedoch ist es bequem und die R\u00fcckenlehne kann eingestellt werden. Dazu wird das Sofa mit zwei Wurfkissen angeboten und ist meistens durch die weiche Matratze bekannt. Dementsprechend ist es die beste Wahl, wenn du auf der Suche nach einem Sofabett bist, dass auch problemlos als Bett genutzt werden kann. Das Beddinge Schlafsofa kann auch mit dem Aufbewahrungskasten Beddinge (nicht mehr bei IKEA erh\u00e4ltlich) kombiniert werden, der unter dem Sofa verstaut werden kann.<\/span><\/p>\n<p><span style=\"font-weight: 400;\">Bestelle schon heute einen personalisierten <a href=\"https:\/\/comfort-works.com\/de-de\/products\/beddinge-sofa-bed-loose-fit-slipcover\n?NC-00,DF,CUST,SHRT,SP,JH-07\">Beddinge Sofa Bezug<\/a>.<\/span><\/p>\n<p><!--h2>More Information.<\/h2-->\n","protected":false},"excerpt":{"rendered":"<p>Ultimative Tipps und Informationen zur IKEA Beddinge Sofa Serie \u2013 Ma\u00dfe, Bewertungen, Bez\u00fcge, Anleitungen und mehr. Vielleicht suchst du nach dem perfekten Sofa und brauchst ein wenig Hilfe? Oder hast du dich bereits f\u00fcr das Beddinge Sofa entschieden, eins auf Ebay gefunden und jetzt ben\u00f6tigst du weitere Informationen \u00fcber das Modell? Es k\u00f6nnte sein, dass [&hellip;]<\/p>\n","protected":false},"author":1001006,"featured_media":0,"parent":0,"menu_order":0,"comment_status":"open","ping_status":"closed","template":"","meta":{"_acf_changed":false,"footnotes":""},"class_list":["post-29875","page","type-page","status-publish","hentry"],"acf":[],"yoast_head":"<!-- This site is optimized with the Yoast SEO Premium plugin v25.1 (Yoast SEO v25.1) - https:\/\/yoast.com\/wordpress\/plugins\/seo\/ -->\n<title>Anleitung f\u00fcr das IKEA Beddinge Schlafsofa<\/title>\n<meta name=\"description\" content=\"Ultimative Tipps und Informationen \u00fcber die IKEA Beddinge Sofa Serie \u2013 Ma\u00dfe, Bewertungen, Bez\u00fcge, Anleitungen und mehr.\" \/>\n<meta name=\"robots\" content=\"index, follow, max-snippet:-1, max-image-preview:large, max-video-preview:-1\" \/>\n<link rel=\"canonical\" href=\"https:\/\/blog.comfort-works.com\/de\/anleitung-fur-das-ikea-beddinge-schlafsofa\/\" \/>\n<meta property=\"og:locale\" content=\"de_DE\" \/>\n<meta property=\"og:type\" content=\"article\" \/>\n<meta property=\"og:title\" content=\"Anleitung f\u00fcr das IKEA Beddinge Schlafsofa\" \/>\n<meta property=\"og:description\" content=\"Ultimative Tipps und Informationen \u00fcber die IKEA Beddinge Sofa Serie \u2013 Ma\u00dfe, Bewertungen, Bez\u00fcge, Anleitungen und mehr.\" \/>\n<meta property=\"og:url\" content=\"https:\/\/blog.comfort-works.com\/de\/anleitung-fur-das-ikea-beddinge-schlafsofa\/\" \/>\n<meta property=\"og:site_name\" content=\"Comfort Works Blog &amp; Design Inspirationen\" \/>\n<meta property=\"article:publisher\" content=\"https:\/\/www.facebook.com\/comfortworkscovers\" \/>\n<meta property=\"article:modified_time\" content=\"2024-01-15T06:26:40+00:00\" \/>\n<meta property=\"og:image\" content=\"https:\/\/blog.comfort-works.com\/wp-content\/uploads\/2025\/06\/Frame-51.png\" \/>\n\t<meta property=\"og:image:width\" content=\"1200\" \/>\n\t<meta property=\"og:image:height\" content=\"675\" \/>\n\t<meta property=\"og:image:type\" content=\"image\/png\" \/>\n<meta name=\"twitter:card\" content=\"summary_large_image\" \/>\n<meta name=\"twitter:site\" content=\"@comfortworks\" \/>\n<meta name=\"twitter:label1\" content=\"Gesch\u00e4tzte Lesezeit\" \/>\n\t<meta name=\"twitter:data1\" content=\"1\u00a0Minute\" \/>\n<script type=\"application\/ld+json\" class=\"yoast-schema-graph\">{\"@context\":\"https:\/\/schema.org\",\"@graph\":[{\"@type\":\"WebPage\",\"@id\":\"https:\/\/blog.comfort-works.com\/de\/anleitung-fur-das-ikea-beddinge-schlafsofa\/\",\"url\":\"https:\/\/blog.comfort-works.com\/de\/anleitung-fur-das-ikea-beddinge-schlafsofa\/\",\"name\":\"Anleitung f\u00fcr das IKEA Beddinge Schlafsofa\",\"isPartOf\":{\"@id\":\"https:\/\/blog.comfort-works.com\/#website\"},\"datePublished\":\"2018-07-03T08:57:05+00:00\",\"dateModified\":\"2024-01-15T06:26:40+00:00\",\"description\":\"Ultimative Tipps und Informationen \u00fcber die IKEA Beddinge Sofa Serie \u2013 Ma\u00dfe, Bewertungen, Bez\u00fcge, Anleitungen und mehr.\",\"inLanguage\":\"de\",\"potentialAction\":[{\"@type\":\"ReadAction\",\"target\":[\"https:\/\/blog.comfort-works.com\/de\/anleitung-fur-das-ikea-beddinge-schlafsofa\/\"]}]},{\"@type\":\"WebSite\",\"@id\":\"https:\/\/blog.comfort-works.com\/#website\",\"url\":\"https:\/\/blog.comfort-works.com\/\",\"name\":\"Finding Comfort\",\"description\":\"Alles \u00fcber sch\u00f6ner Wohnen und Leben\",\"publisher\":{\"@id\":\"https:\/\/blog.comfort-works.com\/#organization\"},\"potentialAction\":[{\"@type\":\"SearchAction\",\"target\":{\"@type\":\"EntryPoint\",\"urlTemplate\":\"https:\/\/blog.comfort-works.com\/?s={search_term_string}\"},\"query-input\":{\"@type\":\"PropertyValueSpecification\",\"valueRequired\":true,\"valueName\":\"search_term_string\"}}],\"inLanguage\":\"de\"},{\"@type\":\"Organization\",\"@id\":\"https:\/\/blog.comfort-works.com\/#organization\",\"name\":\"Comfort Works\",\"url\":\"https:\/\/blog.comfort-works.com\/\",\"logo\":{\"@type\":\"ImageObject\",\"inLanguage\":\"de\",\"@id\":\"https:\/\/blog.comfort-works.com\/#\/schema\/logo\/image\/\",\"url\":\"https:\/\/blog.comfort-works.com\/wp-content\/uploads\/2025\/06\/Frame-31.png\",\"contentUrl\":\"https:\/\/blog.comfort-works.com\/wp-content\/uploads\/2025\/06\/Frame-31.png\",\"width\":1200,\"height\":675,\"caption\":\"Comfort Works\"},\"image\":{\"@id\":\"https:\/\/blog.comfort-works.com\/#\/schema\/logo\/image\/\"},\"sameAs\":[\"https:\/\/www.facebook.com\/comfortworkscovers\",\"https:\/\/x.com\/comfortworks\",\"https:\/\/www.instagram.com\/comfortworks\/\",\"https:\/\/www.pinterest.com\/comfortworks\/\",\"https:\/\/www.youtube.com\/channel\/UCiY0z-GqZUzfeBwrAhT2kAg\"]}]}<\/script>\n<!-- \/ Yoast SEO Premium plugin. -->","yoast_head_json":{"title":"Anleitung f\u00fcr das IKEA Beddinge Schlafsofa","description":"Ultimative Tipps und Informationen \u00fcber die IKEA Beddinge Sofa Serie \u2013 Ma\u00dfe, Bewertungen, Bez\u00fcge, Anleitungen und mehr.","robots":{"index":"index","follow":"follow","max-snippet":"max-snippet:-1","max-image-preview":"max-image-preview:large","max-video-preview":"max-video-preview:-1"},"canonical":"https:\/\/blog.comfort-works.com\/de\/anleitung-fur-das-ikea-beddinge-schlafsofa\/","og_locale":"de_DE","og_type":"article","og_title":"Anleitung f\u00fcr das IKEA Beddinge Schlafsofa","og_description":"Ultimative Tipps und Informationen \u00fcber die IKEA Beddinge Sofa Serie \u2013 Ma\u00dfe, Bewertungen, Bez\u00fcge, Anleitungen und mehr.","og_url":"https:\/\/blog.comfort-works.com\/de\/anleitung-fur-das-ikea-beddinge-schlafsofa\/","og_site_name":"Comfort Works Blog &amp; Design Inspirationen","article_publisher":"https:\/\/www.facebook.com\/comfortworkscovers","article_modified_time":"2024-01-15T06:26:40+00:00","og_image":[{"width":1200,"height":675,"url":"https:\/\/blog.comfort-works.com\/wp-content\/uploads\/2025\/06\/Frame-51.png","type":"image\/png"}],"twitter_card":"summary_large_image","twitter_site":"@comfortworks","twitter_misc":{"Gesch\u00e4tzte Lesezeit":"1\u00a0Minute"},"schema":{"@context":"https:\/\/schema.org","@graph":[{"@type":"WebPage","@id":"https:\/\/blog.comfort-works.com\/de\/anleitung-fur-das-ikea-beddinge-schlafsofa\/","url":"https:\/\/blog.comfort-works.com\/de\/anleitung-fur-das-ikea-beddinge-schlafsofa\/","name":"Anleitung f\u00fcr das IKEA Beddinge Schlafsofa","isPartOf":{"@id":"https:\/\/blog.comfort-works.com\/#website"},"datePublished":"2018-07-03T08:57:05+00:00","dateModified":"2024-01-15T06:26:40+00:00","description":"Ultimative Tipps und Informationen \u00fcber die IKEA Beddinge Sofa Serie \u2013 Ma\u00dfe, Bewertungen, Bez\u00fcge, Anleitungen und mehr.","inLanguage":"de","potentialAction":[{"@type":"ReadAction","target":["https:\/\/blog.comfort-works.com\/de\/anleitung-fur-das-ikea-beddinge-schlafsofa\/"]}]},{"@type":"WebSite","@id":"https:\/\/blog.comfort-works.com\/#website","url":"https:\/\/blog.comfort-works.com\/","name":"Finding Comfort","description":"Alles \u00fcber sch\u00f6ner Wohnen und Leben","publisher":{"@id":"https:\/\/blog.comfort-works.com\/#organization"},"potentialAction":[{"@type":"SearchAction","target":{"@type":"EntryPoint","urlTemplate":"https:\/\/blog.comfort-works.com\/?s={search_term_string}"},"query-input":{"@type":"PropertyValueSpecification","valueRequired":true,"valueName":"search_term_string"}}],"inLanguage":"de"},{"@type":"Organization","@id":"https:\/\/blog.comfort-works.com\/#organization","name":"Comfort Works","url":"https:\/\/blog.comfort-works.com\/","logo":{"@type":"ImageObject","inLanguage":"de","@id":"https:\/\/blog.comfort-works.com\/#\/schema\/logo\/image\/","url":"https:\/\/blog.comfort-works.com\/wp-content\/uploads\/2025\/06\/Frame-31.png","contentUrl":"https:\/\/blog.comfort-works.com\/wp-content\/uploads\/2025\/06\/Frame-31.png","width":1200,"height":675,"caption":"Comfort Works"},"image":{"@id":"https:\/\/blog.comfort-works.com\/#\/schema\/logo\/image\/"},"sameAs":["https:\/\/www.facebook.com\/comfortworkscovers","https:\/\/x.com\/comfortworks","https:\/\/www.instagram.com\/comfortworks\/","https:\/\/www.pinterest.com\/comfortworks\/","https:\/\/www.youtube.com\/channel\/UCiY0z-GqZUzfeBwrAhT2kAg"]}]}},"_links":{"self":[{"href":"https:\/\/blog.comfort-works.com\/de\/wp-json\/wp\/v2\/pages\/29875","targetHints":{"allow":["GET"]}}],"collection":[{"href":"https:\/\/blog.comfort-works.com\/de\/wp-json\/wp\/v2\/pages"}],"about":[{"href":"https:\/\/blog.comfort-works.com\/de\/wp-json\/wp\/v2\/types\/page"}],"author":[{"embeddable":true,"href":"https:\/\/blog.comfort-works.com\/de\/wp-json\/wp\/v2\/users\/1001006"}],"replies":[{"embeddable":true,"href":"https:\/\/blog.comfort-works.com\/de\/wp-json\/wp\/v2\/comments?post=29875"}],"version-history":[{"count":5,"href":"https:\/\/blog.comfort-works.com\/de\/wp-json\/wp\/v2\/pages\/29875\/revisions"}],"predecessor-version":[{"id":108790,"href":"https:\/\/blog.comfort-works.com\/de\/wp-json\/wp\/v2\/pages\/29875\/revisions\/108790"}],"wp:attachment":[{"href":"https:\/\/blog.comfort-works.com\/de\/wp-json\/wp\/v2\/media?parent=29875"}],"curies":[{"name":"wp","href":"https:\/\/api.w.org\/{rel}","templated":true}]}}