{"id":29886,"date":"2018-07-03T17:29:11","date_gmt":"2018-07-03T09:29:11","guid":{"rendered":"https:\/\/www.comfort-works.com\/news\/anleitung-fur-ikea-ekeskog-sofas\/"},"modified":"2024-01-16T09:11:09","modified_gmt":"2024-01-16T01:11:09","slug":"anleitung-fur-ikea-ekeskog-sofas","status":"publish","type":"page","link":"https:\/\/blog.comfort-works.com\/de\/anleitung-fur-ikea-ekeskog-sofas\/","title":{"rendered":"Anleitung f\u00fcr IKEA Ekeskog Sofas"},"content":{"rendered":"<p>[sg_popup id=&#8220;3&#8243; event=&#8220;onload&#8220;][\/sg_popup]<\/p>\n<p>Ultimative Tipps und Informationen \u00fcber die IKEA Ekeskog Sofa Serie \u2013 Ma\u00dfe, Bewertungen, Bez\u00fcge, Anleitungen und mehr.<\/p>\n<p>Vielleicht suchst du nach dem perfekten Sofa und brauchst ein wenig Hilfe? Oder hast du dich bereits f\u00fcr das Ekeskog Sofa entschieden, eins auf Ebay gefunden und jetzt ben\u00f6tigst du weitere Informationen \u00fcber das Modell? Es k\u00f6nnte sein, dass du schon das Sofa hast, aber jemand hat darauf Kaffee versch\u00fcttet oder deine Schwiegereltern kommen nach langer Zeit zu besuch. Keine Sorgen, wir sind f\u00fcr jede Situation vorbereitet.<\/p>\n<p>Wenn du weitere Fragen wegen der Serie hast, kontaktiere uns am besten unter<span style=\"font-size: 1em;\">\u00a0<\/span><a style=\"font-size: 1em;\" href=\"mailto:info@comfortworks.com.au\">info@comfortworks.com.au<\/a><span style=\"font-size: 1em;\">.<\/span><\/p>\n Ekeskog Bezug in Nomad Grey\n<p>&nbsp;<\/p>\n<h2>SCHNELLER CHECK<\/h2>\n<p>Sowohl das Sofa als auch die Bez\u00fcge sind bei IKEA nicht mehr erh\u00e4ltlich.<\/p>\n<p><strong>Sofabez\u00fcge:\u00a0<\/strong>Personalisierte\u00a0<a href=\"https:\/\/comfort-works.com\/de-de\/collections\/ikea-ekeskog-slipcovers\n\">Ekeskog Sofa<\/a><a href=\"https:\/\/comfort-works.com\/de-de\/collections\/ikea-ekeskog-slipcovers\n\">bez\u00fcge<\/a> k\u00f6nnen bei\u00a0<a href=\"https:\/\/comfort-works.com\/de-de\n\">Comfort Works<\/a>\u00a0gefunden werden<\/p>\n<p><strong>Ma\u00dfe:<\/strong> Breite des Rahmens &#8211; 235, Tiefe &#8211; 98, H\u00f6he des Rahmens &#8211; 72, Breite zwischen den Armlehnen &#8211; 195, Breite der Armlehnen &#8211; 20, Tiefe der Sitzkissen &#8211; 77.<\/p>\n<p><span style=\"font-weight: 400;\"><strong>Vorteile:<\/strong> Das Sofa ist sehr komfortabel.<\/span><\/p>\n<p><span style=\"font-weight: 400;\"><strong>Nachteile:<\/strong> Die Sitze sind leider f\u00fcr das Wegrutschen bekannt, besonders das Ekeskog Schlafsofa.<\/span><\/p>\n<h2>ANLEITUNGEN<\/h2>\n<p>M\u00f6chtest du wissen, wie du ein Ekeskog Sofa zusammenbauen sollst? Klicken auf dein Modell, um die Bedienungsanleitung herunterzuladen.<\/p>\n<ul>\n<li><a href=\"https:\/\/www.comfort-works.com\/news\/wp-content\/uploads\/2010\/10\/Ekeskog-Sofa.pdf\">Ekeskog Sofa Anleitung<\/a><\/li>\n<li><a href=\"https:\/\/www.comfort-works.com\/news\/wp-content\/uploads\/2010\/10\/Ekeskog-Sofa-Bed.pdf\">Ekeskog Schlafsofa Anleitung<\/a><\/li>\n<\/ul>\n<p>&nbsp;<\/p>\n<h2>UNSERE BEWERTUNG<\/h2>\n<p><span style=\"font-weight: 400;\">Ein robustes und langlebiges Sofa. Das Modell hat breite Sitzpl\u00e4tze und gro\u00dfe Armlehnen. Leider rutschen die Sitzkissen oft vom Sofa. Au\u00dferdem brechen die Tr\u00e4gerbalken sehr schnell ab.<\/span><\/p>\n Ekeskog Sofa Bezug in Nomad Red\n<p>Obwohl dieses Modell in IKEA-Gesch\u00e4ften nicht mehr erh\u00e4ltlich ist, produziert <a href=\"https:\/\/comfort-works.com\/de-de\n\">Comfort Works<\/a> immer noch\u00a0<a href=\"https:\/\/comfort-works.com\/de-de\/collections\/ikea-ekeskog-slipcovers\n\">Ersatzbez\u00fcge f\u00fcr das IKEA Ekeskog Sofa<\/a>.<\/p>\n<h2>Mehr Informationen<\/h2>\n<p>APARTMENT THERAPY &#8211;\u00a0<span style=\"font-weight: 400;\">Ist das Hovas Sofa das neue Ekeskog Modell?<\/span><\/p>\n<p><a href=\"http:\/\/www.productreview.com.au\/p\/ikea-ekeskog.html\">Productreview.com.au<\/a> &#8211; IKEA Ekeskog Sofa Rezension<\/p>\n<p><a href=\"https:\/\/www.flickr.com\/photos\/12738795@N00\/2080692469\/\">Flickr<\/a> &#8211; Diskussion dar\u00fcber, wie Ekeskog Kissen wegrutschen<\/p>\n<p><a href=\"\/news?p=3287\">Difference between Hovas &amp; Ekeskog <\/a>&#8211;\u00a0<span style=\"font-weight: 400;\">Unterschiede und \u00c4hnlichkeiten zwischen den Hovas und Ekeskog Sofas<\/span>.<\/p>\n","protected":false},"excerpt":{"rendered":"<p>[sg_popup id=&#8220;3&#8243; event=&#8220;onload&#8220;][\/sg_popup] Ultimative Tipps und Informationen \u00fcber die IKEA Ekeskog Sofa Serie \u2013 Ma\u00dfe, Bewertungen, Bez\u00fcge, Anleitungen und mehr. Vielleicht suchst du nach dem perfekten Sofa und brauchst ein wenig Hilfe? Oder hast du dich bereits f\u00fcr das Ekeskog Sofa entschieden, eins auf Ebay gefunden und jetzt ben\u00f6tigst du weitere Informationen \u00fcber das Modell? [&hellip;]<\/p>\n","protected":false},"author":1,"featured_media":75197,"parent":0,"menu_order":0,"comment_status":"open","ping_status":"closed","template":"","meta":{"_acf_changed":false,"footnotes":""},"class_list":["post-29886","page","type-page","status-publish","has-post-thumbnail","hentry"],"acf":[],"yoast_head":"<!-- This site is optimized with the Yoast SEO Premium plugin v25.1 (Yoast SEO v25.1) - https:\/\/yoast.com\/wordpress\/plugins\/seo\/ -->\n<title>Anleitung f\u00fcr IKEA Ekeskog Sofas<\/title>\n<meta name=\"description\" content=\"Ultimative Tipps und Informationen \u00fcber die IKEA Ekeskog Sofa Serie \u2013 Ma\u00dfe, Bewertungen, Bez\u00fcge, Anleitungen und mehr.\" \/>\n<meta name=\"robots\" content=\"index, follow, max-snippet:-1, max-image-preview:large, max-video-preview:-1\" \/>\n<link rel=\"canonical\" href=\"https:\/\/blog.comfort-works.com\/de\/anleitung-fur-ikea-ekeskog-sofas\/\" \/>\n<meta property=\"og:locale\" content=\"de_DE\" \/>\n<meta property=\"og:type\" content=\"article\" \/>\n<meta property=\"og:title\" content=\"Anleitung f\u00fcr IKEA Ekeskog Sofas\" \/>\n<meta property=\"og:description\" content=\"Ultimative Tipps und Informationen \u00fcber die IKEA Ekeskog Sofa Serie \u2013 Ma\u00dfe, Bewertungen, Bez\u00fcge, Anleitungen und mehr.\" \/>\n<meta property=\"og:url\" content=\"https:\/\/blog.comfort-works.com\/de\/anleitung-fur-ikea-ekeskog-sofas\/\" \/>\n<meta property=\"og:site_name\" content=\"Comfort Works Blog &amp; Design Inspirationen\" \/>\n<meta property=\"article:publisher\" content=\"https:\/\/www.facebook.com\/comfortworkscovers\" \/>\n<meta property=\"article:modified_time\" content=\"2024-01-16T01:11:09+00:00\" \/>\n<meta property=\"og:image\" content=\"https:\/\/blog-v3.comfort-works.com\/wp-content\/uploads\/2021\/06\/IKEA-Ekeskog-Sofa-guide.jpg\" \/>\n\t<meta property=\"og:image:width\" content=\"940\" \/>\n\t<meta property=\"og:image:height\" content=\"534\" \/>\n\t<meta property=\"og:image:type\" content=\"image\/jpeg\" \/>\n<meta name=\"twitter:card\" content=\"summary_large_image\" \/>\n<meta name=\"twitter:site\" content=\"@comfortworks\" \/>\n<meta name=\"twitter:label1\" content=\"Gesch\u00e4tzte Lesezeit\" \/>\n\t<meta name=\"twitter:data1\" content=\"2\u00a0Minuten\" \/>\n<script type=\"application\/ld+json\" class=\"yoast-schema-graph\">{\"@context\":\"https:\/\/schema.org\",\"@graph\":[{\"@type\":\"WebPage\",\"@id\":\"https:\/\/blog.comfort-works.com\/de\/anleitung-fur-ikea-ekeskog-sofas\/\",\"url\":\"https:\/\/blog.comfort-works.com\/de\/anleitung-fur-ikea-ekeskog-sofas\/\",\"name\":\"Anleitung f\u00fcr IKEA Ekeskog Sofas\",\"isPartOf\":{\"@id\":\"https:\/\/blog.comfort-works.com\/#website\"},\"primaryImageOfPage\":{\"@id\":\"https:\/\/blog.comfort-works.com\/de\/anleitung-fur-ikea-ekeskog-sofas\/#primaryimage\"},\"image\":{\"@id\":\"https:\/\/blog.comfort-works.com\/de\/anleitung-fur-ikea-ekeskog-sofas\/#primaryimage\"},\"thumbnailUrl\":\"https:\/\/blog.comfort-works.com\/wp-content\/uploads\/2021\/06\/IKEA-Ekeskog-Sofa-guide.jpg\",\"datePublished\":\"2018-07-03T09:29:11+00:00\",\"dateModified\":\"2024-01-16T01:11:09+00:00\",\"description\":\"Ultimative Tipps und Informationen \u00fcber die IKEA Ekeskog Sofa Serie \u2013 Ma\u00dfe, Bewertungen, Bez\u00fcge, Anleitungen und mehr.\",\"inLanguage\":\"de\",\"potentialAction\":[{\"@type\":\"ReadAction\",\"target\":[\"https:\/\/blog.comfort-works.com\/de\/anleitung-fur-ikea-ekeskog-sofas\/\"]}]},{\"@type\":\"ImageObject\",\"inLanguage\":\"de\",\"@id\":\"https:\/\/blog.comfort-works.com\/de\/anleitung-fur-ikea-ekeskog-sofas\/#primaryimage\",\"url\":\"https:\/\/blog.comfort-works.com\/wp-content\/uploads\/2021\/06\/IKEA-Ekeskog-Sofa-guide.jpg\",\"contentUrl\":\"https:\/\/blog.comfort-works.com\/wp-content\/uploads\/2021\/06\/IKEA-Ekeskog-Sofa-guide.jpg\",\"width\":940,\"height\":534},{\"@type\":\"WebSite\",\"@id\":\"https:\/\/blog.comfort-works.com\/#website\",\"url\":\"https:\/\/blog.comfort-works.com\/\",\"name\":\"Finding Comfort\",\"description\":\"Alles \u00fcber sch\u00f6ner Wohnen und Leben\",\"publisher\":{\"@id\":\"https:\/\/blog.comfort-works.com\/#organization\"},\"potentialAction\":[{\"@type\":\"SearchAction\",\"target\":{\"@type\":\"EntryPoint\",\"urlTemplate\":\"https:\/\/blog.comfort-works.com\/?s={search_term_string}\"},\"query-input\":{\"@type\":\"PropertyValueSpecification\",\"valueRequired\":true,\"valueName\":\"search_term_string\"}}],\"inLanguage\":\"de\"},{\"@type\":\"Organization\",\"@id\":\"https:\/\/blog.comfort-works.com\/#organization\",\"name\":\"Comfort Works\",\"url\":\"https:\/\/blog.comfort-works.com\/\",\"logo\":{\"@type\":\"ImageObject\",\"inLanguage\":\"de\",\"@id\":\"https:\/\/blog.comfort-works.com\/#\/schema\/logo\/image\/\",\"url\":\"https:\/\/blog.comfort-works.com\/wp-content\/uploads\/2025\/06\/Frame-31.png\",\"contentUrl\":\"https:\/\/blog.comfort-works.com\/wp-content\/uploads\/2025\/06\/Frame-31.png\",\"width\":1200,\"height\":675,\"caption\":\"Comfort Works\"},\"image\":{\"@id\":\"https:\/\/blog.comfort-works.com\/#\/schema\/logo\/image\/\"},\"sameAs\":[\"https:\/\/www.facebook.com\/comfortworkscovers\",\"https:\/\/x.com\/comfortworks\",\"https:\/\/www.instagram.com\/comfortworks\/\",\"https:\/\/www.pinterest.com\/comfortworks\/\",\"https:\/\/www.youtube.com\/channel\/UCiY0z-GqZUzfeBwrAhT2kAg\"]}]}<\/script>\n<!-- \/ Yoast SEO Premium plugin. -->","yoast_head_json":{"title":"Anleitung f\u00fcr IKEA Ekeskog Sofas","description":"Ultimative Tipps und Informationen \u00fcber die IKEA Ekeskog Sofa Serie \u2013 Ma\u00dfe, Bewertungen, Bez\u00fcge, Anleitungen und mehr.","robots":{"index":"index","follow":"follow","max-snippet":"max-snippet:-1","max-image-preview":"max-image-preview:large","max-video-preview":"max-video-preview:-1"},"canonical":"https:\/\/blog.comfort-works.com\/de\/anleitung-fur-ikea-ekeskog-sofas\/","og_locale":"de_DE","og_type":"article","og_title":"Anleitung f\u00fcr IKEA Ekeskog Sofas","og_description":"Ultimative Tipps und Informationen \u00fcber die IKEA Ekeskog Sofa Serie \u2013 Ma\u00dfe, Bewertungen, Bez\u00fcge, Anleitungen und mehr.","og_url":"https:\/\/blog.comfort-works.com\/de\/anleitung-fur-ikea-ekeskog-sofas\/","og_site_name":"Comfort Works Blog &amp; Design Inspirationen","article_publisher":"https:\/\/www.facebook.com\/comfortworkscovers","article_modified_time":"2024-01-16T01:11:09+00:00","og_image":[{"width":940,"height":534,"url":"https:\/\/blog-v3.comfort-works.com\/wp-content\/uploads\/2021\/06\/IKEA-Ekeskog-Sofa-guide.jpg","type":"image\/jpeg"}],"twitter_card":"summary_large_image","twitter_site":"@comfortworks","twitter_misc":{"Gesch\u00e4tzte Lesezeit":"2\u00a0Minuten"},"schema":{"@context":"https:\/\/schema.org","@graph":[{"@type":"WebPage","@id":"https:\/\/blog.comfort-works.com\/de\/anleitung-fur-ikea-ekeskog-sofas\/","url":"https:\/\/blog.comfort-works.com\/de\/anleitung-fur-ikea-ekeskog-sofas\/","name":"Anleitung f\u00fcr IKEA Ekeskog Sofas","isPartOf":{"@id":"https:\/\/blog.comfort-works.com\/#website"},"primaryImageOfPage":{"@id":"https:\/\/blog.comfort-works.com\/de\/anleitung-fur-ikea-ekeskog-sofas\/#primaryimage"},"image":{"@id":"https:\/\/blog.comfort-works.com\/de\/anleitung-fur-ikea-ekeskog-sofas\/#primaryimage"},"thumbnailUrl":"https:\/\/blog.comfort-works.com\/wp-content\/uploads\/2021\/06\/IKEA-Ekeskog-Sofa-guide.jpg","datePublished":"2018-07-03T09:29:11+00:00","dateModified":"2024-01-16T01:11:09+00:00","description":"Ultimative Tipps und Informationen \u00fcber die IKEA Ekeskog Sofa Serie \u2013 Ma\u00dfe, Bewertungen, Bez\u00fcge, Anleitungen und mehr.","inLanguage":"de","potentialAction":[{"@type":"ReadAction","target":["https:\/\/blog.comfort-works.com\/de\/anleitung-fur-ikea-ekeskog-sofas\/"]}]},{"@type":"ImageObject","inLanguage":"de","@id":"https:\/\/blog.comfort-works.com\/de\/anleitung-fur-ikea-ekeskog-sofas\/#primaryimage","url":"https:\/\/blog.comfort-works.com\/wp-content\/uploads\/2021\/06\/IKEA-Ekeskog-Sofa-guide.jpg","contentUrl":"https:\/\/blog.comfort-works.com\/wp-content\/uploads\/2021\/06\/IKEA-Ekeskog-Sofa-guide.jpg","width":940,"height":534},{"@type":"WebSite","@id":"https:\/\/blog.comfort-works.com\/#website","url":"https:\/\/blog.comfort-works.com\/","name":"Finding Comfort","description":"Alles \u00fcber sch\u00f6ner Wohnen und Leben","publisher":{"@id":"https:\/\/blog.comfort-works.com\/#organization"},"potentialAction":[{"@type":"SearchAction","target":{"@type":"EntryPoint","urlTemplate":"https:\/\/blog.comfort-works.com\/?s={search_term_string}"},"query-input":{"@type":"PropertyValueSpecification","valueRequired":true,"valueName":"search_term_string"}}],"inLanguage":"de"},{"@type":"Organization","@id":"https:\/\/blog.comfort-works.com\/#organization","name":"Comfort Works","url":"https:\/\/blog.comfort-works.com\/","logo":{"@type":"ImageObject","inLanguage":"de","@id":"https:\/\/blog.comfort-works.com\/#\/schema\/logo\/image\/","url":"https:\/\/blog.comfort-works.com\/wp-content\/uploads\/2025\/06\/Frame-31.png","contentUrl":"https:\/\/blog.comfort-works.com\/wp-content\/uploads\/2025\/06\/Frame-31.png","width":1200,"height":675,"caption":"Comfort Works"},"image":{"@id":"https:\/\/blog.comfort-works.com\/#\/schema\/logo\/image\/"},"sameAs":["https:\/\/www.facebook.com\/comfortworkscovers","https:\/\/x.com\/comfortworks","https:\/\/www.instagram.com\/comfortworks\/","https:\/\/www.pinterest.com\/comfortworks\/","https:\/\/www.youtube.com\/channel\/UCiY0z-GqZUzfeBwrAhT2kAg"]}]}},"_links":{"self":[{"href":"https:\/\/blog.comfort-works.com\/de\/wp-json\/wp\/v2\/pages\/29886","targetHints":{"allow":["GET"]}}],"collection":[{"href":"https:\/\/blog.comfort-works.com\/de\/wp-json\/wp\/v2\/pages"}],"about":[{"href":"https:\/\/blog.comfort-works.com\/de\/wp-json\/wp\/v2\/types\/page"}],"author":[{"embeddable":true,"href":"https:\/\/blog.comfort-works.com\/de\/wp-json\/wp\/v2\/users\/1"}],"replies":[{"embeddable":true,"href":"https:\/\/blog.comfort-works.com\/de\/wp-json\/wp\/v2\/comments?post=29886"}],"version-history":[{"count":7,"href":"https:\/\/blog.comfort-works.com\/de\/wp-json\/wp\/v2\/pages\/29886\/revisions"}],"predecessor-version":[{"id":110007,"href":"https:\/\/blog.comfort-works.com\/de\/wp-json\/wp\/v2\/pages\/29886\/revisions\/110007"}],"wp:featuredmedia":[{"embeddable":true,"href":"https:\/\/blog.comfort-works.com\/de\/wp-json\/wp\/v2\/media\/75197"}],"wp:attachment":[{"href":"https:\/\/blog.comfort-works.com\/de\/wp-json\/wp\/v2\/media?parent=29886"}],"curies":[{"name":"wp","href":"https:\/\/api.w.org\/{rel}","templated":true}]}}