{"id":29980,"date":"2018-07-04T11:51:59","date_gmt":"2018-07-04T03:51:59","guid":{"rendered":"https:\/\/www.comfort-works.com\/news\/anleitung-fur-das-ikea-ektorp-sofa\/"},"modified":"2024-01-29T16:32:47","modified_gmt":"2024-01-29T08:32:47","slug":"anleitung-fur-das-ikea-ektorp-sofa","status":"publish","type":"page","link":"https:\/\/blog.comfort-works.com\/de\/anleitung-fur-das-ikea-ektorp-sofa\/","title":{"rendered":"Anleitung f\u00fcr das IKEA Ektorp Sofa"},"content":{"rendered":"<p>Ultimative Tipps und Informationen \u00fcber die IKEA Ektorp Sofa Serie \u2013 Ma\u00dfe, Bewertungen, Bez\u00fcge, Anleitungen und mehr.<\/p>\n<p>Vielleicht suchst du nach dem perfekten Sofa und brauchst ein wenig Hilfe? Oder hast du dich bereits f\u00fcr das Ektorp Sofa entschieden, eins auf Ebay gefunden und jetzt ben\u00f6tigst du weitere Informationen \u00fcber das Modell? Es k\u00f6nnte sein, dass du schon das Sofa hast, aber jemand hat darauf Kaffee versch\u00fcttet oder deine Schwiegereltern kommen nach langer Zeit zu besuch. Keine Sorgen, wir sind f\u00fcr jede Situation vorbereitet.<\/p>\n<p>Wenn du weitere Fragen wegen der Serie hast, kontaktiere uns am besten unter\u00a0<a style=\"font-size: 1em;\" href=\"mailto:info@comfortworks.com.au\">info@comfortworks.com.au<\/a><span style=\"font-size: 1em;\">.<\/span><\/p>\n Ektorp R\u00e9camierebezug\u00a0in Wei\u00df aus 100% Baumwolle\n<h2>SCHNELLER CHECK<\/h2>\n<p><span style=\"font-weight: 400;\">Die meisten Sofas und Bez\u00fcge sind noch bei IKEA (Australien) erh\u00e4ltlich. Leider mit der Ausnahme von dem 2er Schlafsofa, Ecksofa und der R\u00e9camiere mit Armlehne.<\/span><\/p>\n<p><strong>Sofabez\u00fcge:<\/strong> Jetzt kannst du auch bei <a href=\"https:\/\/comfort-works.com\/de-de\n\">Comfort Works<\/a> einen Sofabezug f\u00fcr das <a href=\"https:\/\/comfort-works.com\/de-de\/collections\/ikea-ektorp-slipcovers\">Ektorp Sofa<\/a> nachkaufen.<\/p>\n<p><strong>Ma\u00dfe:<\/strong> Alle Modelle, Gr\u00f6\u00dfen und Ma\u00dfe k\u00f6nnen <a href=\"\/news?p=27871\">hier<\/a> gefunden werden.<\/p>\n<p><span style=\"font-weight: 400;\"><strong>Vorteile:<\/strong> Preiswert, robust, komfortabel und extrem waschbar. Das Sofa ist auch kinderfreundlich.<\/span><\/p>\n<p><span style=\"font-weight: 400;\"><strong>Nachteile:<\/strong> Leider ist die Auswahl an Bez\u00fcgen von IKEA nicht die beste und die Bez\u00fcge k\u00f6nnen nicht einfach \u00fcberzogen werden. <\/span><\/p>\n<h2>ANLEITUNGEN<\/h2>\n<p>M\u00f6chtest du wissen, wie du ein Ektorp Sofa zusammenbauen sollst? Klicke auf dein Modell,\u00a0um die Bedienungsanleitung herunterzuladen.<\/p>\n<p><a href=\"https:\/\/www.comfort-works.com\/news\/wp-content\/uploads\/2010\/10\/Ektorp-Armchair-Loveseat-and-3-Seater.pdf\" target=\"_blank\" rel=\"noopener noreferrer\">Ektorp Sessel\/2er Sofa\/3er Sofa<\/a><br \/>\n<a href=\"https:\/\/www.comfort-works.com\/news\/wp-content\/uploads\/2010\/10\/Ektorp-2-Seater-and-Chaise.pdf\" target=\"_blank\" rel=\"noopener noreferrer\">Ektorp 2er Sofa mit\u00a0R\u00e9camiere<\/a><br \/>\n<a href=\"https:\/\/www.comfort-works.com\/news\/wp-content\/uploads\/2010\/10\/Ektorp-2-seat-Sofa-Bed.pdf\" target=\"_blank\" rel=\"noopener noreferrer\">Ektorp 2er Schlafsofa<\/a><br \/>\n<a href=\"https:\/\/www.comfort-works.com\/news\/wp-content\/uploads\/2010\/10\/Ektop-3-Seater-Sofabed-Pixbo.pdf\" target=\"_blank\" rel=\"noopener noreferrer\">Ektorp 3er Schlafsofa PIXBO<\/a><br \/>\n<a href=\"https:\/\/www.comfort-works.com\/news\/wp-content\/uploads\/2010\/10\/Ektorp-Left-hand-Chaise-Cover.pdf\" target=\"_blank\" rel=\"noopener noreferrer\">Ektorp R\u00e9camiere mit einer Armlehne (Links)<\/a><br \/>\n<a href=\"https:\/\/blog.comfort-works.com\/wp-content\/uploads\/2010\/10\/Ektorp-Bromma-Footstool.pdf\" target=\"_blank\" rel=\"noopener noreferrer\">Ektorp Bromma Hocker<\/a><br \/>\n<a href=\"https:\/\/www.comfort-works.com\/news\/wp-content\/uploads\/2010\/10\/Ektorp-Jennylund-Armchair.pdf\" target=\"_blank\" rel=\"noopener noreferrer\">Ektorp Jennylund Sessel<\/a><\/p>\n<h2>UNSERE BEWERTUNG<\/h2>\n<p><span style=\"font-weight: 400;\">Es gibt nicht viele Nachteile von dem Ektorp Sofa, da der klassische Look zu den meisten Familien mit Kindern perfekt passen wird. Strapazierf\u00e4hige, langlebige, leicht abnehmbare und waschbare Sofabez\u00fcge k\u00f6nnen das Ektorp Sofa zu dem praktischsten Modell von IKEA verwandeln.<\/span><\/p>\n<p><span style=\"font-weight: 400;\">Obwohl einige Ektorp Sofas nicht mehr von IKEA hergestellt werden und eingestellt wurden, k\u00f6nnen Sofabez\u00fcge f\u00fcr die Ektorp Modelle bei <a href=\"https:\/\/comfort-works.com\/de-de\n\">Comfort Works<\/a> gefunden werden. <\/span><\/p>\n<p><span style=\"font-weight: 400;\">Unsere <a href=\"https:\/\/comfort-works.com\/de-de\/collections\/ikea-ektorp-slipcovers\">Ektorp Ersatzbez\u00fcge<\/a> werden wie das Original mit Eckfalten und Paspeln produziert. Au\u00dferdem k\u00f6nnen die Bez\u00fcge auch personalisiert werden. F\u00fcr weitere Anpassungsoptionen und Informationen, <a href=\"https:\/\/comfort-works.com\/de-de\/content\/kontakt-379\/\">kontaktiere uns<\/a>!<\/span><\/p>\n<h2>Mehr Informationen<\/h2>\n<p>Modern Mrs. Darcy &#8211; Rezension und Tipps f\u00fcr ein immer sauberes Sofa.<\/p>\n<p><a href=\"http:\/\/www.productreview.com.au\/p\/ikea-ektorp.html\">PRODUCT REVIEW<\/a> &#8211;\u00a0<span style=\"font-weight: 400;\">Vor- und Nachteile von dem Ektorp Sofa.<\/span><\/p>\n<p><a href=\"http:\/\/leftonhighland.blogspot.com\/2012\/03\/part-i-ikea-ektorp-vs-pottery-barn.html\">Left on Highland<\/a> &#8211;\u00a0<span style=\"font-weight: 400;\">IKEA Ektorp oder Pottery Barn Basic Sofa? Gibt es Unterschiede?<\/span><\/p>\n<p><a href=\"http:\/\/www.thethreesweetpeas.com\/2012\/03\/ikea-ektorp-couch-slip-cover-review-tip.html\">The Three Sweet Peas \u00a0<\/a>&#8211; <span style=\"font-weight: 400;\">Rezension von IKEA Ektorp Sofabez\u00fcgen \u00a0&#8211; sind die Ger\u00fcchte wahr?<\/span><\/p>\n<p><a href=\"http:\/\/www.thetinytwig.com\/2011\/11\/10\/the-truth-about-the-white-ikea-ektorp-sectional\/\">Tiny Twig<\/a> &#8211;\u00a0<span style=\"font-weight: 400;\">Eine komplette \u00dcbersicht der Ektorp Kollektion in Wei\u00df.<\/span><\/p>\n<p><a href=\"http:\/\/niagaranovice.blogspot.com\/2011\/10\/comfort-works-slipcover-review-and.html\">Color Outside the Lines<\/a> &#8211;\u00a0<span style=\"font-weight: 400;\">Ektorp Lino Sofabezug Bewertung.<\/span><\/p>\n<p><a href=\"http:\/\/www.onsuttonplace.com\/2011\/11\/comfort-works-and-ikea\/\">On Sutton Place<\/a> &#8211;\u00a0<span style=\"font-weight: 400;\">Ektorp Sofabezug Rezension mit Nahaufnahme von den wundersch\u00f6nen Paspeln.<\/span><\/p>\n<p>Pretty Petals &#8211;\u00a0<span style=\"font-weight: 400;\">Ektorp Rough Ash (grauer Samt) Sofa Bezug Rezension mit vielen sch\u00f6nen Bildern.<\/span><\/p>\n<p><a href=\"http:\/\/cottage4c.com\/ikea-ektorp-slipcovers\/\">Cottage4c<\/a> &#8211;\u00a0<span style=\"font-weight: 400;\">Folge der Diskussion \u00fcber die Bez\u00fcge von IKEA und wo Ersatzbez\u00fcge bestellt werden k\u00f6nnen.<\/span><\/p>\n","protected":false},"excerpt":{"rendered":"<p>Ultimative Tipps und Informationen \u00fcber die IKEA Ektorp Sofa Serie \u2013 Ma\u00dfe, Bewertungen, Bez\u00fcge, Anleitungen und mehr. Vielleicht suchst du nach dem perfekten Sofa und brauchst ein wenig Hilfe? Oder hast du dich bereits f\u00fcr das Ektorp Sofa entschieden, eins auf Ebay gefunden und jetzt ben\u00f6tigst du weitere Informationen \u00fcber das Modell? Es k\u00f6nnte sein, [&hellip;]<\/p>\n","protected":false},"author":1,"featured_media":75221,"parent":0,"menu_order":0,"comment_status":"open","ping_status":"closed","template":"","meta":{"_acf_changed":false,"footnotes":""},"class_list":["post-29980","page","type-page","status-publish","has-post-thumbnail","hentry"],"acf":[],"yoast_head":"<!-- This site is optimized with the Yoast SEO Premium plugin v25.1 (Yoast SEO v25.1) - https:\/\/yoast.com\/wordpress\/plugins\/seo\/ -->\n<title>Anleitung f\u00fcr das IKEA Ektorp Sofa<\/title>\n<meta name=\"description\" content=\"Ultimative Tipps und Informationen \u00fcber die IKEA Ektorp Sofa Serie \u2013 Ma\u00dfe, Bewertungen, Bez\u00fcge, Anleitungen und mehr.\" \/>\n<meta name=\"robots\" content=\"index, follow, max-snippet:-1, max-image-preview:large, max-video-preview:-1\" \/>\n<link rel=\"canonical\" href=\"https:\/\/blog.comfort-works.com\/de\/anleitung-fur-das-ikea-ektorp-sofa\/\" \/>\n<meta property=\"og:locale\" content=\"de_DE\" \/>\n<meta property=\"og:type\" content=\"article\" \/>\n<meta property=\"og:title\" content=\"Anleitung f\u00fcr das IKEA Ektorp Sofa\" \/>\n<meta property=\"og:description\" content=\"Ultimative Tipps und Informationen \u00fcber die IKEA Ektorp Sofa Serie \u2013 Ma\u00dfe, Bewertungen, Bez\u00fcge, Anleitungen und mehr.\" \/>\n<meta property=\"og:url\" content=\"https:\/\/blog.comfort-works.com\/de\/anleitung-fur-das-ikea-ektorp-sofa\/\" \/>\n<meta property=\"og:site_name\" content=\"Comfort Works Blog &amp; Design Inspirationen\" \/>\n<meta property=\"article:publisher\" content=\"https:\/\/www.facebook.com\/comfortworkscovers\" \/>\n<meta property=\"article:modified_time\" content=\"2024-01-29T08:32:47+00:00\" \/>\n<meta property=\"og:image\" content=\"https:\/\/blog-v3.comfort-works.com\/wp-content\/uploads\/2021\/06\/ektorp-information-guide.jpg\" \/>\n\t<meta property=\"og:image:width\" content=\"940\" \/>\n\t<meta property=\"og:image:height\" content=\"534\" \/>\n\t<meta property=\"og:image:type\" content=\"image\/jpeg\" \/>\n<meta name=\"twitter:card\" content=\"summary_large_image\" \/>\n<meta name=\"twitter:site\" content=\"@comfortworks\" \/>\n<meta name=\"twitter:label1\" content=\"Gesch\u00e4tzte Lesezeit\" \/>\n\t<meta name=\"twitter:data1\" content=\"2\u00a0Minuten\" \/>\n<script type=\"application\/ld+json\" class=\"yoast-schema-graph\">{\"@context\":\"https:\/\/schema.org\",\"@graph\":[{\"@type\":\"WebPage\",\"@id\":\"https:\/\/blog.comfort-works.com\/de\/anleitung-fur-das-ikea-ektorp-sofa\/\",\"url\":\"https:\/\/blog.comfort-works.com\/de\/anleitung-fur-das-ikea-ektorp-sofa\/\",\"name\":\"Anleitung f\u00fcr das IKEA Ektorp Sofa\",\"isPartOf\":{\"@id\":\"https:\/\/blog.comfort-works.com\/#website\"},\"primaryImageOfPage\":{\"@id\":\"https:\/\/blog.comfort-works.com\/de\/anleitung-fur-das-ikea-ektorp-sofa\/#primaryimage\"},\"image\":{\"@id\":\"https:\/\/blog.comfort-works.com\/de\/anleitung-fur-das-ikea-ektorp-sofa\/#primaryimage\"},\"thumbnailUrl\":\"https:\/\/blog.comfort-works.com\/wp-content\/uploads\/2021\/06\/ektorp-information-guide.jpg\",\"datePublished\":\"2018-07-04T03:51:59+00:00\",\"dateModified\":\"2024-01-29T08:32:47+00:00\",\"description\":\"Ultimative Tipps und Informationen \u00fcber die IKEA Ektorp Sofa Serie \u2013 Ma\u00dfe, Bewertungen, Bez\u00fcge, Anleitungen und mehr.\",\"inLanguage\":\"de\",\"potentialAction\":[{\"@type\":\"ReadAction\",\"target\":[\"https:\/\/blog.comfort-works.com\/de\/anleitung-fur-das-ikea-ektorp-sofa\/\"]}]},{\"@type\":\"ImageObject\",\"inLanguage\":\"de\",\"@id\":\"https:\/\/blog.comfort-works.com\/de\/anleitung-fur-das-ikea-ektorp-sofa\/#primaryimage\",\"url\":\"https:\/\/blog.comfort-works.com\/wp-content\/uploads\/2021\/06\/ektorp-information-guide.jpg\",\"contentUrl\":\"https:\/\/blog.comfort-works.com\/wp-content\/uploads\/2021\/06\/ektorp-information-guide.jpg\",\"width\":940,\"height\":534},{\"@type\":\"WebSite\",\"@id\":\"https:\/\/blog.comfort-works.com\/#website\",\"url\":\"https:\/\/blog.comfort-works.com\/\",\"name\":\"Finding Comfort\",\"description\":\"Alles \u00fcber sch\u00f6ner Wohnen und Leben\",\"publisher\":{\"@id\":\"https:\/\/blog.comfort-works.com\/#organization\"},\"potentialAction\":[{\"@type\":\"SearchAction\",\"target\":{\"@type\":\"EntryPoint\",\"urlTemplate\":\"https:\/\/blog.comfort-works.com\/?s={search_term_string}\"},\"query-input\":{\"@type\":\"PropertyValueSpecification\",\"valueRequired\":true,\"valueName\":\"search_term_string\"}}],\"inLanguage\":\"de\"},{\"@type\":\"Organization\",\"@id\":\"https:\/\/blog.comfort-works.com\/#organization\",\"name\":\"Comfort Works\",\"url\":\"https:\/\/blog.comfort-works.com\/\",\"logo\":{\"@type\":\"ImageObject\",\"inLanguage\":\"de\",\"@id\":\"https:\/\/blog.comfort-works.com\/#\/schema\/logo\/image\/\",\"url\":\"https:\/\/blog.comfort-works.com\/wp-content\/uploads\/2025\/06\/Frame-31.png\",\"contentUrl\":\"https:\/\/blog.comfort-works.com\/wp-content\/uploads\/2025\/06\/Frame-31.png\",\"width\":1200,\"height\":675,\"caption\":\"Comfort Works\"},\"image\":{\"@id\":\"https:\/\/blog.comfort-works.com\/#\/schema\/logo\/image\/\"},\"sameAs\":[\"https:\/\/www.facebook.com\/comfortworkscovers\",\"https:\/\/x.com\/comfortworks\",\"https:\/\/www.instagram.com\/comfortworks\/\",\"https:\/\/www.pinterest.com\/comfortworks\/\",\"https:\/\/www.youtube.com\/channel\/UCiY0z-GqZUzfeBwrAhT2kAg\"]}]}<\/script>\n<!-- \/ Yoast SEO Premium plugin. -->","yoast_head_json":{"title":"Anleitung f\u00fcr das IKEA Ektorp Sofa","description":"Ultimative Tipps und Informationen \u00fcber die IKEA Ektorp Sofa Serie \u2013 Ma\u00dfe, Bewertungen, Bez\u00fcge, Anleitungen und mehr.","robots":{"index":"index","follow":"follow","max-snippet":"max-snippet:-1","max-image-preview":"max-image-preview:large","max-video-preview":"max-video-preview:-1"},"canonical":"https:\/\/blog.comfort-works.com\/de\/anleitung-fur-das-ikea-ektorp-sofa\/","og_locale":"de_DE","og_type":"article","og_title":"Anleitung f\u00fcr das IKEA Ektorp Sofa","og_description":"Ultimative Tipps und Informationen \u00fcber die IKEA Ektorp Sofa Serie \u2013 Ma\u00dfe, Bewertungen, Bez\u00fcge, Anleitungen und mehr.","og_url":"https:\/\/blog.comfort-works.com\/de\/anleitung-fur-das-ikea-ektorp-sofa\/","og_site_name":"Comfort Works Blog &amp; Design Inspirationen","article_publisher":"https:\/\/www.facebook.com\/comfortworkscovers","article_modified_time":"2024-01-29T08:32:47+00:00","og_image":[{"width":940,"height":534,"url":"https:\/\/blog-v3.comfort-works.com\/wp-content\/uploads\/2021\/06\/ektorp-information-guide.jpg","type":"image\/jpeg"}],"twitter_card":"summary_large_image","twitter_site":"@comfortworks","twitter_misc":{"Gesch\u00e4tzte Lesezeit":"2\u00a0Minuten"},"schema":{"@context":"https:\/\/schema.org","@graph":[{"@type":"WebPage","@id":"https:\/\/blog.comfort-works.com\/de\/anleitung-fur-das-ikea-ektorp-sofa\/","url":"https:\/\/blog.comfort-works.com\/de\/anleitung-fur-das-ikea-ektorp-sofa\/","name":"Anleitung f\u00fcr das IKEA Ektorp Sofa","isPartOf":{"@id":"https:\/\/blog.comfort-works.com\/#website"},"primaryImageOfPage":{"@id":"https:\/\/blog.comfort-works.com\/de\/anleitung-fur-das-ikea-ektorp-sofa\/#primaryimage"},"image":{"@id":"https:\/\/blog.comfort-works.com\/de\/anleitung-fur-das-ikea-ektorp-sofa\/#primaryimage"},"thumbnailUrl":"https:\/\/blog.comfort-works.com\/wp-content\/uploads\/2021\/06\/ektorp-information-guide.jpg","datePublished":"2018-07-04T03:51:59+00:00","dateModified":"2024-01-29T08:32:47+00:00","description":"Ultimative Tipps und Informationen \u00fcber die IKEA Ektorp Sofa Serie \u2013 Ma\u00dfe, Bewertungen, Bez\u00fcge, Anleitungen und mehr.","inLanguage":"de","potentialAction":[{"@type":"ReadAction","target":["https:\/\/blog.comfort-works.com\/de\/anleitung-fur-das-ikea-ektorp-sofa\/"]}]},{"@type":"ImageObject","inLanguage":"de","@id":"https:\/\/blog.comfort-works.com\/de\/anleitung-fur-das-ikea-ektorp-sofa\/#primaryimage","url":"https:\/\/blog.comfort-works.com\/wp-content\/uploads\/2021\/06\/ektorp-information-guide.jpg","contentUrl":"https:\/\/blog.comfort-works.com\/wp-content\/uploads\/2021\/06\/ektorp-information-guide.jpg","width":940,"height":534},{"@type":"WebSite","@id":"https:\/\/blog.comfort-works.com\/#website","url":"https:\/\/blog.comfort-works.com\/","name":"Finding Comfort","description":"Alles \u00fcber sch\u00f6ner Wohnen und Leben","publisher":{"@id":"https:\/\/blog.comfort-works.com\/#organization"},"potentialAction":[{"@type":"SearchAction","target":{"@type":"EntryPoint","urlTemplate":"https:\/\/blog.comfort-works.com\/?s={search_term_string}"},"query-input":{"@type":"PropertyValueSpecification","valueRequired":true,"valueName":"search_term_string"}}],"inLanguage":"de"},{"@type":"Organization","@id":"https:\/\/blog.comfort-works.com\/#organization","name":"Comfort Works","url":"https:\/\/blog.comfort-works.com\/","logo":{"@type":"ImageObject","inLanguage":"de","@id":"https:\/\/blog.comfort-works.com\/#\/schema\/logo\/image\/","url":"https:\/\/blog.comfort-works.com\/wp-content\/uploads\/2025\/06\/Frame-31.png","contentUrl":"https:\/\/blog.comfort-works.com\/wp-content\/uploads\/2025\/06\/Frame-31.png","width":1200,"height":675,"caption":"Comfort Works"},"image":{"@id":"https:\/\/blog.comfort-works.com\/#\/schema\/logo\/image\/"},"sameAs":["https:\/\/www.facebook.com\/comfortworkscovers","https:\/\/x.com\/comfortworks","https:\/\/www.instagram.com\/comfortworks\/","https:\/\/www.pinterest.com\/comfortworks\/","https:\/\/www.youtube.com\/channel\/UCiY0z-GqZUzfeBwrAhT2kAg"]}]}},"_links":{"self":[{"href":"https:\/\/blog.comfort-works.com\/de\/wp-json\/wp\/v2\/pages\/29980","targetHints":{"allow":["GET"]}}],"collection":[{"href":"https:\/\/blog.comfort-works.com\/de\/wp-json\/wp\/v2\/pages"}],"about":[{"href":"https:\/\/blog.comfort-works.com\/de\/wp-json\/wp\/v2\/types\/page"}],"author":[{"embeddable":true,"href":"https:\/\/blog.comfort-works.com\/de\/wp-json\/wp\/v2\/users\/1"}],"replies":[{"embeddable":true,"href":"https:\/\/blog.comfort-works.com\/de\/wp-json\/wp\/v2\/comments?post=29980"}],"version-history":[{"count":17,"href":"https:\/\/blog.comfort-works.com\/de\/wp-json\/wp\/v2\/pages\/29980\/revisions"}],"predecessor-version":[{"id":113439,"href":"https:\/\/blog.comfort-works.com\/de\/wp-json\/wp\/v2\/pages\/29980\/revisions\/113439"}],"wp:featuredmedia":[{"embeddable":true,"href":"https:\/\/blog.comfort-works.com\/de\/wp-json\/wp\/v2\/media\/75221"}],"wp:attachment":[{"href":"https:\/\/blog.comfort-works.com\/de\/wp-json\/wp\/v2\/media?parent=29980"}],"curies":[{"name":"wp","href":"https:\/\/api.w.org\/{rel}","templated":true}]}}