{"id":30134,"date":"2018-07-04T18:12:36","date_gmt":"2018-07-04T10:12:36","guid":{"rendered":"https:\/\/www.comfort-works.com\/news\/anleitung-fur-das-ikea-allerum-sofa\/"},"modified":"2024-01-30T11:12:01","modified_gmt":"2024-01-30T03:12:01","slug":"anleitung-fuer-das-ikea-friheten-sofa","status":"publish","type":"page","link":"https:\/\/blog.comfort-works.com\/de\/anleitung-fuer-das-ikea-friheten-sofa\/","title":{"rendered":"Anleitung f\u00fcr das IKEA Friheten Sofa"},"content":{"rendered":"<p>Ultimative Tipps und Informationen rund um die IKEA Friheten Sofa Serie \u2013 Ma\u00dfe, Bewertungen, Bez\u00fcge, Anleitungen und mehr.<\/p>\n<p>Vielleicht suchst du nach dem perfekten Sofa und brauchst ein wenig Hilfe? Oder hast du dich bereits f\u00fcr das IKEA Friheten Sofa entschieden, eins auf Ebay gefunden und jetzt ben\u00f6tigst du weitere Informationen \u00fcber das Modell? Es k\u00f6nnte sein, dass du das Sofa bereits hast, aber jemand hat Kaffee darauf versch\u00fcttet oder deine Schwiegereltern kommen nach langer Zeit zu Besuch. Keine Sorgen, wir sind f\u00fcr jede Situation vorbereitet.<\/p>\n<p>Wenn du weitere Fragen wegen der Serie hast, kontaktiere uns am besten unter<span style=\"font-size: 1em;\">\u00a0<\/span><a style=\"font-size: 1em;\" href=\"mailto:info@comfortworks.com.au\">info@comfortworks.com.au<\/a><span style=\"font-size: 1em;\">.<\/span><\/p>\n<h2>SCHNELLER CHECK<\/h2>\n<p>Das Sofa kann noch bei IKEA gekauft werden.<\/p>\n<p><strong>Sofabez\u00fcge:<\/strong> Jetzt kannst du auch bei <a href=\"https:\/\/comfort-works.com\/de-de\n\">Comfort Works<\/a> einen Sofabezug f\u00fcr das <a href=\"https:\/\/comfort-works.com\/de-de\/collections\/ikea-friheten-slipcovers\">Friheten<\/a> nachkaufen.<\/p>\n<p><strong>Ma\u00dfe:\u00a0<\/strong>Breite 230 x Tiefe 68\/151 x H\u00f6he 66 cm.<\/p>\n<p><span style=\"font-weight: 400;\"><a href=\"https:\/\/comfort-works.com\/de-de\n\">Vorteile:<\/a> Haupts\u00e4chlich der Stauraum! Aber auch, dass die Liege umgestellt werden kann.<\/span><\/p>\n<p><span style=\"font-weight: 400;\"><a href=\"https:\/\/comfort-works.com\/de-de\n\">Nachteile:<\/a> Urspr\u00fcnglich wurden keine Bez\u00fcge f\u00fcr das Modell produziert. :(<\/span><\/p>\n<h2>ANLEITUNGEN<\/h2>\n<p>M\u00f6chtest du wissen, wie du ein Friheten Sofa zusammenbauen sollst? Klicken\u00a0<a href=\"https:\/\/www.comfort-works.com\/news\/wp-content\/uploads\/2015\/01\/Friheten-Sofa-Bed.pdf\">hier<\/a>, um die Bedienungsanleitung herunterzuladen.<\/p>\n<h2>UNSERE BEWERTUNG<\/h2>\n<p><span style=\"font-weight: 400;\">Das Friheten Modell wurde als der Nachg\u00e4nger von dem Manstad Sofa eingef\u00fchrt. Das Sofa funktioniert auch \u00e4hnlich wie das Manstad-Schlafsofa &#8211; es hat einen Stauraum unter der Liege, die auch problemlos auf der rechten oder linken Seite platziert werden kann. Die eine Armlehne befindet sich ebenfalls auf der gleichen H\u00f6he wie die Sitze, sodass gr\u00f6\u00dfere Personen auch auf dem Sofa schlafen k\u00f6nnen. Das IKEA Friheten Sofa ist gepolstert und kann dementsprechend nicht einfach gereinigt werden.<\/span><\/p>\n<p><span style=\"font-weight: 400;\">Zum Gl\u00fcck produziert <a href=\"https:\/\/comfort-works.com\/de-de\n\">Comfort Works<\/a> Sofa Bez\u00fcge f\u00fcr dieses Modell. Personalisiere schon heute deinen <a href=\"https:\/\/comfort-works.com\/de-de\/collections\/ikea-friheten-slipcovers\">Friheten Sofa Bezug<\/a>.<\/span><\/p>\n<h2>Mehr Informationen<\/h2>\n<p><a href=\"\/news?p=28358\">Death of the Manstad<\/a> &#8211;\u00a0<span style=\"font-weight: 400;\">Eine Rezension der Friheten, Moheda und Lugnvik Schlafsofas von Comfort Works.<\/span><\/p>\n<p><a href=\"https:\/\/www.youtube.com\/watch?v=7qGVRe4Xh48\" data-sessionlink=\"ei=qXu3VJLcPJ6TqQORiIHABw\" data-ytid=\"UC3FruN3fw3dv4_rr1HIview\" data-name=\"\">eXpressWardrobe<\/a>\u00a0 &#8211;\u00a0<span style=\"font-weight: 400;\">Ein Video von dem IKEA Friheten Sofa.<\/span><\/p>\n<p>MumsNet &#8211; <span style=\"font-weight: 400;\">Folge der Diskussion \u00fcber das Friheten Ecksofa von IKEA.<\/span><\/p>\n","protected":false},"excerpt":{"rendered":"<p>Ultimative Tipps und Informationen rund um die IKEA Friheten Sofa Serie \u2013 Ma\u00dfe, Bewertungen, Bez\u00fcge, Anleitungen und mehr. Vielleicht suchst du nach dem perfekten Sofa und brauchst ein wenig Hilfe? Oder hast du dich bereits f\u00fcr das IKEA Friheten Sofa entschieden, eins auf Ebay gefunden und jetzt ben\u00f6tigst du weitere Informationen \u00fcber das Modell? Es [&hellip;]<\/p>\n","protected":false},"author":1001006,"featured_media":75230,"parent":0,"menu_order":0,"comment_status":"open","ping_status":"closed","template":"","meta":{"_acf_changed":false,"footnotes":""},"class_list":["post-30134","page","type-page","status-publish","has-post-thumbnail","hentry"],"acf":[],"yoast_head":"<!-- This site is optimized with the Yoast SEO Premium plugin v25.1 (Yoast SEO v25.1) - https:\/\/yoast.com\/wordpress\/plugins\/seo\/ -->\n<title>Anleitung f\u00fcr das IKEA Friheten Sofa<\/title>\n<meta name=\"description\" content=\"Ultimative Tipps und Informationen \u00fcber die IKEA Friheten Sofa Serie \u2013 Ma\u00dfe, Bewertungen, Bez\u00fcge, Anleitungen und mehr.\" \/>\n<meta name=\"robots\" content=\"index, follow, max-snippet:-1, max-image-preview:large, max-video-preview:-1\" \/>\n<link rel=\"canonical\" href=\"https:\/\/blog.comfort-works.com\/de\/anleitung-fuer-das-ikea-friheten-sofa\/\" \/>\n<meta property=\"og:locale\" content=\"de_DE\" \/>\n<meta property=\"og:type\" content=\"article\" \/>\n<meta property=\"og:title\" content=\"Anleitung f\u00fcr das IKEA Friheten Sofa\" \/>\n<meta property=\"og:description\" content=\"Ultimative Tipps und Informationen \u00fcber die IKEA Friheten Sofa Serie \u2013 Ma\u00dfe, Bewertungen, Bez\u00fcge, Anleitungen und mehr.\" \/>\n<meta property=\"og:url\" content=\"https:\/\/blog.comfort-works.com\/de\/anleitung-fuer-das-ikea-friheten-sofa\/\" \/>\n<meta property=\"og:site_name\" content=\"Comfort Works Blog &amp; Design Inspirationen\" \/>\n<meta property=\"article:publisher\" content=\"https:\/\/www.facebook.com\/comfortworkscovers\" \/>\n<meta property=\"article:modified_time\" content=\"2024-01-30T03:12:01+00:00\" \/>\n<meta property=\"og:image\" content=\"https:\/\/blog-v3.comfort-works.com\/wp-content\/uploads\/2021\/06\/Friheten-information-guide.jpg\" \/>\n\t<meta property=\"og:image:width\" content=\"940\" \/>\n\t<meta property=\"og:image:height\" content=\"534\" \/>\n\t<meta property=\"og:image:type\" content=\"image\/jpeg\" \/>\n<meta name=\"twitter:card\" content=\"summary_large_image\" \/>\n<meta name=\"twitter:site\" content=\"@comfortworks\" \/>\n<meta name=\"twitter:label1\" content=\"Gesch\u00e4tzte Lesezeit\" \/>\n\t<meta name=\"twitter:data1\" content=\"2\u00a0Minuten\" \/>\n<script type=\"application\/ld+json\" class=\"yoast-schema-graph\">{\"@context\":\"https:\/\/schema.org\",\"@graph\":[{\"@type\":\"WebPage\",\"@id\":\"https:\/\/blog.comfort-works.com\/de\/anleitung-fuer-das-ikea-friheten-sofa\/\",\"url\":\"https:\/\/blog.comfort-works.com\/de\/anleitung-fuer-das-ikea-friheten-sofa\/\",\"name\":\"Anleitung f\u00fcr das IKEA Friheten Sofa\",\"isPartOf\":{\"@id\":\"https:\/\/blog.comfort-works.com\/#website\"},\"primaryImageOfPage\":{\"@id\":\"https:\/\/blog.comfort-works.com\/de\/anleitung-fuer-das-ikea-friheten-sofa\/#primaryimage\"},\"image\":{\"@id\":\"https:\/\/blog.comfort-works.com\/de\/anleitung-fuer-das-ikea-friheten-sofa\/#primaryimage\"},\"thumbnailUrl\":\"https:\/\/blog.comfort-works.com\/wp-content\/uploads\/2021\/06\/Friheten-information-guide.jpg\",\"datePublished\":\"2018-07-04T10:12:36+00:00\",\"dateModified\":\"2024-01-30T03:12:01+00:00\",\"description\":\"Ultimative Tipps und Informationen \u00fcber die IKEA Friheten Sofa Serie \u2013 Ma\u00dfe, Bewertungen, Bez\u00fcge, Anleitungen und mehr.\",\"inLanguage\":\"de\",\"potentialAction\":[{\"@type\":\"ReadAction\",\"target\":[\"https:\/\/blog.comfort-works.com\/de\/anleitung-fuer-das-ikea-friheten-sofa\/\"]}]},{\"@type\":\"ImageObject\",\"inLanguage\":\"de\",\"@id\":\"https:\/\/blog.comfort-works.com\/de\/anleitung-fuer-das-ikea-friheten-sofa\/#primaryimage\",\"url\":\"https:\/\/blog.comfort-works.com\/wp-content\/uploads\/2021\/06\/Friheten-information-guide.jpg\",\"contentUrl\":\"https:\/\/blog.comfort-works.com\/wp-content\/uploads\/2021\/06\/Friheten-information-guide.jpg\",\"width\":940,\"height\":534},{\"@type\":\"WebSite\",\"@id\":\"https:\/\/blog.comfort-works.com\/#website\",\"url\":\"https:\/\/blog.comfort-works.com\/\",\"name\":\"Finding Comfort\",\"description\":\"Alles \u00fcber sch\u00f6ner Wohnen und Leben\",\"publisher\":{\"@id\":\"https:\/\/blog.comfort-works.com\/#organization\"},\"potentialAction\":[{\"@type\":\"SearchAction\",\"target\":{\"@type\":\"EntryPoint\",\"urlTemplate\":\"https:\/\/blog.comfort-works.com\/?s={search_term_string}\"},\"query-input\":{\"@type\":\"PropertyValueSpecification\",\"valueRequired\":true,\"valueName\":\"search_term_string\"}}],\"inLanguage\":\"de\"},{\"@type\":\"Organization\",\"@id\":\"https:\/\/blog.comfort-works.com\/#organization\",\"name\":\"Comfort Works\",\"url\":\"https:\/\/blog.comfort-works.com\/\",\"logo\":{\"@type\":\"ImageObject\",\"inLanguage\":\"de\",\"@id\":\"https:\/\/blog.comfort-works.com\/#\/schema\/logo\/image\/\",\"url\":\"https:\/\/blog.comfort-works.com\/wp-content\/uploads\/2025\/06\/Frame-31.png\",\"contentUrl\":\"https:\/\/blog.comfort-works.com\/wp-content\/uploads\/2025\/06\/Frame-31.png\",\"width\":1200,\"height\":675,\"caption\":\"Comfort Works\"},\"image\":{\"@id\":\"https:\/\/blog.comfort-works.com\/#\/schema\/logo\/image\/\"},\"sameAs\":[\"https:\/\/www.facebook.com\/comfortworkscovers\",\"https:\/\/x.com\/comfortworks\",\"https:\/\/www.instagram.com\/comfortworks\/\",\"https:\/\/www.pinterest.com\/comfortworks\/\",\"https:\/\/www.youtube.com\/channel\/UCiY0z-GqZUzfeBwrAhT2kAg\"]}]}<\/script>\n<!-- \/ Yoast SEO Premium plugin. -->","yoast_head_json":{"title":"Anleitung f\u00fcr das IKEA Friheten Sofa","description":"Ultimative Tipps und Informationen \u00fcber die IKEA Friheten Sofa Serie \u2013 Ma\u00dfe, Bewertungen, Bez\u00fcge, Anleitungen und mehr.","robots":{"index":"index","follow":"follow","max-snippet":"max-snippet:-1","max-image-preview":"max-image-preview:large","max-video-preview":"max-video-preview:-1"},"canonical":"https:\/\/blog.comfort-works.com\/de\/anleitung-fuer-das-ikea-friheten-sofa\/","og_locale":"de_DE","og_type":"article","og_title":"Anleitung f\u00fcr das IKEA Friheten Sofa","og_description":"Ultimative Tipps und Informationen \u00fcber die IKEA Friheten Sofa Serie \u2013 Ma\u00dfe, Bewertungen, Bez\u00fcge, Anleitungen und mehr.","og_url":"https:\/\/blog.comfort-works.com\/de\/anleitung-fuer-das-ikea-friheten-sofa\/","og_site_name":"Comfort Works Blog &amp; Design Inspirationen","article_publisher":"https:\/\/www.facebook.com\/comfortworkscovers","article_modified_time":"2024-01-30T03:12:01+00:00","og_image":[{"width":940,"height":534,"url":"https:\/\/blog-v3.comfort-works.com\/wp-content\/uploads\/2021\/06\/Friheten-information-guide.jpg","type":"image\/jpeg"}],"twitter_card":"summary_large_image","twitter_site":"@comfortworks","twitter_misc":{"Gesch\u00e4tzte Lesezeit":"2\u00a0Minuten"},"schema":{"@context":"https:\/\/schema.org","@graph":[{"@type":"WebPage","@id":"https:\/\/blog.comfort-works.com\/de\/anleitung-fuer-das-ikea-friheten-sofa\/","url":"https:\/\/blog.comfort-works.com\/de\/anleitung-fuer-das-ikea-friheten-sofa\/","name":"Anleitung f\u00fcr das IKEA Friheten Sofa","isPartOf":{"@id":"https:\/\/blog.comfort-works.com\/#website"},"primaryImageOfPage":{"@id":"https:\/\/blog.comfort-works.com\/de\/anleitung-fuer-das-ikea-friheten-sofa\/#primaryimage"},"image":{"@id":"https:\/\/blog.comfort-works.com\/de\/anleitung-fuer-das-ikea-friheten-sofa\/#primaryimage"},"thumbnailUrl":"https:\/\/blog.comfort-works.com\/wp-content\/uploads\/2021\/06\/Friheten-information-guide.jpg","datePublished":"2018-07-04T10:12:36+00:00","dateModified":"2024-01-30T03:12:01+00:00","description":"Ultimative Tipps und Informationen \u00fcber die IKEA Friheten Sofa Serie \u2013 Ma\u00dfe, Bewertungen, Bez\u00fcge, Anleitungen und mehr.","inLanguage":"de","potentialAction":[{"@type":"ReadAction","target":["https:\/\/blog.comfort-works.com\/de\/anleitung-fuer-das-ikea-friheten-sofa\/"]}]},{"@type":"ImageObject","inLanguage":"de","@id":"https:\/\/blog.comfort-works.com\/de\/anleitung-fuer-das-ikea-friheten-sofa\/#primaryimage","url":"https:\/\/blog.comfort-works.com\/wp-content\/uploads\/2021\/06\/Friheten-information-guide.jpg","contentUrl":"https:\/\/blog.comfort-works.com\/wp-content\/uploads\/2021\/06\/Friheten-information-guide.jpg","width":940,"height":534},{"@type":"WebSite","@id":"https:\/\/blog.comfort-works.com\/#website","url":"https:\/\/blog.comfort-works.com\/","name":"Finding Comfort","description":"Alles \u00fcber sch\u00f6ner Wohnen und Leben","publisher":{"@id":"https:\/\/blog.comfort-works.com\/#organization"},"potentialAction":[{"@type":"SearchAction","target":{"@type":"EntryPoint","urlTemplate":"https:\/\/blog.comfort-works.com\/?s={search_term_string}"},"query-input":{"@type":"PropertyValueSpecification","valueRequired":true,"valueName":"search_term_string"}}],"inLanguage":"de"},{"@type":"Organization","@id":"https:\/\/blog.comfort-works.com\/#organization","name":"Comfort Works","url":"https:\/\/blog.comfort-works.com\/","logo":{"@type":"ImageObject","inLanguage":"de","@id":"https:\/\/blog.comfort-works.com\/#\/schema\/logo\/image\/","url":"https:\/\/blog.comfort-works.com\/wp-content\/uploads\/2025\/06\/Frame-31.png","contentUrl":"https:\/\/blog.comfort-works.com\/wp-content\/uploads\/2025\/06\/Frame-31.png","width":1200,"height":675,"caption":"Comfort Works"},"image":{"@id":"https:\/\/blog.comfort-works.com\/#\/schema\/logo\/image\/"},"sameAs":["https:\/\/www.facebook.com\/comfortworkscovers","https:\/\/x.com\/comfortworks","https:\/\/www.instagram.com\/comfortworks\/","https:\/\/www.pinterest.com\/comfortworks\/","https:\/\/www.youtube.com\/channel\/UCiY0z-GqZUzfeBwrAhT2kAg"]}]}},"_links":{"self":[{"href":"https:\/\/blog.comfort-works.com\/de\/wp-json\/wp\/v2\/pages\/30134","targetHints":{"allow":["GET"]}}],"collection":[{"href":"https:\/\/blog.comfort-works.com\/de\/wp-json\/wp\/v2\/pages"}],"about":[{"href":"https:\/\/blog.comfort-works.com\/de\/wp-json\/wp\/v2\/types\/page"}],"author":[{"embeddable":true,"href":"https:\/\/blog.comfort-works.com\/de\/wp-json\/wp\/v2\/users\/1001006"}],"replies":[{"embeddable":true,"href":"https:\/\/blog.comfort-works.com\/de\/wp-json\/wp\/v2\/comments?post=30134"}],"version-history":[{"count":12,"href":"https:\/\/blog.comfort-works.com\/de\/wp-json\/wp\/v2\/pages\/30134\/revisions"}],"predecessor-version":[{"id":113681,"href":"https:\/\/blog.comfort-works.com\/de\/wp-json\/wp\/v2\/pages\/30134\/revisions\/113681"}],"wp:featuredmedia":[{"embeddable":true,"href":"https:\/\/blog.comfort-works.com\/de\/wp-json\/wp\/v2\/media\/75230"}],"wp:attachment":[{"href":"https:\/\/blog.comfort-works.com\/de\/wp-json\/wp\/v2\/media?parent=30134"}],"curies":[{"name":"wp","href":"https:\/\/api.w.org\/{rel}","templated":true}]}}