{"id":30142,"date":"2018-07-05T11:03:30","date_gmt":"2018-07-05T03:03:30","guid":{"rendered":"https:\/\/www.comfort-works.com\/news\/anleitung-fur-das-ikea-hovas-sofa\/"},"modified":"2024-01-30T11:33:39","modified_gmt":"2024-01-30T03:33:39","slug":"anleitung-fur-das-ikea-hovas-sofa","status":"publish","type":"page","link":"https:\/\/blog.comfort-works.com\/de\/anleitung-fur-das-ikea-hovas-sofa\/","title":{"rendered":"Anleitung f\u00fcr das IKEA Hovas Sofa"},"content":{"rendered":"<p>[sg_popup id=&#8220;3&#8243; event=&#8220;onload&#8220;][\/sg_popup]Ultimative Tipps und Informationen \u00fcber die IKEA Hovas Sofa Serie \u2013 Ma\u00dfe, Bewertungen, Bez\u00fcge, Anleitungen und mehr.<\/p>\n<p>Vielleicht suchst du nach dem perfekten Sofa und brauchst ein wenig Hilfe? Oder hast du dich bereits f\u00fcr das Hovas Sofa entschieden, eins auf Ebay gefunden und jetzt ben\u00f6tigst du weitere Informationen \u00fcber das Modell? Es k\u00f6nnte sein, dass du schon das Sofa hast, aber jemand hat darauf Kaffee versch\u00fcttet oder deine Schwiegereltern kommen nach langer Zeit zu besuch. Keine Sorgen, wir sind f\u00fcr jede Situation vorbereitet.<\/p>\n<p>Wenn du weitere Fragen wegen der Serie hast, kontaktiere uns am besten unter<span style=\"font-size: 1em;\">\u00a0<\/span><a style=\"font-size: 1em;\" href=\"mailto:info@comfortworks.com.au\">info@comfortworks.com.au<\/a><span style=\"font-size: 1em;\">.<\/span><\/p>\n<h2>SCHNELLER CHECK<\/h2>\n<p>Das Sofa und die Sofabez\u00fcge sind leider nicht mehr bei IKEA erh\u00e4ltlich und wurden eingestellt.<\/p>\n<p><strong>Sofabez\u00fcge:<\/strong> Jetzt kannst du auch bei <a href=\"https:\/\/comfort-works.com\/de-de\n\">Comfort Works<\/a> einen Sofabezug f\u00fcr das <a href=\"https:\/\/comfort-works.com\/es-es\/collections\/ikea-hovas-slipcovers\">Hovas Sofa<\/a> nachkaufen.<\/p>\n<p><strong>Ma\u00dfe:<\/strong> Breite &#8211; 243cm; Tiefe &#8211; 110cm; H\u00f6he &#8211; 89cm.<\/p>\n<p><span style=\"font-weight: 400;\"><strong>Vorteile:<\/strong> Das Hovas Sofa ist ein super ger\u00e4umiges und bequemes Modell, sodass es zu dem perfekten Sofa f\u00fcr gr\u00f6\u00dfere Personen wurde.<\/span><\/p>\n<p><span style=\"font-weight: 400;\"><strong>Nachteile:<\/strong> Wenn du auf der Suche nach einem modernen oder minimalistischen Sofa bist, dann ist das Hovas Sofa nicht die beste Wahl f\u00fcr dich.<\/span><\/p>\n<p>&nbsp;<\/p>\n<h2>UNSERE BEWERTUNG<\/h2>\n<p><span style=\"font-weight: 400;\">Ein gro\u00dfer Vorteil von diesem kurvigen Sofa ist der Komfort. Leider kommt mit dem gro\u00dfen Komfort auch ein gro\u00dfes Opfer &#8211; die \u00c4sthetik. Das Sofa ist vielleicht nicht h\u00e4sslich, jedoch ist es ein bisschen altmodisch und es wird leider nicht in jedes Zuhause passen. Trotzdem ist das Modell sehr bequem und eignet sich perfekt zum Faulenzen.<\/span><\/p>\n<p>Obwohl das Hovas Modell eingestellt wurde und nicht mehr bei IKEA erh\u00e4ltlich ist, produziert Comfort Works<a href=\"https:\/\/comfort-works.com\/es-es\/collections\/ikea-hovas-slipcovers\"> Ersatz-Bez\u00fcge<\/a> f\u00fcr das Sofa.<\/p>\n<h2>Mehr Informationen<\/h2>\n<p><a href=\"\/news?p=3287\">Hovas vs. Ekeskog<\/a> &#8211;\u00a0<span style=\"font-weight: 400;\">Finde heraus, welches Sofa du hast und welcher Sofabezug passen wird.<\/span><\/p>\n<p>&nbsp;<\/p>\n","protected":false},"excerpt":{"rendered":"<p>[sg_popup id=&#8220;3&#8243; event=&#8220;onload&#8220;][\/sg_popup]Ultimative Tipps und Informationen \u00fcber die IKEA Hovas Sofa Serie \u2013 Ma\u00dfe, Bewertungen, Bez\u00fcge, Anleitungen und mehr. Vielleicht suchst du nach dem perfekten Sofa und brauchst ein wenig Hilfe? Oder hast du dich bereits f\u00fcr das Hovas Sofa entschieden, eins auf Ebay gefunden und jetzt ben\u00f6tigst du weitere Informationen \u00fcber das Modell? Es [&hellip;]<\/p>\n","protected":false},"author":1001006,"featured_media":75282,"parent":0,"menu_order":0,"comment_status":"open","ping_status":"closed","template":"","meta":{"_acf_changed":false,"footnotes":""},"class_list":["post-30142","page","type-page","status-publish","has-post-thumbnail","hentry"],"acf":[],"yoast_head":"<!-- This site is optimized with the Yoast SEO Premium plugin v25.1 (Yoast SEO v25.1) - https:\/\/yoast.com\/wordpress\/plugins\/seo\/ -->\n<title>Anleitung f\u00fcr das IKEA Hovas Sofa<\/title>\n<meta name=\"description\" content=\"Ultimative Tipps und Informationen \u00fcber die IKEA Hovas Sofa Serie \u2013 Ma\u00dfe, Bewertungen, Bez\u00fcge, Anleitungen und mehr.\" \/>\n<meta name=\"robots\" content=\"index, follow, max-snippet:-1, max-image-preview:large, max-video-preview:-1\" \/>\n<link rel=\"canonical\" href=\"https:\/\/blog.comfort-works.com\/de\/anleitung-fur-das-ikea-hovas-sofa\/\" \/>\n<meta property=\"og:locale\" content=\"de_DE\" \/>\n<meta property=\"og:type\" content=\"article\" \/>\n<meta property=\"og:title\" content=\"Anleitung f\u00fcr das IKEA Hovas Sofa\" \/>\n<meta property=\"og:description\" content=\"Ultimative Tipps und Informationen \u00fcber die IKEA Hovas Sofa Serie \u2013 Ma\u00dfe, Bewertungen, Bez\u00fcge, Anleitungen und mehr.\" \/>\n<meta property=\"og:url\" content=\"https:\/\/blog.comfort-works.com\/de\/anleitung-fur-das-ikea-hovas-sofa\/\" \/>\n<meta property=\"og:site_name\" content=\"Comfort Works Blog &amp; Design Inspirationen\" \/>\n<meta property=\"article:publisher\" content=\"https:\/\/www.facebook.com\/comfortworkscovers\" \/>\n<meta property=\"article:modified_time\" content=\"2024-01-30T03:33:39+00:00\" \/>\n<meta property=\"og:image\" content=\"https:\/\/blog-v3.comfort-works.com\/wp-content\/uploads\/2021\/06\/IKEA-Hovas-information-guide.jpg\" \/>\n\t<meta property=\"og:image:width\" content=\"940\" \/>\n\t<meta property=\"og:image:height\" content=\"534\" \/>\n\t<meta property=\"og:image:type\" content=\"image\/jpeg\" \/>\n<meta name=\"twitter:card\" content=\"summary_large_image\" \/>\n<meta name=\"twitter:site\" content=\"@comfortworks\" \/>\n<meta name=\"twitter:label1\" content=\"Gesch\u00e4tzte Lesezeit\" \/>\n\t<meta name=\"twitter:data1\" content=\"2\u00a0Minuten\" \/>\n<script type=\"application\/ld+json\" class=\"yoast-schema-graph\">{\"@context\":\"https:\/\/schema.org\",\"@graph\":[{\"@type\":\"WebPage\",\"@id\":\"https:\/\/blog.comfort-works.com\/de\/anleitung-fur-das-ikea-hovas-sofa\/\",\"url\":\"https:\/\/blog.comfort-works.com\/de\/anleitung-fur-das-ikea-hovas-sofa\/\",\"name\":\"Anleitung f\u00fcr das IKEA Hovas Sofa\",\"isPartOf\":{\"@id\":\"https:\/\/blog.comfort-works.com\/#website\"},\"primaryImageOfPage\":{\"@id\":\"https:\/\/blog.comfort-works.com\/de\/anleitung-fur-das-ikea-hovas-sofa\/#primaryimage\"},\"image\":{\"@id\":\"https:\/\/blog.comfort-works.com\/de\/anleitung-fur-das-ikea-hovas-sofa\/#primaryimage\"},\"thumbnailUrl\":\"https:\/\/blog.comfort-works.com\/wp-content\/uploads\/2021\/06\/IKEA-Hovas-information-guide.jpg\",\"datePublished\":\"2018-07-05T03:03:30+00:00\",\"dateModified\":\"2024-01-30T03:33:39+00:00\",\"description\":\"Ultimative Tipps und Informationen \u00fcber die IKEA Hovas Sofa Serie \u2013 Ma\u00dfe, Bewertungen, Bez\u00fcge, Anleitungen und mehr.\",\"inLanguage\":\"de\",\"potentialAction\":[{\"@type\":\"ReadAction\",\"target\":[\"https:\/\/blog.comfort-works.com\/de\/anleitung-fur-das-ikea-hovas-sofa\/\"]}]},{\"@type\":\"ImageObject\",\"inLanguage\":\"de\",\"@id\":\"https:\/\/blog.comfort-works.com\/de\/anleitung-fur-das-ikea-hovas-sofa\/#primaryimage\",\"url\":\"https:\/\/blog.comfort-works.com\/wp-content\/uploads\/2021\/06\/IKEA-Hovas-information-guide.jpg\",\"contentUrl\":\"https:\/\/blog.comfort-works.com\/wp-content\/uploads\/2021\/06\/IKEA-Hovas-information-guide.jpg\",\"width\":940,\"height\":534},{\"@type\":\"WebSite\",\"@id\":\"https:\/\/blog.comfort-works.com\/#website\",\"url\":\"https:\/\/blog.comfort-works.com\/\",\"name\":\"Finding Comfort\",\"description\":\"Alles \u00fcber sch\u00f6ner Wohnen und Leben\",\"publisher\":{\"@id\":\"https:\/\/blog.comfort-works.com\/#organization\"},\"potentialAction\":[{\"@type\":\"SearchAction\",\"target\":{\"@type\":\"EntryPoint\",\"urlTemplate\":\"https:\/\/blog.comfort-works.com\/?s={search_term_string}\"},\"query-input\":{\"@type\":\"PropertyValueSpecification\",\"valueRequired\":true,\"valueName\":\"search_term_string\"}}],\"inLanguage\":\"de\"},{\"@type\":\"Organization\",\"@id\":\"https:\/\/blog.comfort-works.com\/#organization\",\"name\":\"Comfort Works\",\"url\":\"https:\/\/blog.comfort-works.com\/\",\"logo\":{\"@type\":\"ImageObject\",\"inLanguage\":\"de\",\"@id\":\"https:\/\/blog.comfort-works.com\/#\/schema\/logo\/image\/\",\"url\":\"https:\/\/blog.comfort-works.com\/wp-content\/uploads\/2025\/06\/Frame-31.png\",\"contentUrl\":\"https:\/\/blog.comfort-works.com\/wp-content\/uploads\/2025\/06\/Frame-31.png\",\"width\":1200,\"height\":675,\"caption\":\"Comfort Works\"},\"image\":{\"@id\":\"https:\/\/blog.comfort-works.com\/#\/schema\/logo\/image\/\"},\"sameAs\":[\"https:\/\/www.facebook.com\/comfortworkscovers\",\"https:\/\/x.com\/comfortworks\",\"https:\/\/www.instagram.com\/comfortworks\/\",\"https:\/\/www.pinterest.com\/comfortworks\/\",\"https:\/\/www.youtube.com\/channel\/UCiY0z-GqZUzfeBwrAhT2kAg\"]}]}<\/script>\n<!-- \/ Yoast SEO Premium plugin. -->","yoast_head_json":{"title":"Anleitung f\u00fcr das IKEA Hovas Sofa","description":"Ultimative Tipps und Informationen \u00fcber die IKEA Hovas Sofa Serie \u2013 Ma\u00dfe, Bewertungen, Bez\u00fcge, Anleitungen und mehr.","robots":{"index":"index","follow":"follow","max-snippet":"max-snippet:-1","max-image-preview":"max-image-preview:large","max-video-preview":"max-video-preview:-1"},"canonical":"https:\/\/blog.comfort-works.com\/de\/anleitung-fur-das-ikea-hovas-sofa\/","og_locale":"de_DE","og_type":"article","og_title":"Anleitung f\u00fcr das IKEA Hovas Sofa","og_description":"Ultimative Tipps und Informationen \u00fcber die IKEA Hovas Sofa Serie \u2013 Ma\u00dfe, Bewertungen, Bez\u00fcge, Anleitungen und mehr.","og_url":"https:\/\/blog.comfort-works.com\/de\/anleitung-fur-das-ikea-hovas-sofa\/","og_site_name":"Comfort Works Blog &amp; Design Inspirationen","article_publisher":"https:\/\/www.facebook.com\/comfortworkscovers","article_modified_time":"2024-01-30T03:33:39+00:00","og_image":[{"width":940,"height":534,"url":"https:\/\/blog-v3.comfort-works.com\/wp-content\/uploads\/2021\/06\/IKEA-Hovas-information-guide.jpg","type":"image\/jpeg"}],"twitter_card":"summary_large_image","twitter_site":"@comfortworks","twitter_misc":{"Gesch\u00e4tzte Lesezeit":"2\u00a0Minuten"},"schema":{"@context":"https:\/\/schema.org","@graph":[{"@type":"WebPage","@id":"https:\/\/blog.comfort-works.com\/de\/anleitung-fur-das-ikea-hovas-sofa\/","url":"https:\/\/blog.comfort-works.com\/de\/anleitung-fur-das-ikea-hovas-sofa\/","name":"Anleitung f\u00fcr das IKEA Hovas Sofa","isPartOf":{"@id":"https:\/\/blog.comfort-works.com\/#website"},"primaryImageOfPage":{"@id":"https:\/\/blog.comfort-works.com\/de\/anleitung-fur-das-ikea-hovas-sofa\/#primaryimage"},"image":{"@id":"https:\/\/blog.comfort-works.com\/de\/anleitung-fur-das-ikea-hovas-sofa\/#primaryimage"},"thumbnailUrl":"https:\/\/blog.comfort-works.com\/wp-content\/uploads\/2021\/06\/IKEA-Hovas-information-guide.jpg","datePublished":"2018-07-05T03:03:30+00:00","dateModified":"2024-01-30T03:33:39+00:00","description":"Ultimative Tipps und Informationen \u00fcber die IKEA Hovas Sofa Serie \u2013 Ma\u00dfe, Bewertungen, Bez\u00fcge, Anleitungen und mehr.","inLanguage":"de","potentialAction":[{"@type":"ReadAction","target":["https:\/\/blog.comfort-works.com\/de\/anleitung-fur-das-ikea-hovas-sofa\/"]}]},{"@type":"ImageObject","inLanguage":"de","@id":"https:\/\/blog.comfort-works.com\/de\/anleitung-fur-das-ikea-hovas-sofa\/#primaryimage","url":"https:\/\/blog.comfort-works.com\/wp-content\/uploads\/2021\/06\/IKEA-Hovas-information-guide.jpg","contentUrl":"https:\/\/blog.comfort-works.com\/wp-content\/uploads\/2021\/06\/IKEA-Hovas-information-guide.jpg","width":940,"height":534},{"@type":"WebSite","@id":"https:\/\/blog.comfort-works.com\/#website","url":"https:\/\/blog.comfort-works.com\/","name":"Finding Comfort","description":"Alles \u00fcber sch\u00f6ner Wohnen und Leben","publisher":{"@id":"https:\/\/blog.comfort-works.com\/#organization"},"potentialAction":[{"@type":"SearchAction","target":{"@type":"EntryPoint","urlTemplate":"https:\/\/blog.comfort-works.com\/?s={search_term_string}"},"query-input":{"@type":"PropertyValueSpecification","valueRequired":true,"valueName":"search_term_string"}}],"inLanguage":"de"},{"@type":"Organization","@id":"https:\/\/blog.comfort-works.com\/#organization","name":"Comfort Works","url":"https:\/\/blog.comfort-works.com\/","logo":{"@type":"ImageObject","inLanguage":"de","@id":"https:\/\/blog.comfort-works.com\/#\/schema\/logo\/image\/","url":"https:\/\/blog.comfort-works.com\/wp-content\/uploads\/2025\/06\/Frame-31.png","contentUrl":"https:\/\/blog.comfort-works.com\/wp-content\/uploads\/2025\/06\/Frame-31.png","width":1200,"height":675,"caption":"Comfort Works"},"image":{"@id":"https:\/\/blog.comfort-works.com\/#\/schema\/logo\/image\/"},"sameAs":["https:\/\/www.facebook.com\/comfortworkscovers","https:\/\/x.com\/comfortworks","https:\/\/www.instagram.com\/comfortworks\/","https:\/\/www.pinterest.com\/comfortworks\/","https:\/\/www.youtube.com\/channel\/UCiY0z-GqZUzfeBwrAhT2kAg"]}]}},"_links":{"self":[{"href":"https:\/\/blog.comfort-works.com\/de\/wp-json\/wp\/v2\/pages\/30142","targetHints":{"allow":["GET"]}}],"collection":[{"href":"https:\/\/blog.comfort-works.com\/de\/wp-json\/wp\/v2\/pages"}],"about":[{"href":"https:\/\/blog.comfort-works.com\/de\/wp-json\/wp\/v2\/types\/page"}],"author":[{"embeddable":true,"href":"https:\/\/blog.comfort-works.com\/de\/wp-json\/wp\/v2\/users\/1001006"}],"replies":[{"embeddable":true,"href":"https:\/\/blog.comfort-works.com\/de\/wp-json\/wp\/v2\/comments?post=30142"}],"version-history":[{"count":6,"href":"https:\/\/blog.comfort-works.com\/de\/wp-json\/wp\/v2\/pages\/30142\/revisions"}],"predecessor-version":[{"id":113760,"href":"https:\/\/blog.comfort-works.com\/de\/wp-json\/wp\/v2\/pages\/30142\/revisions\/113760"}],"wp:featuredmedia":[{"embeddable":true,"href":"https:\/\/blog.comfort-works.com\/de\/wp-json\/wp\/v2\/media\/75282"}],"wp:attachment":[{"href":"https:\/\/blog.comfort-works.com\/de\/wp-json\/wp\/v2\/media?parent=30142"}],"curies":[{"name":"wp","href":"https:\/\/api.w.org\/{rel}","templated":true}]}}