{"id":30147,"date":"2018-07-05T11:38:52","date_gmt":"2018-07-05T03:38:52","guid":{"rendered":"https:\/\/www.comfort-works.com\/news\/anleitung-fur-das-ikea-karlstad-sofa\/"},"modified":"2024-01-29T16:25:08","modified_gmt":"2024-01-29T08:25:08","slug":"anleitung-fur-das-ikea-karlstad-sofa","status":"publish","type":"page","link":"https:\/\/blog.comfort-works.com\/de\/anleitung-fur-das-ikea-karlstad-sofa\/","title":{"rendered":"Anleitung f\u00fcr das IKEA Karlstad Sofa"},"content":{"rendered":"<p>[sg_popup id=&#8220;3&#8243; event=&#8220;onload&#8220;][\/sg_popup] Ultimative Tipps und Informationen \u00fcber die IKEA Karlstad Sofa Serie \u2013 Ma\u00dfe, Bewertungen, Bez\u00fcge, Anleitungen und mehr.<\/p>\n<p>Vielleicht suchst du nach dem perfekten Sofa und brauchst ein wenig Hilfe? Oder hast du dich bereits f\u00fcr das Karlstad Sofa entschieden, eins auf Ebay gefunden und jetzt ben\u00f6tigst du weitere Informationen \u00fcber das Modell? Es k\u00f6nnte sein, dass du schon das Sofa hast, aber jemand hat darauf Kaffee versch\u00fcttet oder deine Schwiegereltern kommen nach langer Zeit zu besuch. Keine Sorgen, wir sind f\u00fcr jede Situation vorbereitet.<\/p>\n<p>Wenn du weitere Fragen wegen der Serie hast, kontaktiere uns am besten unter\u00a0<a href=\"mailto:info@comfortworks.com.au\">info@comfortworks.com.au<\/a>.<\/p>\n<h2>SCHNELLER CHECK<\/h2>\n<p>Das Sofa und die Sofabez\u00fcge sind leider nicht mehr bei IKEA erh\u00e4ltlich und wurden eingestellt.<\/p>\n<p><strong>Sofabez\u00fcge:<\/strong> Ma\u00dfgeschneiderte und personalisierte <a href=\"https:\/\/comfort-works.com\/de-de\/collections\/ikea-karlstad-slipcovers\">Karlstad Sofabez\u00fcge<\/a> k\u00f6nnen bei <a href=\"https:\/\/comfort-works.com\/de-de\n\">Comfort Works<\/a> nachgekauft werden.<\/p>\n<p><strong>Ma\u00dfe:<\/strong><\/p>\n<ul>\n<li><span style=\"font-size: 1em; line-height: 1.5em;\">Karlstad Sessel, KLEIN Breite &#8211; 69cm;\u00a0 Tiefe &#8211; 87cm;\u00a0 H\u00f6he &#8211; 80cm.<\/span><\/li>\n<li><span style=\"font-size: 1em; line-height: 1.5em;\">Karlstad Sessel Breite &#8211; 91cm;\u00a0 \u00a0Tiefe &#8211; 93cm;\u00a0 H\u00f6he &#8211; 80cm.<\/span><\/li>\n<li><span style=\"font-size: 1em; line-height: 1.5em;\">Karlstad R\u00e9camiere Breite &#8211; 74cm; Tiefe &#8211; 137cm; H\u00f6he &#8211; 80cm.<\/span><\/li>\n<li><span style=\"font-size: 1em; line-height: 1.5em;\">Karlstad Hocker Breite &#8211; 81cm; Tiefe &#8211; 63cm; H\u00f6he &#8211; 46cm.<\/span><\/li>\n<li><span style=\"font-size: 1em; line-height: 1.5em;\">Karlstad Schlafsofa Breite &#8211; 223cm;\u00a0 Tiefe &#8211; 90cm; H\u00f6he &#8211; 80cm.<\/span><\/li>\n<li><span style=\"font-size: 1em; line-height: 1.5em;\">Karlstad 2er Sofa Breite &#8211; 162cm; Tiefe &#8211; 88cm; H\u00f6he &#8211; 80cm.<\/span><\/li>\n<li><span style=\"font-size: 1em; line-height: 1.5em;\">Karlstad 3er Sofa Breite &#8211; 202cm; Tiefe &#8211; 86cm; H\u00f6he &#8211; 80cm.<\/span><\/li>\n<\/ul>\n<p><span style=\"font-weight: 400;\"><strong>Vorteile:<\/strong> Gut aussehend, robust und komfortabel.<\/span><\/p>\n<p><span style=\"font-weight: 400;\"><strong>Nachteile:<\/strong> Die Sofabeine sehen leider nicht gut aus, jedoch k\u00f6nnen diese einfach ausgetauscht werden.<\/span><\/p>\n<p>&nbsp;<\/p>\n<h2>ANLEITUNGEN<\/h2>\n<p>M\u00f6chtest du wissen, wie du ein Karlstad Sofa zusammenbauen sollst?<\/p>\n<p>Klicke auf dein Model, um die Bedienungsanleitung herunterzuladen:<\/p>\n<ul>\n<li><a href=\"https:\/\/comfort-works.com\/news\/wp-content\/uploads\/2011\/04\/K20125909.pdf\">IKEA Karlstad Schlafsofa<\/a><\/li>\n<li><a href=\"https:\/\/comfort-works.com\/news\/wp-content\/uploads\/2011\/04\/K20125914.pdf\">IKEA Karlstad Sessel, 2er und 3er Sofa<\/a><\/li>\n<li><a href=\"https:\/\/comfort-works.com\/news\/wp-content\/uploads\/2011\/04\/Karlstad-coner-sofa-comfortworks.pdf\">IKEA Karlstad Ecksofa 2+3\/3+2<\/a><\/li>\n<li><a href=\"https:\/\/comfort-works.com\/news\/wp-content\/uploads\/2011\/04\/IKEA-Karlstad-Chaise-Lounge-add-on-unit.pdf\">IKEA Karlstad\u00a0<span style=\"font-size: 1em; line-height: 1.5em;\">R\u00e9camiere<\/span><\/a><\/li>\n<li><a href=\"https:\/\/comfort-works.com\/news\/wp-content\/uploads\/2011\/04\/IKEA-Karlstad-Footstool-.pdf\">IKEA Karlstad Hocker<\/a><\/li>\n<li><a href=\"https:\/\/blog.comfort-works.com\/wp-content\/uploads\/2011\/04\/IKEA-Karlstad-Armchair.pdf\">IKEA Karlstad Sessel<\/a><\/li>\n<\/ul>\n<p>&nbsp;<\/p>\n<h2>UNSERE BEWERTUNG<\/h2>\n<p><span style=\"font-weight: 400;\">Das minimalistische Sofa im Retro-Look wurde 2008 eingef\u00fchrt, um die Karlanda Kollektion zu ersetzen. Das Sofa kann mit Vintage-Sofabeinen und Knopfheftung noch skandinavischer aussehen und dementsprechend kann es problemlos leicht ver\u00e4ndert werden. <\/span><\/p>\n<p><img loading=\"lazy\" decoding=\"async\" class=\"alignnone\" title=\"Custom Karlsatd slipcover \" src=\"http:\/\/2.bp.blogspot.com\/_19BDRJMYBd4\/TNGFQZ9e8EI\/AAAAAAAAFTI\/dxMyK9nMU0c\/s640\/DSC_0048.JPG\" alt=\"\" width=\"640\" height=\"425\" \/><\/p>\n<p style=\"text-align: center;\"><span style=\"font-weight: 400;\">Entwerfe deinen<a href=\"https:\/\/comfort-works.com\/de-de\/collections\/ikea-karlstad-slipcovers\"> Karlstad Sofa Bezug<\/a> schon heute!<\/span><\/p>\n<p>&nbsp;<\/p>\n<h2>Mehr Informationen<\/h2>\n<p>OurMidCentury &#8211;\u00a0<span style=\"font-weight: 400;\">Tipps und Kostenaufschl\u00fcsselung \u00fcber Knopfheftung f\u00fcr das Karlstad Sofa<\/span><\/p>\n<p>APARTMENT THERAPY &#8211; Meinungen und Bewertungen \u00fcber das Karlstad Sofa.<\/p>\n<p><a href=\"http:\/\/www.dooyoo.co.uk\/home-furniture\/ikea-karlstad-sofa\/\">dooyoo.co.uk<\/a> &#8211; Einige Benutzererfahrungen des Karlstad Sofas.<\/p>\n<p><a href=\"http:\/\/www.younghouselove.com\/2011\/01\/sectional-hunting\/\">Young House Love<\/a> &#8211; <span style=\"font-weight: 400;\">Eine Rezension der sch\u00f6nsten Ecksofas.<\/span><\/p>\n<p><a href=\"http:\/\/www.ikeahackers.net\/2012\/04\/box-o-karlstad.html\">IKEA Hackers<\/a> &#8211;\u00a0<span style=\"font-weight: 400;\">So kannst du dein Karlstad Sofa von deinen Haustieren mit der &#8222;Box-in&#8220;-Methode sch\u00fctzen.<\/span><\/p>\n<p><a href=\"http:\/\/www.productreview.com.au\/p\/ikea-karlstad.html\">Productreview.com.au<\/a> &#8211; Bewertungen des IKEA Karlstad Sofas.<\/p>\n","protected":false},"excerpt":{"rendered":"<p>[sg_popup id=&#8220;3&#8243; event=&#8220;onload&#8220;][\/sg_popup] Ultimative Tipps und Informationen \u00fcber die IKEA Karlstad Sofa Serie \u2013 Ma\u00dfe, Bewertungen, Bez\u00fcge, Anleitungen und mehr. Vielleicht suchst du nach dem perfekten Sofa und brauchst ein wenig Hilfe? Oder hast du dich bereits f\u00fcr das Karlstad Sofa entschieden, eins auf Ebay gefunden und jetzt ben\u00f6tigst du weitere Informationen \u00fcber das Modell? [&hellip;]<\/p>\n","protected":false},"author":1,"featured_media":75294,"parent":0,"menu_order":0,"comment_status":"open","ping_status":"closed","template":"","meta":{"_acf_changed":false,"footnotes":""},"class_list":["post-30147","page","type-page","status-publish","has-post-thumbnail","hentry"],"acf":[],"yoast_head":"<!-- This site is optimized with the Yoast SEO Premium plugin v25.1 (Yoast SEO v25.1) - https:\/\/yoast.com\/wordpress\/plugins\/seo\/ -->\n<title>Anleitung f\u00fcr das IKEA Karlstad Sofa<\/title>\n<meta name=\"description\" content=\"Ultimative Tipps und Informationen \u00fcber die IKEA Karlstad Sofa Serie \u2013 Ma\u00dfe, Bewertungen, Bez\u00fcge, Anleitungen und mehr.\" \/>\n<meta name=\"robots\" content=\"index, follow, max-snippet:-1, max-image-preview:large, max-video-preview:-1\" \/>\n<link rel=\"canonical\" href=\"https:\/\/blog.comfort-works.com\/de\/anleitung-fur-das-ikea-karlstad-sofa\/\" \/>\n<meta property=\"og:locale\" content=\"de_DE\" \/>\n<meta property=\"og:type\" content=\"article\" \/>\n<meta property=\"og:title\" content=\"Anleitung f\u00fcr das IKEA Karlstad Sofa\" \/>\n<meta property=\"og:description\" content=\"Ultimative Tipps und Informationen \u00fcber die IKEA Karlstad Sofa Serie \u2013 Ma\u00dfe, Bewertungen, Bez\u00fcge, Anleitungen und mehr.\" \/>\n<meta property=\"og:url\" content=\"https:\/\/blog.comfort-works.com\/de\/anleitung-fur-das-ikea-karlstad-sofa\/\" \/>\n<meta property=\"og:site_name\" content=\"Comfort Works Blog &amp; Design Inspirationen\" \/>\n<meta property=\"article:publisher\" content=\"https:\/\/www.facebook.com\/comfortworkscovers\" \/>\n<meta property=\"article:modified_time\" content=\"2024-01-29T08:25:08+00:00\" \/>\n<meta property=\"og:image\" content=\"https:\/\/blog-v3.comfort-works.com\/wp-content\/uploads\/2021\/06\/IKEA-karlstad-information-guide.jpg\" \/>\n\t<meta property=\"og:image:width\" content=\"940\" \/>\n\t<meta property=\"og:image:height\" content=\"534\" \/>\n\t<meta property=\"og:image:type\" content=\"image\/jpeg\" \/>\n<meta name=\"twitter:card\" content=\"summary_large_image\" \/>\n<meta name=\"twitter:site\" content=\"@comfortworks\" \/>\n<meta name=\"twitter:label1\" content=\"Gesch\u00e4tzte Lesezeit\" \/>\n\t<meta name=\"twitter:data1\" content=\"2\u00a0Minuten\" \/>\n<script type=\"application\/ld+json\" class=\"yoast-schema-graph\">{\"@context\":\"https:\/\/schema.org\",\"@graph\":[{\"@type\":\"WebPage\",\"@id\":\"https:\/\/blog.comfort-works.com\/de\/anleitung-fur-das-ikea-karlstad-sofa\/\",\"url\":\"https:\/\/blog.comfort-works.com\/de\/anleitung-fur-das-ikea-karlstad-sofa\/\",\"name\":\"Anleitung f\u00fcr das IKEA Karlstad Sofa\",\"isPartOf\":{\"@id\":\"https:\/\/blog.comfort-works.com\/#website\"},\"primaryImageOfPage\":{\"@id\":\"https:\/\/blog.comfort-works.com\/de\/anleitung-fur-das-ikea-karlstad-sofa\/#primaryimage\"},\"image\":{\"@id\":\"https:\/\/blog.comfort-works.com\/de\/anleitung-fur-das-ikea-karlstad-sofa\/#primaryimage\"},\"thumbnailUrl\":\"https:\/\/blog.comfort-works.com\/wp-content\/uploads\/2021\/06\/IKEA-karlstad-information-guide.jpg\",\"datePublished\":\"2018-07-05T03:38:52+00:00\",\"dateModified\":\"2024-01-29T08:25:08+00:00\",\"description\":\"Ultimative Tipps und Informationen \u00fcber die IKEA Karlstad Sofa Serie \u2013 Ma\u00dfe, Bewertungen, Bez\u00fcge, Anleitungen und mehr.\",\"inLanguage\":\"de\",\"potentialAction\":[{\"@type\":\"ReadAction\",\"target\":[\"https:\/\/blog.comfort-works.com\/de\/anleitung-fur-das-ikea-karlstad-sofa\/\"]}]},{\"@type\":\"ImageObject\",\"inLanguage\":\"de\",\"@id\":\"https:\/\/blog.comfort-works.com\/de\/anleitung-fur-das-ikea-karlstad-sofa\/#primaryimage\",\"url\":\"https:\/\/blog.comfort-works.com\/wp-content\/uploads\/2021\/06\/IKEA-karlstad-information-guide.jpg\",\"contentUrl\":\"https:\/\/blog.comfort-works.com\/wp-content\/uploads\/2021\/06\/IKEA-karlstad-information-guide.jpg\",\"width\":940,\"height\":534},{\"@type\":\"WebSite\",\"@id\":\"https:\/\/blog.comfort-works.com\/#website\",\"url\":\"https:\/\/blog.comfort-works.com\/\",\"name\":\"Finding Comfort\",\"description\":\"Alles \u00fcber sch\u00f6ner Wohnen und Leben\",\"publisher\":{\"@id\":\"https:\/\/blog.comfort-works.com\/#organization\"},\"potentialAction\":[{\"@type\":\"SearchAction\",\"target\":{\"@type\":\"EntryPoint\",\"urlTemplate\":\"https:\/\/blog.comfort-works.com\/?s={search_term_string}\"},\"query-input\":{\"@type\":\"PropertyValueSpecification\",\"valueRequired\":true,\"valueName\":\"search_term_string\"}}],\"inLanguage\":\"de\"},{\"@type\":\"Organization\",\"@id\":\"https:\/\/blog.comfort-works.com\/#organization\",\"name\":\"Comfort Works\",\"url\":\"https:\/\/blog.comfort-works.com\/\",\"logo\":{\"@type\":\"ImageObject\",\"inLanguage\":\"de\",\"@id\":\"https:\/\/blog.comfort-works.com\/#\/schema\/logo\/image\/\",\"url\":\"https:\/\/blog.comfort-works.com\/wp-content\/uploads\/2025\/06\/Frame-31.png\",\"contentUrl\":\"https:\/\/blog.comfort-works.com\/wp-content\/uploads\/2025\/06\/Frame-31.png\",\"width\":1200,\"height\":675,\"caption\":\"Comfort Works\"},\"image\":{\"@id\":\"https:\/\/blog.comfort-works.com\/#\/schema\/logo\/image\/\"},\"sameAs\":[\"https:\/\/www.facebook.com\/comfortworkscovers\",\"https:\/\/x.com\/comfortworks\",\"https:\/\/www.instagram.com\/comfortworks\/\",\"https:\/\/www.pinterest.com\/comfortworks\/\",\"https:\/\/www.youtube.com\/channel\/UCiY0z-GqZUzfeBwrAhT2kAg\"]}]}<\/script>\n<!-- \/ Yoast SEO Premium plugin. -->","yoast_head_json":{"title":"Anleitung f\u00fcr das IKEA Karlstad Sofa","description":"Ultimative Tipps und Informationen \u00fcber die IKEA Karlstad Sofa Serie \u2013 Ma\u00dfe, Bewertungen, Bez\u00fcge, Anleitungen und mehr.","robots":{"index":"index","follow":"follow","max-snippet":"max-snippet:-1","max-image-preview":"max-image-preview:large","max-video-preview":"max-video-preview:-1"},"canonical":"https:\/\/blog.comfort-works.com\/de\/anleitung-fur-das-ikea-karlstad-sofa\/","og_locale":"de_DE","og_type":"article","og_title":"Anleitung f\u00fcr das IKEA Karlstad Sofa","og_description":"Ultimative Tipps und Informationen \u00fcber die IKEA Karlstad Sofa Serie \u2013 Ma\u00dfe, Bewertungen, Bez\u00fcge, Anleitungen und mehr.","og_url":"https:\/\/blog.comfort-works.com\/de\/anleitung-fur-das-ikea-karlstad-sofa\/","og_site_name":"Comfort Works Blog &amp; Design Inspirationen","article_publisher":"https:\/\/www.facebook.com\/comfortworkscovers","article_modified_time":"2024-01-29T08:25:08+00:00","og_image":[{"width":940,"height":534,"url":"https:\/\/blog-v3.comfort-works.com\/wp-content\/uploads\/2021\/06\/IKEA-karlstad-information-guide.jpg","type":"image\/jpeg"}],"twitter_card":"summary_large_image","twitter_site":"@comfortworks","twitter_misc":{"Gesch\u00e4tzte Lesezeit":"2\u00a0Minuten"},"schema":{"@context":"https:\/\/schema.org","@graph":[{"@type":"WebPage","@id":"https:\/\/blog.comfort-works.com\/de\/anleitung-fur-das-ikea-karlstad-sofa\/","url":"https:\/\/blog.comfort-works.com\/de\/anleitung-fur-das-ikea-karlstad-sofa\/","name":"Anleitung f\u00fcr das IKEA Karlstad Sofa","isPartOf":{"@id":"https:\/\/blog.comfort-works.com\/#website"},"primaryImageOfPage":{"@id":"https:\/\/blog.comfort-works.com\/de\/anleitung-fur-das-ikea-karlstad-sofa\/#primaryimage"},"image":{"@id":"https:\/\/blog.comfort-works.com\/de\/anleitung-fur-das-ikea-karlstad-sofa\/#primaryimage"},"thumbnailUrl":"https:\/\/blog.comfort-works.com\/wp-content\/uploads\/2021\/06\/IKEA-karlstad-information-guide.jpg","datePublished":"2018-07-05T03:38:52+00:00","dateModified":"2024-01-29T08:25:08+00:00","description":"Ultimative Tipps und Informationen \u00fcber die IKEA Karlstad Sofa Serie \u2013 Ma\u00dfe, Bewertungen, Bez\u00fcge, Anleitungen und mehr.","inLanguage":"de","potentialAction":[{"@type":"ReadAction","target":["https:\/\/blog.comfort-works.com\/de\/anleitung-fur-das-ikea-karlstad-sofa\/"]}]},{"@type":"ImageObject","inLanguage":"de","@id":"https:\/\/blog.comfort-works.com\/de\/anleitung-fur-das-ikea-karlstad-sofa\/#primaryimage","url":"https:\/\/blog.comfort-works.com\/wp-content\/uploads\/2021\/06\/IKEA-karlstad-information-guide.jpg","contentUrl":"https:\/\/blog.comfort-works.com\/wp-content\/uploads\/2021\/06\/IKEA-karlstad-information-guide.jpg","width":940,"height":534},{"@type":"WebSite","@id":"https:\/\/blog.comfort-works.com\/#website","url":"https:\/\/blog.comfort-works.com\/","name":"Finding Comfort","description":"Alles \u00fcber sch\u00f6ner Wohnen und Leben","publisher":{"@id":"https:\/\/blog.comfort-works.com\/#organization"},"potentialAction":[{"@type":"SearchAction","target":{"@type":"EntryPoint","urlTemplate":"https:\/\/blog.comfort-works.com\/?s={search_term_string}"},"query-input":{"@type":"PropertyValueSpecification","valueRequired":true,"valueName":"search_term_string"}}],"inLanguage":"de"},{"@type":"Organization","@id":"https:\/\/blog.comfort-works.com\/#organization","name":"Comfort Works","url":"https:\/\/blog.comfort-works.com\/","logo":{"@type":"ImageObject","inLanguage":"de","@id":"https:\/\/blog.comfort-works.com\/#\/schema\/logo\/image\/","url":"https:\/\/blog.comfort-works.com\/wp-content\/uploads\/2025\/06\/Frame-31.png","contentUrl":"https:\/\/blog.comfort-works.com\/wp-content\/uploads\/2025\/06\/Frame-31.png","width":1200,"height":675,"caption":"Comfort Works"},"image":{"@id":"https:\/\/blog.comfort-works.com\/#\/schema\/logo\/image\/"},"sameAs":["https:\/\/www.facebook.com\/comfortworkscovers","https:\/\/x.com\/comfortworks","https:\/\/www.instagram.com\/comfortworks\/","https:\/\/www.pinterest.com\/comfortworks\/","https:\/\/www.youtube.com\/channel\/UCiY0z-GqZUzfeBwrAhT2kAg"]}]}},"_links":{"self":[{"href":"https:\/\/blog.comfort-works.com\/de\/wp-json\/wp\/v2\/pages\/30147","targetHints":{"allow":["GET"]}}],"collection":[{"href":"https:\/\/blog.comfort-works.com\/de\/wp-json\/wp\/v2\/pages"}],"about":[{"href":"https:\/\/blog.comfort-works.com\/de\/wp-json\/wp\/v2\/types\/page"}],"author":[{"embeddable":true,"href":"https:\/\/blog.comfort-works.com\/de\/wp-json\/wp\/v2\/users\/1"}],"replies":[{"embeddable":true,"href":"https:\/\/blog.comfort-works.com\/de\/wp-json\/wp\/v2\/comments?post=30147"}],"version-history":[{"count":10,"href":"https:\/\/blog.comfort-works.com\/de\/wp-json\/wp\/v2\/pages\/30147\/revisions"}],"predecessor-version":[{"id":113387,"href":"https:\/\/blog.comfort-works.com\/de\/wp-json\/wp\/v2\/pages\/30147\/revisions\/113387"}],"wp:featuredmedia":[{"embeddable":true,"href":"https:\/\/blog.comfort-works.com\/de\/wp-json\/wp\/v2\/media\/75294"}],"wp:attachment":[{"href":"https:\/\/blog.comfort-works.com\/de\/wp-json\/wp\/v2\/media?parent=30147"}],"curies":[{"name":"wp","href":"https:\/\/api.w.org\/{rel}","templated":true}]}}