{"id":30205,"date":"2018-07-05T14:50:24","date_gmt":"2018-07-05T06:50:24","guid":{"rendered":"https:\/\/www.comfort-works.com\/news\/anleitung-fur-das-ikea-klippan-sofa\/"},"modified":"2024-01-16T13:45:16","modified_gmt":"2024-01-16T05:45:16","slug":"anleitung-fur-das-ikea-klippan-sofa","status":"publish","type":"page","link":"https:\/\/blog.comfort-works.com\/de\/anleitung-fur-das-ikea-klippan-sofa\/","title":{"rendered":"Anleitung f\u00fcr das IKEA Klippan Sofa"},"content":{"rendered":"<p>[sg_popup id=&#8220;3&#8243; event=&#8220;onload&#8220;][\/sg_popup]Ultimative Tipps und Informationen \u00fcber die IKEA Klippan Sofa Serie \u2013 Ma\u00dfe, Bewertungen, Bez\u00fcge, Anleitungen und mehr.<\/p>\n<p>Vielleicht suchst du nach dem perfekten Sofa und brauchst ein wenig Hilfe? Oder hast du dich bereits f\u00fcr das Klippan Sofa entschieden, eins auf Ebay gefunden und jetzt ben\u00f6tigst du weitere Informationen \u00fcber das Modell? Es k\u00f6nnte sein, dass du schon das Sofa hast, aber jemand hat darauf Kaffee versch\u00fcttet oder deine Schwiegereltern kommen nach langer Zeit zu besuch. Keine Sorgen, wir sind f\u00fcr jede Situation vorbereitet.<\/p>\n<p>Wenn du weitere Fragen wegen der Serie hast, kontaktiere uns am besten unter\u00a0<a style=\"font-size: 1em;\" href=\"mailto:info@comfortworks.com.au\">info@comfortworks.com.au<\/a><span style=\"font-size: 1em;\">.<\/span><\/p>\n<p><a href=\"https:\/\/www.comfort-works.com\/news\/wp-content\/uploads\/2011\/10\/comfort-works-klippan-in-kino-red.jpg\"><img loading=\"lazy\" decoding=\"async\" class=\"alignnone size-full wp-image-3747\" src=\"https:\/\/www.comfort-works.com\/news\/wp-content\/uploads\/2011\/10\/comfort-works-klippan-in-kino-red.jpg\" alt=\"comfort-works-klippan-in-kino-red\" width=\"512\" height=\"360\" srcset=\"https:\/\/blog.comfort-works.com\/wp-content\/uploads\/2011\/10\/comfort-works-klippan-in-kino-red.jpg 512w, https:\/\/blog.comfort-works.com\/wp-content\/uploads\/2011\/10\/comfort-works-klippan-in-kino-red-300x211.jpg 300w\" sizes=\"auto, (max-width: 512px) 100vw, 512px\" \/><\/a><\/p>\n<h2>SCHNELLER CHECK<\/h2>\n<p>Das 2er Sofa ist noch bei IKEA erh\u00e4ltlich, wobei das Klippan 4er Sofa leider eingestellt wurde.<\/p>\n<p><strong>Sofabez\u00fcge:<\/strong>\u00a0Ma\u00dfgeschneiderte und personalisierte\u00a0<a href=\"https:\/\/comfort-works.com\/de-de\/collections\/ikea-klippan-slipcovers\n\">Klippan Sofabez\u00fcge<\/a>\u00a0k\u00f6nnen bei\u00a0<a href=\"https:\/\/comfort-works.com\/de-de\n\">Comfort Works<\/a>\u00a0nachgekauft werden.<\/p>\n<p><span style=\"font-weight: 400;\"><strong>Vorteile:<\/strong> Modern und minimalistisch, aber auch stilvoll.<\/span><\/p>\n<p><span style=\"font-weight: 400;\"><strong>Nachteile:<\/strong> Leider ist das Sofa nicht so bequem und das aufgrund der niedrigen R\u00fcckenlehne.<\/span><\/p>\n<p><strong>Ma\u00dfe:<\/strong><\/p>\n<ul>\n<li>Klippan Hocker: Breite &#8211; 53;\u00a0 Tiefe &#8211; 53;\u00a0 H\u00f6he &#8211; 32;<\/li>\n<li>Klippan 2er-Sofa: Breite &#8211; 176; Tiefe &#8211; 85; H\u00f6he &#8211; 58;<\/li>\n<li>Klippan 4er -Sofa: Breite &#8211; 246; Tiefe &#8211; 86; H\u00f6he &#8211; 58.<\/li>\n<\/ul>\n<h2>ANLEITUNGEN<\/h2>\n<p>M\u00f6chtest du wissen, wie du ein Klippan Sofa zusammenbauen sollst? Klicke auf dein Model, um die Bedienungsanleitung herunterzuladen:<\/p>\n<ul>\n<li><a href=\"https:\/\/www.comfort-works.com\/news\/wp-content\/uploads\/2013\/06\/Klippan-4-Instruction-Manual.pdf\">Klippan 4er Sofa\u00a0<\/a><\/li>\n<li><a href=\"https:\/\/www.comfort-works.com\/news\/wp-content\/uploads\/2013\/06\/Klippan-4-Sofa-cover-manual.pdf\">Klippan 4er Sofabezug<\/a><\/li>\n<li><a href=\"https:\/\/www.comfort-works.com\/news\/wp-content\/uploads\/2013\/06\/Klippan-Loveseat-frame-manual.pdf\">Klippan 2er Sofa<\/a><\/li>\n<li><a href=\"https:\/\/www.comfort-works.com\/news\/wp-content\/uploads\/2013\/06\/Klippan-Loveseat-cover.pdf\">Klippan 2er Sofabezug<\/a><\/li>\n<li><a href=\"https:\/\/www.comfort-works.com\/news\/wp-content\/uploads\/2013\/06\/Klippan-footstool-manual.pdf\">Klippan Hocker<\/a><\/li>\n<\/ul>\n<h2>UNSERE BEWERTUNG<\/h2>\n<p><span style=\"font-weight: 400;\">Mit \u00fcber 30 Jahren Pers\u00f6nlichkeit hat das Klippan Sofa erwiesen, dass es Stil hat, besonders wenn es einen <a href=\"\/news?p=2124\">ma\u00dfgeschneiderten Lederbezug<\/a> an hat. Es ist vielleicht nicht das bequemste Sofa, aber f\u00fcr den Preis ist es auch perfekt f\u00fcr Studenten.<\/span><\/p>\n<p>Entwerfe schon heute deinen individuellen <a href=\"https:\/\/comfort-works.com\/de-de\/collections\/ikea-klippan-slipcovers\n\">Klippan Sofabezug<\/a>.<\/p>\n<p><a href=\"https:\/\/www.comfort-works.com\/news\/wp-content\/uploads\/2013\/10\/Klippan-Linen-slipcovers.jpg\"><\/a><\/p>\n<p><span style=\"font-weight: 400;\">Alternativ kannst du auch eine nat\u00fcrliche Farbe und Stoff w\u00e4hlen. Bestelle hier einen <a href=\"https:\/\/comfort-works.com\/de-de\/klippan-sofabezug\/klippan-2er-sofabezug-275\/?LSKT_SP,F220-03\">bodenlangen Leinen Klippan Sofabezug<\/a>.<\/span><\/p>\n<h2>Mehr Informationen<\/h2>\n<p><a href=\"http:\/\/www.productreview.com.au\/p\/ikea-klippan.html\">ProductReview.com.au<\/a> &#8211; Nutzerbewertungen und Meinungen zum Klippan Sofa.<\/p>\n<p>APARTMENT THERAPY &#8211; <span style=\"font-weight: 400;\">30 Jahre Geschichte des Klippan Sofas; 200 \u00c4nderungen.<\/span><\/p>\n<p>Craftster.org &#8211; Diskussion \u00fcber das Klippan Modell.<\/p>\n<p><a href=\"http:\/\/www.dooyoo.co.uk\/home-furniture\/ikea-klippan-two-seater-sofa\/\">dooyoo.co.uk<\/a> &#8211; Klippan 2er Sofa Rezensionen.<\/p>\n<p><a href=\"http:\/\/www.ikeahackers.net\/2011\/02\/spice-it-up-klippan-sofa.html\">IKEA Hackers<\/a> &#8211;\u00a0<span style=\"font-weight: 400;\">Erfahre, wie du dein Klippan Sofa einfach aufpeppen kannst.<\/span><\/p>\n<p><a href=\"\/news?p=5149\" target=\"_blank\" rel=\"noopener noreferrer\">Beziehe die Lederversion des Klippan<\/a> &#8211;\u00a0<span style=\"font-weight: 400;\">Hast du ein Klippan Ledersofa, das du reparieren musst? Lese diesen Beitrag, um mehr \u00fcber die Reparaturm\u00f6glichkeiten zu erfahren.<\/span><\/p>\n","protected":false},"excerpt":{"rendered":"<p>[sg_popup id=&#8220;3&#8243; event=&#8220;onload&#8220;][\/sg_popup]Ultimative Tipps und Informationen \u00fcber die IKEA Klippan Sofa Serie \u2013 Ma\u00dfe, Bewertungen, Bez\u00fcge, Anleitungen und mehr. Vielleicht suchst du nach dem perfekten Sofa und brauchst ein wenig Hilfe? Oder hast du dich bereits f\u00fcr das Klippan Sofa entschieden, eins auf Ebay gefunden und jetzt ben\u00f6tigst du weitere Informationen \u00fcber das Modell? Es [&hellip;]<\/p>\n","protected":false},"author":1,"featured_media":75342,"parent":0,"menu_order":0,"comment_status":"open","ping_status":"closed","template":"","meta":{"_acf_changed":false,"footnotes":""},"class_list":["post-30205","page","type-page","status-publish","has-post-thumbnail","hentry"],"acf":[],"yoast_head":"<!-- This site is optimized with the Yoast SEO Premium plugin v25.1 (Yoast SEO v25.1) - https:\/\/yoast.com\/wordpress\/plugins\/seo\/ -->\n<title>Anleitung f\u00fcr das IKEA Klippan Sofa<\/title>\n<meta name=\"description\" content=\"Ultimative Tipps und Informationen \u00fcber die IKEA Klippan Sofa Serie \u2013 Ma\u00dfe, Bewertungen, Bez\u00fcge, Anleitungen und mehr.\" \/>\n<meta name=\"robots\" content=\"index, follow, max-snippet:-1, max-image-preview:large, max-video-preview:-1\" \/>\n<link rel=\"canonical\" href=\"https:\/\/blog.comfort-works.com\/de\/anleitung-fur-das-ikea-klippan-sofa\/\" \/>\n<meta property=\"og:locale\" content=\"de_DE\" \/>\n<meta property=\"og:type\" content=\"article\" \/>\n<meta property=\"og:title\" content=\"Anleitung f\u00fcr das IKEA Klippan Sofa\" \/>\n<meta property=\"og:description\" content=\"Ultimative Tipps und Informationen \u00fcber die IKEA Klippan Sofa Serie \u2013 Ma\u00dfe, Bewertungen, Bez\u00fcge, Anleitungen und mehr.\" \/>\n<meta property=\"og:url\" content=\"https:\/\/blog.comfort-works.com\/de\/anleitung-fur-das-ikea-klippan-sofa\/\" \/>\n<meta property=\"og:site_name\" content=\"Comfort Works Blog &amp; Design Inspirationen\" \/>\n<meta property=\"article:publisher\" content=\"https:\/\/www.facebook.com\/comfortworkscovers\" \/>\n<meta property=\"article:modified_time\" content=\"2024-01-16T05:45:16+00:00\" \/>\n<meta property=\"og:image\" content=\"https:\/\/blog-v3.comfort-works.com\/wp-content\/uploads\/2021\/06\/klippan-information-guide.jpg\" \/>\n\t<meta property=\"og:image:width\" content=\"940\" \/>\n\t<meta property=\"og:image:height\" content=\"534\" \/>\n\t<meta property=\"og:image:type\" content=\"image\/jpeg\" \/>\n<meta name=\"twitter:card\" content=\"summary_large_image\" \/>\n<meta name=\"twitter:site\" content=\"@comfortworks\" \/>\n<meta name=\"twitter:label1\" content=\"Gesch\u00e4tzte Lesezeit\" \/>\n\t<meta name=\"twitter:data1\" content=\"2\u00a0Minuten\" \/>\n<script type=\"application\/ld+json\" class=\"yoast-schema-graph\">{\"@context\":\"https:\/\/schema.org\",\"@graph\":[{\"@type\":\"WebPage\",\"@id\":\"https:\/\/blog.comfort-works.com\/de\/anleitung-fur-das-ikea-klippan-sofa\/\",\"url\":\"https:\/\/blog.comfort-works.com\/de\/anleitung-fur-das-ikea-klippan-sofa\/\",\"name\":\"Anleitung f\u00fcr das IKEA Klippan Sofa\",\"isPartOf\":{\"@id\":\"https:\/\/blog.comfort-works.com\/#website\"},\"primaryImageOfPage\":{\"@id\":\"https:\/\/blog.comfort-works.com\/de\/anleitung-fur-das-ikea-klippan-sofa\/#primaryimage\"},\"image\":{\"@id\":\"https:\/\/blog.comfort-works.com\/de\/anleitung-fur-das-ikea-klippan-sofa\/#primaryimage\"},\"thumbnailUrl\":\"https:\/\/blog.comfort-works.com\/wp-content\/uploads\/2021\/06\/klippan-information-guide.jpg\",\"datePublished\":\"2018-07-05T06:50:24+00:00\",\"dateModified\":\"2024-01-16T05:45:16+00:00\",\"description\":\"Ultimative Tipps und Informationen \u00fcber die IKEA Klippan Sofa Serie \u2013 Ma\u00dfe, Bewertungen, Bez\u00fcge, Anleitungen und mehr.\",\"inLanguage\":\"de\",\"potentialAction\":[{\"@type\":\"ReadAction\",\"target\":[\"https:\/\/blog.comfort-works.com\/de\/anleitung-fur-das-ikea-klippan-sofa\/\"]}]},{\"@type\":\"ImageObject\",\"inLanguage\":\"de\",\"@id\":\"https:\/\/blog.comfort-works.com\/de\/anleitung-fur-das-ikea-klippan-sofa\/#primaryimage\",\"url\":\"https:\/\/blog.comfort-works.com\/wp-content\/uploads\/2021\/06\/klippan-information-guide.jpg\",\"contentUrl\":\"https:\/\/blog.comfort-works.com\/wp-content\/uploads\/2021\/06\/klippan-information-guide.jpg\",\"width\":940,\"height\":534},{\"@type\":\"WebSite\",\"@id\":\"https:\/\/blog.comfort-works.com\/#website\",\"url\":\"https:\/\/blog.comfort-works.com\/\",\"name\":\"Finding Comfort\",\"description\":\"Alles \u00fcber sch\u00f6ner Wohnen und Leben\",\"publisher\":{\"@id\":\"https:\/\/blog.comfort-works.com\/#organization\"},\"potentialAction\":[{\"@type\":\"SearchAction\",\"target\":{\"@type\":\"EntryPoint\",\"urlTemplate\":\"https:\/\/blog.comfort-works.com\/?s={search_term_string}\"},\"query-input\":{\"@type\":\"PropertyValueSpecification\",\"valueRequired\":true,\"valueName\":\"search_term_string\"}}],\"inLanguage\":\"de\"},{\"@type\":\"Organization\",\"@id\":\"https:\/\/blog.comfort-works.com\/#organization\",\"name\":\"Comfort Works\",\"url\":\"https:\/\/blog.comfort-works.com\/\",\"logo\":{\"@type\":\"ImageObject\",\"inLanguage\":\"de\",\"@id\":\"https:\/\/blog.comfort-works.com\/#\/schema\/logo\/image\/\",\"url\":\"https:\/\/blog.comfort-works.com\/wp-content\/uploads\/2025\/06\/Frame-31.png\",\"contentUrl\":\"https:\/\/blog.comfort-works.com\/wp-content\/uploads\/2025\/06\/Frame-31.png\",\"width\":1200,\"height\":675,\"caption\":\"Comfort Works\"},\"image\":{\"@id\":\"https:\/\/blog.comfort-works.com\/#\/schema\/logo\/image\/\"},\"sameAs\":[\"https:\/\/www.facebook.com\/comfortworkscovers\",\"https:\/\/x.com\/comfortworks\",\"https:\/\/www.instagram.com\/comfortworks\/\",\"https:\/\/www.pinterest.com\/comfortworks\/\",\"https:\/\/www.youtube.com\/channel\/UCiY0z-GqZUzfeBwrAhT2kAg\"]}]}<\/script>\n<!-- \/ Yoast SEO Premium plugin. -->","yoast_head_json":{"title":"Anleitung f\u00fcr das IKEA Klippan Sofa","description":"Ultimative Tipps und Informationen \u00fcber die IKEA Klippan Sofa Serie \u2013 Ma\u00dfe, Bewertungen, Bez\u00fcge, Anleitungen und mehr.","robots":{"index":"index","follow":"follow","max-snippet":"max-snippet:-1","max-image-preview":"max-image-preview:large","max-video-preview":"max-video-preview:-1"},"canonical":"https:\/\/blog.comfort-works.com\/de\/anleitung-fur-das-ikea-klippan-sofa\/","og_locale":"de_DE","og_type":"article","og_title":"Anleitung f\u00fcr das IKEA Klippan Sofa","og_description":"Ultimative Tipps und Informationen \u00fcber die IKEA Klippan Sofa Serie \u2013 Ma\u00dfe, Bewertungen, Bez\u00fcge, Anleitungen und mehr.","og_url":"https:\/\/blog.comfort-works.com\/de\/anleitung-fur-das-ikea-klippan-sofa\/","og_site_name":"Comfort Works Blog &amp; Design Inspirationen","article_publisher":"https:\/\/www.facebook.com\/comfortworkscovers","article_modified_time":"2024-01-16T05:45:16+00:00","og_image":[{"width":940,"height":534,"url":"https:\/\/blog-v3.comfort-works.com\/wp-content\/uploads\/2021\/06\/klippan-information-guide.jpg","type":"image\/jpeg"}],"twitter_card":"summary_large_image","twitter_site":"@comfortworks","twitter_misc":{"Gesch\u00e4tzte Lesezeit":"2\u00a0Minuten"},"schema":{"@context":"https:\/\/schema.org","@graph":[{"@type":"WebPage","@id":"https:\/\/blog.comfort-works.com\/de\/anleitung-fur-das-ikea-klippan-sofa\/","url":"https:\/\/blog.comfort-works.com\/de\/anleitung-fur-das-ikea-klippan-sofa\/","name":"Anleitung f\u00fcr das IKEA Klippan Sofa","isPartOf":{"@id":"https:\/\/blog.comfort-works.com\/#website"},"primaryImageOfPage":{"@id":"https:\/\/blog.comfort-works.com\/de\/anleitung-fur-das-ikea-klippan-sofa\/#primaryimage"},"image":{"@id":"https:\/\/blog.comfort-works.com\/de\/anleitung-fur-das-ikea-klippan-sofa\/#primaryimage"},"thumbnailUrl":"https:\/\/blog.comfort-works.com\/wp-content\/uploads\/2021\/06\/klippan-information-guide.jpg","datePublished":"2018-07-05T06:50:24+00:00","dateModified":"2024-01-16T05:45:16+00:00","description":"Ultimative Tipps und Informationen \u00fcber die IKEA Klippan Sofa Serie \u2013 Ma\u00dfe, Bewertungen, Bez\u00fcge, Anleitungen und mehr.","inLanguage":"de","potentialAction":[{"@type":"ReadAction","target":["https:\/\/blog.comfort-works.com\/de\/anleitung-fur-das-ikea-klippan-sofa\/"]}]},{"@type":"ImageObject","inLanguage":"de","@id":"https:\/\/blog.comfort-works.com\/de\/anleitung-fur-das-ikea-klippan-sofa\/#primaryimage","url":"https:\/\/blog.comfort-works.com\/wp-content\/uploads\/2021\/06\/klippan-information-guide.jpg","contentUrl":"https:\/\/blog.comfort-works.com\/wp-content\/uploads\/2021\/06\/klippan-information-guide.jpg","width":940,"height":534},{"@type":"WebSite","@id":"https:\/\/blog.comfort-works.com\/#website","url":"https:\/\/blog.comfort-works.com\/","name":"Finding Comfort","description":"Alles \u00fcber sch\u00f6ner Wohnen und Leben","publisher":{"@id":"https:\/\/blog.comfort-works.com\/#organization"},"potentialAction":[{"@type":"SearchAction","target":{"@type":"EntryPoint","urlTemplate":"https:\/\/blog.comfort-works.com\/?s={search_term_string}"},"query-input":{"@type":"PropertyValueSpecification","valueRequired":true,"valueName":"search_term_string"}}],"inLanguage":"de"},{"@type":"Organization","@id":"https:\/\/blog.comfort-works.com\/#organization","name":"Comfort Works","url":"https:\/\/blog.comfort-works.com\/","logo":{"@type":"ImageObject","inLanguage":"de","@id":"https:\/\/blog.comfort-works.com\/#\/schema\/logo\/image\/","url":"https:\/\/blog.comfort-works.com\/wp-content\/uploads\/2025\/06\/Frame-31.png","contentUrl":"https:\/\/blog.comfort-works.com\/wp-content\/uploads\/2025\/06\/Frame-31.png","width":1200,"height":675,"caption":"Comfort Works"},"image":{"@id":"https:\/\/blog.comfort-works.com\/#\/schema\/logo\/image\/"},"sameAs":["https:\/\/www.facebook.com\/comfortworkscovers","https:\/\/x.com\/comfortworks","https:\/\/www.instagram.com\/comfortworks\/","https:\/\/www.pinterest.com\/comfortworks\/","https:\/\/www.youtube.com\/channel\/UCiY0z-GqZUzfeBwrAhT2kAg"]}]}},"_links":{"self":[{"href":"https:\/\/blog.comfort-works.com\/de\/wp-json\/wp\/v2\/pages\/30205","targetHints":{"allow":["GET"]}}],"collection":[{"href":"https:\/\/blog.comfort-works.com\/de\/wp-json\/wp\/v2\/pages"}],"about":[{"href":"https:\/\/blog.comfort-works.com\/de\/wp-json\/wp\/v2\/types\/page"}],"author":[{"embeddable":true,"href":"https:\/\/blog.comfort-works.com\/de\/wp-json\/wp\/v2\/users\/1"}],"replies":[{"embeddable":true,"href":"https:\/\/blog.comfort-works.com\/de\/wp-json\/wp\/v2\/comments?post=30205"}],"version-history":[{"count":11,"href":"https:\/\/blog.comfort-works.com\/de\/wp-json\/wp\/v2\/pages\/30205\/revisions"}],"predecessor-version":[{"id":110844,"href":"https:\/\/blog.comfort-works.com\/de\/wp-json\/wp\/v2\/pages\/30205\/revisions\/110844"}],"wp:featuredmedia":[{"embeddable":true,"href":"https:\/\/blog.comfort-works.com\/de\/wp-json\/wp\/v2\/media\/75342"}],"wp:attachment":[{"href":"https:\/\/blog.comfort-works.com\/de\/wp-json\/wp\/v2\/media?parent=30205"}],"curies":[{"name":"wp","href":"https:\/\/api.w.org\/{rel}","templated":true}]}}