{"id":30218,"date":"2018-07-05T15:52:08","date_gmt":"2018-07-05T07:52:08","guid":{"rendered":"https:\/\/www.comfort-works.com\/news\/anleitung-fur-das-ikea-kramfors-sofa\/"},"modified":"2024-01-30T11:29:30","modified_gmt":"2024-01-30T03:29:30","slug":"anleitung-fur-das-ikea-kramfors-sofa","status":"publish","type":"page","link":"https:\/\/blog.comfort-works.com\/de\/anleitung-fur-das-ikea-kramfors-sofa\/","title":{"rendered":"Anleitung f\u00fcr das IKEA Kramfors Sofa"},"content":{"rendered":"<p>Ultimative Tipps und Informationen \u00fcber die IKEA Kramfors Sofa Serie \u2013 Ma\u00dfe, Bewertungen, Bez\u00fcge, Anleitungen und mehr.<\/p>\n<p>Vielleicht suchst du nach dem perfekten Sofa und brauchst ein wenig Hilfe? Oder hast du dich bereits f\u00fcr das Kramfors Sofa entschieden, eins auf Ebay gefunden und jetzt ben\u00f6tigst du weitere Informationen \u00fcber das Modell? Es k\u00f6nnte sein, dass du schon das Sofa hast, aber jemand hat darauf Kaffee versch\u00fcttet oder deine Schwiegereltern kommen nach langer Zeit zu Besuch. Keine Sorgen, wir sind f\u00fcr jede Situation vorbereitet.<\/p>\n<p>Wenn du weitere Fragen zu der Serie hast, kontaktiere uns am besten unter <a href=\"mailto:info@comfortworks.com.au\">info@comfortworks.com.au<\/a>.<\/p>\n Kramfors Sofa im Stoffbezug aus Nomad Grey\n<p>&nbsp;<\/p>\n<h2>SCHNELLER CHECK<\/h2>\n<p><span style=\"font-size: 1em;\">Leider ist das Sofa nicht mehr bei IKEA erh\u00e4ltlich und es wurde eingestellt.\u00a0<\/span><\/p>\n<p><span style=\"font-size: 1em;\"><strong>Sofabez\u00fcge:<\/strong> <\/span><span style=\"font-size: 1em;\">Die gute Nachricht ist, dass <\/span><span style=\"font-size: 1em;\"><a href=\"https:\/\/comfort-works.com\/de-de\n\">Comfort Works<\/a> personalisierte <a href=\"https:\/\/comfort-works.com\/de-de\/collections\/ikea-kramfors-slipcovers\">Sofabez\u00fcge f\u00fcr die Kramfors Modelle<\/a> produziert.<\/span><\/p>\n<p><span style=\"font-weight: 400;\"><strong>Vorteile:<\/strong> Modern, minimalistisch und einfach nur sch\u00f6n. Mit dem Modell kann man nicht viel falsch in einem modernen Haus machen.<\/span><\/p>\n<p><span style=\"font-weight: 400;\"><strong>Nachteile:<\/strong> Die Lederversionen sind sehr anf\u00e4llig f\u00fcr Abnutzung, vor allem wegen den zus\u00e4tzlichen N\u00e4hten.<\/span><\/p>\n<p><strong>Ma\u00dfe:<\/strong><\/p>\n<ul>\n<li>Kramfors Hocker: Breite &#8211; 93cm; Tiefe &#8211; 84cm; H\u00f6he &#8211; 50cm;<\/li>\n<li>Kramfors Eckst\u00fcck: Breite &#8211; 94cm; Tiefe &#8211; 94cm; H\u00f6he &#8211; 66cm;<\/li>\n<li>Kramfors 2er Sofa: Breite &#8211; 174cm; Tiefe &#8211; 95cm; H\u00f6he &#8211; 66cm;<\/li>\n<li>Kramfors 3er Sofa: Breite &#8211; 214cm; Tiefe &#8211; 93cm; H\u00f6he &#8211; 59cm;<\/li>\n<li>Kramfors 2er Sofa mit einer Armlehne: Breite &#8211; 144cm; Tiefe &#8211; 95cm; H\u00f6he &#8211; 59cm;<\/li>\n<li>Kramfors Liege (Links\/Rechts): Breite &#8211; 100cm; Tiefe &#8211; 128cm; H\u00f6he &#8211; 69cm.<\/li>\n<\/ul>\n<p>&nbsp;<\/p>\n<h2>ANLEITUNGEN<\/h2>\n<p>M\u00f6chtest du wissen, wie du ein Kramfors Sofa zusammenbauen sollst? Klicke auf dein Model, um die Bedienungsanleitung herunterzuladen:<\/p>\n<ul>\n<li><a href=\"https:\/\/www.comfort-works.com\/news\/wp-content\/uploads\/2013\/06\/Kramfors-3-seater-and-Chaise-Manual.pdf\">IKEA Kramfors 3er Sofa und Liege<\/a><\/li>\n<li><a href=\"https:\/\/www.comfort-works.com\/news\/wp-content\/uploads\/2013\/06\/Kramfors-2-Seater-Manual.pdf\">IKEA Kramfors 2er Sofa<\/a><\/li>\n<li><a href=\"https:\/\/www.comfort-works.com\/news\/wp-content\/uploads\/2013\/06\/Kramfors-Corner-Unit-Manual.pdf\">Kramfors Eckst\u00fcck<\/a><\/li>\n<li><a href=\"https:\/\/www.comfort-works.com\/news\/wp-content\/uploads\/2013\/06\/Kramfors-Footstool-Manual.pdf\">Kramfors Hocker<\/a><\/li>\n<\/ul>\n<p>&nbsp;<\/p>\n<h2>UNSERE BEWERTUNG<\/h2>\n<p><span style=\"font-weight: 400;\">Die Kramfors Serie wurde zu einem absoluten Favorit unter den IKEA Modellen, jedoch wurde diese leider 2009 eingestellt. Das Sofa sieht sehr elegant und \u00e4sthetisch aus, obwohl es nicht wirklich bequem ist.<\/span><\/p>\n Kino Charcoal Bez\u00fcge auf einem Ledersofa\n<p><span style=\"font-weight: 400;\">Zum Gl\u00fcck kann das Sofa problemlos mit Sofabez\u00fcgen von <a href=\"https:\/\/comfort-works.com\/de-de\n\">Comfort Works<\/a> ver\u00e4ndert werden und das unabh\u00e4ngig davon, ob mit einem <a href=\"https:\/\/comfort-works.com\/de-de\/collections\/ikea-kramfors-slipcovers\">Stoffbezug <\/a>oder<a href=\"https:\/\/comfort-works.com\/de-de\/collections\/ikea-kramfors-slipcovers\"> Ersatz-Lederbezug<\/a>.<\/span><\/p>\n<p><span style=\"font-weight: 400;\">Bei uns findest du auch bodenlange Stoffbez\u00fcge f\u00fcr das Kramfors Sofa.<\/span><\/p>\n<p>&nbsp;<\/p>\n<h2>Mehr Informationen<\/h2>\n<p>POPPY HAUS &#8211; <span style=\"font-weight: 400;\">Verwendung von Stoffbez\u00fcgen auf einer Kramfors Liege aus Leder.<\/span><\/p>\n<p><a href=\"http:\/\/theborrowedabode.com\/2013\/03\/pet-proofing-furniture-comfort-works-leather-sofa-cover\/\">The Borrowed Abode<\/a> &#8211; S<span style=\"font-weight: 400;\">ch\u00fctze deine Kramfors Modelle mit einem Stoffbezug.<\/span><\/p>\n<p><a href=\"\/news?p=27918\">Comfort Works<\/a> &#8211; <span style=\"font-weight: 400;\">Die Kramfors Serie wurde eingestellt, aber das Leder ist noch hier erh\u00e4ltlich.<\/span><\/p>\n","protected":false},"excerpt":{"rendered":"<p>Ultimative Tipps und Informationen \u00fcber die IKEA Kramfors Sofa Serie \u2013 Ma\u00dfe, Bewertungen, Bez\u00fcge, Anleitungen und mehr. Vielleicht suchst du nach dem perfekten Sofa und brauchst ein wenig Hilfe? Oder hast du dich bereits f\u00fcr das Kramfors Sofa entschieden, eins auf Ebay gefunden und jetzt ben\u00f6tigst du weitere Informationen \u00fcber das Modell? Es k\u00f6nnte sein, [&hellip;]<\/p>\n","protected":false},"author":1,"featured_media":19390,"parent":0,"menu_order":0,"comment_status":"open","ping_status":"closed","template":"","meta":{"_acf_changed":false,"footnotes":""},"class_list":["post-30218","page","type-page","status-publish","has-post-thumbnail","hentry"],"acf":[],"yoast_head":"<!-- This site is optimized with the Yoast SEO Premium plugin v25.1 (Yoast SEO v25.1) - https:\/\/yoast.com\/wordpress\/plugins\/seo\/ -->\n<title>Anleitung f\u00fcr das IKEA Kramfors Sofa<\/title>\n<meta name=\"description\" content=\"Ultimative Tipps und Informationen \u00fcber die IKEA Kramfors Sofa Serie \u2013 Ma\u00dfe, Bewertungen, Bez\u00fcge, Anleitungen und mehr.\" \/>\n<meta name=\"robots\" content=\"index, follow, max-snippet:-1, max-image-preview:large, max-video-preview:-1\" \/>\n<link rel=\"canonical\" href=\"https:\/\/blog.comfort-works.com\/de\/anleitung-fur-das-ikea-kramfors-sofa\/\" \/>\n<meta property=\"og:locale\" content=\"de_DE\" \/>\n<meta property=\"og:type\" content=\"article\" \/>\n<meta property=\"og:title\" content=\"Anleitung f\u00fcr das IKEA Kramfors Sofa\" \/>\n<meta property=\"og:description\" content=\"Ultimative Tipps und Informationen \u00fcber die IKEA Kramfors Sofa Serie \u2013 Ma\u00dfe, Bewertungen, Bez\u00fcge, Anleitungen und mehr.\" \/>\n<meta property=\"og:url\" content=\"https:\/\/blog.comfort-works.com\/de\/anleitung-fur-das-ikea-kramfors-sofa\/\" \/>\n<meta property=\"og:site_name\" content=\"Comfort Works Blog &amp; Design Inspirationen\" \/>\n<meta property=\"article:publisher\" content=\"https:\/\/www.facebook.com\/comfortworkscovers\" \/>\n<meta property=\"article:modified_time\" content=\"2024-01-30T03:29:30+00:00\" \/>\n<meta property=\"og:image\" content=\"https:\/\/blog-v3.comfort-works.com\/wp-content\/uploads\/2016\/07\/Kramfors-sectional-in-Nomad-Grey-fabric-by-Comfort-Works.jpg\" \/>\n\t<meta property=\"og:image:width\" content=\"960\" \/>\n\t<meta property=\"og:image:height\" content=\"639\" \/>\n\t<meta property=\"og:image:type\" content=\"image\/jpeg\" \/>\n<meta name=\"twitter:card\" content=\"summary_large_image\" \/>\n<meta name=\"twitter:site\" content=\"@comfortworks\" \/>\n<meta name=\"twitter:label1\" content=\"Gesch\u00e4tzte Lesezeit\" \/>\n\t<meta name=\"twitter:data1\" content=\"2\u00a0Minuten\" \/>\n<script type=\"application\/ld+json\" class=\"yoast-schema-graph\">{\"@context\":\"https:\/\/schema.org\",\"@graph\":[{\"@type\":\"WebPage\",\"@id\":\"https:\/\/blog.comfort-works.com\/de\/anleitung-fur-das-ikea-kramfors-sofa\/\",\"url\":\"https:\/\/blog.comfort-works.com\/de\/anleitung-fur-das-ikea-kramfors-sofa\/\",\"name\":\"Anleitung f\u00fcr das IKEA Kramfors Sofa\",\"isPartOf\":{\"@id\":\"https:\/\/blog.comfort-works.com\/#website\"},\"primaryImageOfPage\":{\"@id\":\"https:\/\/blog.comfort-works.com\/de\/anleitung-fur-das-ikea-kramfors-sofa\/#primaryimage\"},\"image\":{\"@id\":\"https:\/\/blog.comfort-works.com\/de\/anleitung-fur-das-ikea-kramfors-sofa\/#primaryimage\"},\"thumbnailUrl\":\"https:\/\/blog.comfort-works.com\/wp-content\/uploads\/2016\/07\/Kramfors-sectional-in-Nomad-Grey-fabric-by-Comfort-Works.jpg\",\"datePublished\":\"2018-07-05T07:52:08+00:00\",\"dateModified\":\"2024-01-30T03:29:30+00:00\",\"description\":\"Ultimative Tipps und Informationen \u00fcber die IKEA Kramfors Sofa Serie \u2013 Ma\u00dfe, Bewertungen, Bez\u00fcge, Anleitungen und mehr.\",\"inLanguage\":\"de\",\"potentialAction\":[{\"@type\":\"ReadAction\",\"target\":[\"https:\/\/blog.comfort-works.com\/de\/anleitung-fur-das-ikea-kramfors-sofa\/\"]}]},{\"@type\":\"ImageObject\",\"inLanguage\":\"de\",\"@id\":\"https:\/\/blog.comfort-works.com\/de\/anleitung-fur-das-ikea-kramfors-sofa\/#primaryimage\",\"url\":\"https:\/\/blog.comfort-works.com\/wp-content\/uploads\/2016\/07\/Kramfors-sectional-in-Nomad-Grey-fabric-by-Comfort-Works.jpg\",\"contentUrl\":\"https:\/\/blog.comfort-works.com\/wp-content\/uploads\/2016\/07\/Kramfors-sectional-in-Nomad-Grey-fabric-by-Comfort-Works.jpg\",\"width\":960,\"height\":639},{\"@type\":\"WebSite\",\"@id\":\"https:\/\/blog.comfort-works.com\/#website\",\"url\":\"https:\/\/blog.comfort-works.com\/\",\"name\":\"Finding Comfort\",\"description\":\"Alles \u00fcber sch\u00f6ner Wohnen und Leben\",\"publisher\":{\"@id\":\"https:\/\/blog.comfort-works.com\/#organization\"},\"potentialAction\":[{\"@type\":\"SearchAction\",\"target\":{\"@type\":\"EntryPoint\",\"urlTemplate\":\"https:\/\/blog.comfort-works.com\/?s={search_term_string}\"},\"query-input\":{\"@type\":\"PropertyValueSpecification\",\"valueRequired\":true,\"valueName\":\"search_term_string\"}}],\"inLanguage\":\"de\"},{\"@type\":\"Organization\",\"@id\":\"https:\/\/blog.comfort-works.com\/#organization\",\"name\":\"Comfort Works\",\"url\":\"https:\/\/blog.comfort-works.com\/\",\"logo\":{\"@type\":\"ImageObject\",\"inLanguage\":\"de\",\"@id\":\"https:\/\/blog.comfort-works.com\/#\/schema\/logo\/image\/\",\"url\":\"https:\/\/blog.comfort-works.com\/wp-content\/uploads\/2025\/06\/Frame-31.png\",\"contentUrl\":\"https:\/\/blog.comfort-works.com\/wp-content\/uploads\/2025\/06\/Frame-31.png\",\"width\":1200,\"height\":675,\"caption\":\"Comfort Works\"},\"image\":{\"@id\":\"https:\/\/blog.comfort-works.com\/#\/schema\/logo\/image\/\"},\"sameAs\":[\"https:\/\/www.facebook.com\/comfortworkscovers\",\"https:\/\/x.com\/comfortworks\",\"https:\/\/www.instagram.com\/comfortworks\/\",\"https:\/\/www.pinterest.com\/comfortworks\/\",\"https:\/\/www.youtube.com\/channel\/UCiY0z-GqZUzfeBwrAhT2kAg\"]}]}<\/script>\n<!-- \/ Yoast SEO Premium plugin. -->","yoast_head_json":{"title":"Anleitung f\u00fcr das IKEA Kramfors Sofa","description":"Ultimative Tipps und Informationen \u00fcber die IKEA Kramfors Sofa Serie \u2013 Ma\u00dfe, Bewertungen, Bez\u00fcge, Anleitungen und mehr.","robots":{"index":"index","follow":"follow","max-snippet":"max-snippet:-1","max-image-preview":"max-image-preview:large","max-video-preview":"max-video-preview:-1"},"canonical":"https:\/\/blog.comfort-works.com\/de\/anleitung-fur-das-ikea-kramfors-sofa\/","og_locale":"de_DE","og_type":"article","og_title":"Anleitung f\u00fcr das IKEA Kramfors Sofa","og_description":"Ultimative Tipps und Informationen \u00fcber die IKEA Kramfors Sofa Serie \u2013 Ma\u00dfe, Bewertungen, Bez\u00fcge, Anleitungen und mehr.","og_url":"https:\/\/blog.comfort-works.com\/de\/anleitung-fur-das-ikea-kramfors-sofa\/","og_site_name":"Comfort Works Blog &amp; Design Inspirationen","article_publisher":"https:\/\/www.facebook.com\/comfortworkscovers","article_modified_time":"2024-01-30T03:29:30+00:00","og_image":[{"width":960,"height":639,"url":"https:\/\/blog-v3.comfort-works.com\/wp-content\/uploads\/2016\/07\/Kramfors-sectional-in-Nomad-Grey-fabric-by-Comfort-Works.jpg","type":"image\/jpeg"}],"twitter_card":"summary_large_image","twitter_site":"@comfortworks","twitter_misc":{"Gesch\u00e4tzte Lesezeit":"2\u00a0Minuten"},"schema":{"@context":"https:\/\/schema.org","@graph":[{"@type":"WebPage","@id":"https:\/\/blog.comfort-works.com\/de\/anleitung-fur-das-ikea-kramfors-sofa\/","url":"https:\/\/blog.comfort-works.com\/de\/anleitung-fur-das-ikea-kramfors-sofa\/","name":"Anleitung f\u00fcr das IKEA Kramfors Sofa","isPartOf":{"@id":"https:\/\/blog.comfort-works.com\/#website"},"primaryImageOfPage":{"@id":"https:\/\/blog.comfort-works.com\/de\/anleitung-fur-das-ikea-kramfors-sofa\/#primaryimage"},"image":{"@id":"https:\/\/blog.comfort-works.com\/de\/anleitung-fur-das-ikea-kramfors-sofa\/#primaryimage"},"thumbnailUrl":"https:\/\/blog.comfort-works.com\/wp-content\/uploads\/2016\/07\/Kramfors-sectional-in-Nomad-Grey-fabric-by-Comfort-Works.jpg","datePublished":"2018-07-05T07:52:08+00:00","dateModified":"2024-01-30T03:29:30+00:00","description":"Ultimative Tipps und Informationen \u00fcber die IKEA Kramfors Sofa Serie \u2013 Ma\u00dfe, Bewertungen, Bez\u00fcge, Anleitungen und mehr.","inLanguage":"de","potentialAction":[{"@type":"ReadAction","target":["https:\/\/blog.comfort-works.com\/de\/anleitung-fur-das-ikea-kramfors-sofa\/"]}]},{"@type":"ImageObject","inLanguage":"de","@id":"https:\/\/blog.comfort-works.com\/de\/anleitung-fur-das-ikea-kramfors-sofa\/#primaryimage","url":"https:\/\/blog.comfort-works.com\/wp-content\/uploads\/2016\/07\/Kramfors-sectional-in-Nomad-Grey-fabric-by-Comfort-Works.jpg","contentUrl":"https:\/\/blog.comfort-works.com\/wp-content\/uploads\/2016\/07\/Kramfors-sectional-in-Nomad-Grey-fabric-by-Comfort-Works.jpg","width":960,"height":639},{"@type":"WebSite","@id":"https:\/\/blog.comfort-works.com\/#website","url":"https:\/\/blog.comfort-works.com\/","name":"Finding Comfort","description":"Alles \u00fcber sch\u00f6ner Wohnen und Leben","publisher":{"@id":"https:\/\/blog.comfort-works.com\/#organization"},"potentialAction":[{"@type":"SearchAction","target":{"@type":"EntryPoint","urlTemplate":"https:\/\/blog.comfort-works.com\/?s={search_term_string}"},"query-input":{"@type":"PropertyValueSpecification","valueRequired":true,"valueName":"search_term_string"}}],"inLanguage":"de"},{"@type":"Organization","@id":"https:\/\/blog.comfort-works.com\/#organization","name":"Comfort Works","url":"https:\/\/blog.comfort-works.com\/","logo":{"@type":"ImageObject","inLanguage":"de","@id":"https:\/\/blog.comfort-works.com\/#\/schema\/logo\/image\/","url":"https:\/\/blog.comfort-works.com\/wp-content\/uploads\/2025\/06\/Frame-31.png","contentUrl":"https:\/\/blog.comfort-works.com\/wp-content\/uploads\/2025\/06\/Frame-31.png","width":1200,"height":675,"caption":"Comfort Works"},"image":{"@id":"https:\/\/blog.comfort-works.com\/#\/schema\/logo\/image\/"},"sameAs":["https:\/\/www.facebook.com\/comfortworkscovers","https:\/\/x.com\/comfortworks","https:\/\/www.instagram.com\/comfortworks\/","https:\/\/www.pinterest.com\/comfortworks\/","https:\/\/www.youtube.com\/channel\/UCiY0z-GqZUzfeBwrAhT2kAg"]}]}},"_links":{"self":[{"href":"https:\/\/blog.comfort-works.com\/de\/wp-json\/wp\/v2\/pages\/30218","targetHints":{"allow":["GET"]}}],"collection":[{"href":"https:\/\/blog.comfort-works.com\/de\/wp-json\/wp\/v2\/pages"}],"about":[{"href":"https:\/\/blog.comfort-works.com\/de\/wp-json\/wp\/v2\/types\/page"}],"author":[{"embeddable":true,"href":"https:\/\/blog.comfort-works.com\/de\/wp-json\/wp\/v2\/users\/1"}],"replies":[{"embeddable":true,"href":"https:\/\/blog.comfort-works.com\/de\/wp-json\/wp\/v2\/comments?post=30218"}],"version-history":[{"count":11,"href":"https:\/\/blog.comfort-works.com\/de\/wp-json\/wp\/v2\/pages\/30218\/revisions"}],"predecessor-version":[{"id":113738,"href":"https:\/\/blog.comfort-works.com\/de\/wp-json\/wp\/v2\/pages\/30218\/revisions\/113738"}],"wp:featuredmedia":[{"embeddable":true,"href":"https:\/\/blog.comfort-works.com\/de\/wp-json\/wp\/v2\/media\/19390"}],"wp:attachment":[{"href":"https:\/\/blog.comfort-works.com\/de\/wp-json\/wp\/v2\/media?parent=30218"}],"curies":[{"name":"wp","href":"https:\/\/api.w.org\/{rel}","templated":true}]}}