{"id":30274,"date":"2018-07-05T17:39:08","date_gmt":"2018-07-05T09:39:08","guid":{"rendered":"https:\/\/www.comfort-works.com\/news\/anleitung-fur-das-ikea-manstad-schlafsofa\/"},"modified":"2024-01-30T16:35:16","modified_gmt":"2024-01-30T08:35:16","slug":"anleitung-fur-das-ikea-manstad-schlafsofa","status":"publish","type":"page","link":"https:\/\/blog.comfort-works.com\/de\/anleitung-fur-das-ikea-manstad-schlafsofa\/","title":{"rendered":"Anleitung f\u00fcr das IKEA Manstad Schlafsofa"},"content":{"rendered":"<p>Ultimative Tipps und Informationen \u00fcber die IKEA Manstad Sofa Serie \u2013 Ma\u00dfe, Bewertungen, Bez\u00fcge, Anleitungen und mehr.<\/p>\n<p>Vielleicht suchst du nach dem perfekten Sofa und brauchst ein wenig Hilfe? Oder hast du dich bereits f\u00fcr das Manstad Sofa entschieden, eins auf Ebay gefunden und jetzt ben\u00f6tigst du weitere Informationen \u00fcber das Modell? Es k\u00f6nnte sein, dass du schon das Sofa hast, aber jemand hat darauf Kaffee versch\u00fcttet oder deine Schwiegereltern kommen nach langer Zeit zu Besuch. Keine Sorge, wir sind f\u00fcr jede Situation vorbereitet.<\/p>\n<p>Wenn du weitere Fragen wegen der Serie hast, kontaktiere uns am besten unter<span style=\"font-size: 1em;\">\u00a0<\/span><a style=\"font-size: 1em;\" href=\"mailto:info@comfortworks.com.au\">info@comfortworks.com.au<\/a><span style=\"font-size: 1em;\">.<\/span><\/p>\n<figure id=\"attachment_2694\" aria-describedby=\"caption-attachment-2694\" style=\"width: 950px\" class=\"wp-caption aligncenter\"><img loading=\"lazy\" decoding=\"async\" class=\"size-medium wp-image-2694\" src=\"https:\/\/www.comfort-works.com\/news\/wp-content\/uploads\/2011\/12\/Custom-Ikea-Manstad-Sofabed-Slipcover-Comfort-Works-950x497.jpg\" alt=\"Manstad Sofa bed Slipcover in Modena White Bycast Leather\" width=\"950\" height=\"497\" \/><figcaption id=\"caption-attachment-2694\" class=\"wp-caption-text\">Manstad Sofabezug aus dem Modena White Leder<\/figcaption><\/figure>\n<h2>SCHNELLER CHECK<\/h2>\n<p><span style=\"font-size: 1em;\">Das Sofa ist nicht mehr erh\u00e4ltlich bei IKEA und wurde eingestellt.<\/span><\/p>\n<p><strong>Sofabez\u00fcge:<\/strong>\u00a0Ma\u00dfgeschneiderte und personalisierte <a href=\"https:\/\/comfort-works.com\/de-de\/products\/manstad-sofa-cover\n\">Manstad\u00a0Sofabez\u00fcge<\/a>\u00a0k\u00f6nnen bei\u00a0<a href=\"https:\/\/comfort-works.com\/de-de\n\">Comfort Works<\/a>\u00a0nachgekauft werden.<\/p>\n<p><strong>Ma\u00dfe:<\/strong> Breite 240; Tiefe 90\/155; H\u00f6he 73 cm.<\/p>\n<p><span style=\"font-weight: 400;\"><strong>Vorteile:<\/strong> Ger\u00e4umig, bequem und mit Stauraum unter der Liege.<\/span><\/p>\n<p><span style=\"font-weight: 400;\"><strong>Nachteile:<\/strong> Leider ohne Bez\u00fcge erh\u00e4ltlich.<\/span><\/p>\n<h2>ANLEITUNGEN<\/h2>\n<p>M\u00f6chtest du wissen, wie du ein Manstad Sofa zusammenbauen sollst? Klicke <a href=\"https:\/\/www.comfort-works.com\/news\/wp-content\/uploads\/2011\/10\/Manstad-Sofa-Bed.pdf\">hier<\/a>, um die Bedienungsanleitung herunterzuladen.<\/p>\n<h2>UNSERE BEWERTUNG<\/h2>\n<p><span style=\"font-weight: 400;\">Das Manstad Modell ist sehr platzsparend mit dem Speicher und dem Ausziehbett. Es ist eins von den bekanntesten Sofas mit Stauf\u00e4chern. Dazu ist es auch sehr bequem mit den 3 R\u00fcckenkissen und es kann einfach verwandelt werden, da die Liege auf beiden Seiten platziert werden kann.<\/span><\/p>\n<p><span style=\"font-weight: 400;\">Obwohl das Manstad Sofa durch IKEA nicht mehr hergestellt wird, produziert <a href=\"https:\/\/comfort-works.com\/de-de\n\">Comfort Works<\/a> immer noch <a href=\"https:\/\/comfort-works.com\/de-de\/products\/manstad-sofa-cover\n\">Ersatz-Bez\u00fcge f\u00fcr das IKEA Manstad Modell<\/a>. F\u00fcr weitere Informationen kontaktiere uns <a href=\"https:\/\/comfort-works.com\/de-de\/content\/kontakt-379\/\">hier<\/a>!<\/span><\/p>\n<h2>Mehr Informationen<\/h2>\n<ul>\n<li><a href=\"https:\/\/comfort-works.com\/de-de\/collections\/ikea-manstad-slipcovers\" target=\"_blank\" rel=\"noopener\">Was ist der Unterschied zwischen den IKEA Manstad und Fagelbo Ecksofas?<\/a><\/li>\n<li><a href=\"\/news?p=3111\" target=\"_blank\" rel=\"noopener\">Wie funktioniert das Bettfach mit den bodenlangen Bez\u00fcgen?<\/a><\/li>\n<li><a href=\"\/news?p=3330\" target=\"_blank\" rel=\"noopener\">So kannst du den neuen Manstad Bezug \u00fcberziehen &#8211; Video und Bewertung<\/a><\/li>\n<li>Wei\u00dfer Lederbezug f\u00fcr das Manstad Sofa<\/li>\n<li>Ideen f\u00fcr Kontrastpaspeln f\u00fcr den Manstad Sofabezug<\/li>\n<\/ul>\n","protected":false},"excerpt":{"rendered":"<p>Ultimative Tipps und Informationen \u00fcber die IKEA Manstad Sofa Serie \u2013 Ma\u00dfe, Bewertungen, Bez\u00fcge, Anleitungen und mehr. Vielleicht suchst du nach dem perfekten Sofa und brauchst ein wenig Hilfe? Oder hast du dich bereits f\u00fcr das Manstad Sofa entschieden, eins auf Ebay gefunden und jetzt ben\u00f6tigst du weitere Informationen \u00fcber das Modell? Es k\u00f6nnte sein, [&hellip;]<\/p>\n","protected":false},"author":1,"featured_media":0,"parent":0,"menu_order":0,"comment_status":"open","ping_status":"closed","template":"","meta":{"_acf_changed":false,"footnotes":""},"class_list":["post-30274","page","type-page","status-publish","hentry"],"acf":[],"yoast_head":"<!-- This site is optimized with the Yoast SEO Premium plugin v25.1 (Yoast SEO v25.1) - https:\/\/yoast.com\/wordpress\/plugins\/seo\/ -->\n<title>Anleitung f\u00fcr das IKEA Manstad Schlafsofa<\/title>\n<meta name=\"description\" content=\"Ultimative Tipps und Informationen \u00fcber die IKEA Manstad Sofa Serie \u2013 Ma\u00dfe, Bewertungen, Bez\u00fcge, Anleitungen und mehr.\" \/>\n<meta name=\"robots\" content=\"index, follow, max-snippet:-1, max-image-preview:large, max-video-preview:-1\" \/>\n<link rel=\"canonical\" href=\"https:\/\/blog.comfort-works.com\/de\/anleitung-fur-das-ikea-manstad-schlafsofa\/\" \/>\n<meta property=\"og:locale\" content=\"de_DE\" \/>\n<meta property=\"og:type\" content=\"article\" \/>\n<meta property=\"og:title\" content=\"Anleitung f\u00fcr das IKEA Manstad Schlafsofa\" \/>\n<meta property=\"og:description\" content=\"Ultimative Tipps und Informationen \u00fcber die IKEA Manstad Sofa Serie \u2013 Ma\u00dfe, Bewertungen, Bez\u00fcge, Anleitungen und mehr.\" \/>\n<meta property=\"og:url\" content=\"https:\/\/blog.comfort-works.com\/de\/anleitung-fur-das-ikea-manstad-schlafsofa\/\" \/>\n<meta property=\"og:site_name\" content=\"Comfort Works Blog &amp; Design Inspirationen\" \/>\n<meta property=\"article:publisher\" content=\"https:\/\/www.facebook.com\/comfortworkscovers\" \/>\n<meta property=\"article:modified_time\" content=\"2024-01-30T08:35:16+00:00\" \/>\n<meta property=\"og:image\" content=\"https:\/\/www.comfort-works.com\/news\/wp-content\/uploads\/2011\/12\/Custom-Ikea-Manstad-Sofabed-Slipcover-Comfort-Works-950x497.jpg\" \/>\n<meta name=\"twitter:card\" content=\"summary_large_image\" \/>\n<meta name=\"twitter:site\" content=\"@comfortworks\" \/>\n<meta name=\"twitter:label1\" content=\"Gesch\u00e4tzte Lesezeit\" \/>\n\t<meta name=\"twitter:data1\" content=\"3\u00a0Minuten\" \/>\n<script type=\"application\/ld+json\" class=\"yoast-schema-graph\">{\"@context\":\"https:\/\/schema.org\",\"@graph\":[{\"@type\":\"WebPage\",\"@id\":\"https:\/\/blog.comfort-works.com\/de\/anleitung-fur-das-ikea-manstad-schlafsofa\/\",\"url\":\"https:\/\/blog.comfort-works.com\/de\/anleitung-fur-das-ikea-manstad-schlafsofa\/\",\"name\":\"Anleitung f\u00fcr das IKEA Manstad Schlafsofa\",\"isPartOf\":{\"@id\":\"https:\/\/blog.comfort-works.com\/#website\"},\"primaryImageOfPage\":{\"@id\":\"https:\/\/blog.comfort-works.com\/de\/anleitung-fur-das-ikea-manstad-schlafsofa\/#primaryimage\"},\"image\":{\"@id\":\"https:\/\/blog.comfort-works.com\/de\/anleitung-fur-das-ikea-manstad-schlafsofa\/#primaryimage\"},\"thumbnailUrl\":\"https:\/\/www.comfort-works.com\/news\/wp-content\/uploads\/2011\/12\/Custom-Ikea-Manstad-Sofabed-Slipcover-Comfort-Works-950x497.jpg\",\"datePublished\":\"2018-07-05T09:39:08+00:00\",\"dateModified\":\"2024-01-30T08:35:16+00:00\",\"description\":\"Ultimative Tipps und Informationen \u00fcber die IKEA Manstad Sofa Serie \u2013 Ma\u00dfe, Bewertungen, Bez\u00fcge, Anleitungen und mehr.\",\"inLanguage\":\"de\",\"potentialAction\":[{\"@type\":\"ReadAction\",\"target\":[\"https:\/\/blog.comfort-works.com\/de\/anleitung-fur-das-ikea-manstad-schlafsofa\/\"]}]},{\"@type\":\"ImageObject\",\"inLanguage\":\"de\",\"@id\":\"https:\/\/blog.comfort-works.com\/de\/anleitung-fur-das-ikea-manstad-schlafsofa\/#primaryimage\",\"url\":\"https:\/\/www.comfort-works.com\/news\/wp-content\/uploads\/2011\/12\/Custom-Ikea-Manstad-Sofabed-Slipcover-Comfort-Works-950x497.jpg\",\"contentUrl\":\"https:\/\/www.comfort-works.com\/news\/wp-content\/uploads\/2011\/12\/Custom-Ikea-Manstad-Sofabed-Slipcover-Comfort-Works-950x497.jpg\"},{\"@type\":\"WebSite\",\"@id\":\"https:\/\/blog.comfort-works.com\/#website\",\"url\":\"https:\/\/blog.comfort-works.com\/\",\"name\":\"Finding Comfort\",\"description\":\"Alles \u00fcber sch\u00f6ner Wohnen und Leben\",\"publisher\":{\"@id\":\"https:\/\/blog.comfort-works.com\/#organization\"},\"potentialAction\":[{\"@type\":\"SearchAction\",\"target\":{\"@type\":\"EntryPoint\",\"urlTemplate\":\"https:\/\/blog.comfort-works.com\/?s={search_term_string}\"},\"query-input\":{\"@type\":\"PropertyValueSpecification\",\"valueRequired\":true,\"valueName\":\"search_term_string\"}}],\"inLanguage\":\"de\"},{\"@type\":\"Organization\",\"@id\":\"https:\/\/blog.comfort-works.com\/#organization\",\"name\":\"Comfort Works\",\"url\":\"https:\/\/blog.comfort-works.com\/\",\"logo\":{\"@type\":\"ImageObject\",\"inLanguage\":\"de\",\"@id\":\"https:\/\/blog.comfort-works.com\/#\/schema\/logo\/image\/\",\"url\":\"https:\/\/blog.comfort-works.com\/wp-content\/uploads\/2025\/06\/Frame-31.png\",\"contentUrl\":\"https:\/\/blog.comfort-works.com\/wp-content\/uploads\/2025\/06\/Frame-31.png\",\"width\":1200,\"height\":675,\"caption\":\"Comfort Works\"},\"image\":{\"@id\":\"https:\/\/blog.comfort-works.com\/#\/schema\/logo\/image\/\"},\"sameAs\":[\"https:\/\/www.facebook.com\/comfortworkscovers\",\"https:\/\/x.com\/comfortworks\",\"https:\/\/www.instagram.com\/comfortworks\/\",\"https:\/\/www.pinterest.com\/comfortworks\/\",\"https:\/\/www.youtube.com\/channel\/UCiY0z-GqZUzfeBwrAhT2kAg\"]}]}<\/script>\n<!-- \/ Yoast SEO Premium plugin. -->","yoast_head_json":{"title":"Anleitung f\u00fcr das IKEA Manstad Schlafsofa","description":"Ultimative Tipps und Informationen \u00fcber die IKEA Manstad Sofa Serie \u2013 Ma\u00dfe, Bewertungen, Bez\u00fcge, Anleitungen und mehr.","robots":{"index":"index","follow":"follow","max-snippet":"max-snippet:-1","max-image-preview":"max-image-preview:large","max-video-preview":"max-video-preview:-1"},"canonical":"https:\/\/blog.comfort-works.com\/de\/anleitung-fur-das-ikea-manstad-schlafsofa\/","og_locale":"de_DE","og_type":"article","og_title":"Anleitung f\u00fcr das IKEA Manstad Schlafsofa","og_description":"Ultimative Tipps und Informationen \u00fcber die IKEA Manstad Sofa Serie \u2013 Ma\u00dfe, Bewertungen, Bez\u00fcge, Anleitungen und mehr.","og_url":"https:\/\/blog.comfort-works.com\/de\/anleitung-fur-das-ikea-manstad-schlafsofa\/","og_site_name":"Comfort Works Blog &amp; Design Inspirationen","article_publisher":"https:\/\/www.facebook.com\/comfortworkscovers","article_modified_time":"2024-01-30T08:35:16+00:00","og_image":[{"url":"https:\/\/www.comfort-works.com\/news\/wp-content\/uploads\/2011\/12\/Custom-Ikea-Manstad-Sofabed-Slipcover-Comfort-Works-950x497.jpg","type":"","width":"","height":""}],"twitter_card":"summary_large_image","twitter_site":"@comfortworks","twitter_misc":{"Gesch\u00e4tzte Lesezeit":"3\u00a0Minuten"},"schema":{"@context":"https:\/\/schema.org","@graph":[{"@type":"WebPage","@id":"https:\/\/blog.comfort-works.com\/de\/anleitung-fur-das-ikea-manstad-schlafsofa\/","url":"https:\/\/blog.comfort-works.com\/de\/anleitung-fur-das-ikea-manstad-schlafsofa\/","name":"Anleitung f\u00fcr das IKEA Manstad Schlafsofa","isPartOf":{"@id":"https:\/\/blog.comfort-works.com\/#website"},"primaryImageOfPage":{"@id":"https:\/\/blog.comfort-works.com\/de\/anleitung-fur-das-ikea-manstad-schlafsofa\/#primaryimage"},"image":{"@id":"https:\/\/blog.comfort-works.com\/de\/anleitung-fur-das-ikea-manstad-schlafsofa\/#primaryimage"},"thumbnailUrl":"https:\/\/www.comfort-works.com\/news\/wp-content\/uploads\/2011\/12\/Custom-Ikea-Manstad-Sofabed-Slipcover-Comfort-Works-950x497.jpg","datePublished":"2018-07-05T09:39:08+00:00","dateModified":"2024-01-30T08:35:16+00:00","description":"Ultimative Tipps und Informationen \u00fcber die IKEA Manstad Sofa Serie \u2013 Ma\u00dfe, Bewertungen, Bez\u00fcge, Anleitungen und mehr.","inLanguage":"de","potentialAction":[{"@type":"ReadAction","target":["https:\/\/blog.comfort-works.com\/de\/anleitung-fur-das-ikea-manstad-schlafsofa\/"]}]},{"@type":"ImageObject","inLanguage":"de","@id":"https:\/\/blog.comfort-works.com\/de\/anleitung-fur-das-ikea-manstad-schlafsofa\/#primaryimage","url":"https:\/\/www.comfort-works.com\/news\/wp-content\/uploads\/2011\/12\/Custom-Ikea-Manstad-Sofabed-Slipcover-Comfort-Works-950x497.jpg","contentUrl":"https:\/\/www.comfort-works.com\/news\/wp-content\/uploads\/2011\/12\/Custom-Ikea-Manstad-Sofabed-Slipcover-Comfort-Works-950x497.jpg"},{"@type":"WebSite","@id":"https:\/\/blog.comfort-works.com\/#website","url":"https:\/\/blog.comfort-works.com\/","name":"Finding Comfort","description":"Alles \u00fcber sch\u00f6ner Wohnen und Leben","publisher":{"@id":"https:\/\/blog.comfort-works.com\/#organization"},"potentialAction":[{"@type":"SearchAction","target":{"@type":"EntryPoint","urlTemplate":"https:\/\/blog.comfort-works.com\/?s={search_term_string}"},"query-input":{"@type":"PropertyValueSpecification","valueRequired":true,"valueName":"search_term_string"}}],"inLanguage":"de"},{"@type":"Organization","@id":"https:\/\/blog.comfort-works.com\/#organization","name":"Comfort Works","url":"https:\/\/blog.comfort-works.com\/","logo":{"@type":"ImageObject","inLanguage":"de","@id":"https:\/\/blog.comfort-works.com\/#\/schema\/logo\/image\/","url":"https:\/\/blog.comfort-works.com\/wp-content\/uploads\/2025\/06\/Frame-31.png","contentUrl":"https:\/\/blog.comfort-works.com\/wp-content\/uploads\/2025\/06\/Frame-31.png","width":1200,"height":675,"caption":"Comfort Works"},"image":{"@id":"https:\/\/blog.comfort-works.com\/#\/schema\/logo\/image\/"},"sameAs":["https:\/\/www.facebook.com\/comfortworkscovers","https:\/\/x.com\/comfortworks","https:\/\/www.instagram.com\/comfortworks\/","https:\/\/www.pinterest.com\/comfortworks\/","https:\/\/www.youtube.com\/channel\/UCiY0z-GqZUzfeBwrAhT2kAg"]}]}},"_links":{"self":[{"href":"https:\/\/blog.comfort-works.com\/de\/wp-json\/wp\/v2\/pages\/30274","targetHints":{"allow":["GET"]}}],"collection":[{"href":"https:\/\/blog.comfort-works.com\/de\/wp-json\/wp\/v2\/pages"}],"about":[{"href":"https:\/\/blog.comfort-works.com\/de\/wp-json\/wp\/v2\/types\/page"}],"author":[{"embeddable":true,"href":"https:\/\/blog.comfort-works.com\/de\/wp-json\/wp\/v2\/users\/1"}],"replies":[{"embeddable":true,"href":"https:\/\/blog.comfort-works.com\/de\/wp-json\/wp\/v2\/comments?post=30274"}],"version-history":[{"count":14,"href":"https:\/\/blog.comfort-works.com\/de\/wp-json\/wp\/v2\/pages\/30274\/revisions"}],"predecessor-version":[{"id":114192,"href":"https:\/\/blog.comfort-works.com\/de\/wp-json\/wp\/v2\/pages\/30274\/revisions\/114192"}],"wp:attachment":[{"href":"https:\/\/blog.comfort-works.com\/de\/wp-json\/wp\/v2\/media?parent=30274"}],"curies":[{"name":"wp","href":"https:\/\/api.w.org\/{rel}","templated":true}]}}