{"id":30526,"date":"2018-07-09T16:00:58","date_gmt":"2018-07-09T08:00:58","guid":{"rendered":"https:\/\/www.comfort-works.com\/news\/anleitung-fur-ikea-nikkala-sofas\/"},"modified":"2024-01-16T09:11:36","modified_gmt":"2024-01-16T01:11:36","slug":"anleitung-fur-ikea-nikkala-sofas","status":"publish","type":"page","link":"https:\/\/blog.comfort-works.com\/de\/anleitung-fur-ikea-nikkala-sofas\/","title":{"rendered":"Anleitung f\u00fcr IKEA Nikkala Sofas"},"content":{"rendered":"<p>Ultimative Tipps und Informationen \u00fcber die <a href=\"https:\/\/comfort-works.com\/de-de\/collections\/ikea-nikkala-slipcovers\n\">IKEA Nikkala Sofa Serie<\/a> \u2013 Ma\u00dfe, Bewertungen, Bez\u00fcge, Anleitungen und mehr.<\/p>\n<p>Vielleicht suchst du nach dem perfekten Sofa und brauchst ein wenig Hilfe? Oder hast du dich bereits f\u00fcr das Nikkala Sofa entschieden, eins auf Ebay gefunden und jetzt ben\u00f6tigst du weitere Informationen \u00fcber das Modell? Es k\u00f6nnte sein, dass du schon das Sofa hast, aber jemand hat darauf Kaffee versch\u00fcttet oder deine Schwiegereltern kommen nach langer Zeit zu besuch. Keine Sorgen, wir sind f\u00fcr jede Situation vorbereitet.<\/p>\n<p>Wenn du weitere Fragen wegen der Serie hast, kontaktiere uns am besten unter\u00a0<a href=\"mailto:info@comfortworks.com.au\">info@comfortworks.com.au<\/a>.<\/p>\n Nikkala 3er Sofabezug aus Kino Ash\n<h2>Schneller Check<\/h2>\n<p>Die Sofas und Bez\u00fcge aus dieser Serie wurden eingestellt und sind bei IKEA nicht mehr erh\u00e4ltlich.<\/p>\n<p><strong>Sofabez\u00fcge:<\/strong> Jetzt kannst du zum Gl\u00fcck bei\u00a0<a href=\"https:\/\/comfort-works.com\/de\/\">Comfort Works<\/a>\u00a0einen Sofabezug f\u00fcr das\u00a0<a href=\"\/news?page_id=30526\">Nikkala Sofa\u00a0<\/a>nachkaufen.<\/p>\n<p><strong>Ma\u00dfe:<\/strong> Breite 204 cm x Tiefe 87 cm x H\u00f6he 72 cm &#8211; <span style=\"font-weight: 400;\">Beachte bitte, dass es sich hier nur um ungef\u00e4hre Ma\u00dfe handelt, da die Bez\u00fcge ein paar Zentimeter gr\u00f6\u00dfer sein m\u00fcssen.<\/span><\/p>\n<p><span style=\"font-weight: 400;\"><strong>Vorteile:<\/strong> Super breite Sitze mit sehr bequemen Lendenkissen.<\/span><\/p>\n<p><span style=\"font-weight: 400;\"><strong>Nachteile:<\/strong> Der einzige Nachteil von dem Sofa ist, dass es eingestellt wurde.<\/span><\/p>\n<h2>Unsere Bewertung<\/h2>\n<p><span style=\"font-weight: 400;\">Das IKEA Nikkala Sofa wurde Anfang 2000 eingef\u00fchrt und leider 2007 eingestellt. Wir verstehen bis heute noch nicht warum es eigentlich nicht mehr hergestellt wird, da es so ein robustes und bequemes Sofa ist.<\/span><\/p>\n<p><span style=\"font-weight: 400;\">Beachte bitte, dass es zwei Versionen von Bez\u00fcgen f\u00fcr das IKEA Nikkala Sofa gibt &#8211; eine mit dem weicheren und eine mit dem h\u00e4rteren Klettverschluss. Wahrscheinlich verursachten die Bez\u00fcge viele Probleme, da die Kunden nicht wussten welche Version sie kaufen sollten und deswegen wurde die Serie eingestellt. <\/span><\/p>\n Nikkala Sofas in Lino Brushed\n<p><span style=\"font-weight: 400;\">Obwohl das Modell nicht mehr bei IKEA erh\u00e4ltlich ist, produziert <a href=\"https:\/\/comfort-works.com\/de\/\">Comfort Works<\/a> immer noch <a href=\"https:\/\/comfort-works.com\/de-de\/collections\/ikea-nikkala-slipcovers\n\">Ersatz-Bez\u00fcge f\u00fcr das Nikkala Sofa<\/a>. Bei uns findest du auch bodenlange Nikkala Sofabez\u00fcge. Hast du Fragen? Dann kontaktiere uns <a href=\"https:\/\/comfort-works.com\/de-de\/content\/kontakt-379\/\">hier<\/a>.<\/span><\/p>\n<p><!--h2>More Information.<\/h2-->\n","protected":false},"excerpt":{"rendered":"<p>Ultimative Tipps und Informationen \u00fcber die IKEA Nikkala Sofa Serie \u2013 Ma\u00dfe, Bewertungen, Bez\u00fcge, Anleitungen und mehr. Vielleicht suchst du nach dem perfekten Sofa und brauchst ein wenig Hilfe? Oder hast du dich bereits f\u00fcr das Nikkala Sofa entschieden, eins auf Ebay gefunden und jetzt ben\u00f6tigst du weitere Informationen \u00fcber das Modell? Es k\u00f6nnte sein, [&hellip;]<\/p>\n","protected":false},"author":1,"featured_media":0,"parent":0,"menu_order":0,"comment_status":"open","ping_status":"closed","template":"","meta":{"_acf_changed":false,"footnotes":""},"class_list":["post-30526","page","type-page","status-publish","hentry"],"acf":[],"yoast_head":"<!-- This site is optimized with the Yoast SEO Premium plugin v25.1 (Yoast SEO v25.1) - https:\/\/yoast.com\/wordpress\/plugins\/seo\/ -->\n<title>Anleitung f\u00fcr IKEA Nikkala Sofas<\/title>\n<meta name=\"description\" content=\"Ultimative Tipps und Informationen \u00fcber die IKEA Nikkala Sofa Serie \u2013 Ma\u00dfe, Bewertungen, Bez\u00fcge, Anleitungen und mehr.\" \/>\n<meta name=\"robots\" content=\"index, follow, max-snippet:-1, max-image-preview:large, max-video-preview:-1\" \/>\n<link rel=\"canonical\" href=\"https:\/\/blog.comfort-works.com\/de\/anleitung-fur-ikea-nikkala-sofas\/\" \/>\n<meta property=\"og:locale\" content=\"de_DE\" \/>\n<meta property=\"og:type\" content=\"article\" \/>\n<meta property=\"og:title\" content=\"Anleitung f\u00fcr IKEA Nikkala Sofas\" \/>\n<meta property=\"og:description\" content=\"Ultimative Tipps und Informationen \u00fcber die IKEA Nikkala Sofa Serie \u2013 Ma\u00dfe, Bewertungen, Bez\u00fcge, Anleitungen und mehr.\" \/>\n<meta property=\"og:url\" content=\"https:\/\/blog.comfort-works.com\/de\/anleitung-fur-ikea-nikkala-sofas\/\" \/>\n<meta property=\"og:site_name\" content=\"Comfort Works Blog &amp; Design Inspirationen\" \/>\n<meta property=\"article:publisher\" content=\"https:\/\/www.facebook.com\/comfortworkscovers\" \/>\n<meta property=\"article:modified_time\" content=\"2024-01-16T01:11:36+00:00\" \/>\n<meta property=\"og:image\" content=\"https:\/\/blog.comfort-works.com\/wp-content\/uploads\/2025\/06\/Frame-51.png\" \/>\n\t<meta property=\"og:image:width\" content=\"1200\" \/>\n\t<meta property=\"og:image:height\" content=\"675\" \/>\n\t<meta property=\"og:image:type\" content=\"image\/png\" \/>\n<meta name=\"twitter:card\" content=\"summary_large_image\" \/>\n<meta name=\"twitter:site\" content=\"@comfortworks\" \/>\n<meta name=\"twitter:label1\" content=\"Gesch\u00e4tzte Lesezeit\" \/>\n\t<meta name=\"twitter:data1\" content=\"2\u00a0Minuten\" \/>\n<script type=\"application\/ld+json\" class=\"yoast-schema-graph\">{\"@context\":\"https:\/\/schema.org\",\"@graph\":[{\"@type\":\"WebPage\",\"@id\":\"https:\/\/blog.comfort-works.com\/de\/anleitung-fur-ikea-nikkala-sofas\/\",\"url\":\"https:\/\/blog.comfort-works.com\/de\/anleitung-fur-ikea-nikkala-sofas\/\",\"name\":\"Anleitung f\u00fcr IKEA Nikkala Sofas\",\"isPartOf\":{\"@id\":\"https:\/\/blog.comfort-works.com\/#website\"},\"datePublished\":\"2018-07-09T08:00:58+00:00\",\"dateModified\":\"2024-01-16T01:11:36+00:00\",\"description\":\"Ultimative Tipps und Informationen \u00fcber die IKEA Nikkala Sofa Serie \u2013 Ma\u00dfe, Bewertungen, Bez\u00fcge, Anleitungen und mehr.\",\"inLanguage\":\"de\",\"potentialAction\":[{\"@type\":\"ReadAction\",\"target\":[\"https:\/\/blog.comfort-works.com\/de\/anleitung-fur-ikea-nikkala-sofas\/\"]}]},{\"@type\":\"WebSite\",\"@id\":\"https:\/\/blog.comfort-works.com\/#website\",\"url\":\"https:\/\/blog.comfort-works.com\/\",\"name\":\"Finding Comfort\",\"description\":\"Alles \u00fcber sch\u00f6ner Wohnen und Leben\",\"publisher\":{\"@id\":\"https:\/\/blog.comfort-works.com\/#organization\"},\"potentialAction\":[{\"@type\":\"SearchAction\",\"target\":{\"@type\":\"EntryPoint\",\"urlTemplate\":\"https:\/\/blog.comfort-works.com\/?s={search_term_string}\"},\"query-input\":{\"@type\":\"PropertyValueSpecification\",\"valueRequired\":true,\"valueName\":\"search_term_string\"}}],\"inLanguage\":\"de\"},{\"@type\":\"Organization\",\"@id\":\"https:\/\/blog.comfort-works.com\/#organization\",\"name\":\"Comfort Works\",\"url\":\"https:\/\/blog.comfort-works.com\/\",\"logo\":{\"@type\":\"ImageObject\",\"inLanguage\":\"de\",\"@id\":\"https:\/\/blog.comfort-works.com\/#\/schema\/logo\/image\/\",\"url\":\"https:\/\/blog.comfort-works.com\/wp-content\/uploads\/2025\/06\/Frame-31.png\",\"contentUrl\":\"https:\/\/blog.comfort-works.com\/wp-content\/uploads\/2025\/06\/Frame-31.png\",\"width\":1200,\"height\":675,\"caption\":\"Comfort Works\"},\"image\":{\"@id\":\"https:\/\/blog.comfort-works.com\/#\/schema\/logo\/image\/\"},\"sameAs\":[\"https:\/\/www.facebook.com\/comfortworkscovers\",\"https:\/\/x.com\/comfortworks\",\"https:\/\/www.instagram.com\/comfortworks\/\",\"https:\/\/www.pinterest.com\/comfortworks\/\",\"https:\/\/www.youtube.com\/channel\/UCiY0z-GqZUzfeBwrAhT2kAg\"]}]}<\/script>\n<!-- \/ Yoast SEO Premium plugin. -->","yoast_head_json":{"title":"Anleitung f\u00fcr IKEA Nikkala Sofas","description":"Ultimative Tipps und Informationen \u00fcber die IKEA Nikkala Sofa Serie \u2013 Ma\u00dfe, Bewertungen, Bez\u00fcge, Anleitungen und mehr.","robots":{"index":"index","follow":"follow","max-snippet":"max-snippet:-1","max-image-preview":"max-image-preview:large","max-video-preview":"max-video-preview:-1"},"canonical":"https:\/\/blog.comfort-works.com\/de\/anleitung-fur-ikea-nikkala-sofas\/","og_locale":"de_DE","og_type":"article","og_title":"Anleitung f\u00fcr IKEA Nikkala Sofas","og_description":"Ultimative Tipps und Informationen \u00fcber die IKEA Nikkala Sofa Serie \u2013 Ma\u00dfe, Bewertungen, Bez\u00fcge, Anleitungen und mehr.","og_url":"https:\/\/blog.comfort-works.com\/de\/anleitung-fur-ikea-nikkala-sofas\/","og_site_name":"Comfort Works Blog &amp; Design Inspirationen","article_publisher":"https:\/\/www.facebook.com\/comfortworkscovers","article_modified_time":"2024-01-16T01:11:36+00:00","og_image":[{"width":1200,"height":675,"url":"https:\/\/blog.comfort-works.com\/wp-content\/uploads\/2025\/06\/Frame-51.png","type":"image\/png"}],"twitter_card":"summary_large_image","twitter_site":"@comfortworks","twitter_misc":{"Gesch\u00e4tzte Lesezeit":"2\u00a0Minuten"},"schema":{"@context":"https:\/\/schema.org","@graph":[{"@type":"WebPage","@id":"https:\/\/blog.comfort-works.com\/de\/anleitung-fur-ikea-nikkala-sofas\/","url":"https:\/\/blog.comfort-works.com\/de\/anleitung-fur-ikea-nikkala-sofas\/","name":"Anleitung f\u00fcr IKEA Nikkala Sofas","isPartOf":{"@id":"https:\/\/blog.comfort-works.com\/#website"},"datePublished":"2018-07-09T08:00:58+00:00","dateModified":"2024-01-16T01:11:36+00:00","description":"Ultimative Tipps und Informationen \u00fcber die IKEA Nikkala Sofa Serie \u2013 Ma\u00dfe, Bewertungen, Bez\u00fcge, Anleitungen und mehr.","inLanguage":"de","potentialAction":[{"@type":"ReadAction","target":["https:\/\/blog.comfort-works.com\/de\/anleitung-fur-ikea-nikkala-sofas\/"]}]},{"@type":"WebSite","@id":"https:\/\/blog.comfort-works.com\/#website","url":"https:\/\/blog.comfort-works.com\/","name":"Finding Comfort","description":"Alles \u00fcber sch\u00f6ner Wohnen und Leben","publisher":{"@id":"https:\/\/blog.comfort-works.com\/#organization"},"potentialAction":[{"@type":"SearchAction","target":{"@type":"EntryPoint","urlTemplate":"https:\/\/blog.comfort-works.com\/?s={search_term_string}"},"query-input":{"@type":"PropertyValueSpecification","valueRequired":true,"valueName":"search_term_string"}}],"inLanguage":"de"},{"@type":"Organization","@id":"https:\/\/blog.comfort-works.com\/#organization","name":"Comfort Works","url":"https:\/\/blog.comfort-works.com\/","logo":{"@type":"ImageObject","inLanguage":"de","@id":"https:\/\/blog.comfort-works.com\/#\/schema\/logo\/image\/","url":"https:\/\/blog.comfort-works.com\/wp-content\/uploads\/2025\/06\/Frame-31.png","contentUrl":"https:\/\/blog.comfort-works.com\/wp-content\/uploads\/2025\/06\/Frame-31.png","width":1200,"height":675,"caption":"Comfort Works"},"image":{"@id":"https:\/\/blog.comfort-works.com\/#\/schema\/logo\/image\/"},"sameAs":["https:\/\/www.facebook.com\/comfortworkscovers","https:\/\/x.com\/comfortworks","https:\/\/www.instagram.com\/comfortworks\/","https:\/\/www.pinterest.com\/comfortworks\/","https:\/\/www.youtube.com\/channel\/UCiY0z-GqZUzfeBwrAhT2kAg"]}]}},"_links":{"self":[{"href":"https:\/\/blog.comfort-works.com\/de\/wp-json\/wp\/v2\/pages\/30526","targetHints":{"allow":["GET"]}}],"collection":[{"href":"https:\/\/blog.comfort-works.com\/de\/wp-json\/wp\/v2\/pages"}],"about":[{"href":"https:\/\/blog.comfort-works.com\/de\/wp-json\/wp\/v2\/types\/page"}],"author":[{"embeddable":true,"href":"https:\/\/blog.comfort-works.com\/de\/wp-json\/wp\/v2\/users\/1"}],"replies":[{"embeddable":true,"href":"https:\/\/blog.comfort-works.com\/de\/wp-json\/wp\/v2\/comments?post=30526"}],"version-history":[{"count":9,"href":"https:\/\/blog.comfort-works.com\/de\/wp-json\/wp\/v2\/pages\/30526\/revisions"}],"predecessor-version":[{"id":110047,"href":"https:\/\/blog.comfort-works.com\/de\/wp-json\/wp\/v2\/pages\/30526\/revisions\/110047"}],"wp:attachment":[{"href":"https:\/\/blog.comfort-works.com\/de\/wp-json\/wp\/v2\/media?parent=30526"}],"curies":[{"name":"wp","href":"https:\/\/api.w.org\/{rel}","templated":true}]}}