{"id":30568,"date":"2018-07-09T16:41:11","date_gmt":"2018-07-09T08:41:11","guid":{"rendered":"https:\/\/www.comfort-works.com\/news\/anleitung-fur-ikea-soderhamn-sofas\/"},"modified":"2024-01-31T14:20:27","modified_gmt":"2024-01-31T06:20:27","slug":"anleitung-fur-ikea-soderhamn-sofas","status":"publish","type":"page","link":"https:\/\/blog.comfort-works.com\/de\/anleitung-fur-ikea-soderhamn-sofas\/","title":{"rendered":"Anleitung f\u00fcr IKEA S\u00f6derhamn Sofas"},"content":{"rendered":"<p>Das Ikea S\u00f6derhamn Sofa ist stylisch, wandelbar und gem\u00fctlich &#8211; ein perfekter Kandidat f\u00fcr ein Umstyling! Hier findest du ultimative Tipps und Informationen zur IKEA S\u00f6derhamn Sofa Serie \u2013 Ma\u00dfe, Bewertungen, Bez\u00fcge, Anleitungen und mehr.<\/p>\n<p>Vielleicht suchst du das perfekte Sofa und brauchst ein wenig Hilfe? Oder hast du dich bereits f\u00fcr das S\u00f6derhamn Sofa entschieden, eins auf Ebay gefunden und jetzt ben\u00f6tigst du weitere Informationen \u00fcber das Modell? Es k\u00f6nnte sein, dass du schon das Sofa hast, aber jemand hat darauf Kaffee versch\u00fcttet oder deine Schwiegereltern kommen nach langer Zeit zu besuch. Keine Sorgen, wir sind f\u00fcr jede Situation vorbereitet.<\/p>\n<p>Wenn du weitere Fragen zu der modularen Ikea Sofareihe hast, schreibe uns am besten an <a href=\"mailto:info@comfortworks.com.au\">info@comfortworks.com.au<\/a>.<\/p>\n<figure id=\"attachment_64447\" aria-describedby=\"caption-attachment-64447\" style=\"width: 856px\" class=\"wp-caption alignnone\"><img loading=\"lazy\" decoding=\"async\" class=\"  wp-image-64447\" src=\"https:\/\/blog.comfort-works.com\/wp-content\/uploads\/2020\/06\/Soederhamn_Sofa_Comfort_Works_Bezuege_Leinen_Neutral-950x633.jpg\" alt=\"Soederhamn Sofa Bez\u00fcge von Comfort Works in Leinen\" width=\"856\" height=\"570\" srcset=\"https:\/\/blog.comfort-works.com\/wp-content\/uploads\/2020\/06\/Soederhamn_Sofa_Comfort_Works_Bezuege_Leinen_Neutral-950x633.jpg 950w, https:\/\/blog.comfort-works.com\/wp-content\/uploads\/2020\/06\/Soederhamn_Sofa_Comfort_Works_Bezuege_Leinen_Neutral-1024x682.jpg 1024w, https:\/\/blog.comfort-works.com\/wp-content\/uploads\/2020\/06\/Soederhamn_Sofa_Comfort_Works_Bezuege_Leinen_Neutral-768x512.jpg 768w, https:\/\/blog.comfort-works.com\/wp-content\/uploads\/2020\/06\/Soederhamn_Sofa_Comfort_Works_Bezuege_Leinen_Neutral-1536x1023.jpg 1536w, https:\/\/blog.comfort-works.com\/wp-content\/uploads\/2020\/06\/Soederhamn_Sofa_Comfort_Works_Bezuege_Leinen_Neutral.jpg 1600w\" sizes=\"auto, (max-width: 856px) 100vw, 856px\" \/><figcaption id=\"caption-attachment-64447\" class=\"wp-caption-text\">S\u00f6derhamn Sofa Landschaft mit Comfort Works Leinen Bez\u00fcgen<\/figcaption><\/figure>\n<figure id=\"attachment_64456\" aria-describedby=\"caption-attachment-64456\" style=\"width: 856px\" class=\"wp-caption alignnone\"><img loading=\"lazy\" decoding=\"async\" class=\"wp-image-64456\" src=\"https:\/\/blog.comfort-works.com\/wp-content\/uploads\/2020\/06\/Soederhamn_3Sitzer_Sitzelement_weisser_Lederbezug_ComfortWorks.jpg\" alt=\"Soederhamn 3-Sitzer plus Sitzelement Bez\u00fcge von Comfort Works in wei\u00dfem Leder\" width=\"856\" height=\"570\" \/><figcaption id=\"caption-attachment-64456\" class=\"wp-caption-text\">S\u00f6derhamn 3-Sitzer plus Sitzelement Kombi mit Comfort Works Bez\u00fcgen aus wei\u00dfem Leder<\/figcaption><\/figure>\n<h2>\u00a0<\/h2>\n<h2>Schnellcheck<\/h2>\n<p>Die Sofas und Bez\u00fcge aus dieser Serie sind aktuell noch bei IKEA erh\u00e4ltlich.<\/p>\n<p><strong>Sofabez\u00fcge:<\/strong> Wenn du deiner S\u00f6derhamn Liegewiese das gewisse Etwas geben m\u00f6chtest, und den immer gleichen Ikea Stil satt hast, schaue dir die ma\u00dfgeschneiderten <a href=\"https:\/\/comfort-works.com\/de-de\/collections\/ikea-soderhamn-slipcovers\r\n\">IKEA S\u00f6derhamn Sofabez\u00fcge<\/a> bei <a href=\"https:\/\/comfort-works.com\/de-de\r\n\">Comfort Works<\/a> an!<\/p>\n<p><strong>Ma\u00dfe der Sofaelemente:<\/strong><\/p>\n<ul>\n<li>S\u00f6derhamn Sitzelement 3: Breite &#8211; 99cm; Tiefe &#8211; 99cm;\u00a0 H\u00f6he &#8211; 83cm;<\/li>\n<li>S\u00f6derhamn Sitzelement 1: Breite &#8211; 93cm; Tiefe &#8211; 99cm; H\u00f6he &#8211; 83cm;<\/li>\n<li>S\u00f6derhamn R\u00e9camiere: Breite &#8211; 93cm; Tiefe &#8211; 151cm; H\u00f6he &#8211; 83cm;<\/li>\n<li>S\u00f6derhamn Hocker: Breite &#8211; 93cm; Tiefe &#8211; 93cm; H\u00f6he &#8211; 40cm;<\/li>\n<li>S\u00f6derhamn Armlehne: Breite &#8211; 82cm; Tiefe &#8211; 6cm; H\u00f6he &#8211; 53cm;<\/li>\n<li>S\u00f6derhamn Schlafsofa: Breite &#8211; 200cm; Tiefe &#8211; 99cm; H\u00f6he &#8211; 83cm;<\/li>\n<li>S\u00f6derhamn Eckelement: Breite &#8211; 99cm; Tiefe &#8211; 99cm; H\u00f6he &#8211; 83cm.<\/li>\n<\/ul>\n<p><span style=\"font-weight: 400;\"><strong>Vorteile:<\/strong> Das Sofa kann immer noch bei IKEA gekauft werden. Es ist einfach zu pflegen und die Sofabez\u00fcge k\u00f6nnen abgenommen werden.<\/span><\/p>\n<p><span style=\"font-weight: 400;\"><strong>Nachteile:<\/strong> Es gibt bei IKEA nur eine begrenzte Auswahl an Bez\u00fcgen. Das Austauschen der Bez\u00fcge kann ist etwas aufwendiger, das Sofa muss teilweise auseinander genommen werden.<\/span><\/p>\n<h2>Anleitungen<\/h2>\n<p>Bist du auf der Suche nach der Aufbauanleitung f\u00fcr dein S\u00f6derhamn Sofa? Klicke einfach unten auf das gew\u00fcnschte Modell, um die Anleitung herunterzuladen.<\/p>\n<ul>\n<li><a href=\"https:\/\/www.comfort-works.com\/news\/wp-content\/uploads\/2015\/07\/Soderhamn-3-seat-Section.pdf\">S\u00f6derhamn Sitzelement 3 Anleitung<\/a><\/li>\n<li><a href=\"https:\/\/www.comfort-works.com\/news\/wp-content\/uploads\/2015\/07\/Soderhamn-One-Seat-Section.pdf\">S\u00f6derhamn Sitzelement 1 Anleitung<\/a><\/li>\n<li><a href=\"https:\/\/www.comfort-works.com\/news\/wp-content\/uploads\/2015\/07\/Soderhamn-Chaise-longue.pdf\">S\u00f6derhamn R\u00e9camiere Anleitung<\/a><\/li>\n<li><a href=\"https:\/\/www.comfort-works.com\/news\/wp-content\/uploads\/2015\/07\/Soderhamn-Footstool.pdf\">S\u00f6derhamn Hocker Anleitung<\/a><\/li>\n<li><a href=\"https:\/\/www.comfort-works.com\/news\/wp-content\/uploads\/2015\/07\/Soderhamn-Sofa-Bed.pdf\">S\u00f6derhamn Schlafsofa Anleitung<\/a><\/li>\n<li><a href=\"https:\/\/www.comfort-works.com\/news\/wp-content\/uploads\/2015\/07\/Soderhamn-Corner-Section.pdf\">S\u00f6derhamn Eckelement Anleitung<\/a><\/li>\n<\/ul>\n<h2>Unsere Bewertung<\/h2>\n<p><span style=\"font-weight: 400;\">Das IKEA S\u00f6derhamn Sofa hat ein einzigartiges und sehr wandelbares Design, die schmalen Armlehnen verleihen dem Modell einen besonders geradlinigen und modernen Look. Mit ein paar extra Kissen wird das Sofa zu einer gem\u00fctlichen Kuscheloase!<\/span><\/p>\n<p><span style=\"font-weight: 400;\">Daher empfehlen wir das Ikea S\u00f6derhamn Sofa gern zu 100% weiter! Du kannst es nach Lust und Laune umgestalten, indem du die verschiedenen Sitzelemente anders anordnest. Mit ma\u00dfgeschneiderten, von dir pers\u00f6nlich gestalteten Bez\u00fcgen kannst du deinem Sofa eine ganz besondere Note geben, wie im Bild unten gezeigt. Unsere Ersatzsofabeine runden das Bild ab.<\/span><\/p>\n<figure id=\"attachment_6269\" aria-describedby=\"caption-attachment-6269\" style=\"width: 950px\" class=\"wp-caption aligncenter\"><a href=\"https:\/\/www.comfort-works.com\/news\/wp-content\/uploads\/2015\/07\/Soderhamn-in-Mid-Century-Wooden-Sofa-legs-+-Herringbone-Pebble13.jpg\"><img loading=\"lazy\" decoding=\"async\" class=\"wp-image-6269 size-medium\" src=\"https:\/\/blog.comfort-works.com\/wp-content\/uploads\/2015\/07\/Soderhamn-in-Mid-Century-Wooden-Sofa-legs-+-Herringbone-Pebble13-950x633.jpg\" alt=\"S\u00f6derhamn Sofa mit Bailey Ersatzsofabeinen in Buche von Comfort Works\" width=\"950\" height=\"633\" srcset=\"https:\/\/blog.comfort-works.com\/wp-content\/uploads\/2015\/07\/Soderhamn-in-Mid-Century-Wooden-Sofa-legs-+-Herringbone-Pebble13-950x633.jpg 950w, https:\/\/blog.comfort-works.com\/wp-content\/uploads\/2015\/07\/Soderhamn-in-Mid-Century-Wooden-Sofa-legs-+-Herringbone-Pebble13-1024x683.jpg 1024w, https:\/\/blog.comfort-works.com\/wp-content\/uploads\/2015\/07\/Soderhamn-in-Mid-Century-Wooden-Sofa-legs-+-Herringbone-Pebble13-768x512.jpg 768w, https:\/\/blog.comfort-works.com\/wp-content\/uploads\/2015\/07\/Soderhamn-in-Mid-Century-Wooden-Sofa-legs-+-Herringbone-Pebble13-370x247.jpg 370w, https:\/\/blog.comfort-works.com\/wp-content\/uploads\/2015\/07\/Soderhamn-in-Mid-Century-Wooden-Sofa-legs-+-Herringbone-Pebble13-1010x673.jpg 1010w, https:\/\/blog.comfort-works.com\/wp-content\/uploads\/2015\/07\/Soderhamn-in-Mid-Century-Wooden-Sofa-legs-+-Herringbone-Pebble13-470x313.jpg 470w, https:\/\/blog.comfort-works.com\/wp-content\/uploads\/2015\/07\/Soderhamn-in-Mid-Century-Wooden-Sofa-legs-+-Herringbone-Pebble13.jpg 1296w\" sizes=\"auto, (max-width: 950px) 100vw, 950px\" \/><\/a><figcaption id=\"caption-attachment-6269\" class=\"wp-caption-text\">S\u00f6derhamn Sofa mit Bezug und Ersatzsofabeinen Bailey in Buche von Comfort Works<\/figcaption><\/figure>\n<p>PS. Du stehst auf Designerm\u00f6bel, hast aber ein begrenztes Budget? Kein Problem! Wir zeigen dir, wie du dein IKEA S\u00f6derhamn Sofa in ein <a href=\"https:\/\/www.comfort-works.com\/news\/hacking-the-ghost-sofa-ikea-part-2-of-2-the-reveal\/\">Ghost Sofa<\/a> verwandeln kannst!<\/p>\n<h2>Mehr Informationen<\/h2>\n<p><a href=\"http:\/\/www.loveliesinmylife.com\/2015\/04\/comfort-works-soderhamn-slipcover-review.html\">Loveliesinmylife<\/a> &#8211;\u00a0<span style=\"font-weight: 400;\">Eine Rezension der Comfort Works Bez\u00fcge aus Liege Biscuit f\u00fcr das S\u00f6derhamn Sofa.<\/span><\/p>\n<p>Schaue bei Anni von Ganzgewohnlich vorbei und lass&#8216; dich von ihrem Comfort Works S\u00f6derhamn Bezug in der lockeren Hussenoptik inspirieren!<\/p>\n<p><a href=\"http:\/\/www.idainteriorlifestyle.com\/2015\/07\/custom-ikea-soderhamn-slipcover-from.html\">IDA Interior Lifestyle<\/a> &#8211; <span style=\"font-weight: 400;\">Eine Produktbewertung der Comfort Works Bez\u00fcge aus Bycast-Leder (Modena White) f\u00fcr das S\u00f6derhamn Sofa.<\/span><\/p>\n<p>APARTMENT THERAPY &#8211; Meinungen und Bewertungen der S\u00f6derhamn Sofa Serie.<\/p>\n<p>Bist du bereit, deinem Ikea S\u00f6derhamn Sofa einen neuen Look zu verleihen? Beginne am besten mit der Auswahl deiner Stoffproben!<\/p>\n\n\n<div class=\"wp-block-button aligncenter is-style-fill\"><a class=\"wp-block-button__link\" href=\"https:\/\/comfort-works.com\/de-de\/pages\/fabric-samples\">SENDET MIR STOFFPROBEN<\/a><\/div>\n","protected":false},"excerpt":{"rendered":"<p>Das Ikea S\u00f6derhamn Sofa ist stylisch, wandelbar und gem\u00fctlich &#8211; ein perfekter Kandidat f\u00fcr ein Umstyling! Hier findest du ultimative Tipps und Informationen zur IKEA S\u00f6derhamn Sofa Serie \u2013 Ma\u00dfe, Bewertungen, Bez\u00fcge, Anleitungen und mehr. Vielleicht suchst du das perfekte Sofa und brauchst ein wenig Hilfe? Oder hast du dich bereits f\u00fcr das S\u00f6derhamn Sofa [&hellip;]<\/p>\n","protected":false},"author":1001007,"featured_media":0,"parent":0,"menu_order":0,"comment_status":"open","ping_status":"closed","template":"","meta":{"_acf_changed":false,"footnotes":""},"class_list":["post-30568","page","type-page","status-publish","hentry"],"acf":[],"yoast_head":"<!-- This site is optimized with the Yoast SEO Premium plugin v25.1 (Yoast SEO v25.1) - https:\/\/yoast.com\/wordpress\/plugins\/seo\/ -->\n<title>Anleitung f\u00fcr IKEA Soderhamn Sofas<\/title>\n<meta name=\"description\" content=\"Ultimative Tipps und Informationen \u00fcber die IKEA Soderhamn Sofa Serie \u2013 Ma\u00dfe, Bewertungen, Bez\u00fcge, Anleitungen und mehr.\" \/>\n<meta name=\"robots\" content=\"index, follow, max-snippet:-1, max-image-preview:large, max-video-preview:-1\" \/>\n<link rel=\"canonical\" href=\"https:\/\/blog.comfort-works.com\/de\/anleitung-fur-ikea-soderhamn-sofas\/\" \/>\n<meta property=\"og:locale\" content=\"de_DE\" \/>\n<meta property=\"og:type\" content=\"article\" \/>\n<meta property=\"og:title\" content=\"Anleitung f\u00fcr IKEA Soderhamn Sofas\" \/>\n<meta property=\"og:description\" content=\"Ultimative Tipps und Informationen \u00fcber die IKEA Soderhamn Sofa Serie \u2013 Ma\u00dfe, Bewertungen, Bez\u00fcge, Anleitungen und mehr.\" \/>\n<meta property=\"og:url\" content=\"https:\/\/blog.comfort-works.com\/de\/anleitung-fur-ikea-soderhamn-sofas\/\" \/>\n<meta property=\"og:site_name\" content=\"Comfort Works Blog &amp; Design Inspirationen\" \/>\n<meta property=\"article:publisher\" content=\"https:\/\/www.facebook.com\/comfortworkscovers\" \/>\n<meta property=\"article:modified_time\" content=\"2024-01-31T06:20:27+00:00\" \/>\n<meta property=\"og:image\" content=\"https:\/\/blog.comfort-works.com\/wp-content\/uploads\/2020\/06\/Soederhamn_Sofa_Comfort_Works_Bezuege_Leinen_Neutral-950x633.jpg\" \/>\n<meta name=\"twitter:card\" content=\"summary_large_image\" \/>\n<meta name=\"twitter:site\" content=\"@comfortworks\" \/>\n<meta name=\"twitter:label1\" content=\"Gesch\u00e4tzte Lesezeit\" \/>\n\t<meta name=\"twitter:data1\" content=\"3\u00a0Minuten\" \/>\n<script type=\"application\/ld+json\" class=\"yoast-schema-graph\">{\"@context\":\"https:\/\/schema.org\",\"@graph\":[{\"@type\":\"WebPage\",\"@id\":\"https:\/\/blog.comfort-works.com\/de\/anleitung-fur-ikea-soderhamn-sofas\/\",\"url\":\"https:\/\/blog.comfort-works.com\/de\/anleitung-fur-ikea-soderhamn-sofas\/\",\"name\":\"Anleitung f\u00fcr IKEA Soderhamn Sofas\",\"isPartOf\":{\"@id\":\"https:\/\/blog.comfort-works.com\/#website\"},\"primaryImageOfPage\":{\"@id\":\"https:\/\/blog.comfort-works.com\/de\/anleitung-fur-ikea-soderhamn-sofas\/#primaryimage\"},\"image\":{\"@id\":\"https:\/\/blog.comfort-works.com\/de\/anleitung-fur-ikea-soderhamn-sofas\/#primaryimage\"},\"thumbnailUrl\":\"https:\/\/blog.comfort-works.com\/wp-content\/uploads\/2020\/06\/Soederhamn_Sofa_Comfort_Works_Bezuege_Leinen_Neutral-950x633.jpg\",\"datePublished\":\"2018-07-09T08:41:11+00:00\",\"dateModified\":\"2024-01-31T06:20:27+00:00\",\"description\":\"Ultimative Tipps und Informationen \u00fcber die IKEA Soderhamn Sofa Serie \u2013 Ma\u00dfe, Bewertungen, Bez\u00fcge, Anleitungen und mehr.\",\"inLanguage\":\"de\",\"potentialAction\":[{\"@type\":\"ReadAction\",\"target\":[\"https:\/\/blog.comfort-works.com\/de\/anleitung-fur-ikea-soderhamn-sofas\/\"]}]},{\"@type\":\"ImageObject\",\"inLanguage\":\"de\",\"@id\":\"https:\/\/blog.comfort-works.com\/de\/anleitung-fur-ikea-soderhamn-sofas\/#primaryimage\",\"url\":\"https:\/\/blog.comfort-works.com\/wp-content\/uploads\/2020\/06\/Soederhamn_Sofa_Comfort_Works_Bezuege_Leinen_Neutral-950x633.jpg\",\"contentUrl\":\"https:\/\/blog.comfort-works.com\/wp-content\/uploads\/2020\/06\/Soederhamn_Sofa_Comfort_Works_Bezuege_Leinen_Neutral-950x633.jpg\"},{\"@type\":\"WebSite\",\"@id\":\"https:\/\/blog.comfort-works.com\/#website\",\"url\":\"https:\/\/blog.comfort-works.com\/\",\"name\":\"Finding Comfort\",\"description\":\"Alles \u00fcber sch\u00f6ner Wohnen und Leben\",\"publisher\":{\"@id\":\"https:\/\/blog.comfort-works.com\/#organization\"},\"potentialAction\":[{\"@type\":\"SearchAction\",\"target\":{\"@type\":\"EntryPoint\",\"urlTemplate\":\"https:\/\/blog.comfort-works.com\/?s={search_term_string}\"},\"query-input\":{\"@type\":\"PropertyValueSpecification\",\"valueRequired\":true,\"valueName\":\"search_term_string\"}}],\"inLanguage\":\"de\"},{\"@type\":\"Organization\",\"@id\":\"https:\/\/blog.comfort-works.com\/#organization\",\"name\":\"Comfort Works\",\"url\":\"https:\/\/blog.comfort-works.com\/\",\"logo\":{\"@type\":\"ImageObject\",\"inLanguage\":\"de\",\"@id\":\"https:\/\/blog.comfort-works.com\/#\/schema\/logo\/image\/\",\"url\":\"https:\/\/blog.comfort-works.com\/wp-content\/uploads\/2025\/06\/Frame-31.png\",\"contentUrl\":\"https:\/\/blog.comfort-works.com\/wp-content\/uploads\/2025\/06\/Frame-31.png\",\"width\":1200,\"height\":675,\"caption\":\"Comfort Works\"},\"image\":{\"@id\":\"https:\/\/blog.comfort-works.com\/#\/schema\/logo\/image\/\"},\"sameAs\":[\"https:\/\/www.facebook.com\/comfortworkscovers\",\"https:\/\/x.com\/comfortworks\",\"https:\/\/www.instagram.com\/comfortworks\/\",\"https:\/\/www.pinterest.com\/comfortworks\/\",\"https:\/\/www.youtube.com\/channel\/UCiY0z-GqZUzfeBwrAhT2kAg\"]}]}<\/script>\n<!-- \/ Yoast SEO Premium plugin. -->","yoast_head_json":{"title":"Anleitung f\u00fcr IKEA Soderhamn Sofas","description":"Ultimative Tipps und Informationen \u00fcber die IKEA Soderhamn Sofa Serie \u2013 Ma\u00dfe, Bewertungen, Bez\u00fcge, Anleitungen und mehr.","robots":{"index":"index","follow":"follow","max-snippet":"max-snippet:-1","max-image-preview":"max-image-preview:large","max-video-preview":"max-video-preview:-1"},"canonical":"https:\/\/blog.comfort-works.com\/de\/anleitung-fur-ikea-soderhamn-sofas\/","og_locale":"de_DE","og_type":"article","og_title":"Anleitung f\u00fcr IKEA Soderhamn Sofas","og_description":"Ultimative Tipps und Informationen \u00fcber die IKEA Soderhamn Sofa Serie \u2013 Ma\u00dfe, Bewertungen, Bez\u00fcge, Anleitungen und mehr.","og_url":"https:\/\/blog.comfort-works.com\/de\/anleitung-fur-ikea-soderhamn-sofas\/","og_site_name":"Comfort Works Blog &amp; Design Inspirationen","article_publisher":"https:\/\/www.facebook.com\/comfortworkscovers","article_modified_time":"2024-01-31T06:20:27+00:00","og_image":[{"url":"https:\/\/blog.comfort-works.com\/wp-content\/uploads\/2020\/06\/Soederhamn_Sofa_Comfort_Works_Bezuege_Leinen_Neutral-950x633.jpg","type":"","width":"","height":""}],"twitter_card":"summary_large_image","twitter_site":"@comfortworks","twitter_misc":{"Gesch\u00e4tzte Lesezeit":"3\u00a0Minuten"},"schema":{"@context":"https:\/\/schema.org","@graph":[{"@type":"WebPage","@id":"https:\/\/blog.comfort-works.com\/de\/anleitung-fur-ikea-soderhamn-sofas\/","url":"https:\/\/blog.comfort-works.com\/de\/anleitung-fur-ikea-soderhamn-sofas\/","name":"Anleitung f\u00fcr IKEA Soderhamn Sofas","isPartOf":{"@id":"https:\/\/blog.comfort-works.com\/#website"},"primaryImageOfPage":{"@id":"https:\/\/blog.comfort-works.com\/de\/anleitung-fur-ikea-soderhamn-sofas\/#primaryimage"},"image":{"@id":"https:\/\/blog.comfort-works.com\/de\/anleitung-fur-ikea-soderhamn-sofas\/#primaryimage"},"thumbnailUrl":"https:\/\/blog.comfort-works.com\/wp-content\/uploads\/2020\/06\/Soederhamn_Sofa_Comfort_Works_Bezuege_Leinen_Neutral-950x633.jpg","datePublished":"2018-07-09T08:41:11+00:00","dateModified":"2024-01-31T06:20:27+00:00","description":"Ultimative Tipps und Informationen \u00fcber die IKEA Soderhamn Sofa Serie \u2013 Ma\u00dfe, Bewertungen, Bez\u00fcge, Anleitungen und mehr.","inLanguage":"de","potentialAction":[{"@type":"ReadAction","target":["https:\/\/blog.comfort-works.com\/de\/anleitung-fur-ikea-soderhamn-sofas\/"]}]},{"@type":"ImageObject","inLanguage":"de","@id":"https:\/\/blog.comfort-works.com\/de\/anleitung-fur-ikea-soderhamn-sofas\/#primaryimage","url":"https:\/\/blog.comfort-works.com\/wp-content\/uploads\/2020\/06\/Soederhamn_Sofa_Comfort_Works_Bezuege_Leinen_Neutral-950x633.jpg","contentUrl":"https:\/\/blog.comfort-works.com\/wp-content\/uploads\/2020\/06\/Soederhamn_Sofa_Comfort_Works_Bezuege_Leinen_Neutral-950x633.jpg"},{"@type":"WebSite","@id":"https:\/\/blog.comfort-works.com\/#website","url":"https:\/\/blog.comfort-works.com\/","name":"Finding Comfort","description":"Alles \u00fcber sch\u00f6ner Wohnen und Leben","publisher":{"@id":"https:\/\/blog.comfort-works.com\/#organization"},"potentialAction":[{"@type":"SearchAction","target":{"@type":"EntryPoint","urlTemplate":"https:\/\/blog.comfort-works.com\/?s={search_term_string}"},"query-input":{"@type":"PropertyValueSpecification","valueRequired":true,"valueName":"search_term_string"}}],"inLanguage":"de"},{"@type":"Organization","@id":"https:\/\/blog.comfort-works.com\/#organization","name":"Comfort Works","url":"https:\/\/blog.comfort-works.com\/","logo":{"@type":"ImageObject","inLanguage":"de","@id":"https:\/\/blog.comfort-works.com\/#\/schema\/logo\/image\/","url":"https:\/\/blog.comfort-works.com\/wp-content\/uploads\/2025\/06\/Frame-31.png","contentUrl":"https:\/\/blog.comfort-works.com\/wp-content\/uploads\/2025\/06\/Frame-31.png","width":1200,"height":675,"caption":"Comfort Works"},"image":{"@id":"https:\/\/blog.comfort-works.com\/#\/schema\/logo\/image\/"},"sameAs":["https:\/\/www.facebook.com\/comfortworkscovers","https:\/\/x.com\/comfortworks","https:\/\/www.instagram.com\/comfortworks\/","https:\/\/www.pinterest.com\/comfortworks\/","https:\/\/www.youtube.com\/channel\/UCiY0z-GqZUzfeBwrAhT2kAg"]}]}},"_links":{"self":[{"href":"https:\/\/blog.comfort-works.com\/de\/wp-json\/wp\/v2\/pages\/30568","targetHints":{"allow":["GET"]}}],"collection":[{"href":"https:\/\/blog.comfort-works.com\/de\/wp-json\/wp\/v2\/pages"}],"about":[{"href":"https:\/\/blog.comfort-works.com\/de\/wp-json\/wp\/v2\/types\/page"}],"author":[{"embeddable":true,"href":"https:\/\/blog.comfort-works.com\/de\/wp-json\/wp\/v2\/users\/1001007"}],"replies":[{"embeddable":true,"href":"https:\/\/blog.comfort-works.com\/de\/wp-json\/wp\/v2\/comments?post=30568"}],"version-history":[{"count":17,"href":"https:\/\/blog.comfort-works.com\/de\/wp-json\/wp\/v2\/pages\/30568\/revisions"}],"predecessor-version":[{"id":114930,"href":"https:\/\/blog.comfort-works.com\/de\/wp-json\/wp\/v2\/pages\/30568\/revisions\/114930"}],"wp:attachment":[{"href":"https:\/\/blog.comfort-works.com\/de\/wp-json\/wp\/v2\/media?parent=30568"}],"curies":[{"name":"wp","href":"https:\/\/api.w.org\/{rel}","templated":true}]}}