{"id":30576,"date":"2018-07-09T17:06:53","date_gmt":"2018-07-09T09:06:53","guid":{"rendered":"https:\/\/www.comfort-works.com\/news\/informationen-uber-ikea-sofas\/anleitung-fur-ikea-vilasund-sofas\/"},"modified":"2024-01-15T13:22:22","modified_gmt":"2024-01-15T05:22:22","slug":"anleitung-fur-ikea-vilasund-sofas","status":"publish","type":"page","link":"https:\/\/blog.comfort-works.com\/de\/ikea-sofa-bewertungen\/anleitung-fur-ikea-vilasund-sofas\/","title":{"rendered":"Anleitung f\u00fcr IKEA Vilasund Sofas"},"content":{"rendered":"<p>Ultimative Tipps und Informationen \u00fcber die IKEA Vilasund Sofa Serie \u2013 Ma\u00dfe, Bewertungen, Bez\u00fcge, Anleitungen und mehr.<\/p>\n<p>Vielleicht suchst du das perfekte Sofa und brauchst ein wenig Hilfe? Oder hast du dich bereits f\u00fcr das Vilasund Sofa entschieden, eins auf Ebay gefunden und jetzt ben\u00f6tigst du weitere Informationen \u00fcber das Modell? Es k\u00f6nnte sein, dass du schon das Sofa hast, aber jemand hat darauf Kaffee versch\u00fcttet oder deine Schwiegereltern kommen nach langer Zeit zu besuch. Keine Sorgen, wir sind f\u00fcr jede Situation vorbereitet.<\/p>\n<p>Wenn du weitere Fragen wegen der Serie hast, kontaktiere uns am besten unter\u00a0<a href=\"mailto:info@comfortworks.com.au\">info@comfortworks.com.au<\/a>.<\/p>\n<figure id=\"attachment_6190\" aria-describedby=\"caption-attachment-6190\" style=\"width: 640px\" class=\"wp-caption aligncenter\"><a href=\"https:\/\/www.comfort-works.com\/news\/wp-content\/uploads\/2015\/07\/b2737936a03f1c42815ede8de6cde9ce.jpg\"><img loading=\"lazy\" decoding=\"async\" class=\"size-full wp-image-6190\" src=\"https:\/\/www.comfort-works.com\/news\/wp-content\/uploads\/2015\/07\/b2737936a03f1c42815ede8de6cde9ce.jpg\" alt=\"VILASUND \/ MARIEBY Sofa bed with chaise lounge, Dansbo beige\" width=\"640\" height=\"640\" srcset=\"https:\/\/blog.comfort-works.com\/wp-content\/uploads\/2015\/07\/b2737936a03f1c42815ede8de6cde9ce.jpg 640w, https:\/\/blog.comfort-works.com\/wp-content\/uploads\/2015\/07\/b2737936a03f1c42815ede8de6cde9ce-150x150.jpg 150w\" sizes=\"auto, (max-width: 640px) 100vw, 640px\" \/><\/a><figcaption id=\"caption-attachment-6190\" class=\"wp-caption-text\">VILASUND \/ MARIEBY<br \/>Schlafsofa mit R\u00e9camiere in Dansbo Beige<\/figcaption><\/figure>\n<p>&nbsp;<\/p>\n<h2>Schneller Check<\/h2>\n<p>Das Sofa ist noch bei IKEA (Australien) erh\u00e4ltlich, aber leider nicht die Bez\u00fcge.<\/p>\n<p><strong>Sofabez\u00fcge:<\/strong> Zum Gl\u00fcck k\u00f6nnen personalisierte<a href=\"https:\/\/comfort-works.com\/de-de\/collections\/ikea-vilasund-slipcovers\n\"> IKEA Vilasund Sofabez\u00fcge<\/a> bei <a href=\"https:\/\/comfort-works.com\/de-de\n\">Comfort Works<\/a> bestellt werden.<\/p>\n<p><strong>Ma\u00dfe:<\/strong><\/p>\n<ul>\n<li>Vilasund 3er Schlafsofa: Breite &#8211; 202cm; Tiefe &#8211; 88cm; H\u00f6he &#8211; 71cm;<\/li>\n<li>Vilasund Schlafsofa mit\u00a0R\u00e9camiere: Breite &#8211; 242cm; Tiefe &#8211; 88\/150cm; H\u00f6he &#8211; 71cm.<\/li>\n<\/ul>\n<p><span style=\"font-weight: 400;\"><strong>Vorteile:<\/strong> Die Position der R\u00e9camiere kann immer ge\u00e4ndert und entweder auf der rechten oder linken Seite platziert werden. Das Sofa ist einfach zu waschen und kann ohne Probleme in ein Bett verwandelt werden.<\/span><\/p>\n<p><span style=\"font-weight: 400;\"><strong>Nachteile:<\/strong> Leider ist das Sofa bei IKEA nur in 3 Farben erh\u00e4ltlich.<\/span><\/p>\n<p>&nbsp;<\/p>\n<h2>Anleitungen<\/h2>\n<p>M\u00f6chtest du wissen, wie du ein Vilasund Sofa zusammenbauen sollst? Dann klicke <a href=\"https:\/\/www.comfort-works.com\/news\/wp-content\/uploads\/2015\/07\/Vilasund-Sofa-Bed-with-Chaise.pdf\">hier<\/a>, um die Bedienungsanleitung herunterzuladen.<\/p>\n<p>&nbsp;<\/p>\n<h2>Unsere Bewertung<\/h2>\n<p><span style=\"font-weight: 400;\">Das IKEA Vilasund Sofa ist sehr praktisch, jedoch nicht so bequem wie das Backabro Sofa.<\/span><\/p>\n<p><span style=\"font-weight: 400;\">Kann das Modell empfohlen werden? Ja, wenn du was Modernes und Klassisches suchst. Wenn es jedoch um den Komfort geht, dann w\u00fcrden wir eher das Backabro Sofa vorschlagen, da es ein \u00e4hnliches Design hat, aber sich auch besser zum Schlafen oder Faulenzen eignet.<\/span><\/p>\n<a href=\"https:\/\/www.comfort-works.com\/news\/wp-content\/uploads\/2014\/04\/IKEA-Vilasund-3-Seater-Sofa-Bed.jpg\"><\/a> IKEA Vilasund 3er Schlafsofa\n","protected":false},"excerpt":{"rendered":"<p>Ultimative Tipps und Informationen \u00fcber die IKEA Vilasund Sofa Serie \u2013 Ma\u00dfe, Bewertungen, Bez\u00fcge, Anleitungen und mehr. Vielleicht suchst du das perfekte Sofa und brauchst ein wenig Hilfe? Oder hast du dich bereits f\u00fcr das Vilasund Sofa entschieden, eins auf Ebay gefunden und jetzt ben\u00f6tigst du weitere Informationen \u00fcber das Modell? Es k\u00f6nnte sein, dass [&hellip;]<\/p>\n","protected":false},"author":1001007,"featured_media":0,"parent":25338,"menu_order":0,"comment_status":"open","ping_status":"closed","template":"","meta":{"_acf_changed":false,"footnotes":""},"class_list":["post-30576","page","type-page","status-publish","hentry"],"acf":[],"yoast_head":"<!-- This site is optimized with the Yoast SEO Premium plugin v25.1 (Yoast SEO v25.1) - https:\/\/yoast.com\/wordpress\/plugins\/seo\/ -->\n<title>Anleitung f\u00fcr IKEA Vilasund Sofas<\/title>\n<meta name=\"description\" content=\"Ultimative Tipps und Informationen \u00fcber die IKEA Vilasund Sofa Serie \u2013 Ma\u00dfe, Bewertungen, Bez\u00fcge, Anleitungen und mehr.\" \/>\n<meta name=\"robots\" content=\"index, follow, max-snippet:-1, max-image-preview:large, max-video-preview:-1\" \/>\n<link rel=\"canonical\" href=\"https:\/\/blog.comfort-works.com\/de\/ikea-sofa-bewertungen\/anleitung-fur-ikea-vilasund-sofas\/\" \/>\n<meta property=\"og:locale\" content=\"de_DE\" \/>\n<meta property=\"og:type\" content=\"article\" \/>\n<meta property=\"og:title\" content=\"Anleitung f\u00fcr IKEA Vilasund Sofas\" \/>\n<meta property=\"og:description\" content=\"Ultimative Tipps und Informationen \u00fcber die IKEA Vilasund Sofa Serie \u2013 Ma\u00dfe, Bewertungen, Bez\u00fcge, Anleitungen und mehr.\" \/>\n<meta property=\"og:url\" content=\"https:\/\/blog.comfort-works.com\/de\/ikea-sofa-bewertungen\/anleitung-fur-ikea-vilasund-sofas\/\" \/>\n<meta property=\"og:site_name\" content=\"Comfort Works Blog &amp; Design Inspirationen\" \/>\n<meta property=\"article:publisher\" content=\"https:\/\/www.facebook.com\/comfortworkscovers\" \/>\n<meta property=\"article:modified_time\" content=\"2024-01-15T05:22:22+00:00\" \/>\n<meta property=\"og:image\" content=\"https:\/\/www.comfort-works.com\/news\/wp-content\/uploads\/2015\/07\/b2737936a03f1c42815ede8de6cde9ce.jpg\" \/>\n<meta name=\"twitter:card\" content=\"summary_large_image\" \/>\n<meta name=\"twitter:site\" content=\"@comfortworks\" \/>\n<meta name=\"twitter:label1\" content=\"Gesch\u00e4tzte Lesezeit\" \/>\n\t<meta name=\"twitter:data1\" content=\"2\u00a0Minuten\" \/>\n<script type=\"application\/ld+json\" class=\"yoast-schema-graph\">{\"@context\":\"https:\/\/schema.org\",\"@graph\":[{\"@type\":\"WebPage\",\"@id\":\"https:\/\/blog.comfort-works.com\/de\/ikea-sofa-bewertungen\/anleitung-fur-ikea-vilasund-sofas\/\",\"url\":\"https:\/\/blog.comfort-works.com\/de\/ikea-sofa-bewertungen\/anleitung-fur-ikea-vilasund-sofas\/\",\"name\":\"Anleitung f\u00fcr IKEA Vilasund Sofas\",\"isPartOf\":{\"@id\":\"https:\/\/blog.comfort-works.com\/#website\"},\"primaryImageOfPage\":{\"@id\":\"https:\/\/blog.comfort-works.com\/de\/ikea-sofa-bewertungen\/anleitung-fur-ikea-vilasund-sofas\/#primaryimage\"},\"image\":{\"@id\":\"https:\/\/blog.comfort-works.com\/de\/ikea-sofa-bewertungen\/anleitung-fur-ikea-vilasund-sofas\/#primaryimage\"},\"thumbnailUrl\":\"https:\/\/www.comfort-works.com\/news\/wp-content\/uploads\/2015\/07\/b2737936a03f1c42815ede8de6cde9ce.jpg\",\"datePublished\":\"2018-07-09T09:06:53+00:00\",\"dateModified\":\"2024-01-15T05:22:22+00:00\",\"description\":\"Ultimative Tipps und Informationen \u00fcber die IKEA Vilasund Sofa Serie \u2013 Ma\u00dfe, Bewertungen, Bez\u00fcge, Anleitungen und mehr.\",\"breadcrumb\":{\"@id\":\"https:\/\/blog.comfort-works.com\/de\/ikea-sofa-bewertungen\/anleitung-fur-ikea-vilasund-sofas\/#breadcrumb\"},\"inLanguage\":\"de\",\"potentialAction\":[{\"@type\":\"ReadAction\",\"target\":[\"https:\/\/blog.comfort-works.com\/de\/ikea-sofa-bewertungen\/anleitung-fur-ikea-vilasund-sofas\/\"]}]},{\"@type\":\"ImageObject\",\"inLanguage\":\"de\",\"@id\":\"https:\/\/blog.comfort-works.com\/de\/ikea-sofa-bewertungen\/anleitung-fur-ikea-vilasund-sofas\/#primaryimage\",\"url\":\"https:\/\/www.comfort-works.com\/news\/wp-content\/uploads\/2015\/07\/b2737936a03f1c42815ede8de6cde9ce.jpg\",\"contentUrl\":\"https:\/\/www.comfort-works.com\/news\/wp-content\/uploads\/2015\/07\/b2737936a03f1c42815ede8de6cde9ce.jpg\"},{\"@type\":\"BreadcrumbList\",\"@id\":\"https:\/\/blog.comfort-works.com\/de\/ikea-sofa-bewertungen\/anleitung-fur-ikea-vilasund-sofas\/#breadcrumb\",\"itemListElement\":[{\"@type\":\"ListItem\",\"position\":1,\"name\":\"IKEA SOFA BEWERTUNGEN\",\"item\":\"https:\/\/blog.comfort-works.com\/de\/ikea-sofa-bewertungen\/\"},{\"@type\":\"ListItem\",\"position\":2,\"name\":\"Anleitung f\u00fcr IKEA Vilasund Sofas\"}]},{\"@type\":\"WebSite\",\"@id\":\"https:\/\/blog.comfort-works.com\/#website\",\"url\":\"https:\/\/blog.comfort-works.com\/\",\"name\":\"Finding Comfort\",\"description\":\"Alles \u00fcber sch\u00f6ner Wohnen und Leben\",\"publisher\":{\"@id\":\"https:\/\/blog.comfort-works.com\/#organization\"},\"potentialAction\":[{\"@type\":\"SearchAction\",\"target\":{\"@type\":\"EntryPoint\",\"urlTemplate\":\"https:\/\/blog.comfort-works.com\/?s={search_term_string}\"},\"query-input\":{\"@type\":\"PropertyValueSpecification\",\"valueRequired\":true,\"valueName\":\"search_term_string\"}}],\"inLanguage\":\"de\"},{\"@type\":\"Organization\",\"@id\":\"https:\/\/blog.comfort-works.com\/#organization\",\"name\":\"Comfort Works\",\"url\":\"https:\/\/blog.comfort-works.com\/\",\"logo\":{\"@type\":\"ImageObject\",\"inLanguage\":\"de\",\"@id\":\"https:\/\/blog.comfort-works.com\/#\/schema\/logo\/image\/\",\"url\":\"https:\/\/blog.comfort-works.com\/wp-content\/uploads\/2025\/06\/Frame-31.png\",\"contentUrl\":\"https:\/\/blog.comfort-works.com\/wp-content\/uploads\/2025\/06\/Frame-31.png\",\"width\":1200,\"height\":675,\"caption\":\"Comfort Works\"},\"image\":{\"@id\":\"https:\/\/blog.comfort-works.com\/#\/schema\/logo\/image\/\"},\"sameAs\":[\"https:\/\/www.facebook.com\/comfortworkscovers\",\"https:\/\/x.com\/comfortworks\",\"https:\/\/www.instagram.com\/comfortworks\/\",\"https:\/\/www.pinterest.com\/comfortworks\/\",\"https:\/\/www.youtube.com\/channel\/UCiY0z-GqZUzfeBwrAhT2kAg\"]}]}<\/script>\n<!-- \/ Yoast SEO Premium plugin. -->","yoast_head_json":{"title":"Anleitung f\u00fcr IKEA Vilasund Sofas","description":"Ultimative Tipps und Informationen \u00fcber die IKEA Vilasund Sofa Serie \u2013 Ma\u00dfe, Bewertungen, Bez\u00fcge, Anleitungen und mehr.","robots":{"index":"index","follow":"follow","max-snippet":"max-snippet:-1","max-image-preview":"max-image-preview:large","max-video-preview":"max-video-preview:-1"},"canonical":"https:\/\/blog.comfort-works.com\/de\/ikea-sofa-bewertungen\/anleitung-fur-ikea-vilasund-sofas\/","og_locale":"de_DE","og_type":"article","og_title":"Anleitung f\u00fcr IKEA Vilasund Sofas","og_description":"Ultimative Tipps und Informationen \u00fcber die IKEA Vilasund Sofa Serie \u2013 Ma\u00dfe, Bewertungen, Bez\u00fcge, Anleitungen und mehr.","og_url":"https:\/\/blog.comfort-works.com\/de\/ikea-sofa-bewertungen\/anleitung-fur-ikea-vilasund-sofas\/","og_site_name":"Comfort Works Blog &amp; Design Inspirationen","article_publisher":"https:\/\/www.facebook.com\/comfortworkscovers","article_modified_time":"2024-01-15T05:22:22+00:00","og_image":[{"url":"https:\/\/www.comfort-works.com\/news\/wp-content\/uploads\/2015\/07\/b2737936a03f1c42815ede8de6cde9ce.jpg","type":"","width":"","height":""}],"twitter_card":"summary_large_image","twitter_site":"@comfortworks","twitter_misc":{"Gesch\u00e4tzte Lesezeit":"2\u00a0Minuten"},"schema":{"@context":"https:\/\/schema.org","@graph":[{"@type":"WebPage","@id":"https:\/\/blog.comfort-works.com\/de\/ikea-sofa-bewertungen\/anleitung-fur-ikea-vilasund-sofas\/","url":"https:\/\/blog.comfort-works.com\/de\/ikea-sofa-bewertungen\/anleitung-fur-ikea-vilasund-sofas\/","name":"Anleitung f\u00fcr IKEA Vilasund Sofas","isPartOf":{"@id":"https:\/\/blog.comfort-works.com\/#website"},"primaryImageOfPage":{"@id":"https:\/\/blog.comfort-works.com\/de\/ikea-sofa-bewertungen\/anleitung-fur-ikea-vilasund-sofas\/#primaryimage"},"image":{"@id":"https:\/\/blog.comfort-works.com\/de\/ikea-sofa-bewertungen\/anleitung-fur-ikea-vilasund-sofas\/#primaryimage"},"thumbnailUrl":"https:\/\/www.comfort-works.com\/news\/wp-content\/uploads\/2015\/07\/b2737936a03f1c42815ede8de6cde9ce.jpg","datePublished":"2018-07-09T09:06:53+00:00","dateModified":"2024-01-15T05:22:22+00:00","description":"Ultimative Tipps und Informationen \u00fcber die IKEA Vilasund Sofa Serie \u2013 Ma\u00dfe, Bewertungen, Bez\u00fcge, Anleitungen und mehr.","breadcrumb":{"@id":"https:\/\/blog.comfort-works.com\/de\/ikea-sofa-bewertungen\/anleitung-fur-ikea-vilasund-sofas\/#breadcrumb"},"inLanguage":"de","potentialAction":[{"@type":"ReadAction","target":["https:\/\/blog.comfort-works.com\/de\/ikea-sofa-bewertungen\/anleitung-fur-ikea-vilasund-sofas\/"]}]},{"@type":"ImageObject","inLanguage":"de","@id":"https:\/\/blog.comfort-works.com\/de\/ikea-sofa-bewertungen\/anleitung-fur-ikea-vilasund-sofas\/#primaryimage","url":"https:\/\/www.comfort-works.com\/news\/wp-content\/uploads\/2015\/07\/b2737936a03f1c42815ede8de6cde9ce.jpg","contentUrl":"https:\/\/www.comfort-works.com\/news\/wp-content\/uploads\/2015\/07\/b2737936a03f1c42815ede8de6cde9ce.jpg"},{"@type":"BreadcrumbList","@id":"https:\/\/blog.comfort-works.com\/de\/ikea-sofa-bewertungen\/anleitung-fur-ikea-vilasund-sofas\/#breadcrumb","itemListElement":[{"@type":"ListItem","position":1,"name":"IKEA SOFA BEWERTUNGEN","item":"https:\/\/blog.comfort-works.com\/de\/ikea-sofa-bewertungen\/"},{"@type":"ListItem","position":2,"name":"Anleitung f\u00fcr IKEA Vilasund Sofas"}]},{"@type":"WebSite","@id":"https:\/\/blog.comfort-works.com\/#website","url":"https:\/\/blog.comfort-works.com\/","name":"Finding Comfort","description":"Alles \u00fcber sch\u00f6ner Wohnen und Leben","publisher":{"@id":"https:\/\/blog.comfort-works.com\/#organization"},"potentialAction":[{"@type":"SearchAction","target":{"@type":"EntryPoint","urlTemplate":"https:\/\/blog.comfort-works.com\/?s={search_term_string}"},"query-input":{"@type":"PropertyValueSpecification","valueRequired":true,"valueName":"search_term_string"}}],"inLanguage":"de"},{"@type":"Organization","@id":"https:\/\/blog.comfort-works.com\/#organization","name":"Comfort Works","url":"https:\/\/blog.comfort-works.com\/","logo":{"@type":"ImageObject","inLanguage":"de","@id":"https:\/\/blog.comfort-works.com\/#\/schema\/logo\/image\/","url":"https:\/\/blog.comfort-works.com\/wp-content\/uploads\/2025\/06\/Frame-31.png","contentUrl":"https:\/\/blog.comfort-works.com\/wp-content\/uploads\/2025\/06\/Frame-31.png","width":1200,"height":675,"caption":"Comfort Works"},"image":{"@id":"https:\/\/blog.comfort-works.com\/#\/schema\/logo\/image\/"},"sameAs":["https:\/\/www.facebook.com\/comfortworkscovers","https:\/\/x.com\/comfortworks","https:\/\/www.instagram.com\/comfortworks\/","https:\/\/www.pinterest.com\/comfortworks\/","https:\/\/www.youtube.com\/channel\/UCiY0z-GqZUzfeBwrAhT2kAg"]}]}},"_links":{"self":[{"href":"https:\/\/blog.comfort-works.com\/de\/wp-json\/wp\/v2\/pages\/30576","targetHints":{"allow":["GET"]}}],"collection":[{"href":"https:\/\/blog.comfort-works.com\/de\/wp-json\/wp\/v2\/pages"}],"about":[{"href":"https:\/\/blog.comfort-works.com\/de\/wp-json\/wp\/v2\/types\/page"}],"author":[{"embeddable":true,"href":"https:\/\/blog.comfort-works.com\/de\/wp-json\/wp\/v2\/users\/1001007"}],"replies":[{"embeddable":true,"href":"https:\/\/blog.comfort-works.com\/de\/wp-json\/wp\/v2\/comments?post=30576"}],"version-history":[{"count":4,"href":"https:\/\/blog.comfort-works.com\/de\/wp-json\/wp\/v2\/pages\/30576\/revisions"}],"predecessor-version":[{"id":108211,"href":"https:\/\/blog.comfort-works.com\/de\/wp-json\/wp\/v2\/pages\/30576\/revisions\/108211"}],"up":[{"embeddable":true,"href":"https:\/\/blog.comfort-works.com\/de\/wp-json\/wp\/v2\/pages\/25338"}],"wp:attachment":[{"href":"https:\/\/blog.comfort-works.com\/de\/wp-json\/wp\/v2\/media?parent=30576"}],"curies":[{"name":"wp","href":"https:\/\/api.w.org\/{rel}","templated":true}]}}