{"id":30588,"date":"2018-07-09T18:06:37","date_gmt":"2018-07-09T10:06:37","guid":{"rendered":"https:\/\/www.comfort-works.com\/news\/anleitung-fur-ikea-tylosand-sofas\/"},"modified":"2024-01-15T14:44:57","modified_gmt":"2024-01-15T06:44:57","slug":"anleitung-fur-ikea-tylosand-sofas","status":"publish","type":"page","link":"https:\/\/blog.comfort-works.com\/de\/anleitung-fur-ikea-tylosand-sofas\/","title":{"rendered":"Anleitung f\u00fcr IKEA Tylosand Sofas"},"content":{"rendered":"<p>[sg_popup id=&#8220;3&#8243; event=&#8220;onload&#8220;][\/sg_popup]Ultimative Tipps und Informationen \u00fcber die IKEA Tylosand Sofa Serie \u2013 Ma\u00dfe, Bewertungen, Bez\u00fcge, Anleitungen und mehr.<\/p>\n<p>Vielleicht suchst du das perfekte Sofa und brauchst ein wenig Hilfe? Oder hast du dich bereits f\u00fcr das Tylosand Sofa entschieden, eins auf Ebay gefunden und jetzt ben\u00f6tigst du weitere Informationen \u00fcber das Modell? Es k\u00f6nnte sein, dass du schon das Sofa hast, aber jemand hat darauf Kaffee versch\u00fcttet oder deine Schwiegereltern kommen nach langer Zeit zu besuch. Keine Sorgen, wir sind f\u00fcr jede Situation vorbereitet.<\/p>\n<p>Wenn du weitere Fragen wegen der Serie hast, kontaktiere uns am besten unter\u00a0<a href=\"mailto:info@comfortworks.com.au\">info@comfortworks.com.au<\/a>.<\/p>\n Tylosand Sofabezug aus Modena White (Bycast-Leder)\n<h2>Schneller Check<\/h2>\n<p>Leider werden die Sofas und Bez\u00fcge nicht mehr hergestellt.<\/p>\n<p><strong>Sofabez\u00fcge:<\/strong> Zum Gl\u00fcck produziert noch <a href=\"https:\/\/comfort-works.com\/de-de\n\">Comfort Works<\/a> personalisierte <a href=\"https:\/\/comfort-works.com\/de-de\/collections\/ikea-tylosand-slipcovers\n\">IKEA Tylosand Sofabez\u00fcge<\/a>.<\/p>\n<p><strong>Ma\u00dfe:<\/strong><\/p>\n<ul>\n<li>Tyl\u00f6sand Hocker: Breite &#8211; 58cm; Tiefe &#8211; 92cm; H\u00f6he- 40cm;<\/li>\n<li>Tyl\u00f6sand Sitzelement: Breite &#8211; 85cm; Tiefe &#8211; 86cm; H\u00f6he &#8211; 55;<\/li>\n<li>Tyl\u00f6sand 2er Sofa mit Armlehne: Breite &#8211; 154cm; Tiefe &#8211; 89cm; H\u00f6he &#8211; 55;<\/li>\n<li>Tyl\u00f6sand 3er Sofa: Breite &#8211; 234cm; Tiefe &#8211; 89cm; H\u00f6he &#8211; 52cm;<\/li>\n<li>Tylosand Schlafsofa: Breite &#8211; 240cm; Tiefe &#8211; 89cm; H\u00f6he &#8211; 52cm;<\/li>\n<li>Tyl\u00f6sand R\u00e9camiere: Breite &#8211; 86; Tiefe &#8211; 87cm; H\u00f6he &#8211; 55cm.<\/li>\n<\/ul>\n<p><span style=\"font-weight: 400;\"><strong>Vorteile:<\/strong> Das Sofa ist sch\u00f6n, modern und kann leicht mit anderen Sitzelementen gemischt werden.<\/span><\/p>\n<p><span style=\"font-weight: 400;\"><strong>Nachteile:<\/strong> Es ist leider nicht das bequemste IKEA Sofa.<\/span><\/p>\n<p>&nbsp;<\/p>\n<h2>Anleitungen<\/h2>\n<p>M\u00f6chtest du wissen, wie du ein Tylosand Sofa zusammenbauen sollst? Klicke <a href=\"\/news?p=27922\">hier<\/a>, um die Bedienungsanleitung herunterzuladen.<\/p>\n<p>&nbsp;<\/p>\n<h2>Anleitungen<\/h2>\n<p><span style=\"font-weight: 400;\">Obwohl das Sofa bequemer sein k\u00f6nnte, ist das Modell immer noch sehr elegant. Dazu schrumpfen leider die Kissen auch mit der Zeit. Klicke<a href=\"\/news?p=27922\"> hier<\/a>, um die vollst\u00e4ndige Rezension des Sofas zu lesen.<\/span><\/p>\n Tylosand 3 seater in Kino Ash\n<p>Obwohl das Modell durch IKEA eingestellt wurde, k\u00f6nnen die\u00a0<a href=\"https:\/\/comfort-works.com\/de-de\/collections\/ikea-tylosand-slipcovers\n\">IKEA Tylosand Sofabez\u00fcge<\/a>\u00a0noch bei <a href=\"https:\/\/comfort-works.com\/de-de\n\">Comfort Works<\/a> gefunden werden.<\/p>\n<p>&nbsp;<\/p>\n<h2>Mehr Informationen<\/h2>\n<p>APARTMENT THERAPY &#8211; Mehr \u00fcber den Einkauf von Tylosand Sofabez\u00fcgen.<\/p>\n<p>APARTMENT THERAPY &#8211; Eine Rezension der Tylosand Sofas.<\/p>\n<p>&nbsp;<\/p>\n","protected":false},"excerpt":{"rendered":"<p>[sg_popup id=&#8220;3&#8243; event=&#8220;onload&#8220;][\/sg_popup]Ultimative Tipps und Informationen \u00fcber die IKEA Tylosand Sofa Serie \u2013 Ma\u00dfe, Bewertungen, Bez\u00fcge, Anleitungen und mehr. Vielleicht suchst du das perfekte Sofa und brauchst ein wenig Hilfe? Oder hast du dich bereits f\u00fcr das Tylosand Sofa entschieden, eins auf Ebay gefunden und jetzt ben\u00f6tigst du weitere Informationen \u00fcber das Modell? Es k\u00f6nnte [&hellip;]<\/p>\n","protected":false},"author":1,"featured_media":75558,"parent":0,"menu_order":0,"comment_status":"open","ping_status":"closed","template":"","meta":{"_acf_changed":false,"footnotes":""},"class_list":["post-30588","page","type-page","status-publish","has-post-thumbnail","hentry"],"acf":[],"yoast_head":"<!-- This site is optimized with the Yoast SEO Premium plugin v25.1 (Yoast SEO v25.1) - https:\/\/yoast.com\/wordpress\/plugins\/seo\/ -->\n<title>Anleitung f\u00fcr IKEA Tylosand Sofas<\/title>\n<meta name=\"description\" content=\"Ultimative Tipps und Informationen \u00fcber die IKEA Tylosand Sofa Serie \u2013 Ma\u00dfe, Bewertungen, Bez\u00fcge, Anleitungen und mehr.\" \/>\n<meta name=\"robots\" content=\"index, follow, max-snippet:-1, max-image-preview:large, max-video-preview:-1\" \/>\n<link rel=\"canonical\" href=\"https:\/\/blog.comfort-works.com\/de\/anleitung-fur-ikea-tylosand-sofas\/\" \/>\n<meta property=\"og:locale\" content=\"de_DE\" \/>\n<meta property=\"og:type\" content=\"article\" \/>\n<meta property=\"og:title\" content=\"Anleitung f\u00fcr IKEA Tylosand Sofas\" \/>\n<meta property=\"og:description\" content=\"Ultimative Tipps und Informationen \u00fcber die IKEA Tylosand Sofa Serie \u2013 Ma\u00dfe, Bewertungen, Bez\u00fcge, Anleitungen und mehr.\" \/>\n<meta property=\"og:url\" content=\"https:\/\/blog.comfort-works.com\/de\/anleitung-fur-ikea-tylosand-sofas\/\" \/>\n<meta property=\"og:site_name\" content=\"Comfort Works Blog &amp; Design Inspirationen\" \/>\n<meta property=\"article:publisher\" content=\"https:\/\/www.facebook.com\/comfortworkscovers\" \/>\n<meta property=\"article:modified_time\" content=\"2024-01-15T06:44:57+00:00\" \/>\n<meta property=\"og:image\" content=\"https:\/\/blog-v3.comfort-works.com\/wp-content\/uploads\/2021\/06\/ikea-tylosand-information-guide.jpg\" \/>\n\t<meta property=\"og:image:width\" content=\"940\" \/>\n\t<meta property=\"og:image:height\" content=\"534\" \/>\n\t<meta property=\"og:image:type\" content=\"image\/jpeg\" \/>\n<meta name=\"twitter:card\" content=\"summary_large_image\" \/>\n<meta name=\"twitter:site\" content=\"@comfortworks\" \/>\n<meta name=\"twitter:label1\" content=\"Gesch\u00e4tzte Lesezeit\" \/>\n\t<meta name=\"twitter:data1\" content=\"2\u00a0Minuten\" \/>\n<script type=\"application\/ld+json\" class=\"yoast-schema-graph\">{\"@context\":\"https:\/\/schema.org\",\"@graph\":[{\"@type\":\"WebPage\",\"@id\":\"https:\/\/blog.comfort-works.com\/de\/anleitung-fur-ikea-tylosand-sofas\/\",\"url\":\"https:\/\/blog.comfort-works.com\/de\/anleitung-fur-ikea-tylosand-sofas\/\",\"name\":\"Anleitung f\u00fcr IKEA Tylosand Sofas\",\"isPartOf\":{\"@id\":\"https:\/\/blog.comfort-works.com\/#website\"},\"primaryImageOfPage\":{\"@id\":\"https:\/\/blog.comfort-works.com\/de\/anleitung-fur-ikea-tylosand-sofas\/#primaryimage\"},\"image\":{\"@id\":\"https:\/\/blog.comfort-works.com\/de\/anleitung-fur-ikea-tylosand-sofas\/#primaryimage\"},\"thumbnailUrl\":\"https:\/\/blog.comfort-works.com\/wp-content\/uploads\/2021\/06\/ikea-tylosand-information-guide.jpg\",\"datePublished\":\"2018-07-09T10:06:37+00:00\",\"dateModified\":\"2024-01-15T06:44:57+00:00\",\"description\":\"Ultimative Tipps und Informationen \u00fcber die IKEA Tylosand Sofa Serie \u2013 Ma\u00dfe, Bewertungen, Bez\u00fcge, Anleitungen und mehr.\",\"inLanguage\":\"de\",\"potentialAction\":[{\"@type\":\"ReadAction\",\"target\":[\"https:\/\/blog.comfort-works.com\/de\/anleitung-fur-ikea-tylosand-sofas\/\"]}]},{\"@type\":\"ImageObject\",\"inLanguage\":\"de\",\"@id\":\"https:\/\/blog.comfort-works.com\/de\/anleitung-fur-ikea-tylosand-sofas\/#primaryimage\",\"url\":\"https:\/\/blog.comfort-works.com\/wp-content\/uploads\/2021\/06\/ikea-tylosand-information-guide.jpg\",\"contentUrl\":\"https:\/\/blog.comfort-works.com\/wp-content\/uploads\/2021\/06\/ikea-tylosand-information-guide.jpg\",\"width\":940,\"height\":534},{\"@type\":\"WebSite\",\"@id\":\"https:\/\/blog.comfort-works.com\/#website\",\"url\":\"https:\/\/blog.comfort-works.com\/\",\"name\":\"Finding Comfort\",\"description\":\"Alles \u00fcber sch\u00f6ner Wohnen und Leben\",\"publisher\":{\"@id\":\"https:\/\/blog.comfort-works.com\/#organization\"},\"potentialAction\":[{\"@type\":\"SearchAction\",\"target\":{\"@type\":\"EntryPoint\",\"urlTemplate\":\"https:\/\/blog.comfort-works.com\/?s={search_term_string}\"},\"query-input\":{\"@type\":\"PropertyValueSpecification\",\"valueRequired\":true,\"valueName\":\"search_term_string\"}}],\"inLanguage\":\"de\"},{\"@type\":\"Organization\",\"@id\":\"https:\/\/blog.comfort-works.com\/#organization\",\"name\":\"Comfort Works\",\"url\":\"https:\/\/blog.comfort-works.com\/\",\"logo\":{\"@type\":\"ImageObject\",\"inLanguage\":\"de\",\"@id\":\"https:\/\/blog.comfort-works.com\/#\/schema\/logo\/image\/\",\"url\":\"https:\/\/blog.comfort-works.com\/wp-content\/uploads\/2025\/06\/Frame-31.png\",\"contentUrl\":\"https:\/\/blog.comfort-works.com\/wp-content\/uploads\/2025\/06\/Frame-31.png\",\"width\":1200,\"height\":675,\"caption\":\"Comfort Works\"},\"image\":{\"@id\":\"https:\/\/blog.comfort-works.com\/#\/schema\/logo\/image\/\"},\"sameAs\":[\"https:\/\/www.facebook.com\/comfortworkscovers\",\"https:\/\/x.com\/comfortworks\",\"https:\/\/www.instagram.com\/comfortworks\/\",\"https:\/\/www.pinterest.com\/comfortworks\/\",\"https:\/\/www.youtube.com\/channel\/UCiY0z-GqZUzfeBwrAhT2kAg\"]}]}<\/script>\n<!-- \/ Yoast SEO Premium plugin. -->","yoast_head_json":{"title":"Anleitung f\u00fcr IKEA Tylosand Sofas","description":"Ultimative Tipps und Informationen \u00fcber die IKEA Tylosand Sofa Serie \u2013 Ma\u00dfe, Bewertungen, Bez\u00fcge, Anleitungen und mehr.","robots":{"index":"index","follow":"follow","max-snippet":"max-snippet:-1","max-image-preview":"max-image-preview:large","max-video-preview":"max-video-preview:-1"},"canonical":"https:\/\/blog.comfort-works.com\/de\/anleitung-fur-ikea-tylosand-sofas\/","og_locale":"de_DE","og_type":"article","og_title":"Anleitung f\u00fcr IKEA Tylosand Sofas","og_description":"Ultimative Tipps und Informationen \u00fcber die IKEA Tylosand Sofa Serie \u2013 Ma\u00dfe, Bewertungen, Bez\u00fcge, Anleitungen und mehr.","og_url":"https:\/\/blog.comfort-works.com\/de\/anleitung-fur-ikea-tylosand-sofas\/","og_site_name":"Comfort Works Blog &amp; Design Inspirationen","article_publisher":"https:\/\/www.facebook.com\/comfortworkscovers","article_modified_time":"2024-01-15T06:44:57+00:00","og_image":[{"width":940,"height":534,"url":"https:\/\/blog-v3.comfort-works.com\/wp-content\/uploads\/2021\/06\/ikea-tylosand-information-guide.jpg","type":"image\/jpeg"}],"twitter_card":"summary_large_image","twitter_site":"@comfortworks","twitter_misc":{"Gesch\u00e4tzte Lesezeit":"2\u00a0Minuten"},"schema":{"@context":"https:\/\/schema.org","@graph":[{"@type":"WebPage","@id":"https:\/\/blog.comfort-works.com\/de\/anleitung-fur-ikea-tylosand-sofas\/","url":"https:\/\/blog.comfort-works.com\/de\/anleitung-fur-ikea-tylosand-sofas\/","name":"Anleitung f\u00fcr IKEA Tylosand Sofas","isPartOf":{"@id":"https:\/\/blog.comfort-works.com\/#website"},"primaryImageOfPage":{"@id":"https:\/\/blog.comfort-works.com\/de\/anleitung-fur-ikea-tylosand-sofas\/#primaryimage"},"image":{"@id":"https:\/\/blog.comfort-works.com\/de\/anleitung-fur-ikea-tylosand-sofas\/#primaryimage"},"thumbnailUrl":"https:\/\/blog.comfort-works.com\/wp-content\/uploads\/2021\/06\/ikea-tylosand-information-guide.jpg","datePublished":"2018-07-09T10:06:37+00:00","dateModified":"2024-01-15T06:44:57+00:00","description":"Ultimative Tipps und Informationen \u00fcber die IKEA Tylosand Sofa Serie \u2013 Ma\u00dfe, Bewertungen, Bez\u00fcge, Anleitungen und mehr.","inLanguage":"de","potentialAction":[{"@type":"ReadAction","target":["https:\/\/blog.comfort-works.com\/de\/anleitung-fur-ikea-tylosand-sofas\/"]}]},{"@type":"ImageObject","inLanguage":"de","@id":"https:\/\/blog.comfort-works.com\/de\/anleitung-fur-ikea-tylosand-sofas\/#primaryimage","url":"https:\/\/blog.comfort-works.com\/wp-content\/uploads\/2021\/06\/ikea-tylosand-information-guide.jpg","contentUrl":"https:\/\/blog.comfort-works.com\/wp-content\/uploads\/2021\/06\/ikea-tylosand-information-guide.jpg","width":940,"height":534},{"@type":"WebSite","@id":"https:\/\/blog.comfort-works.com\/#website","url":"https:\/\/blog.comfort-works.com\/","name":"Finding Comfort","description":"Alles \u00fcber sch\u00f6ner Wohnen und Leben","publisher":{"@id":"https:\/\/blog.comfort-works.com\/#organization"},"potentialAction":[{"@type":"SearchAction","target":{"@type":"EntryPoint","urlTemplate":"https:\/\/blog.comfort-works.com\/?s={search_term_string}"},"query-input":{"@type":"PropertyValueSpecification","valueRequired":true,"valueName":"search_term_string"}}],"inLanguage":"de"},{"@type":"Organization","@id":"https:\/\/blog.comfort-works.com\/#organization","name":"Comfort Works","url":"https:\/\/blog.comfort-works.com\/","logo":{"@type":"ImageObject","inLanguage":"de","@id":"https:\/\/blog.comfort-works.com\/#\/schema\/logo\/image\/","url":"https:\/\/blog.comfort-works.com\/wp-content\/uploads\/2025\/06\/Frame-31.png","contentUrl":"https:\/\/blog.comfort-works.com\/wp-content\/uploads\/2025\/06\/Frame-31.png","width":1200,"height":675,"caption":"Comfort Works"},"image":{"@id":"https:\/\/blog.comfort-works.com\/#\/schema\/logo\/image\/"},"sameAs":["https:\/\/www.facebook.com\/comfortworkscovers","https:\/\/x.com\/comfortworks","https:\/\/www.instagram.com\/comfortworks\/","https:\/\/www.pinterest.com\/comfortworks\/","https:\/\/www.youtube.com\/channel\/UCiY0z-GqZUzfeBwrAhT2kAg"]}]}},"_links":{"self":[{"href":"https:\/\/blog.comfort-works.com\/de\/wp-json\/wp\/v2\/pages\/30588","targetHints":{"allow":["GET"]}}],"collection":[{"href":"https:\/\/blog.comfort-works.com\/de\/wp-json\/wp\/v2\/pages"}],"about":[{"href":"https:\/\/blog.comfort-works.com\/de\/wp-json\/wp\/v2\/types\/page"}],"author":[{"embeddable":true,"href":"https:\/\/blog.comfort-works.com\/de\/wp-json\/wp\/v2\/users\/1"}],"replies":[{"embeddable":true,"href":"https:\/\/blog.comfort-works.com\/de\/wp-json\/wp\/v2\/comments?post=30588"}],"version-history":[{"count":17,"href":"https:\/\/blog.comfort-works.com\/de\/wp-json\/wp\/v2\/pages\/30588\/revisions"}],"predecessor-version":[{"id":108862,"href":"https:\/\/blog.comfort-works.com\/de\/wp-json\/wp\/v2\/pages\/30588\/revisions\/108862"}],"wp:featuredmedia":[{"embeddable":true,"href":"https:\/\/blog.comfort-works.com\/de\/wp-json\/wp\/v2\/media\/75558"}],"wp:attachment":[{"href":"https:\/\/blog.comfort-works.com\/de\/wp-json\/wp\/v2\/media?parent=30588"}],"curies":[{"name":"wp","href":"https:\/\/api.w.org\/{rel}","templated":true}]}}