{"id":30602,"date":"2018-07-10T13:29:50","date_gmt":"2018-07-10T05:29:50","guid":{"rendered":"https:\/\/www.comfort-works.com\/news\/anleitung-fur-ikea-stockholm-sofas\/"},"modified":"2024-01-30T10:42:35","modified_gmt":"2024-01-30T02:42:35","slug":"anleitung-fur-ikea-stockholm-sofas","status":"publish","type":"page","link":"https:\/\/blog.comfort-works.com\/de\/anleitung-fur-ikea-stockholm-sofas\/","title":{"rendered":"Anleitung f\u00fcr IKEA Stockholm Sofas"},"content":{"rendered":"<p>[sg_popup id=&#8220;3&#8243; event=&#8220;onload&#8220;][\/sg_popup]Ultimative Tipps und Informationen \u00fcber die IKEA Stockholm Sofa Serie \u2013 Ma\u00dfe, Bewertungen, Bez\u00fcge, Anleitungen und mehr.<\/p>\n<p>Vielleicht suchst du das perfekte Sofa und brauchst ein wenig Hilfe? Oder hast du dich bereits f\u00fcr das Stockholm Sofa entschieden, eins auf Ebay gefunden und jetzt ben\u00f6tigst du weitere Informationen \u00fcber das Modell? Es k\u00f6nnte sein, dass du schon das Sofa hast, aber jemand hat darauf Kaffee versch\u00fcttet oder deine Schwiegereltern kommen nach langer Zeit zu besuch. Keine Sorgen, wir sind f\u00fcr jede Situation vorbereitet.<\/p>\n<p>Wenn du weitere Fragen wegen der Serie hast, kontaktiere uns am besten unter\u00a0<a href=\"mailto:info@comfortworks.com.au\">info@comfortworks.com.au<\/a>.<\/p>\n Stockholm 3.5er Sofa in Kino Taupe\n<h2>Schneller Check<\/h2>\n<p>Die Sofas und Bez\u00fcge sind bei IKEA erh\u00e4ltlich, aber leider au\u00dfer den 1.5er und 3.5er Modellen.<\/p>\n<p><strong>Sofabez\u00fcge:\u00a0<\/strong><a href=\"https:\/\/comfort-works.com\/de-de\n\">Comfort Works<\/a>\u00a0produziert personalisierte Sofa Bez\u00fcge f\u00fcr die\u00a0<a href=\"https:\/\/comfort-works.com\/de-de\/collections\/ikea-stockholm-slipcovers\">IKEA Stockholm Sofas.<\/a><\/p>\n<p><strong>Ma\u00dfe:<\/strong><\/p>\n<ul>\n<li>Stockholm 1.5-Sitzer:\u00a0Breite 112cm x Tiefe 93cm x H\u00f6he 81cm;<\/li>\n<li>Stockholm 3er Sofa: Breite 211cm x Tiefe 88cm x\u00a0H\u00f6he 80cm;<\/li>\n<li>Stockholm 3.5er Sofa: Breite 238cm x Tiefe 93cm x\u00a0H\u00f6he 81cm;<\/li>\n<li>Stockholm Stuhl: Breite 67cm x Tiefe 77cm x\u00a0H\u00f6he 76 cm.<\/li>\n<\/ul>\n<p><span style=\"font-weight: 400;\"><strong>Vorteile:<\/strong> Das Sofa hat tiefe breite Sitze und ein elegantes Design.<\/span><\/p>\n<p><span style=\"font-weight: 400;\"><strong>Nachteile:<\/strong> Hohe Armlehnen und niedrige Sitzpl\u00e4tze.<\/span><\/p>\n<p>&nbsp;<\/p>\n<h2>Anleitungen<\/h2>\n<p>M\u00f6chtest du wissen, wie du ein Stockholm Sofa zusammenbauen sollst? Klicke auf das gew\u00fcnschte Modell, um die Bedienungsanleitung herunterzuladen.<\/p>\n<ul>\n<li><a href=\"https:\/\/blog.comfort-works.com\/wp-content\/uploads\/2015\/02\/Stockholm-1.5-Seater.pdf\">IKEA Stockholm 1.5-Sitzer<\/a><\/li>\n<li><a href=\"https:\/\/www.comfort-works.com\/news\/wp-content\/uploads\/2015\/02\/Stockholm-3.5-Seater.pdf\">IKEA Stockholm 3.5-er Sofa<\/a><\/li>\n<li><a href=\"https:\/\/blog.comfort-works.com\/wp-content\/uploads\/2015\/02\/Stockholm-Easy-Chair.pdf\">IKEA Stockholm Stuhl<\/a><\/li>\n<\/ul>\n<p>&nbsp;<\/p>\n<h2>Unsere Bewertung<\/h2>\n<p><span style=\"font-weight: 400;\">Die Stockholm Serie ist eine der Premium-Kollektionen von IKEA. Die Produkte wurden u.a. durch ihre tiefen und breiten Sitze bekannt. Das Sofa ist definitiv sehr bequem und sieht ebenso luxuri\u00f6s aus. Beachte bitte, \u00a0dass das 3.5er Sofa eingestellt und mit der neueren 3er Version ersetzt wurde.<\/span><\/p>\n<figure id=\"attachment_5447\" aria-describedby=\"caption-attachment-5447\" style=\"width: 538px\" class=\"wp-caption aligncenter\"><img loading=\"lazy\" decoding=\"async\" class=\"size-medium wp-image-5447\" src=\"https:\/\/blog.comfort-works.com\/wp-content\/uploads\/2015\/02\/stockholm-long-skirt-in-lino-vintage-539x700.jpg\" alt=\"stockholm long skirt in lino vintage\" width=\"538\" height=\"700\" srcset=\"https:\/\/blog.comfort-works.com\/wp-content\/uploads\/2015\/02\/stockholm-long-skirt-in-lino-vintage-539x700.jpg 539w, https:\/\/blog.comfort-works.com\/wp-content\/uploads\/2015\/02\/stockholm-long-skirt-in-lino-vintage-768x998.jpg 768w, https:\/\/blog.comfort-works.com\/wp-content\/uploads\/2015\/02\/stockholm-long-skirt-in-lino-vintage-788x1024.jpg 788w, https:\/\/blog.comfort-works.com\/wp-content\/uploads\/2015\/02\/stockholm-long-skirt-in-lino-vintage.jpg 1231w\" sizes=\"auto, (max-width: 538px) 100vw, 538px\" \/><figcaption id=\"caption-attachment-5447\" class=\"wp-caption-text\">Ma\u00dfgeschneiderter und bodenlanger Stockholm 1.5-Sitzerbezug aus Lino Vintage<\/figcaption><\/figure>\n<p>Entwerfe schon heute deinen eigenen\u00a0<a href=\"https:\/\/comfort-works.com\/de-de\/collections\/ikea-stockholm-slipcovers\">Stockholm\u00a0Sofabezug<\/a> bei <a href=\"https:\/\/comfort-works.com\/de-de\n\">Comfort Works<\/a>.<\/p>\n","protected":false},"excerpt":{"rendered":"<p>[sg_popup id=&#8220;3&#8243; event=&#8220;onload&#8220;][\/sg_popup]Ultimative Tipps und Informationen \u00fcber die IKEA Stockholm Sofa Serie \u2013 Ma\u00dfe, Bewertungen, Bez\u00fcge, Anleitungen und mehr. Vielleicht suchst du das perfekte Sofa und brauchst ein wenig Hilfe? Oder hast du dich bereits f\u00fcr das Stockholm Sofa entschieden, eins auf Ebay gefunden und jetzt ben\u00f6tigst du weitere Informationen \u00fcber das Modell? Es k\u00f6nnte [&hellip;]<\/p>\n","protected":false},"author":1001006,"featured_media":75485,"parent":0,"menu_order":0,"comment_status":"open","ping_status":"closed","template":"","meta":{"_acf_changed":false,"footnotes":""},"class_list":["post-30602","page","type-page","status-publish","has-post-thumbnail","hentry"],"acf":[],"yoast_head":"<!-- This site is optimized with the Yoast SEO Premium plugin v25.1 (Yoast SEO v25.1) - https:\/\/yoast.com\/wordpress\/plugins\/seo\/ -->\n<title>Anleitung f\u00fcr IKEA Stockholm Sofas<\/title>\n<meta name=\"description\" content=\"Ultimative Tipps und Informationen \u00fcber die IKEA Stockholm Sofa Serie \u2013 Ma\u00dfe, Bewertungen, Bez\u00fcge, Anleitungen und mehr.\" \/>\n<meta name=\"robots\" content=\"index, follow, max-snippet:-1, max-image-preview:large, max-video-preview:-1\" \/>\n<link rel=\"canonical\" href=\"https:\/\/blog.comfort-works.com\/de\/anleitung-fur-ikea-stockholm-sofas\/\" \/>\n<meta property=\"og:locale\" content=\"de_DE\" \/>\n<meta property=\"og:type\" content=\"article\" \/>\n<meta property=\"og:title\" content=\"Anleitung f\u00fcr IKEA Stockholm Sofas\" \/>\n<meta property=\"og:description\" content=\"Ultimative Tipps und Informationen \u00fcber die IKEA Stockholm Sofa Serie \u2013 Ma\u00dfe, Bewertungen, Bez\u00fcge, Anleitungen und mehr.\" \/>\n<meta property=\"og:url\" content=\"https:\/\/blog.comfort-works.com\/de\/anleitung-fur-ikea-stockholm-sofas\/\" \/>\n<meta property=\"og:site_name\" content=\"Comfort Works Blog &amp; Design Inspirationen\" \/>\n<meta property=\"article:publisher\" content=\"https:\/\/www.facebook.com\/comfortworkscovers\" \/>\n<meta property=\"article:modified_time\" content=\"2024-01-30T02:42:35+00:00\" \/>\n<meta property=\"og:image\" content=\"https:\/\/blog-v3.comfort-works.com\/wp-content\/uploads\/2021\/06\/ikea-stockholm-information-guide.jpg\" \/>\n\t<meta property=\"og:image:width\" content=\"940\" \/>\n\t<meta property=\"og:image:height\" content=\"534\" \/>\n\t<meta property=\"og:image:type\" content=\"image\/jpeg\" \/>\n<meta name=\"twitter:card\" content=\"summary_large_image\" \/>\n<meta name=\"twitter:site\" content=\"@comfortworks\" \/>\n<meta name=\"twitter:label1\" content=\"Gesch\u00e4tzte Lesezeit\" \/>\n\t<meta name=\"twitter:data1\" content=\"2\u00a0Minuten\" \/>\n<script type=\"application\/ld+json\" class=\"yoast-schema-graph\">{\"@context\":\"https:\/\/schema.org\",\"@graph\":[{\"@type\":\"WebPage\",\"@id\":\"https:\/\/blog.comfort-works.com\/de\/anleitung-fur-ikea-stockholm-sofas\/\",\"url\":\"https:\/\/blog.comfort-works.com\/de\/anleitung-fur-ikea-stockholm-sofas\/\",\"name\":\"Anleitung f\u00fcr IKEA Stockholm Sofas\",\"isPartOf\":{\"@id\":\"https:\/\/blog.comfort-works.com\/#website\"},\"primaryImageOfPage\":{\"@id\":\"https:\/\/blog.comfort-works.com\/de\/anleitung-fur-ikea-stockholm-sofas\/#primaryimage\"},\"image\":{\"@id\":\"https:\/\/blog.comfort-works.com\/de\/anleitung-fur-ikea-stockholm-sofas\/#primaryimage\"},\"thumbnailUrl\":\"https:\/\/blog.comfort-works.com\/wp-content\/uploads\/2021\/06\/ikea-stockholm-information-guide.jpg\",\"datePublished\":\"2018-07-10T05:29:50+00:00\",\"dateModified\":\"2024-01-30T02:42:35+00:00\",\"description\":\"Ultimative Tipps und Informationen \u00fcber die IKEA Stockholm Sofa Serie \u2013 Ma\u00dfe, Bewertungen, Bez\u00fcge, Anleitungen und mehr.\",\"inLanguage\":\"de\",\"potentialAction\":[{\"@type\":\"ReadAction\",\"target\":[\"https:\/\/blog.comfort-works.com\/de\/anleitung-fur-ikea-stockholm-sofas\/\"]}]},{\"@type\":\"ImageObject\",\"inLanguage\":\"de\",\"@id\":\"https:\/\/blog.comfort-works.com\/de\/anleitung-fur-ikea-stockholm-sofas\/#primaryimage\",\"url\":\"https:\/\/blog.comfort-works.com\/wp-content\/uploads\/2021\/06\/ikea-stockholm-information-guide.jpg\",\"contentUrl\":\"https:\/\/blog.comfort-works.com\/wp-content\/uploads\/2021\/06\/ikea-stockholm-information-guide.jpg\",\"width\":940,\"height\":534},{\"@type\":\"WebSite\",\"@id\":\"https:\/\/blog.comfort-works.com\/#website\",\"url\":\"https:\/\/blog.comfort-works.com\/\",\"name\":\"Finding Comfort\",\"description\":\"Alles \u00fcber sch\u00f6ner Wohnen und Leben\",\"publisher\":{\"@id\":\"https:\/\/blog.comfort-works.com\/#organization\"},\"potentialAction\":[{\"@type\":\"SearchAction\",\"target\":{\"@type\":\"EntryPoint\",\"urlTemplate\":\"https:\/\/blog.comfort-works.com\/?s={search_term_string}\"},\"query-input\":{\"@type\":\"PropertyValueSpecification\",\"valueRequired\":true,\"valueName\":\"search_term_string\"}}],\"inLanguage\":\"de\"},{\"@type\":\"Organization\",\"@id\":\"https:\/\/blog.comfort-works.com\/#organization\",\"name\":\"Comfort Works\",\"url\":\"https:\/\/blog.comfort-works.com\/\",\"logo\":{\"@type\":\"ImageObject\",\"inLanguage\":\"de\",\"@id\":\"https:\/\/blog.comfort-works.com\/#\/schema\/logo\/image\/\",\"url\":\"https:\/\/blog.comfort-works.com\/wp-content\/uploads\/2025\/06\/Frame-31.png\",\"contentUrl\":\"https:\/\/blog.comfort-works.com\/wp-content\/uploads\/2025\/06\/Frame-31.png\",\"width\":1200,\"height\":675,\"caption\":\"Comfort Works\"},\"image\":{\"@id\":\"https:\/\/blog.comfort-works.com\/#\/schema\/logo\/image\/\"},\"sameAs\":[\"https:\/\/www.facebook.com\/comfortworkscovers\",\"https:\/\/x.com\/comfortworks\",\"https:\/\/www.instagram.com\/comfortworks\/\",\"https:\/\/www.pinterest.com\/comfortworks\/\",\"https:\/\/www.youtube.com\/channel\/UCiY0z-GqZUzfeBwrAhT2kAg\"]}]}<\/script>\n<!-- \/ Yoast SEO Premium plugin. -->","yoast_head_json":{"title":"Anleitung f\u00fcr IKEA Stockholm Sofas","description":"Ultimative Tipps und Informationen \u00fcber die IKEA Stockholm Sofa Serie \u2013 Ma\u00dfe, Bewertungen, Bez\u00fcge, Anleitungen und mehr.","robots":{"index":"index","follow":"follow","max-snippet":"max-snippet:-1","max-image-preview":"max-image-preview:large","max-video-preview":"max-video-preview:-1"},"canonical":"https:\/\/blog.comfort-works.com\/de\/anleitung-fur-ikea-stockholm-sofas\/","og_locale":"de_DE","og_type":"article","og_title":"Anleitung f\u00fcr IKEA Stockholm Sofas","og_description":"Ultimative Tipps und Informationen \u00fcber die IKEA Stockholm Sofa Serie \u2013 Ma\u00dfe, Bewertungen, Bez\u00fcge, Anleitungen und mehr.","og_url":"https:\/\/blog.comfort-works.com\/de\/anleitung-fur-ikea-stockholm-sofas\/","og_site_name":"Comfort Works Blog &amp; Design Inspirationen","article_publisher":"https:\/\/www.facebook.com\/comfortworkscovers","article_modified_time":"2024-01-30T02:42:35+00:00","og_image":[{"width":940,"height":534,"url":"https:\/\/blog-v3.comfort-works.com\/wp-content\/uploads\/2021\/06\/ikea-stockholm-information-guide.jpg","type":"image\/jpeg"}],"twitter_card":"summary_large_image","twitter_site":"@comfortworks","twitter_misc":{"Gesch\u00e4tzte Lesezeit":"2\u00a0Minuten"},"schema":{"@context":"https:\/\/schema.org","@graph":[{"@type":"WebPage","@id":"https:\/\/blog.comfort-works.com\/de\/anleitung-fur-ikea-stockholm-sofas\/","url":"https:\/\/blog.comfort-works.com\/de\/anleitung-fur-ikea-stockholm-sofas\/","name":"Anleitung f\u00fcr IKEA Stockholm Sofas","isPartOf":{"@id":"https:\/\/blog.comfort-works.com\/#website"},"primaryImageOfPage":{"@id":"https:\/\/blog.comfort-works.com\/de\/anleitung-fur-ikea-stockholm-sofas\/#primaryimage"},"image":{"@id":"https:\/\/blog.comfort-works.com\/de\/anleitung-fur-ikea-stockholm-sofas\/#primaryimage"},"thumbnailUrl":"https:\/\/blog.comfort-works.com\/wp-content\/uploads\/2021\/06\/ikea-stockholm-information-guide.jpg","datePublished":"2018-07-10T05:29:50+00:00","dateModified":"2024-01-30T02:42:35+00:00","description":"Ultimative Tipps und Informationen \u00fcber die IKEA Stockholm Sofa Serie \u2013 Ma\u00dfe, Bewertungen, Bez\u00fcge, Anleitungen und mehr.","inLanguage":"de","potentialAction":[{"@type":"ReadAction","target":["https:\/\/blog.comfort-works.com\/de\/anleitung-fur-ikea-stockholm-sofas\/"]}]},{"@type":"ImageObject","inLanguage":"de","@id":"https:\/\/blog.comfort-works.com\/de\/anleitung-fur-ikea-stockholm-sofas\/#primaryimage","url":"https:\/\/blog.comfort-works.com\/wp-content\/uploads\/2021\/06\/ikea-stockholm-information-guide.jpg","contentUrl":"https:\/\/blog.comfort-works.com\/wp-content\/uploads\/2021\/06\/ikea-stockholm-information-guide.jpg","width":940,"height":534},{"@type":"WebSite","@id":"https:\/\/blog.comfort-works.com\/#website","url":"https:\/\/blog.comfort-works.com\/","name":"Finding Comfort","description":"Alles \u00fcber sch\u00f6ner Wohnen und Leben","publisher":{"@id":"https:\/\/blog.comfort-works.com\/#organization"},"potentialAction":[{"@type":"SearchAction","target":{"@type":"EntryPoint","urlTemplate":"https:\/\/blog.comfort-works.com\/?s={search_term_string}"},"query-input":{"@type":"PropertyValueSpecification","valueRequired":true,"valueName":"search_term_string"}}],"inLanguage":"de"},{"@type":"Organization","@id":"https:\/\/blog.comfort-works.com\/#organization","name":"Comfort Works","url":"https:\/\/blog.comfort-works.com\/","logo":{"@type":"ImageObject","inLanguage":"de","@id":"https:\/\/blog.comfort-works.com\/#\/schema\/logo\/image\/","url":"https:\/\/blog.comfort-works.com\/wp-content\/uploads\/2025\/06\/Frame-31.png","contentUrl":"https:\/\/blog.comfort-works.com\/wp-content\/uploads\/2025\/06\/Frame-31.png","width":1200,"height":675,"caption":"Comfort Works"},"image":{"@id":"https:\/\/blog.comfort-works.com\/#\/schema\/logo\/image\/"},"sameAs":["https:\/\/www.facebook.com\/comfortworkscovers","https:\/\/x.com\/comfortworks","https:\/\/www.instagram.com\/comfortworks\/","https:\/\/www.pinterest.com\/comfortworks\/","https:\/\/www.youtube.com\/channel\/UCiY0z-GqZUzfeBwrAhT2kAg"]}]}},"_links":{"self":[{"href":"https:\/\/blog.comfort-works.com\/de\/wp-json\/wp\/v2\/pages\/30602","targetHints":{"allow":["GET"]}}],"collection":[{"href":"https:\/\/blog.comfort-works.com\/de\/wp-json\/wp\/v2\/pages"}],"about":[{"href":"https:\/\/blog.comfort-works.com\/de\/wp-json\/wp\/v2\/types\/page"}],"author":[{"embeddable":true,"href":"https:\/\/blog.comfort-works.com\/de\/wp-json\/wp\/v2\/users\/1001006"}],"replies":[{"embeddable":true,"href":"https:\/\/blog.comfort-works.com\/de\/wp-json\/wp\/v2\/comments?post=30602"}],"version-history":[{"count":12,"href":"https:\/\/blog.comfort-works.com\/de\/wp-json\/wp\/v2\/pages\/30602\/revisions"}],"predecessor-version":[{"id":113497,"href":"https:\/\/blog.comfort-works.com\/de\/wp-json\/wp\/v2\/pages\/30602\/revisions\/113497"}],"wp:featuredmedia":[{"embeddable":true,"href":"https:\/\/blog.comfort-works.com\/de\/wp-json\/wp\/v2\/media\/75485"}],"wp:attachment":[{"href":"https:\/\/blog.comfort-works.com\/de\/wp-json\/wp\/v2\/media?parent=30602"}],"curies":[{"name":"wp","href":"https:\/\/api.w.org\/{rel}","templated":true}]}}