{"id":52601,"date":"2019-08-01T16:03:24","date_gmt":"2019-08-01T08:03:24","guid":{"rendered":"https:\/\/blog.comfort-works.com\/der-ultimative-leitfaden-zur-ikea-farlov-serie\/"},"modified":"2024-01-18T17:21:05","modified_gmt":"2024-01-18T09:21:05","slug":"der-ultimative-leitfaden-zur-ikea-farlov-serie","status":"publish","type":"page","link":"https:\/\/blog.comfort-works.com\/de\/der-ultimative-leitfaden-zur-ikea-farlov-serie\/","title":{"rendered":"Der ultimative Leitfaden zur IKEA F\u00e4rl\u00f6v-Serie"},"content":{"rendered":"<p><span style=\"font-weight: 400;\">Willkommen zum ultimativen Leitfaden zur <\/span><span style=\"font-weight: 400;\">IKEA F\u00e4rl\u00f6v-Serie<\/span> <span style=\"font-weight: 400;\">\u2013 hier findest du alle Gr\u00f6\u00dfen, Abmessungen, Bewertungen, Bez\u00fcge und Anleitungen zur Installation.\u00a0<\/span><\/p>\n<p><span style=\"font-weight: 400;\">Vielleicht bist du auf der Suche nach dem perfekten Sofa oder Sessel und brauchst ein wenig Hilfe. Vielleicht hast du dich bereits f\u00fcr die F\u00e4rl\u00f6v-Serie entschieden, hast dein neues M\u00f6belst\u00fcck auf Ebay gefunden und ben\u00f6tigst weitere Informationen. Vielleicht besitzt du bereits ein F\u00e4rl\u00f6v, aber einer deiner G\u00e4ste hat sich dazu entschieden, Kaffee \u00fcber den nur schwer zu bekommenden Bezug zu sch\u00fctten. Oder vielleicht kommen deine Schwiegereltern in die Stadt und du willst sie mit einem erwachseneren, attraktiveren Bezug beeindrucken. In diesem Spickzettel helfen wir dir bei all deinen Fragen.<\/span><\/p>\n<p><span style=\"font-weight: 400;\">Wenn deine Fragen hier nicht beantwortet werden, wende dich bitte an unseren Support unter <\/span><a style=\"font-size: 1em;\" href=\"mailto:info@comfortworks.com.au\">info@comfortworks.com.au<\/a><span style=\"font-size: 1em;\">.<\/span><\/p>\n<figure id=\"attachment_16096\" aria-describedby=\"caption-attachment-16096\" style=\"width: 950px\" class=\"wp-caption alignnone\"><img loading=\"lazy\" decoding=\"async\" class=\"alignnone size-medium wp-image-28481\" src=\"https:\/\/blog.comfort-works.com\/wp-content\/uploads\/2018\/04\/Farlov-3-seater-Kino-Ash-950x525.jpg\" alt=\"Farlov 3 Seater Kino Ash\" width=\"950\" height=\"525\" srcset=\"https:\/\/blog.comfort-works.com\/wp-content\/uploads\/2018\/04\/Farlov-3-seater-Kino-Ash-950x525.jpg 950w, https:\/\/blog.comfort-works.com\/wp-content\/uploads\/2018\/04\/Farlov-3-seater-Kino-Ash-768x425.jpg 768w, https:\/\/blog.comfort-works.com\/wp-content\/uploads\/2018\/04\/Farlov-3-seater-Kino-Ash.jpg 1000w\" sizes=\"auto, (max-width: 950px) 100vw, 950px\" \/><figcaption id=\"caption-attachment-16096\" class=\"wp-caption-text\"><span style=\"font-weight: 400;\">F\u00e4rl\u00f6v<\/span> 3er Sofa in unserem strapazierf\u00e4higen Kino Ash Stoff<\/figcaption><\/figure>\n<h2>Schnell-Check<\/h2>\n<p><span style=\"font-weight: 400;\">Status: Die Sofas, Sessel und Bez\u00fcge sind noch bei IKEA erh\u00e4ltlich.<\/span><\/p>\n<p><span style=\"font-weight: 400;\">Bezug:<\/span> <a href=\"https:\/\/comfort-works.com\/de-de\/collections\/ikea-farlov-slipcovers\n\" target=\"_blank\" rel=\"noopener noreferrer\"><span style=\"font-weight: 400;\">Die F\u00e4rl\u00f6v Bez\u00fcge<\/span><\/a><span style=\"font-weight: 400;\"> sind bei Comfort Works erh\u00e4ltlich.<\/span><\/p>\n<p><span style=\"font-weight: 400;\">Cool-Faktor: Elegant-schr\u00e4ge Armlehnen, breite Sitzfl\u00e4che, super klassischer und hochwertiger Look mit traditionellem Touch.<\/span><\/p>\n<p><span style=\"font-weight: 400;\">Ugh-Faktor: Flache Polsterschaumeins\u00e4tze, die, aufgrund ihrer Gr\u00f6\u00dfe, auf engstem Raum nur schwer zu installieren sind.<\/span><\/p>\n<p><span style=\"font-weight: 400;\">Ma\u00dfe:<\/span><\/p>\n<ul>\n<li><span style=\"font-weight: 400;\">F\u00e4rl\u00f6v Hocker: B- 84cm T- 64m H- 51cm<\/span><\/li>\n<li><span style=\"font-weight: 400;\">F\u00e4rl\u00f6v<\/span> <span style=\"font-weight: 400;\">Sessel: B- 93cm T- 101cm H- 88cm<\/span><\/li>\n<li><span style=\"font-weight: 400;\">F\u00e4rl\u00f6v<\/span> <span style=\"font-weight: 400;\">2er Sofa (Love Seat): B- 178cm T- 106cm H- 88cm<\/span><\/li>\n<li><span style=\"font-weight: 400;\">F\u00e4rl\u00f6v<\/span> <span style=\"font-weight: 400;\">3er Sofa: B- 218cm T- 106cm H- 88cm<\/span><\/li>\n<li><span style=\"font-weight: 400;\">F\u00e4rl\u00f6v<\/span> <span style=\"font-weight: 400;\">Auszieh-Sofa: B- 310\/270cm T- 106cm H- 88cm<\/span><\/li>\n<\/ul>\n<h2><span style=\"font-weight: 400;\">Anleitung<\/span><\/h2>\n<p><span style=\"font-weight: 400;\">Du m\u00f6chtest wissen, wie man ein F\u00e4rl\u00f6v zusammenbaut? Klicke auf das passende Modell, um die Montageanleitung herunterzuladen.<\/span><\/p>\n<ul>\n<li style=\"list-style-type: none;\">\n<ul>\n<li><a href=\"https:\/\/www.comfort-works.com\/news\/wp-content\/uploads\/2018\/04\/Farlov-3-seater-sofa-Manual.pdf\" target=\"_blank\" rel=\"noopener noreferrer\">Ikea <span style=\"font-weight: 400;\">F\u00e4rl\u00f6v 3er Sofa Montageanleitung<\/span><\/a><\/li>\n<li><a href=\"https:\/\/www.comfort-works.com\/news\/wp-content\/uploads\/2018\/04\/Farlov-2-seater-sofa-manual.pdf\" target=\"_blank\" rel=\"noopener noreferrer\">Ikea F\u00e4rl\u00f6v 2er Sofa Montageanleitung<\/a><\/li>\n<li><a href=\"https:\/\/www.comfort-works.com\/news\/wp-content\/uploads\/2018\/05\/farlov-armchair-manual.pdf\" target=\"_blank\" rel=\"noopener noreferrer\">Ikea F\u00e4rl\u00f6v Sessel Montageanleitung<\/a><\/li>\n<li><a href=\"https:\/\/www.comfort-works.com\/news\/wp-content\/uploads\/2018\/04\/Farlov-footstool-manual.pdf\" target=\"_blank\" rel=\"noopener noreferrer\">Ikea F\u00e4rl\u00f6v Hocker Montageanleitung<\/a><\/li>\n<\/ul>\n<\/li>\n<\/ul>\n<h2><span style=\"font-weight: 400;\">Unsere Bewertung<\/span><\/h2>\n<p><span style=\"font-weight: 400;\">Das F\u00e4rl\u00f6v-Sofa ist ein super bequemes und tiefes Sofa mit gro\u00dfem R\u00fcckenpolster und einem kleineren Lendenkissen. Es verleiht deiner Wohnung einen schicken Look! Leider fehlt es den originalen F\u00e4rl\u00f6v-Bez\u00fcgen an Variationen und Glanz.<\/span><\/p>\n<figure id=\"attachment_16096\" aria-describedby=\"caption-attachment-16096\" style=\"width: 950px\" class=\"wp-caption alignnone\"><img loading=\"lazy\" decoding=\"async\" class=\"alignnone size-medium wp-image-28504\" src=\"https:\/\/blog.comfort-works.com\/wp-content\/uploads\/2018\/04\/Farlov-3-seater-Rouge-Indigo-950x445.jpg\" alt=\"Farlov 3 Seater in Rouge Indigo\" width=\"950\" height=\"445\" srcset=\"https:\/\/blog.comfort-works.com\/wp-content\/uploads\/2018\/04\/Farlov-3-seater-Rouge-Indigo-950x445.jpg 950w, https:\/\/blog.comfort-works.com\/wp-content\/uploads\/2018\/04\/Farlov-3-seater-Rouge-Indigo-768x359.jpg 768w, https:\/\/blog.comfort-works.com\/wp-content\/uploads\/2018\/04\/Farlov-3-seater-Rouge-Indigo.jpg 1000w\" sizes=\"auto, (max-width: 950px) 100vw, 950px\" \/><figcaption id=\"caption-attachment-16096\" class=\"wp-caption-text\">Farlov 3er Sofa in Rouge Indigo Samt Bez\u00fcgen<\/figcaption><\/figure>\n<p><span style=\"font-weight: 400;\">Wenn du m\u00f6chtest, kannst du deine Bez\u00fcge sogar individuell gestalten, um einen gem\u00fctlichen Look zu kreieren und die Beine austauschen, f\u00fcr mehr skandinavischen Flair.<\/span><\/p>\n<p>Gestalte deinen eigenen <a href=\"https:\/\/comfort-works.com\/de-de\/collections\/ikea-farlov-slipcovers\n\" target=\"_blank\" rel=\"noopener noreferrer\">F\u00e4rl\u00f6v Bezug<\/a> mit Comfort Works!<\/p>\n<p><span style=\"font-weight: 400;\">Lies hier unsere komplette <\/span><a href=\"https:\/\/blog.comfort-works.com\/de\/die-neue-ikea-farlov-serie-im-uberblick\/\" target=\"_blank\" rel=\"noopener noreferrer\">Bewertung des F\u00e4rl\u00f6v-Sofas &#8211; <span style=\"font-weight: 400;\">Traditionelle Form, geeignet f\u00fcr neue Bez\u00fcge und individualisierbar.<\/span><\/a><\/p>\n<p><span style=\"font-weight: 400;\">Z\u00f6gere nicht, mit uns \u00fcber weitere Anpassungsoptionen zu sprechen \u2013 kontaktiere uns<\/span> <a href=\"https:\/\/help.comfort-works.com\/de\/support\/home\" target=\"_blank\" rel=\"noopener noreferrer\">hier!<\/a><\/p>\n<h2>Mehr Informationen<\/h2>\n<p><a href=\"http:\/\/willowstreetinteriors.com\/ikea-farlov-slipcovered-sofa-review-and-washing-tips\/\">Willow Street<\/a> &#8211; <span style=\"font-weight: 400;\">IKEA F\u00e4rl\u00f6v Sofabezug-Bewertung und Tipps zum Waschen.<\/span><\/p>\n<p><a href=\"https:\/\/www.blesserhouse.com\/ikea-farlov-sofa-holding-8-months-later\/\" target=\"_blank\" rel=\"noopener noreferrer\">Blesser House<\/a> &#8211; <span style=\"font-weight: 400;\">IKEA F\u00e4rl\u00f6v Sofa \u2013 Wie es sich nach 8 Monaten h\u00e4lt (Artikel nur auf Englisch verf\u00fcgbar)<\/span><\/p>\n","protected":false},"excerpt":{"rendered":"<p>Willkommen zum ultimativen Leitfaden zur IKEA F\u00e4rl\u00f6v-Serie \u2013 hier findest du alle Gr\u00f6\u00dfen, Abmessungen, Bewertungen, Bez\u00fcge und Anleitungen zur Installation.\u00a0 Vielleicht bist du auf der Suche nach dem perfekten Sofa oder Sessel und brauchst ein wenig Hilfe. Vielleicht hast du dich bereits f\u00fcr die F\u00e4rl\u00f6v-Serie entschieden, hast dein neues M\u00f6belst\u00fcck auf Ebay gefunden und ben\u00f6tigst [&hellip;]<\/p>\n","protected":false},"author":1001022,"featured_media":75111,"parent":0,"menu_order":0,"comment_status":"closed","ping_status":"closed","template":"","meta":{"_acf_changed":false,"footnotes":""},"class_list":["post-52601","page","type-page","status-publish","has-post-thumbnail","hentry"],"acf":[],"yoast_head":"<!-- This site is optimized with the Yoast SEO Premium plugin v25.1 (Yoast SEO v25.1) - https:\/\/yoast.com\/wordpress\/plugins\/seo\/ -->\n<title>Der ultimative Leitfaden zur IKEA F\u00e4rl\u00f6v-Serie<\/title>\n<meta name=\"description\" content=\"Willkommen zum ultimativen Leitfaden zur IKEA F\u00e4rl\u00f6v-Serie \u2013 hier findest du alle Gr\u00f6\u00dfen, Abmessungen, Bewertungen, Bez\u00fcge und Anleitungen zur Installation.\" \/>\n<meta name=\"robots\" content=\"index, follow, max-snippet:-1, max-image-preview:large, max-video-preview:-1\" \/>\n<link rel=\"canonical\" href=\"https:\/\/blog.comfort-works.com\/de\/der-ultimative-leitfaden-zur-ikea-farlov-serie\/\" \/>\n<meta property=\"og:locale\" content=\"de_DE\" \/>\n<meta property=\"og:type\" content=\"article\" \/>\n<meta property=\"og:title\" content=\"Der ultimative Leitfaden zur IKEA F\u00e4rl\u00f6v-Serie\" \/>\n<meta property=\"og:description\" content=\"Willkommen zum ultimativen Leitfaden zur IKEA F\u00e4rl\u00f6v-Serie \u2013 hier findest du alle Gr\u00f6\u00dfen, Abmessungen, Bewertungen, Bez\u00fcge und Anleitungen zur Installation.\" \/>\n<meta property=\"og:url\" content=\"https:\/\/blog.comfort-works.com\/de\/der-ultimative-leitfaden-zur-ikea-farlov-serie\/\" \/>\n<meta property=\"og:site_name\" content=\"Comfort Works Blog &amp; Design Inspirationen\" \/>\n<meta property=\"article:publisher\" content=\"https:\/\/www.facebook.com\/comfortworkscovers\" \/>\n<meta property=\"article:modified_time\" content=\"2024-01-18T09:21:05+00:00\" \/>\n<meta property=\"og:image\" content=\"https:\/\/blog-v3.comfort-works.com\/wp-content\/uploads\/2021\/06\/IKEA-Farlov-Sofa.jpg\" \/>\n\t<meta property=\"og:image:width\" content=\"940\" \/>\n\t<meta property=\"og:image:height\" content=\"534\" \/>\n\t<meta property=\"og:image:type\" content=\"image\/jpeg\" \/>\n<meta name=\"twitter:card\" content=\"summary_large_image\" \/>\n<meta name=\"twitter:site\" content=\"@comfortworks\" \/>\n<meta name=\"twitter:label1\" content=\"Gesch\u00e4tzte Lesezeit\" \/>\n\t<meta name=\"twitter:data1\" content=\"2\u00a0Minuten\" \/>\n<script type=\"application\/ld+json\" class=\"yoast-schema-graph\">{\"@context\":\"https:\/\/schema.org\",\"@graph\":[{\"@type\":\"WebPage\",\"@id\":\"https:\/\/blog.comfort-works.com\/de\/der-ultimative-leitfaden-zur-ikea-farlov-serie\/\",\"url\":\"https:\/\/blog.comfort-works.com\/de\/der-ultimative-leitfaden-zur-ikea-farlov-serie\/\",\"name\":\"Der ultimative Leitfaden zur IKEA F\u00e4rl\u00f6v-Serie\",\"isPartOf\":{\"@id\":\"https:\/\/blog.comfort-works.com\/#website\"},\"primaryImageOfPage\":{\"@id\":\"https:\/\/blog.comfort-works.com\/de\/der-ultimative-leitfaden-zur-ikea-farlov-serie\/#primaryimage\"},\"image\":{\"@id\":\"https:\/\/blog.comfort-works.com\/de\/der-ultimative-leitfaden-zur-ikea-farlov-serie\/#primaryimage\"},\"thumbnailUrl\":\"https:\/\/blog.comfort-works.com\/wp-content\/uploads\/2021\/06\/IKEA-Farlov-Sofa.jpg\",\"datePublished\":\"2019-08-01T08:03:24+00:00\",\"dateModified\":\"2024-01-18T09:21:05+00:00\",\"description\":\"Willkommen zum ultimativen Leitfaden zur IKEA F\u00e4rl\u00f6v-Serie \u2013 hier findest du alle Gr\u00f6\u00dfen, Abmessungen, Bewertungen, Bez\u00fcge und Anleitungen zur Installation.\",\"inLanguage\":\"de\",\"potentialAction\":[{\"@type\":\"ReadAction\",\"target\":[\"https:\/\/blog.comfort-works.com\/de\/der-ultimative-leitfaden-zur-ikea-farlov-serie\/\"]}]},{\"@type\":\"ImageObject\",\"inLanguage\":\"de\",\"@id\":\"https:\/\/blog.comfort-works.com\/de\/der-ultimative-leitfaden-zur-ikea-farlov-serie\/#primaryimage\",\"url\":\"https:\/\/blog.comfort-works.com\/wp-content\/uploads\/2021\/06\/IKEA-Farlov-Sofa.jpg\",\"contentUrl\":\"https:\/\/blog.comfort-works.com\/wp-content\/uploads\/2021\/06\/IKEA-Farlov-Sofa.jpg\",\"width\":940,\"height\":534,\"caption\":\"IKEA Farlov sofa in custom slipcovers\"},{\"@type\":\"WebSite\",\"@id\":\"https:\/\/blog.comfort-works.com\/#website\",\"url\":\"https:\/\/blog.comfort-works.com\/\",\"name\":\"Finding Comfort\",\"description\":\"Alles \u00fcber sch\u00f6ner Wohnen und Leben\",\"publisher\":{\"@id\":\"https:\/\/blog.comfort-works.com\/#organization\"},\"potentialAction\":[{\"@type\":\"SearchAction\",\"target\":{\"@type\":\"EntryPoint\",\"urlTemplate\":\"https:\/\/blog.comfort-works.com\/?s={search_term_string}\"},\"query-input\":{\"@type\":\"PropertyValueSpecification\",\"valueRequired\":true,\"valueName\":\"search_term_string\"}}],\"inLanguage\":\"de\"},{\"@type\":\"Organization\",\"@id\":\"https:\/\/blog.comfort-works.com\/#organization\",\"name\":\"Comfort Works\",\"url\":\"https:\/\/blog.comfort-works.com\/\",\"logo\":{\"@type\":\"ImageObject\",\"inLanguage\":\"de\",\"@id\":\"https:\/\/blog.comfort-works.com\/#\/schema\/logo\/image\/\",\"url\":\"https:\/\/blog.comfort-works.com\/wp-content\/uploads\/2025\/06\/Frame-31.png\",\"contentUrl\":\"https:\/\/blog.comfort-works.com\/wp-content\/uploads\/2025\/06\/Frame-31.png\",\"width\":1200,\"height\":675,\"caption\":\"Comfort Works\"},\"image\":{\"@id\":\"https:\/\/blog.comfort-works.com\/#\/schema\/logo\/image\/\"},\"sameAs\":[\"https:\/\/www.facebook.com\/comfortworkscovers\",\"https:\/\/x.com\/comfortworks\",\"https:\/\/www.instagram.com\/comfortworks\/\",\"https:\/\/www.pinterest.com\/comfortworks\/\",\"https:\/\/www.youtube.com\/channel\/UCiY0z-GqZUzfeBwrAhT2kAg\"]}]}<\/script>\n<!-- \/ Yoast SEO Premium plugin. -->","yoast_head_json":{"title":"Der ultimative Leitfaden zur IKEA F\u00e4rl\u00f6v-Serie","description":"Willkommen zum ultimativen Leitfaden zur IKEA F\u00e4rl\u00f6v-Serie \u2013 hier findest du alle Gr\u00f6\u00dfen, Abmessungen, Bewertungen, Bez\u00fcge und Anleitungen zur Installation.","robots":{"index":"index","follow":"follow","max-snippet":"max-snippet:-1","max-image-preview":"max-image-preview:large","max-video-preview":"max-video-preview:-1"},"canonical":"https:\/\/blog.comfort-works.com\/de\/der-ultimative-leitfaden-zur-ikea-farlov-serie\/","og_locale":"de_DE","og_type":"article","og_title":"Der ultimative Leitfaden zur IKEA F\u00e4rl\u00f6v-Serie","og_description":"Willkommen zum ultimativen Leitfaden zur IKEA F\u00e4rl\u00f6v-Serie \u2013 hier findest du alle Gr\u00f6\u00dfen, Abmessungen, Bewertungen, Bez\u00fcge und Anleitungen zur Installation.","og_url":"https:\/\/blog.comfort-works.com\/de\/der-ultimative-leitfaden-zur-ikea-farlov-serie\/","og_site_name":"Comfort Works Blog &amp; Design Inspirationen","article_publisher":"https:\/\/www.facebook.com\/comfortworkscovers","article_modified_time":"2024-01-18T09:21:05+00:00","og_image":[{"width":940,"height":534,"url":"https:\/\/blog-v3.comfort-works.com\/wp-content\/uploads\/2021\/06\/IKEA-Farlov-Sofa.jpg","type":"image\/jpeg"}],"twitter_card":"summary_large_image","twitter_site":"@comfortworks","twitter_misc":{"Gesch\u00e4tzte Lesezeit":"2\u00a0Minuten"},"schema":{"@context":"https:\/\/schema.org","@graph":[{"@type":"WebPage","@id":"https:\/\/blog.comfort-works.com\/de\/der-ultimative-leitfaden-zur-ikea-farlov-serie\/","url":"https:\/\/blog.comfort-works.com\/de\/der-ultimative-leitfaden-zur-ikea-farlov-serie\/","name":"Der ultimative Leitfaden zur IKEA F\u00e4rl\u00f6v-Serie","isPartOf":{"@id":"https:\/\/blog.comfort-works.com\/#website"},"primaryImageOfPage":{"@id":"https:\/\/blog.comfort-works.com\/de\/der-ultimative-leitfaden-zur-ikea-farlov-serie\/#primaryimage"},"image":{"@id":"https:\/\/blog.comfort-works.com\/de\/der-ultimative-leitfaden-zur-ikea-farlov-serie\/#primaryimage"},"thumbnailUrl":"https:\/\/blog.comfort-works.com\/wp-content\/uploads\/2021\/06\/IKEA-Farlov-Sofa.jpg","datePublished":"2019-08-01T08:03:24+00:00","dateModified":"2024-01-18T09:21:05+00:00","description":"Willkommen zum ultimativen Leitfaden zur IKEA F\u00e4rl\u00f6v-Serie \u2013 hier findest du alle Gr\u00f6\u00dfen, Abmessungen, Bewertungen, Bez\u00fcge und Anleitungen zur Installation.","inLanguage":"de","potentialAction":[{"@type":"ReadAction","target":["https:\/\/blog.comfort-works.com\/de\/der-ultimative-leitfaden-zur-ikea-farlov-serie\/"]}]},{"@type":"ImageObject","inLanguage":"de","@id":"https:\/\/blog.comfort-works.com\/de\/der-ultimative-leitfaden-zur-ikea-farlov-serie\/#primaryimage","url":"https:\/\/blog.comfort-works.com\/wp-content\/uploads\/2021\/06\/IKEA-Farlov-Sofa.jpg","contentUrl":"https:\/\/blog.comfort-works.com\/wp-content\/uploads\/2021\/06\/IKEA-Farlov-Sofa.jpg","width":940,"height":534,"caption":"IKEA Farlov sofa in custom slipcovers"},{"@type":"WebSite","@id":"https:\/\/blog.comfort-works.com\/#website","url":"https:\/\/blog.comfort-works.com\/","name":"Finding Comfort","description":"Alles \u00fcber sch\u00f6ner Wohnen und Leben","publisher":{"@id":"https:\/\/blog.comfort-works.com\/#organization"},"potentialAction":[{"@type":"SearchAction","target":{"@type":"EntryPoint","urlTemplate":"https:\/\/blog.comfort-works.com\/?s={search_term_string}"},"query-input":{"@type":"PropertyValueSpecification","valueRequired":true,"valueName":"search_term_string"}}],"inLanguage":"de"},{"@type":"Organization","@id":"https:\/\/blog.comfort-works.com\/#organization","name":"Comfort Works","url":"https:\/\/blog.comfort-works.com\/","logo":{"@type":"ImageObject","inLanguage":"de","@id":"https:\/\/blog.comfort-works.com\/#\/schema\/logo\/image\/","url":"https:\/\/blog.comfort-works.com\/wp-content\/uploads\/2025\/06\/Frame-31.png","contentUrl":"https:\/\/blog.comfort-works.com\/wp-content\/uploads\/2025\/06\/Frame-31.png","width":1200,"height":675,"caption":"Comfort Works"},"image":{"@id":"https:\/\/blog.comfort-works.com\/#\/schema\/logo\/image\/"},"sameAs":["https:\/\/www.facebook.com\/comfortworkscovers","https:\/\/x.com\/comfortworks","https:\/\/www.instagram.com\/comfortworks\/","https:\/\/www.pinterest.com\/comfortworks\/","https:\/\/www.youtube.com\/channel\/UCiY0z-GqZUzfeBwrAhT2kAg"]}]}},"_links":{"self":[{"href":"https:\/\/blog.comfort-works.com\/de\/wp-json\/wp\/v2\/pages\/52601","targetHints":{"allow":["GET"]}}],"collection":[{"href":"https:\/\/blog.comfort-works.com\/de\/wp-json\/wp\/v2\/pages"}],"about":[{"href":"https:\/\/blog.comfort-works.com\/de\/wp-json\/wp\/v2\/types\/page"}],"author":[{"embeddable":true,"href":"https:\/\/blog.comfort-works.com\/de\/wp-json\/wp\/v2\/users\/1001022"}],"replies":[{"embeddable":true,"href":"https:\/\/blog.comfort-works.com\/de\/wp-json\/wp\/v2\/comments?post=52601"}],"version-history":[{"count":9,"href":"https:\/\/blog.comfort-works.com\/de\/wp-json\/wp\/v2\/pages\/52601\/revisions"}],"predecessor-version":[{"id":112587,"href":"https:\/\/blog.comfort-works.com\/de\/wp-json\/wp\/v2\/pages\/52601\/revisions\/112587"}],"wp:featuredmedia":[{"embeddable":true,"href":"https:\/\/blog.comfort-works.com\/de\/wp-json\/wp\/v2\/media\/75111"}],"wp:attachment":[{"href":"https:\/\/blog.comfort-works.com\/de\/wp-json\/wp\/v2\/media?parent=52601"}],"curies":[{"name":"wp","href":"https:\/\/api.w.org\/{rel}","templated":true}]}}