{"id":55149,"date":"2019-09-03T11:14:14","date_gmt":"2019-09-03T03:14:14","guid":{"rendered":"https:\/\/blog.comfort-works.com\/der-ultimative-leitfaden-zur-ikea-stocksund-sofa-serie\/"},"modified":"2024-01-30T13:25:11","modified_gmt":"2024-01-30T05:25:11","slug":"der-ultimative-leitfaden-zur-ikea-stocksund-sofa-serie","status":"publish","type":"page","link":"https:\/\/blog.comfort-works.com\/de\/der-ultimative-leitfaden-zur-ikea-stocksund-sofa-serie\/","title":{"rendered":"Der ultimative Leitfaden zur IKEA Stocksund-Sofa-Serie"},"content":{"rendered":"<p><span style=\"font-weight: 400;\">Willkommen zum ultimativen Leitfaden zur IKEA Stocksund-Serie \u2013 hier findest du alle Gr\u00f6\u00dfen, Abmessungen, Bewertungen, Bez\u00fcge und Anleitungen zur Montage.\u00a0<\/span><\/p>\n<p><span style=\"font-weight: 400;\">Vielleicht bist du auf der Suche nach dem perfekten Sofa oder Sessel und brauchst ein wenig Hilfe. Vielleicht hast du dich bereits f\u00fcr die Stocksund-Serie entschieden, hast dein neues M\u00f6belst\u00fcck auf Craigslist oder Ebay gefunden und ben\u00f6tigst weitere Informationen. Vielleicht besitzt du bereits ein Stocksund, aber einer deiner G\u00e4ste hat sich dazu entschieden, Kaffee \u00fcber den nur schwer zu bekommenden Bezug zu sch\u00fctten. Oder vielleicht kommen deine Schwiegereltern in die Stadt und du willst sie mit einem erwachseneren, attraktiveren Bezug beeindrucken. In diesem Spickzettel helfen wir dir bei all deinen Fragen<\/span><\/p>\n<p><span style=\"font-weight: 400;\">Wenn deine Fragen hier nicht beantwortet werden, wende dich bitte an unseren Support unter<\/span>\u00a0<a href=\"mailto:info@comfortworks.com.au\">info@comfortworks.com.au<\/a>.<\/p>\n <span style=\"font-weight: 400;\">\u00a0Stocksund 3-Sitzer-Sofa mit unserem Gaia White Sofabezug <\/span>\n<h2>SCHNELL-CHECK<\/h2>\n<p>Status: <span style=\"font-weight: 400;\">Die Sofas, Sessel und Bez\u00fcge sind noch bei IKEA erh\u00e4ltlich.<\/span><\/p>\n<p>Bez\u00fcge: Die <a href=\"https:\/\/comfort-works.com\/de-de\/collections\/ikea-stocksund-slipcovers\n\" target=\"_blank\" rel=\"noopener noreferrer\">Stocksund Bez\u00fcge<\/a> <span style=\"font-weight: 400;\">sind bei Comfort Works erh\u00e4ltlich.<\/span><\/p>\n<p><span style=\"font-weight: 400;\">Cool-Factor: Edle, englische Rollarmlehnen und Spindelbeine, extrem bequem mit tiefer Sitzfl\u00e4che und guter Polsterung.<\/span><\/p>\n<p><span style=\"font-weight: 400;\">Ugh-Factor: Ziemlich gro\u00df f\u00fcr kleine R\u00e4ume und kleine Wohnungen.<\/span><\/p>\n<p><span style=\"font-weight: 400;\">Ma\u00dfe:<\/span><\/p>\n<ul>\n<li style=\"font-weight: 400;\"><span style=\"font-weight: 400;\">Stocksund Hocker: B: 101 cm, T: 79 cm, H: 48 cm<\/span><\/li>\n<li style=\"font-weight: 400;\"><span style=\"font-weight: 400;\">Stocksund Sessel: B: 92 cm, T: 95 cm, H: 89 cm<\/span><\/li>\n<li style=\"font-weight: 400;\"><span style=\"font-weight: 400;\">Stocksund 2-Sitzer-Sofa: B: 154 cm, T: 95 cm, H: 89 cm<\/span><\/li>\n<li style=\"font-weight: 400;\"><span style=\"font-weight: 400;\">Stocksund 3-Sitzer-Sofa: B: 199 cm, T: 95 cm, H: 89 cm<\/span><\/li>\n<li style=\"font-weight: 400;\"><span style=\"font-weight: 400;\">Stocksund Bank: B: 144 cm, T: 49 cm, H: 47 cm<\/span><\/li>\n<\/ul>\n<h2>ANLEITUNG<\/h2>\n<p><span style=\"font-weight: 400;\">Du m\u00f6chtest wissen, wie man ein Stocksund zusammenbaut? <\/span><\/p>\n<p><span style=\"font-weight: 400;\">K<\/span><span style=\"font-weight: 400;\">licke auf das passende Modell, um die Montageanleitung herunterzuladen.<\/span><\/p>\n<ul>\n<li><a href=\"https:\/\/www.comfort-works.com\/news\/wp-content\/uploads\/2018\/07\/IKEA-Stocksund-Footstool-Assembly-Instruction-Manual.pdf\" target=\"_blank\" rel=\"noopener noreferrer\">IKEA Stocksund Hocker Montageanleitung<\/a><\/li>\n<li><a href=\"https:\/\/www.comfort-works.com\/news\/wp-content\/uploads\/2018\/07\/IKEA-Stocksund-Armchair-Assembly-Instruction-Manual.pdf\" target=\"_blank\" rel=\"noopener noreferrer\">IKEA Stocksund Sessel Montageanleitung <\/a><\/li>\n<li><a href=\"https:\/\/www.comfort-works.com\/news\/wp-content\/uploads\/2018\/07\/IKEA-Stocksund-2-Seater-Sofa-Assembly-Instruction-Manual.pdf\" target=\"_blank\" rel=\"noopener noreferrer\">IKEA Stocksund 2-Sitzer-Sofa Montageanleitung <\/a><\/li>\n<li><a href=\"https:\/\/www.comfort-works.com\/news\/wp-content\/uploads\/2018\/07\/IKEA-Stocksund-3-Seater-Sofa-Assembly-Instruction-Manual.pdf\" target=\"_blank\" rel=\"noopener noreferrer\">IKEA Stocksund 3-Sitzer-Sofa Montageanleitung <\/a><\/li>\n<li><a href=\"https:\/\/blog.comfort-works.com\/wp-content\/uploads\/2018\/07\/IKEA-Stocksund-Bench-Assembly-Instruction-Manual.pdf\" target=\"_blank\" rel=\"noopener noreferrer\">IKEA Stocksund Bank Montageanleitung <\/a><\/li>\n<\/ul>\n<h2>UNSERE BEWERTUNG<\/h2>\n<p><span style=\"font-weight: 400;\">Die robuste Stocksund-Serie schafft, seit seiner Einf\u00fchrung im Jahr 2014, einen Raum f\u00fcr sich. Die tiefen, bequemen Sitzfl\u00e4chen sind perfekt zum Entspannen und die klassischen, englischen Rollarmlehnen mit Spindelbeinen sprechen die traditionellere \u00c4sthetik an. Das Sortiment umfasst den Sessel, das 3-Sitzer-Sofa, das 2-Sitzer-Sofa und die Bank (mit Stauraum), so dass es sich perfekt f\u00fcr die Einrichtung eines gro\u00dfen Wohnbereichs mit passenden M\u00f6beln eignet.<\/span><\/p>\n<p><span style=\"font-weight: 400;\">Gestalte deinen eigenen <\/span><a href=\"https:\/\/comfort-works.com\/de-de\/collections\/ikea-stocksund-slipcovers\n\" target=\"_blank\" rel=\"noopener noreferrer\"><span style=\"font-weight: 400;\">Stocksund<\/span><\/a><span style=\"font-weight: 400;\"> Bezug<\/span><span style=\"font-weight: 400;\"> mit Comfort Works!\u00a0<\/span><\/p>\n<p><span style=\"font-weight: 400;\">Z\u00f6gere nicht, mit uns \u00fcber weitere Anpassungsoptionen zu sprechen \u2013 <\/span> <a href=\"https:\/\/comfort-works.com\/de-de\/content\/kontakt-379\/\" target=\"_blank\" rel=\"noopener noreferrer\">kontaktiere uns hier!<\/a><\/p>\n<h2>MEHR INFORMATION<\/h2>\n<p>Cure 4 Decor &#8211; <span style=\"font-weight: 400;\">IKEA Stocksund Bewertung<\/span><\/p>\n<p><a href=\"https:\/\/placeofmytaste.com\/comfort-works\/\" target=\"_blank\" rel=\"noopener noreferrer\">Place of my Taste<\/a> &#8211; <span style=\"font-weight: 400;\">Comfort Works Sofa-Bezug-Bewertung<\/span><\/p>\n<p><a href=\"https:\/\/blog.comfort-works.com\/de\/ikea-stocksund-sofa-rezension\/\" target=\"_blank\" rel=\"noopener noreferrer\">Comfort Works<\/a> \u2013 <span style=\"font-weight: 400;\">IKEA Stocksund Sofa Serie (2014) Bewertung<\/span><\/p>\n<h1><\/h1>\n","protected":false},"excerpt":{"rendered":"<p>Willkommen zum ultimativen Leitfaden zur IKEA Stocksund-Serie \u2013 hier findest du alle Gr\u00f6\u00dfen, Abmessungen, Bewertungen, Bez\u00fcge und Anleitungen zur Montage.\u00a0 Vielleicht bist du auf der Suche nach dem perfekten Sofa oder Sessel und brauchst ein wenig Hilfe. Vielleicht hast du dich bereits f\u00fcr die Stocksund-Serie entschieden, hast dein neues M\u00f6belst\u00fcck auf Craigslist oder Ebay gefunden [&hellip;]<\/p>\n","protected":false},"author":1001022,"featured_media":0,"parent":0,"menu_order":0,"comment_status":"closed","ping_status":"closed","template":"","meta":{"_acf_changed":false,"footnotes":""},"class_list":["post-55149","page","type-page","status-publish","hentry"],"acf":[],"yoast_head":"<!-- This site is optimized with the Yoast SEO Premium plugin v25.1 (Yoast SEO v25.1) - https:\/\/yoast.com\/wordpress\/plugins\/seo\/ -->\n<title>Der ultimative Leitfaden zur IKEA Stocksund-Sofa-Serie | Ersatz Bez\u00fcge<\/title>\n<meta name=\"description\" content=\"Der ultimative Leitfaden zur IKEA Stocksund-Serie \u2013 hier findest du alle Gr\u00f6\u00dfen, Abmessungen, Bewertungen, Bez\u00fcge und Anleitungen zur Montage.\" \/>\n<meta name=\"robots\" content=\"index, follow, max-snippet:-1, max-image-preview:large, max-video-preview:-1\" \/>\n<link rel=\"canonical\" href=\"https:\/\/blog.comfort-works.com\/de\/der-ultimative-leitfaden-zur-ikea-stocksund-sofa-serie\/\" \/>\n<meta property=\"og:locale\" content=\"de_DE\" \/>\n<meta property=\"og:type\" content=\"article\" \/>\n<meta property=\"og:title\" content=\"Der ultimative Leitfaden zur IKEA Stocksund-Sofa-Serie | Ersatz Bez\u00fcge\" \/>\n<meta property=\"og:description\" content=\"Der ultimative Leitfaden zur IKEA Stocksund-Serie \u2013 hier findest du alle Gr\u00f6\u00dfen, Abmessungen, Bewertungen, Bez\u00fcge und Anleitungen zur Montage.\" \/>\n<meta property=\"og:url\" content=\"https:\/\/blog.comfort-works.com\/de\/der-ultimative-leitfaden-zur-ikea-stocksund-sofa-serie\/\" \/>\n<meta property=\"og:site_name\" content=\"Comfort Works Blog &amp; Design Inspirationen\" \/>\n<meta property=\"article:publisher\" content=\"https:\/\/www.facebook.com\/comfortworkscovers\" \/>\n<meta property=\"article:modified_time\" content=\"2024-01-30T05:25:11+00:00\" \/>\n<meta property=\"og:image\" content=\"https:\/\/blog.comfort-works.com\/wp-content\/uploads\/2025\/06\/Frame-51.png\" \/>\n\t<meta property=\"og:image:width\" content=\"1200\" \/>\n\t<meta property=\"og:image:height\" content=\"675\" \/>\n\t<meta property=\"og:image:type\" content=\"image\/png\" \/>\n<meta name=\"twitter:card\" content=\"summary_large_image\" \/>\n<meta name=\"twitter:site\" content=\"@comfortworks\" \/>\n<meta name=\"twitter:label1\" content=\"Gesch\u00e4tzte Lesezeit\" \/>\n\t<meta name=\"twitter:data1\" content=\"2\u00a0Minuten\" \/>\n<script type=\"application\/ld+json\" class=\"yoast-schema-graph\">{\"@context\":\"https:\/\/schema.org\",\"@graph\":[{\"@type\":\"WebPage\",\"@id\":\"https:\/\/blog.comfort-works.com\/de\/der-ultimative-leitfaden-zur-ikea-stocksund-sofa-serie\/\",\"url\":\"https:\/\/blog.comfort-works.com\/de\/der-ultimative-leitfaden-zur-ikea-stocksund-sofa-serie\/\",\"name\":\"Der ultimative Leitfaden zur IKEA Stocksund-Sofa-Serie | Ersatz Bez\u00fcge\",\"isPartOf\":{\"@id\":\"https:\/\/blog.comfort-works.com\/#website\"},\"datePublished\":\"2019-09-03T03:14:14+00:00\",\"dateModified\":\"2024-01-30T05:25:11+00:00\",\"description\":\"Der ultimative Leitfaden zur IKEA Stocksund-Serie \u2013 hier findest du alle Gr\u00f6\u00dfen, Abmessungen, Bewertungen, Bez\u00fcge und Anleitungen zur Montage.\",\"inLanguage\":\"de\",\"potentialAction\":[{\"@type\":\"ReadAction\",\"target\":[\"https:\/\/blog.comfort-works.com\/de\/der-ultimative-leitfaden-zur-ikea-stocksund-sofa-serie\/\"]}]},{\"@type\":\"WebSite\",\"@id\":\"https:\/\/blog.comfort-works.com\/#website\",\"url\":\"https:\/\/blog.comfort-works.com\/\",\"name\":\"Finding Comfort\",\"description\":\"Alles \u00fcber sch\u00f6ner Wohnen und Leben\",\"publisher\":{\"@id\":\"https:\/\/blog.comfort-works.com\/#organization\"},\"potentialAction\":[{\"@type\":\"SearchAction\",\"target\":{\"@type\":\"EntryPoint\",\"urlTemplate\":\"https:\/\/blog.comfort-works.com\/?s={search_term_string}\"},\"query-input\":{\"@type\":\"PropertyValueSpecification\",\"valueRequired\":true,\"valueName\":\"search_term_string\"}}],\"inLanguage\":\"de\"},{\"@type\":\"Organization\",\"@id\":\"https:\/\/blog.comfort-works.com\/#organization\",\"name\":\"Comfort Works\",\"url\":\"https:\/\/blog.comfort-works.com\/\",\"logo\":{\"@type\":\"ImageObject\",\"inLanguage\":\"de\",\"@id\":\"https:\/\/blog.comfort-works.com\/#\/schema\/logo\/image\/\",\"url\":\"https:\/\/blog.comfort-works.com\/wp-content\/uploads\/2025\/06\/Frame-31.png\",\"contentUrl\":\"https:\/\/blog.comfort-works.com\/wp-content\/uploads\/2025\/06\/Frame-31.png\",\"width\":1200,\"height\":675,\"caption\":\"Comfort Works\"},\"image\":{\"@id\":\"https:\/\/blog.comfort-works.com\/#\/schema\/logo\/image\/\"},\"sameAs\":[\"https:\/\/www.facebook.com\/comfortworkscovers\",\"https:\/\/x.com\/comfortworks\",\"https:\/\/www.instagram.com\/comfortworks\/\",\"https:\/\/www.pinterest.com\/comfortworks\/\",\"https:\/\/www.youtube.com\/channel\/UCiY0z-GqZUzfeBwrAhT2kAg\"]}]}<\/script>\n<!-- \/ Yoast SEO Premium plugin. -->","yoast_head_json":{"title":"Der ultimative Leitfaden zur IKEA Stocksund-Sofa-Serie | Ersatz Bez\u00fcge","description":"Der ultimative Leitfaden zur IKEA Stocksund-Serie \u2013 hier findest du alle Gr\u00f6\u00dfen, Abmessungen, Bewertungen, Bez\u00fcge und Anleitungen zur Montage.","robots":{"index":"index","follow":"follow","max-snippet":"max-snippet:-1","max-image-preview":"max-image-preview:large","max-video-preview":"max-video-preview:-1"},"canonical":"https:\/\/blog.comfort-works.com\/de\/der-ultimative-leitfaden-zur-ikea-stocksund-sofa-serie\/","og_locale":"de_DE","og_type":"article","og_title":"Der ultimative Leitfaden zur IKEA Stocksund-Sofa-Serie | Ersatz Bez\u00fcge","og_description":"Der ultimative Leitfaden zur IKEA Stocksund-Serie \u2013 hier findest du alle Gr\u00f6\u00dfen, Abmessungen, Bewertungen, Bez\u00fcge und Anleitungen zur Montage.","og_url":"https:\/\/blog.comfort-works.com\/de\/der-ultimative-leitfaden-zur-ikea-stocksund-sofa-serie\/","og_site_name":"Comfort Works Blog &amp; Design Inspirationen","article_publisher":"https:\/\/www.facebook.com\/comfortworkscovers","article_modified_time":"2024-01-30T05:25:11+00:00","og_image":[{"width":1200,"height":675,"url":"https:\/\/blog.comfort-works.com\/wp-content\/uploads\/2025\/06\/Frame-51.png","type":"image\/png"}],"twitter_card":"summary_large_image","twitter_site":"@comfortworks","twitter_misc":{"Gesch\u00e4tzte Lesezeit":"2\u00a0Minuten"},"schema":{"@context":"https:\/\/schema.org","@graph":[{"@type":"WebPage","@id":"https:\/\/blog.comfort-works.com\/de\/der-ultimative-leitfaden-zur-ikea-stocksund-sofa-serie\/","url":"https:\/\/blog.comfort-works.com\/de\/der-ultimative-leitfaden-zur-ikea-stocksund-sofa-serie\/","name":"Der ultimative Leitfaden zur IKEA Stocksund-Sofa-Serie | Ersatz Bez\u00fcge","isPartOf":{"@id":"https:\/\/blog.comfort-works.com\/#website"},"datePublished":"2019-09-03T03:14:14+00:00","dateModified":"2024-01-30T05:25:11+00:00","description":"Der ultimative Leitfaden zur IKEA Stocksund-Serie \u2013 hier findest du alle Gr\u00f6\u00dfen, Abmessungen, Bewertungen, Bez\u00fcge und Anleitungen zur Montage.","inLanguage":"de","potentialAction":[{"@type":"ReadAction","target":["https:\/\/blog.comfort-works.com\/de\/der-ultimative-leitfaden-zur-ikea-stocksund-sofa-serie\/"]}]},{"@type":"WebSite","@id":"https:\/\/blog.comfort-works.com\/#website","url":"https:\/\/blog.comfort-works.com\/","name":"Finding Comfort","description":"Alles \u00fcber sch\u00f6ner Wohnen und Leben","publisher":{"@id":"https:\/\/blog.comfort-works.com\/#organization"},"potentialAction":[{"@type":"SearchAction","target":{"@type":"EntryPoint","urlTemplate":"https:\/\/blog.comfort-works.com\/?s={search_term_string}"},"query-input":{"@type":"PropertyValueSpecification","valueRequired":true,"valueName":"search_term_string"}}],"inLanguage":"de"},{"@type":"Organization","@id":"https:\/\/blog.comfort-works.com\/#organization","name":"Comfort Works","url":"https:\/\/blog.comfort-works.com\/","logo":{"@type":"ImageObject","inLanguage":"de","@id":"https:\/\/blog.comfort-works.com\/#\/schema\/logo\/image\/","url":"https:\/\/blog.comfort-works.com\/wp-content\/uploads\/2025\/06\/Frame-31.png","contentUrl":"https:\/\/blog.comfort-works.com\/wp-content\/uploads\/2025\/06\/Frame-31.png","width":1200,"height":675,"caption":"Comfort Works"},"image":{"@id":"https:\/\/blog.comfort-works.com\/#\/schema\/logo\/image\/"},"sameAs":["https:\/\/www.facebook.com\/comfortworkscovers","https:\/\/x.com\/comfortworks","https:\/\/www.instagram.com\/comfortworks\/","https:\/\/www.pinterest.com\/comfortworks\/","https:\/\/www.youtube.com\/channel\/UCiY0z-GqZUzfeBwrAhT2kAg"]}]}},"_links":{"self":[{"href":"https:\/\/blog.comfort-works.com\/de\/wp-json\/wp\/v2\/pages\/55149","targetHints":{"allow":["GET"]}}],"collection":[{"href":"https:\/\/blog.comfort-works.com\/de\/wp-json\/wp\/v2\/pages"}],"about":[{"href":"https:\/\/blog.comfort-works.com\/de\/wp-json\/wp\/v2\/types\/page"}],"author":[{"embeddable":true,"href":"https:\/\/blog.comfort-works.com\/de\/wp-json\/wp\/v2\/users\/1001022"}],"replies":[{"embeddable":true,"href":"https:\/\/blog.comfort-works.com\/de\/wp-json\/wp\/v2\/comments?post=55149"}],"version-history":[{"count":5,"href":"https:\/\/blog.comfort-works.com\/de\/wp-json\/wp\/v2\/pages\/55149\/revisions"}],"predecessor-version":[{"id":113907,"href":"https:\/\/blog.comfort-works.com\/de\/wp-json\/wp\/v2\/pages\/55149\/revisions\/113907"}],"wp:attachment":[{"href":"https:\/\/blog.comfort-works.com\/de\/wp-json\/wp\/v2\/media?parent=55149"}],"curies":[{"name":"wp","href":"https:\/\/api.w.org\/{rel}","templated":true}]}}