{"id":21882,"date":"2017-06-21T11:16:21","date_gmt":"2017-06-21T03:16:21","guid":{"rendered":"https:\/\/www.comfort-works.com\/news\/guide-sur-le-canape-karlstad-dikea-discontinue-en-2015\/"},"modified":"2024-01-29T14:02:55","modified_gmt":"2024-01-29T06:02:55","slug":"guide-et-avis-sur-le-canape-karlstad-ikea-arrete-en-2015","status":"publish","type":"page","link":"https:\/\/blog.comfort-works.com\/fr\/guide-et-avis-sur-le-canape-karlstad-ikea-arrete-en-2015\/","title":{"rendered":"GUIDE ET AVIS SUR LE CANAP\u00c9 KARLSTAD IKEA (ARR\u00caT\u00c9 EN 2015)"},"content":{"rendered":"<p><span data-sheets-value=\"{&quot;1&quot;:2,&quot;2&quot;:&quot;Le canapu00e9 bien aimu00e9 Karlstad a u00e9tu00e9 malheureusement discontinuu00e9 par IKEA en 2015, vous pouvez toujours le trouver dans les sites de vente d'occasion mais les modu00e8les sont gu00e9nu00e9ralement limitu00e9s aux canapu00e9s 2 places et 3 places. nnBienvenue dans le guide sur le canapu00e9 Karlstad d'IKEA, vous allez trouver les tailles, dimensions, tests et avis, housses, les instructions d'assemblage ainsi que d'autres informations. &quot;}\" data-sheets-userformat=\"{&quot;2&quot;:769,&quot;3&quot;:[null,0],&quot;11&quot;:4,&quot;12&quot;:0}\"><strong>Mod\u00e8le phare du g\u00e9ant su\u00e9dois, le canap\u00e9 Karlstad a malheureusement \u00e9t\u00e9 interrompu en 2015. Vous pouvez toujours le d\u00e9nicher d&rsquo;occasion, mais il s&rsquo;agit uniquement de la version 3 places.<\/strong><\/span><\/p>\n<p><span data-sheets-value=\"{&quot;1&quot;:2,&quot;2&quot;:&quot;Le Karlstad existe en Canapu00e9 2 Places, Fauteuil, 3 Places, Canapu00e9 d'Angle, Mu00e9ridienne et Repose-pieds. Le canapu00e9 3 places est pour le moment le seul u00e0 u00eatre disponible chez IKEA. Le modu00e8le est parmis les rares canapu00e9s qui sont restu00e9s tru00e8s longtemps dans la collection de la marque Suu00e9doise, u00e0 cu00f4tu00e9 du Klippan, Ektrop, Stockholm et le Poang. nnQue vous soyez u00e0 la recherche du canapu00e9 parfait et que vous avez besoin d'un peu d'aide, que vous avez du00e9cidu00e9 d'acheter un Karlstad que vous avez trouvu00e9 chez Ebay, que vous soyez du00e9ju00e0 propriu00e9taires d'un Karlstad et que votre invitu00e9 a versu00e9 du cafu00e9 dessus, ou bien que vous soyez u00e0 la recherche d'une housse pour votre Karstad, ce guide comporte toutes les informations nu00e9cessaires. nnSi vos question ou vos soucis ne sont pas adressu00e9s ici, n'hu00e9sitez pas u00e0 nous contacter en nous envoyant un mail: info@comfortworks.com.au&quot;}\" data-sheets-userformat=\"{&quot;2&quot;:769,&quot;3&quot;:[null,0],&quot;11&quot;:4,&quot;12&quot;:0}\">Le Karlstad fait partie des rares mod\u00e8les qui sont rest\u00e9s tr\u00e8s longtemps dans les rayons du fabricant su\u00e9dois, \u00e0 c\u00f4t\u00e9 des iconiques Klippan, Ektrop, Stockholm et Poang. Il existe dans les d\u00e9clinaisons suivantes : canap\u00e9 3 places, 2 places, canap\u00e9 d&rsquo;angle, fauteuil, m\u00e9ridienne et repose-pied. Le 3 places est le seul \u00e0 \u00eatre encore disponible chez IKEA.&nbsp;<\/span><\/p>\n<p>Vous recherchez le canap\u00e9 parfait ? Vous avez d\u00e9nich\u00e9 un Karlstad sur ebay et h\u00e9sitez avant de l&rsquo;acheter ? Vous devez changer de housses parce que votre belle-m\u00e8re a renvers\u00e9 son caf\u00e9 dessus ? Bienvenue dans notre guide sur le canap\u00e9 Karlstad IKEA. Nous avons recens\u00e9 pour vous toutes les informations n\u00e9cessaires : configurations, dimensions, tests et autres avis, housses, instructions d&rsquo;assemblage, etc.&nbsp;<\/p>\n<p>Si vous avez besoin de pr\u00e9cisions suppl\u00e9mentaires, n&rsquo;h\u00e9sitez pas \u00e0 nous contacter en nous envoyant un mail: info@comfortworks.com.au<\/p>\n<p><\/p>\n<h2>LA COLLECTION :<\/h2>\n<ul>\n<li style=\"list-style-type: none;\">\n<ul>\n<li>Fauteuil Karlstad (PETIT): Largeur : 69 cm, Profondeur : 87 cm, Hauteur : 80 cm<\/li>\n<li>Fauteuil Karlstad : Largeur : 91 cm, Profondeur : 93 cm, Hauteur : 80 cm<\/li>\n<li>M\u00e9ridienne Karlstad, unit\u00e9 ind\u00e9pendante : Largeur : 74 cm, Profondeur : 137 cm, Hauteur : 80 cm<\/li>\n<li>M\u00e9ridienne Karlstad, unit\u00e9 compl\u00e9mentaire : Largeur : 74 cm, Profondeur : 137 cm, Hauteur : 80 cm<\/li>\n<li>Repose-pied Karlstad : Largeur : 81 cm, Profondeur : 63 cm, Hauteur : 46 cm<\/li>\n<li>Canap\u00e9 convertible Karlstad : Largeur : 223 cm, Profondeur : 90 cm, Hauteur : 80 cm<\/li>\n<li>Canap\u00e9 2 places : Largeur : 162 cm, Profondeur : 88 cm, Hauteur : 80 cm<\/li>\n<li>Canap\u00e9 3 places : Largeur : 202 cm, Profondeur : 86 cm, Hauteur : 80 cm<\/li>\n<\/ul>\n<\/li>\n<\/ul>\n<p>Avantages : joli canap\u00e9, confortable et robuste.<\/p>\n<p>Inconv\u00e9nients : pieds un peu moches, mais ils peuvent \u00eatre facilement remplac\u00e9s par nos <a href=\"https:\/\/comfort-works.com\/fr\/pieds-en-bois-pour-canape-ikea-29\">pieds de canap\u00e9 en bois Comfort Works<\/a>.<\/p>\n<p>NB : nous proposons bien entendu des <a href=\"https:\/\/comfort-works.com\/fr\/karlstad-housses-canape-70\">housses sur mesure pour la gamme Karlstad<\/a>.<\/p>\n<h2>MANUEL D&rsquo;UTILISATION<\/h2>\n<p>Vous cherchez d\u00e9sesp\u00e9r\u00e9ment le guide d&rsquo;assemblage de votre mod\u00e8le de canap\u00e9 Karlstad ? Cliquez sur votre mod\u00e8le afin de le t\u00e9l\u00e9charger.<\/p>\n<ul>\n<li style=\"list-style-type: none;\">\n<ul>\n<li><a href=\"https:\/\/comfort-works.com\/news\/wp-content\/uploads\/2011\/04\/K20125909.pdf\">Canap\u00e9 Convertible Karlstad d&rsquo;IKEA<\/a><\/li>\n<\/ul>\n<\/li>\n<\/ul>\n<p><\/p>\n<ul>\n<li style=\"list-style-type: none;\">\n<ul>\n<li><a href=\"https:\/\/comfort-works.com\/news\/wp-content\/uploads\/2011\/04\/K20125914.pdf\">Fauteuil, Canap\u00e9 2 places, 3 places Karlstad d&rsquo;IKEA<\/a><\/li>\n<\/ul>\n<\/li>\n<\/ul>\n<p><\/p>\n<ul>\n<li style=\"list-style-type: none;\">\n<ul>\n<li><a href=\"https:\/\/comfort-works.com\/news\/wp-content\/uploads\/2011\/04\/Karlstad-coner-sofa-comfortworks.pdf\">Canap\u00e9 d&rsquo;Angle Karlstad d&rsquo;IKEA (3+2\/ 2+3)<\/a><\/li>\n<\/ul>\n<\/li>\n<\/ul>\n<p><\/p>\n<ul>\n<li style=\"list-style-type: none;\">\n<ul>\n<li><a href=\"https:\/\/comfort-works.com\/news\/wp-content\/uploads\/2011\/04\/IKEA-Karlstad-Chaise-Lounge-add-on-unit.pdf\">M\u00e9ridienne Karlstad d&rsquo;IKEA, Unit\u00e9 Compl\u00e9mentaire<\/a><\/li>\n<\/ul>\n<\/li>\n<\/ul>\n<p><\/p>\n<ul>\n<li style=\"list-style-type: none;\">\n<ul>\n<li><a href=\"https:\/\/comfort-works.com\/news\/wp-content\/uploads\/2011\/04\/IKEA-Karlstad-Footstool-.pdf\">Repose-pieds Karlstad d&rsquo;IKEA<\/a><\/li>\n<\/ul>\n<\/li>\n<\/ul>\n<p><\/p>\n<ul>\n<li style=\"list-style-type: none;\">\n<ul>\n<li><a href=\"https:\/\/blog.comfort-works.com\/wp-content\/uploads\/2011\/04\/IKEA-Karlstad-Armchair.pdf\">Fauteuil Karlstad d&rsquo;IKEA<\/a><\/li>\n<\/ul>\n<\/li>\n<\/ul>\n<p><\/p>\n<h2>NOTRE AVIS :<\/h2>\n<p>Il s&rsquo;agit d&rsquo;un canap\u00e9 au look r\u00e9tro et tr\u00e8s minimaliste de chez IKEA qui a \u00e9t\u00e9 introduit en 2008 pour remplacer la gamme Karlanda. Avec un peu de bricolage, il est possible de donner au Karlstad un look plus scandinave en ajoutant des pieds vintage ainsi que des coussins capitonn\u00e9s.<\/p>\n<p><img loading=\"lazy\" decoding=\"async\" class=\"alignnone\" title=\"Custom Karlsatd slipcover \" src=\"http:\/\/2.bp.blogspot.com\/_19BDRJMYBd4\/TNGFQZ9e8EI\/AAAAAAAAFTI\/dxMyK9nMU0c\/s640\/DSC_0048.JPG\" alt=\"\" width=\"640\" height=\"425\"><\/p>\n<p>Mod\u00e8le versatile par excellence, le Karlstad peut \u00eatre customis\u00e9 \u00e0 votre go\u00fbt. Concevez vos <a href=\"https:\/\/comfort-works.com\/fr\/karlstad-housses-canape-70\">housses personnalis\u00e9es<\/a> pour donner un coup de frais \u00e0 votre d\u00e9co d&rsquo;int\u00e9rieur !<\/p>\n\n\n<div class=\"wp-block-button aligncenter is-style-squared\"><a href=\"https:\/\/blog.comfort-works.com\/fr\/category\/test-de-produits-ikea\/\" class=\"wp-block-button__link has-text-color has-background\" style=\"background-color:#fbb03b;color:#ffffff\">NOS AVIS SUR LES CANAP\u00c9S IKEA<\/a><\/div>\n","protected":false},"excerpt":{"rendered":"<p>Mod\u00e8le phare du g\u00e9ant su\u00e9dois, le canap\u00e9 Karlstad a malheureusement \u00e9t\u00e9 interrompu en 2015. Vous pouvez toujours le d\u00e9nicher d&rsquo;occasion, mais il s&rsquo;agit uniquement de la version 3 places. Le Karlstad fait partie des rares mod\u00e8les qui sont rest\u00e9s tr\u00e8s longtemps dans les rayons du fabricant su\u00e9dois, \u00e0 c\u00f4t\u00e9 des iconiques Klippan, Ektrop, Stockholm et [&hellip;]<\/p>\n","protected":false},"author":1,"featured_media":38023,"parent":0,"menu_order":0,"comment_status":"open","ping_status":"closed","template":"","meta":{"_acf_changed":false,"footnotes":""},"class_list":["post-21882","page","type-page","status-publish","has-post-thumbnail","hentry"],"acf":[],"yoast_head":"<!-- This site is optimized with the Yoast SEO Premium plugin v25.1 (Yoast SEO v25.1) - https:\/\/yoast.com\/wordpress\/plugins\/seo\/ -->\n<title>Guide et avis sur le canap\u00e9 KARLSTAD IKEA<\/title>\n<meta name=\"description\" content=\"Notre guide sur le canap\u00e9 Karlstad d&#039;IKEA : mod\u00e8les, dimensions, guide d&#039;assemblage, etc. Pour changer la housse de son canap\u00e9, c&#039;est ici !\" \/>\n<meta name=\"robots\" content=\"index, follow, max-snippet:-1, max-image-preview:large, max-video-preview:-1\" \/>\n<link rel=\"canonical\" href=\"https:\/\/blog.comfort-works.com\/fr\/guide-et-avis-sur-le-canape-karlstad-ikea-arrete-en-2015\/\" \/>\n<meta property=\"og:locale\" content=\"fr_FR\" \/>\n<meta property=\"og:type\" content=\"article\" \/>\n<meta property=\"og:title\" content=\"Guide et avis sur le canap\u00e9 KARLSTAD IKEA\" \/>\n<meta property=\"og:description\" content=\"Notre guide sur le canap\u00e9 Karlstad d&#039;IKEA : mod\u00e8les, dimensions, guide d&#039;assemblage, etc. Pour changer la housse de son canap\u00e9, c&#039;est ici !\" \/>\n<meta property=\"og:url\" content=\"https:\/\/blog.comfort-works.com\/fr\/guide-et-avis-sur-le-canape-karlstad-ikea-arrete-en-2015\/\" \/>\n<meta property=\"og:site_name\" content=\"Blog de Comfort Works &amp; Inspiration Design\" \/>\n<meta property=\"article:publisher\" content=\"https:\/\/www.facebook.com\/comfortworkscovers\" \/>\n<meta property=\"article:modified_time\" content=\"2024-01-29T06:02:55+00:00\" \/>\n<meta property=\"og:image\" content=\"https:\/\/blog-v3.comfort-works.com\/wp-content\/uploads\/2019\/03\/DSC02315.jpg\" \/>\n\t<meta property=\"og:image:width\" content=\"1000\" \/>\n\t<meta property=\"og:image:height\" content=\"469\" \/>\n\t<meta property=\"og:image:type\" content=\"image\/jpeg\" \/>\n<meta name=\"twitter:card\" content=\"summary_large_image\" \/>\n<meta name=\"twitter:site\" content=\"@comfortworks\" \/>\n<meta name=\"twitter:label1\" content=\"Dur\u00e9e de lecture estim\u00e9e\" \/>\n\t<meta name=\"twitter:data1\" content=\"2 minutes\" \/>\n<script type=\"application\/ld+json\" class=\"yoast-schema-graph\">{\"@context\":\"https:\/\/schema.org\",\"@graph\":[{\"@type\":\"WebPage\",\"@id\":\"https:\/\/blog.comfort-works.com\/fr\/guide-et-avis-sur-le-canape-karlstad-ikea-arrete-en-2015\/\",\"url\":\"https:\/\/blog.comfort-works.com\/fr\/guide-et-avis-sur-le-canape-karlstad-ikea-arrete-en-2015\/\",\"name\":\"Guide et avis sur le canap\u00e9 KARLSTAD IKEA\",\"isPartOf\":{\"@id\":\"https:\/\/blog.comfort-works.com\/#website\"},\"primaryImageOfPage\":{\"@id\":\"https:\/\/blog.comfort-works.com\/fr\/guide-et-avis-sur-le-canape-karlstad-ikea-arrete-en-2015\/#primaryimage\"},\"image\":{\"@id\":\"https:\/\/blog.comfort-works.com\/fr\/guide-et-avis-sur-le-canape-karlstad-ikea-arrete-en-2015\/#primaryimage\"},\"thumbnailUrl\":\"https:\/\/blog.comfort-works.com\/wp-content\/uploads\/2019\/03\/DSC02315.jpg\",\"datePublished\":\"2017-06-21T03:16:21+00:00\",\"dateModified\":\"2024-01-29T06:02:55+00:00\",\"description\":\"Notre guide sur le canap\u00e9 Karlstad d'IKEA : mod\u00e8les, dimensions, guide d'assemblage, etc. Pour changer la housse de son canap\u00e9, c'est ici !\",\"inLanguage\":\"fr-FR\",\"potentialAction\":[{\"@type\":\"ReadAction\",\"target\":[\"https:\/\/blog.comfort-works.com\/fr\/guide-et-avis-sur-le-canape-karlstad-ikea-arrete-en-2015\/\"]}]},{\"@type\":\"ImageObject\",\"inLanguage\":\"fr-FR\",\"@id\":\"https:\/\/blog.comfort-works.com\/fr\/guide-et-avis-sur-le-canape-karlstad-ikea-arrete-en-2015\/#primaryimage\",\"url\":\"https:\/\/blog.comfort-works.com\/wp-content\/uploads\/2019\/03\/DSC02315.jpg\",\"contentUrl\":\"https:\/\/blog.comfort-works.com\/wp-content\/uploads\/2019\/03\/DSC02315.jpg\",\"width\":1000,\"height\":469},{\"@type\":\"WebSite\",\"@id\":\"https:\/\/blog.comfort-works.com\/#website\",\"url\":\"https:\/\/blog.comfort-works.com\/\",\"name\":\"Finding Comfort\",\"description\":\"Everything you need to know about sofas\",\"publisher\":{\"@id\":\"https:\/\/blog.comfort-works.com\/#organization\"},\"potentialAction\":[{\"@type\":\"SearchAction\",\"target\":{\"@type\":\"EntryPoint\",\"urlTemplate\":\"https:\/\/blog.comfort-works.com\/?s={search_term_string}\"},\"query-input\":{\"@type\":\"PropertyValueSpecification\",\"valueRequired\":true,\"valueName\":\"search_term_string\"}}],\"inLanguage\":\"fr-FR\"},{\"@type\":\"Organization\",\"@id\":\"https:\/\/blog.comfort-works.com\/#organization\",\"name\":\"Comfort Works\",\"url\":\"https:\/\/blog.comfort-works.com\/\",\"logo\":{\"@type\":\"ImageObject\",\"inLanguage\":\"fr-FR\",\"@id\":\"https:\/\/blog.comfort-works.com\/#\/schema\/logo\/image\/\",\"url\":\"https:\/\/blog.comfort-works.com\/wp-content\/uploads\/2025\/06\/Frame-31.png\",\"contentUrl\":\"https:\/\/blog.comfort-works.com\/wp-content\/uploads\/2025\/06\/Frame-31.png\",\"width\":1200,\"height\":675,\"caption\":\"Comfort Works\"},\"image\":{\"@id\":\"https:\/\/blog.comfort-works.com\/#\/schema\/logo\/image\/\"},\"sameAs\":[\"https:\/\/www.facebook.com\/comfortworkscovers\",\"https:\/\/x.com\/comfortworks\",\"https:\/\/www.instagram.com\/comfortworks\/\",\"https:\/\/www.pinterest.com\/comfortworks\/\",\"https:\/\/www.youtube.com\/channel\/UCiY0z-GqZUzfeBwrAhT2kAg\"]}]}<\/script>\n<!-- \/ Yoast SEO Premium plugin. -->","yoast_head_json":{"title":"Guide et avis sur le canap\u00e9 KARLSTAD IKEA","description":"Notre guide sur le canap\u00e9 Karlstad d'IKEA : mod\u00e8les, dimensions, guide d'assemblage, etc. Pour changer la housse de son canap\u00e9, c'est ici !","robots":{"index":"index","follow":"follow","max-snippet":"max-snippet:-1","max-image-preview":"max-image-preview:large","max-video-preview":"max-video-preview:-1"},"canonical":"https:\/\/blog.comfort-works.com\/fr\/guide-et-avis-sur-le-canape-karlstad-ikea-arrete-en-2015\/","og_locale":"fr_FR","og_type":"article","og_title":"Guide et avis sur le canap\u00e9 KARLSTAD IKEA","og_description":"Notre guide sur le canap\u00e9 Karlstad d'IKEA : mod\u00e8les, dimensions, guide d'assemblage, etc. Pour changer la housse de son canap\u00e9, c'est ici !","og_url":"https:\/\/blog.comfort-works.com\/fr\/guide-et-avis-sur-le-canape-karlstad-ikea-arrete-en-2015\/","og_site_name":"Blog de Comfort Works & Inspiration Design","article_publisher":"https:\/\/www.facebook.com\/comfortworkscovers","article_modified_time":"2024-01-29T06:02:55+00:00","og_image":[{"width":1000,"height":469,"url":"https:\/\/blog-v3.comfort-works.com\/wp-content\/uploads\/2019\/03\/DSC02315.jpg","type":"image\/jpeg"}],"twitter_card":"summary_large_image","twitter_site":"@comfortworks","twitter_misc":{"Dur\u00e9e de lecture estim\u00e9e":"2 minutes"},"schema":{"@context":"https:\/\/schema.org","@graph":[{"@type":"WebPage","@id":"https:\/\/blog.comfort-works.com\/fr\/guide-et-avis-sur-le-canape-karlstad-ikea-arrete-en-2015\/","url":"https:\/\/blog.comfort-works.com\/fr\/guide-et-avis-sur-le-canape-karlstad-ikea-arrete-en-2015\/","name":"Guide et avis sur le canap\u00e9 KARLSTAD IKEA","isPartOf":{"@id":"https:\/\/blog.comfort-works.com\/#website"},"primaryImageOfPage":{"@id":"https:\/\/blog.comfort-works.com\/fr\/guide-et-avis-sur-le-canape-karlstad-ikea-arrete-en-2015\/#primaryimage"},"image":{"@id":"https:\/\/blog.comfort-works.com\/fr\/guide-et-avis-sur-le-canape-karlstad-ikea-arrete-en-2015\/#primaryimage"},"thumbnailUrl":"https:\/\/blog.comfort-works.com\/wp-content\/uploads\/2019\/03\/DSC02315.jpg","datePublished":"2017-06-21T03:16:21+00:00","dateModified":"2024-01-29T06:02:55+00:00","description":"Notre guide sur le canap\u00e9 Karlstad d'IKEA : mod\u00e8les, dimensions, guide d'assemblage, etc. Pour changer la housse de son canap\u00e9, c'est ici !","inLanguage":"fr-FR","potentialAction":[{"@type":"ReadAction","target":["https:\/\/blog.comfort-works.com\/fr\/guide-et-avis-sur-le-canape-karlstad-ikea-arrete-en-2015\/"]}]},{"@type":"ImageObject","inLanguage":"fr-FR","@id":"https:\/\/blog.comfort-works.com\/fr\/guide-et-avis-sur-le-canape-karlstad-ikea-arrete-en-2015\/#primaryimage","url":"https:\/\/blog.comfort-works.com\/wp-content\/uploads\/2019\/03\/DSC02315.jpg","contentUrl":"https:\/\/blog.comfort-works.com\/wp-content\/uploads\/2019\/03\/DSC02315.jpg","width":1000,"height":469},{"@type":"WebSite","@id":"https:\/\/blog.comfort-works.com\/#website","url":"https:\/\/blog.comfort-works.com\/","name":"Finding Comfort","description":"Everything you need to know about sofas","publisher":{"@id":"https:\/\/blog.comfort-works.com\/#organization"},"potentialAction":[{"@type":"SearchAction","target":{"@type":"EntryPoint","urlTemplate":"https:\/\/blog.comfort-works.com\/?s={search_term_string}"},"query-input":{"@type":"PropertyValueSpecification","valueRequired":true,"valueName":"search_term_string"}}],"inLanguage":"fr-FR"},{"@type":"Organization","@id":"https:\/\/blog.comfort-works.com\/#organization","name":"Comfort Works","url":"https:\/\/blog.comfort-works.com\/","logo":{"@type":"ImageObject","inLanguage":"fr-FR","@id":"https:\/\/blog.comfort-works.com\/#\/schema\/logo\/image\/","url":"https:\/\/blog.comfort-works.com\/wp-content\/uploads\/2025\/06\/Frame-31.png","contentUrl":"https:\/\/blog.comfort-works.com\/wp-content\/uploads\/2025\/06\/Frame-31.png","width":1200,"height":675,"caption":"Comfort Works"},"image":{"@id":"https:\/\/blog.comfort-works.com\/#\/schema\/logo\/image\/"},"sameAs":["https:\/\/www.facebook.com\/comfortworkscovers","https:\/\/x.com\/comfortworks","https:\/\/www.instagram.com\/comfortworks\/","https:\/\/www.pinterest.com\/comfortworks\/","https:\/\/www.youtube.com\/channel\/UCiY0z-GqZUzfeBwrAhT2kAg"]}]}},"_links":{"self":[{"href":"https:\/\/blog.comfort-works.com\/fr\/wp-json\/wp\/v2\/pages\/21882","targetHints":{"allow":["GET"]}}],"collection":[{"href":"https:\/\/blog.comfort-works.com\/fr\/wp-json\/wp\/v2\/pages"}],"about":[{"href":"https:\/\/blog.comfort-works.com\/fr\/wp-json\/wp\/v2\/types\/page"}],"author":[{"embeddable":true,"href":"https:\/\/blog.comfort-works.com\/fr\/wp-json\/wp\/v2\/users\/1"}],"replies":[{"embeddable":true,"href":"https:\/\/blog.comfort-works.com\/fr\/wp-json\/wp\/v2\/comments?post=21882"}],"version-history":[{"count":21,"href":"https:\/\/blog.comfort-works.com\/fr\/wp-json\/wp\/v2\/pages\/21882\/revisions"}],"predecessor-version":[{"id":113182,"href":"https:\/\/blog.comfort-works.com\/fr\/wp-json\/wp\/v2\/pages\/21882\/revisions\/113182"}],"wp:featuredmedia":[{"embeddable":true,"href":"https:\/\/blog.comfort-works.com\/fr\/wp-json\/wp\/v2\/media\/38023"}],"wp:attachment":[{"href":"https:\/\/blog.comfort-works.com\/fr\/wp-json\/wp\/v2\/media?parent=21882"}],"curies":[{"name":"wp","href":"https:\/\/api.w.org\/{rel}","templated":true}]}}