{"id":34881,"date":"2019-02-08T23:28:11","date_gmt":"2019-02-08T15:28:11","guid":{"rendered":"https:\/\/www.comfort-works.com\/news\/divano-kivik-ikea-guida-e-informazioni\/"},"modified":"2024-01-15T13:37:42","modified_gmt":"2024-01-15T05:37:42","slug":"divano-kivik-ikea-guida-e-informazioni","status":"publish","type":"page","link":"https:\/\/blog.comfort-works.com\/it\/divano-kivik-ikea-guida-e-informazioni\/","title":{"rendered":"Divano Kivik IKEA: guida e informazioni"},"content":{"rendered":"<p><span style=\"font-weight: 400;\">Benvenuti! Qui troverete tutto quello che avreste voluto sapere sulla collezione IKEA Kivik e molto di pi\u00f9 \u2014 misure, versioni, recensioni, rivestimenti, fodere, istruzioni per il montaggio e molto altro.<\/span><\/p>\n<p><span style=\"font-weight: 400;\">Forse siete alla ricerca del divano perfetto e vi occorre un piccolo aiuto. Forse avete gi\u00e0 deciso che il Kivik \u00e8 quello che fa per voi, e ne avete trovato uno su Craigslist o Ebay e vi farebbe comodo qualche informazione in pi\u00f9. Forse avete gi\u00f9 il vostro adorato Kivik e qualche ospite ha deciso di rovesciare il caff\u00e8 sulla sua introvabile fodera. Forse i vostri parenti stanno per arrivare e vi piacerebbe un look pi\u00f9 \u2018adulto\u2019 per il vostro divano. Vi aiuteremo noi, quale che sia la vostra necessit\u00e0. <\/span><\/p>\n<p><span style=\"font-weight: 400;\">E se qui non compare la risposta alle vostre domande, sentitevi liberi di contattarci qui: <a href=\"mailto:info@comfortworks.com.au\">info@comfortworks.com.au<\/a><\/span><\/p>\n<p><img decoding=\"async\" src=\"https:\/\/www.comfort-works.com\/news\/wp-content\/uploads\/2011\/10\/Kivik-3-seater-in-Kino-Orange-by-Essani-Design.jpg\" alt=\"Kivik-3-seater-in-Kino-Orange-by-Essani-Design.jpg (612\u00c3\u0097612)\" \/><\/p>\n<p><span style=\"font-weight: 400;\">Divano Kivik a 3 posti in tessuto Kino Orange<\/span><\/p>\n<p><span style=\"font-weight: 400;\">UNA RAPIDA VERIFICA<\/span><\/p>\n<p><span style=\"font-weight: 400;\"><strong>Stato<\/strong>: Sia il divano, sia la fodera sono disponibili da IKEA, ma per qualche oscura ragione, i rivestimenti sono sempre \u2018out of stock\u2019.<\/span><\/p>\n<p><span style=\"font-weight: 400;\"><strong>Fodera<\/strong>: I rivestimenti per il <a href=\"\/news\/?p=34895\">Kivik<\/a> IKEA sono disponibili presso Comfort Works<\/span><\/p>\n<p><span style=\"font-weight: 400;\"><strong>Fattori \u2018wow\u2019<\/strong>: I braccioli rimovibili che possono essere sostituiti con qualsiasi altro bracciolo Kivik. Un aspetto ampio, spazioso, moderno e contemporaneo. <\/span><\/p>\n<p><span style=\"font-weight: 400;\"><strong>Fattori \u2018ugh\u2019<\/strong>: Braccioli bassi in modo innaturale, che ti fanno sentire quando sei seduto come si ci fosse \u201cqualcosa che non va\u201d. Il prezzo \u00e8 un po\u2019 altino. <\/span><\/p>\n<p><strong>MANUALE DI ISTRUZIONI<\/strong><\/p>\n<p><span style=\"font-weight: 400;\">Vuoi sapere come assemblare il Kivik? Clicca sul modello per scaricarne il manuale: <\/span><\/p>\n<p><a href=\"https:\/\/www.comfort-works.com\/news\/wp-content\/uploads\/2015\/03\/Kivik-Chaise.pdf\"><span style=\"font-weight: 400;\">\u25e6<\/span> <span style=\"font-weight: 400;\">IKEA Kivik Chaise<\/span><\/a><\/p>\n<p><a href=\"https:\/\/www.comfort-works.com\/news\/wp-content\/uploads\/2015\/03\/Kivik-Corner-Section.pdf\"><span style=\"font-weight: 400;\">\u25e6<\/span> <span style=\"font-weight: 400;\">IKEA Kivik Sezionale d\u2019angolo<\/span><\/a><\/p>\n<p><a href=\"https:\/\/www.comfort-works.com\/news\/wp-content\/uploads\/2015\/03\/Kivik-Footstool.pdf\"><span style=\"font-weight: 400;\">\u25e6<\/span> <span style=\"font-weight: 400;\">IKEA Kivik Poggiapiedi<\/span><\/a><\/p>\n<p><a href=\"https:\/\/www.comfort-works.com\/news\/wp-content\/uploads\/2015\/03\/Kivik-Loveseat.pdf\"><span style=\"font-weight: 400;\">\u25e6<\/span> <span style=\"font-weight: 400;\">IKEA Kivik 2 posti<\/span><\/a><\/p>\n<p><a href=\"https:\/\/www.comfort-works.com\/news\/wp-content\/uploads\/2015\/03\/Kivik-One-Seat-Section.pdf\"><span style=\"font-weight: 400;\">\u25e6<\/span> <span style=\"font-weight: 400;\">IKEA Kivik Modulare 1 posto<\/span><\/a><\/p>\n<p><a href=\"https:\/\/www.comfort-works.com\/news\/wp-content\/uploads\/2015\/03\/Kivik-Sofa.pdf\"><span style=\"font-weight: 400;\">\u25e6<\/span> <span style=\"font-weight: 400;\">IKEA Kivik Divano<\/span><\/a><\/p>\n<p><a href=\"https:\/\/www.comfort-works.com\/news\/wp-content\/uploads\/2015\/03\/Kivik-Sofa-Bed.pdf\"><span style=\"font-weight: 400;\">\u25e6<\/span> <span style=\"font-weight: 400;\">IKEA Kivik Divano letto<\/span><\/a><\/p>\n<p><a href=\"https:\/\/vimeo.com\/35985551\"><span style=\"font-weight: 400;\">\u25e6<\/span> <span style=\"font-weight: 400;\">Vedi qui il video su come assemblare il Kivik<\/span><\/a><\/p>\n<p><span style=\"font-weight: 400;\">LA NOSTRA RECENSIONE<\/span><\/p>\n<p><span style=\"font-weight: 400;\">Detto in poche parole, il Kivik \u00e8 effettivamente il pi\u00f9 \u2018cool\u2019 e anche il pi\u00f9 confortevole tra i divani IKEA \u2014 ma \u00e8 un po\u2019 caro. La nostra recensione completa la trovi <a href=\"\/news\/?p=34895\">qui<\/a>.<\/span><\/p>\n<p><span style=\"font-weight: 400;\">Divano Kivik a 3 posti in lino Off-White<\/span><\/p>\n<p><span style=\"font-weight: 400;\">Anche se questo modello \u00e8 ancora disponibile nei negozi IKEA, Comfort Works offre per questo modello copridivani in una grande variet\u00e0 di alternative di tessuto e pelle. E puoi anche decidere se preferisci le nostre fodere Kivik a falda lunga. <\/span><\/p>\n<p><a href=\"https:\/\/comfort-works.com\/en\/kivik-71\"><span style=\"font-weight: 400;\">Divertiti a progettare la tua fodera Kivik!<\/span><\/a><\/p>\n<p><span style=\"font-weight: 400;\">\u2028ALTRE INFORMAZIONI<\/span><\/p>\n<p><span style=\"font-weight: 400;\"><a href=\"http:\/\/ths.gardenweb.com\/forums\/load\/decor\/msg0523051928658.html\">Garden Web<\/a>\u00a0\u2013 Forum dedicato ai pro e ai contro del divano Kivik \u2028<\/span><\/p>\n<p><span style=\"font-weight: 400;\">APARTMENT THERAPY\u2013 Recensione al divano IKEA Kivik bianco\u2028<\/span><\/p>\n<p><span style=\"font-weight: 400;\">APARTMENT THERAPY \u2013 Riflessioni da parte dei fan IKEA: Kivik, Karlstad e Poang.<\/span><\/p>\n","protected":false},"excerpt":{"rendered":"<p>Benvenuti! Qui troverete tutto quello che avreste voluto sapere sulla collezione IKEA Kivik e molto di pi\u00f9 \u2014 misure, versioni, recensioni, rivestimenti, fodere, istruzioni per il montaggio e molto altro. Forse siete alla ricerca del divano perfetto e vi occorre un piccolo aiuto. Forse avete gi\u00e0 deciso che il Kivik \u00e8 quello che fa per [&hellip;]<\/p>\n","protected":false},"author":1,"featured_media":0,"parent":0,"menu_order":0,"comment_status":"open","ping_status":"closed","template":"","meta":{"_acf_changed":false,"footnotes":""},"class_list":["post-34881","page","type-page","status-publish","hentry"],"acf":[],"yoast_head":"<!-- This site is optimized with the Yoast SEO Premium plugin v25.1 (Yoast SEO v25.1) - https:\/\/yoast.com\/wordpress\/plugins\/seo\/ -->\n<title>Wordpress Wordpress 100% 10 Divano Kivik IKEA: guida e informazioni Supporto per screen reader attivato. Divano Kivik IKEA: guida e informazioni<\/title>\n<meta name=\"description\" content=\"La nostra guida completa di informazioni sulla seria Kivik IKEA - trovi qui misure, dimensioni, recensioni, copridivani, manuali d&#039;istruzioni e molto altro.\" \/>\n<meta name=\"robots\" content=\"index, follow, max-snippet:-1, max-image-preview:large, max-video-preview:-1\" \/>\n<link rel=\"canonical\" href=\"https:\/\/blog.comfort-works.com\/it\/divano-kivik-ikea-guida-e-informazioni\/\" \/>\n<meta property=\"og:locale\" content=\"it_IT\" \/>\n<meta property=\"og:type\" content=\"article\" \/>\n<meta property=\"og:title\" content=\"Wordpress Wordpress 100% 10 Divano Kivik IKEA: guida e informazioni Supporto per screen reader attivato. Divano Kivik IKEA: guida e informazioni\" \/>\n<meta property=\"og:description\" content=\"La nostra guida completa di informazioni sulla seria Kivik IKEA - trovi qui misure, dimensioni, recensioni, copridivani, manuali d&#039;istruzioni e molto altro.\" \/>\n<meta property=\"og:url\" content=\"https:\/\/blog.comfort-works.com\/it\/divano-kivik-ikea-guida-e-informazioni\/\" \/>\n<meta property=\"og:site_name\" content=\"Comfort Works Blog &amp; Sofa Resources\" \/>\n<meta property=\"article:publisher\" content=\"https:\/\/www.facebook.com\/comfortworkscovers\" \/>\n<meta property=\"article:modified_time\" content=\"2024-01-15T05:37:42+00:00\" \/>\n<meta property=\"og:image\" content=\"https:\/\/www.comfort-works.com\/news\/wp-content\/uploads\/2011\/10\/Kivik-3-seater-in-Kino-Orange-by-Essani-Design.jpg\" \/>\n<meta name=\"twitter:card\" content=\"summary_large_image\" \/>\n<meta name=\"twitter:site\" content=\"@comfortworks\" \/>\n<meta name=\"twitter:label1\" content=\"Tempo di lettura stimato\" \/>\n\t<meta name=\"twitter:data1\" content=\"2 minuti\" \/>\n<script type=\"application\/ld+json\" class=\"yoast-schema-graph\">{\"@context\":\"https:\/\/schema.org\",\"@graph\":[{\"@type\":\"WebPage\",\"@id\":\"https:\/\/blog.comfort-works.com\/it\/divano-kivik-ikea-guida-e-informazioni\/\",\"url\":\"https:\/\/blog.comfort-works.com\/it\/divano-kivik-ikea-guida-e-informazioni\/\",\"name\":\"Wordpress Wordpress 100% 10 Divano Kivik IKEA: guida e informazioni Supporto per screen reader attivato. Divano Kivik IKEA: guida e informazioni\",\"isPartOf\":{\"@id\":\"https:\/\/blog.comfort-works.com\/#website\"},\"primaryImageOfPage\":{\"@id\":\"https:\/\/blog.comfort-works.com\/it\/divano-kivik-ikea-guida-e-informazioni\/#primaryimage\"},\"image\":{\"@id\":\"https:\/\/blog.comfort-works.com\/it\/divano-kivik-ikea-guida-e-informazioni\/#primaryimage\"},\"thumbnailUrl\":\"https:\/\/www.comfort-works.com\/news\/wp-content\/uploads\/2011\/10\/Kivik-3-seater-in-Kino-Orange-by-Essani-Design.jpg\",\"datePublished\":\"2019-02-08T15:28:11+00:00\",\"dateModified\":\"2024-01-15T05:37:42+00:00\",\"description\":\"La nostra guida completa di informazioni sulla seria Kivik IKEA - trovi qui misure, dimensioni, recensioni, copridivani, manuali d'istruzioni e molto altro.\",\"inLanguage\":\"it-IT\",\"potentialAction\":[{\"@type\":\"ReadAction\",\"target\":[\"https:\/\/blog.comfort-works.com\/it\/divano-kivik-ikea-guida-e-informazioni\/\"]}]},{\"@type\":\"ImageObject\",\"inLanguage\":\"it-IT\",\"@id\":\"https:\/\/blog.comfort-works.com\/it\/divano-kivik-ikea-guida-e-informazioni\/#primaryimage\",\"url\":\"https:\/\/www.comfort-works.com\/news\/wp-content\/uploads\/2011\/10\/Kivik-3-seater-in-Kino-Orange-by-Essani-Design.jpg\",\"contentUrl\":\"https:\/\/www.comfort-works.com\/news\/wp-content\/uploads\/2011\/10\/Kivik-3-seater-in-Kino-Orange-by-Essani-Design.jpg\"},{\"@type\":\"WebSite\",\"@id\":\"https:\/\/blog.comfort-works.com\/#website\",\"url\":\"https:\/\/blog.comfort-works.com\/\",\"name\":\"Finding Comfort\",\"description\":\"Everything you need to know about sofas\",\"publisher\":{\"@id\":\"https:\/\/blog.comfort-works.com\/#organization\"},\"potentialAction\":[{\"@type\":\"SearchAction\",\"target\":{\"@type\":\"EntryPoint\",\"urlTemplate\":\"https:\/\/blog.comfort-works.com\/?s={search_term_string}\"},\"query-input\":{\"@type\":\"PropertyValueSpecification\",\"valueRequired\":true,\"valueName\":\"search_term_string\"}}],\"inLanguage\":\"it-IT\"},{\"@type\":\"Organization\",\"@id\":\"https:\/\/blog.comfort-works.com\/#organization\",\"name\":\"Comfort Works\",\"url\":\"https:\/\/blog.comfort-works.com\/\",\"logo\":{\"@type\":\"ImageObject\",\"inLanguage\":\"it-IT\",\"@id\":\"https:\/\/blog.comfort-works.com\/#\/schema\/logo\/image\/\",\"url\":\"https:\/\/blog.comfort-works.com\/wp-content\/uploads\/2025\/06\/Frame-31.png\",\"contentUrl\":\"https:\/\/blog.comfort-works.com\/wp-content\/uploads\/2025\/06\/Frame-31.png\",\"width\":1200,\"height\":675,\"caption\":\"Comfort Works\"},\"image\":{\"@id\":\"https:\/\/blog.comfort-works.com\/#\/schema\/logo\/image\/\"},\"sameAs\":[\"https:\/\/www.facebook.com\/comfortworkscovers\",\"https:\/\/x.com\/comfortworks\",\"https:\/\/www.instagram.com\/comfortworks\/\",\"https:\/\/www.pinterest.com\/comfortworks\/\",\"https:\/\/www.youtube.com\/channel\/UCiY0z-GqZUzfeBwrAhT2kAg\"]}]}<\/script>\n<!-- \/ Yoast SEO Premium plugin. -->","yoast_head_json":{"title":"Wordpress Wordpress 100% 10 Divano Kivik IKEA: guida e informazioni Supporto per screen reader attivato. Divano Kivik IKEA: guida e informazioni","description":"La nostra guida completa di informazioni sulla seria Kivik IKEA - trovi qui misure, dimensioni, recensioni, copridivani, manuali d'istruzioni e molto altro.","robots":{"index":"index","follow":"follow","max-snippet":"max-snippet:-1","max-image-preview":"max-image-preview:large","max-video-preview":"max-video-preview:-1"},"canonical":"https:\/\/blog.comfort-works.com\/it\/divano-kivik-ikea-guida-e-informazioni\/","og_locale":"it_IT","og_type":"article","og_title":"Wordpress Wordpress 100% 10 Divano Kivik IKEA: guida e informazioni Supporto per screen reader attivato. Divano Kivik IKEA: guida e informazioni","og_description":"La nostra guida completa di informazioni sulla seria Kivik IKEA - trovi qui misure, dimensioni, recensioni, copridivani, manuali d'istruzioni e molto altro.","og_url":"https:\/\/blog.comfort-works.com\/it\/divano-kivik-ikea-guida-e-informazioni\/","og_site_name":"Comfort Works Blog &amp; Sofa Resources","article_publisher":"https:\/\/www.facebook.com\/comfortworkscovers","article_modified_time":"2024-01-15T05:37:42+00:00","og_image":[{"url":"https:\/\/www.comfort-works.com\/news\/wp-content\/uploads\/2011\/10\/Kivik-3-seater-in-Kino-Orange-by-Essani-Design.jpg","type":"","width":"","height":""}],"twitter_card":"summary_large_image","twitter_site":"@comfortworks","twitter_misc":{"Tempo di lettura stimato":"2 minuti"},"schema":{"@context":"https:\/\/schema.org","@graph":[{"@type":"WebPage","@id":"https:\/\/blog.comfort-works.com\/it\/divano-kivik-ikea-guida-e-informazioni\/","url":"https:\/\/blog.comfort-works.com\/it\/divano-kivik-ikea-guida-e-informazioni\/","name":"Wordpress Wordpress 100% 10 Divano Kivik IKEA: guida e informazioni Supporto per screen reader attivato. Divano Kivik IKEA: guida e informazioni","isPartOf":{"@id":"https:\/\/blog.comfort-works.com\/#website"},"primaryImageOfPage":{"@id":"https:\/\/blog.comfort-works.com\/it\/divano-kivik-ikea-guida-e-informazioni\/#primaryimage"},"image":{"@id":"https:\/\/blog.comfort-works.com\/it\/divano-kivik-ikea-guida-e-informazioni\/#primaryimage"},"thumbnailUrl":"https:\/\/www.comfort-works.com\/news\/wp-content\/uploads\/2011\/10\/Kivik-3-seater-in-Kino-Orange-by-Essani-Design.jpg","datePublished":"2019-02-08T15:28:11+00:00","dateModified":"2024-01-15T05:37:42+00:00","description":"La nostra guida completa di informazioni sulla seria Kivik IKEA - trovi qui misure, dimensioni, recensioni, copridivani, manuali d'istruzioni e molto altro.","inLanguage":"it-IT","potentialAction":[{"@type":"ReadAction","target":["https:\/\/blog.comfort-works.com\/it\/divano-kivik-ikea-guida-e-informazioni\/"]}]},{"@type":"ImageObject","inLanguage":"it-IT","@id":"https:\/\/blog.comfort-works.com\/it\/divano-kivik-ikea-guida-e-informazioni\/#primaryimage","url":"https:\/\/www.comfort-works.com\/news\/wp-content\/uploads\/2011\/10\/Kivik-3-seater-in-Kino-Orange-by-Essani-Design.jpg","contentUrl":"https:\/\/www.comfort-works.com\/news\/wp-content\/uploads\/2011\/10\/Kivik-3-seater-in-Kino-Orange-by-Essani-Design.jpg"},{"@type":"WebSite","@id":"https:\/\/blog.comfort-works.com\/#website","url":"https:\/\/blog.comfort-works.com\/","name":"Finding Comfort","description":"Everything you need to know about sofas","publisher":{"@id":"https:\/\/blog.comfort-works.com\/#organization"},"potentialAction":[{"@type":"SearchAction","target":{"@type":"EntryPoint","urlTemplate":"https:\/\/blog.comfort-works.com\/?s={search_term_string}"},"query-input":{"@type":"PropertyValueSpecification","valueRequired":true,"valueName":"search_term_string"}}],"inLanguage":"it-IT"},{"@type":"Organization","@id":"https:\/\/blog.comfort-works.com\/#organization","name":"Comfort Works","url":"https:\/\/blog.comfort-works.com\/","logo":{"@type":"ImageObject","inLanguage":"it-IT","@id":"https:\/\/blog.comfort-works.com\/#\/schema\/logo\/image\/","url":"https:\/\/blog.comfort-works.com\/wp-content\/uploads\/2025\/06\/Frame-31.png","contentUrl":"https:\/\/blog.comfort-works.com\/wp-content\/uploads\/2025\/06\/Frame-31.png","width":1200,"height":675,"caption":"Comfort Works"},"image":{"@id":"https:\/\/blog.comfort-works.com\/#\/schema\/logo\/image\/"},"sameAs":["https:\/\/www.facebook.com\/comfortworkscovers","https:\/\/x.com\/comfortworks","https:\/\/www.instagram.com\/comfortworks\/","https:\/\/www.pinterest.com\/comfortworks\/","https:\/\/www.youtube.com\/channel\/UCiY0z-GqZUzfeBwrAhT2kAg"]}]}},"_links":{"self":[{"href":"https:\/\/blog.comfort-works.com\/it\/wp-json\/wp\/v2\/pages\/34881","targetHints":{"allow":["GET"]}}],"collection":[{"href":"https:\/\/blog.comfort-works.com\/it\/wp-json\/wp\/v2\/pages"}],"about":[{"href":"https:\/\/blog.comfort-works.com\/it\/wp-json\/wp\/v2\/types\/page"}],"author":[{"embeddable":true,"href":"https:\/\/blog.comfort-works.com\/it\/wp-json\/wp\/v2\/users\/1"}],"replies":[{"embeddable":true,"href":"https:\/\/blog.comfort-works.com\/it\/wp-json\/wp\/v2\/comments?post=34881"}],"version-history":[{"count":11,"href":"https:\/\/blog.comfort-works.com\/it\/wp-json\/wp\/v2\/pages\/34881\/revisions"}],"predecessor-version":[{"id":108594,"href":"https:\/\/blog.comfort-works.com\/it\/wp-json\/wp\/v2\/pages\/34881\/revisions\/108594"}],"wp:attachment":[{"href":"https:\/\/blog.comfort-works.com\/it\/wp-json\/wp\/v2\/media?parent=34881"}],"curies":[{"name":"wp","href":"https:\/\/api.w.org\/{rel}","templated":true}]}}