{"id":34891,"date":"2019-02-09T01:17:05","date_gmt":"2019-02-08T17:17:05","guid":{"rendered":"https:\/\/www.comfort-works.com\/news\/divano-ikea-karlstad-guida-e-informazioni-fuori-commercio-dal-2015\/"},"modified":"2024-01-29T13:54:25","modified_gmt":"2024-01-29T05:54:25","slug":"divano-ikea-karlstad-guida-e-informazioni-fuori-commercio-dal-2015","status":"publish","type":"page","link":"https:\/\/blog.comfort-works.com\/it\/divano-ikea-karlstad-guida-e-informazioni-fuori-commercio-dal-2015\/","title":{"rendered":"Divano Ikea Karlstad guida e informazioni (fuori commercio dal 2015)"},"content":{"rendered":"<p><strong>E\u2019 ufficiale: l\u2019adorato divano Karlstad \u00e8 fuori commercio dalla met\u00e0 del 2015; per chi vuole tentare la fortuna basta presentarsi in negozio e approfittare di qualche sconto del 50% sui modelli in esposizione \u2013 che probabilmente si limitano al divano a 2 e 3 posti. Sul Karlstad e sui modelli sostitutivi dopo che \u00e8 stato messo fuori commercio <a href=\"\/news?p=6393\">leggi qui.<\/a><\/strong><\/p>\n<p><span style=\"font-weight: 400;\">Benvenuti alla pagina dedicata a tutto quello che avreste voluto sapere sul Karlstad e molto di pi\u00f9 \u2014 misure, versioni, recensioni, rivestimenti, istruzioni per l\u2019assemblaggio e molto altro.<\/span><\/p>\n<p><span style=\"font-weight: 400;\">Fra i vari modelli incontriamo il 2 posti, la poltrona, il 3 posti, il divano angolare, la chaise longue e il poggiapiedi \u2014 tutti ancora disponibili da IKEA. Lanciato nel 2008, il Karlstad di IKEA \u00e8 una delle collezioni dalla vita pi\u00f9 lunga, insieme a Klippan, Ektorp, Stockholm e Poang.<\/span><\/p>\n<p><span style=\"font-weight: 400;\">Forse state cercando il divano perfetto e avete bisogno di un aiutino. Forse avete gi\u00e0 deciso di orientarvi sul Karlstad, ne avete trovato uno su Craigslist o Ebay e vi occorrono maggiori informazioni. Forse avete gi\u00e0 un Karlstad e qualche ospite ha deciso di versare del caff\u00e8 sulle sue fodere impossibili da trovare. Forse, ancora, un vostro parente sta per arrivare in citt\u00e0 e vorreste dare un look pi\u00f9 \u2018adulto\u2019 ai vostri rivestimenti. In questo post, vi aiuteremo con quasi tutto.<\/span><\/p>\n<p><span style=\"font-weight: 400;\">E se ancora restano questioni senza risposta, sentitevi liberi di contattarci qui: <a href=\"mailto:info@comfortworks.com.au\">info@comfortworks.com.au<\/a><\/span><\/p>\n<h2><span style=\"font-size: 1em;\">Veloce Verifica<\/span><\/h2>\n<p><span style=\"font-size: 1em;\"><strong>Stato<\/strong>: Divani e fodere sono ancora disponibili da IKEA (ma non per molto!)<\/span><\/p>\n<p><span style=\"font-weight: 400;\"><strong>Copridivano<\/strong>: <\/span><a href=\"https:\/\/comfort-works.com\/en\/karlstad-sofa-covers-70\"><span style=\"font-weight: 400;\">copridivani su misura<\/span><\/a><span style=\"font-weight: 400;\"> per il Karlstad sono disponibili da Comfort Works<\/span><\/p>\n<p><span style=\"font-weight: 400;\">Dimensioni:<\/span><\/p>\n<p><span style=\"font-weight: 400;\">\u25e6<\/span> <span style=\"font-weight: 400;\">Poltroncina Karlstad \u00a0L 69cm \/ P 87cm \/ A 80cm<\/span><\/p>\n<p><span style=\"font-weight: 400;\">\u25e6<\/span> <span style=\"font-weight: 400;\">Poltrona Karlstad L 91cm \/ P 93cm \/ A 80cm<\/span><\/p>\n<p><span style=\"font-weight: 400;\">\u25e6<\/span> <span style=\"font-weight: 400;\">Chaise Longue senza braccioli Karlstad L 74cm \/ P 137cm \/ A 80cm<\/span><\/p>\n<p><span style=\"font-weight: 400;\">\u25e6<\/span> <span style=\"font-weight: 400;\">Chaise Longue Karlstad (componente aggiuntiva) L 74cm \/ P 137cm \/ A 80cm<\/span><\/p>\n<p><span style=\"font-weight: 400;\">\u25e6<\/span> <span style=\"font-weight: 400;\">Poggiapiedi Karlstad L 81cm \/ P 63cm \/ A 46cm<\/span><\/p>\n<p><span style=\"font-weight: 400;\">\u25e6<\/span> <span style=\"font-weight: 400;\">Divano letto Karlstad L 223cm \/ P 90cm \/ A 80cm<\/span><\/p>\n<p><span style=\"font-weight: 400;\">\u25e6<\/span> <span style=\"font-weight: 400;\">Divano a 2 posti Karlstad L 162cm \/ P 88cm \/ A 80cm<\/span><\/p>\n<p><span style=\"font-weight: 400;\">\u25e6<\/span> <span style=\"font-weight: 400;\">Divano a 3 posti Karlstad L 202cm \/ P 86cm \/ A 80cm<\/span><\/p>\n<p><span style=\"font-weight: 400;\"><strong>Fattore \u2018wow!\u2019<\/strong>: Bello, solido, confortevole.<\/span><\/p>\n<p><span style=\"font-weight: 400;\"><strong>Fattore \u2018ugh!\u2019<\/strong>: Non esattamente le pi\u00f9 belle gambe di sempre, ma si possono sostituire. <\/span><\/p>\n<h2><span style=\"font-weight: 400;\">Manuale d&#8217;istruzioni<\/span><\/h2>\n<p><span style=\"font-weight: 400;\">Volete sapere come assemblare un divano Karlstad?<\/span><\/p>\n<p><span style=\"font-weight: 400;\">Cliccate sul modello corrispondente per scaricare il Manuale di istruzioni per l\u2019Assemblaggio: <\/span><\/p>\n<p><a href=\"https:\/\/comfort-works.com\/news\/wp-content\/uploads\/2011\/04\/K20125909.pdf\"><span style=\"font-weight: 400;\">\u25e6<\/span> <span style=\"font-weight: 400;\">IKEA Karlstad Divano Letto<\/span><\/a><\/p>\n<p><a href=\"https:\/\/comfort-works.com\/news\/wp-content\/uploads\/2011\/04\/K20125914.pdf\"><span style=\"font-weight: 400;\">\u25e6<\/span> <span style=\"font-weight: 400;\">IKEA Karlstad Poltrona, Divano a 2 posti e Divano a 3 posti<\/span><\/a><\/p>\n<p><a href=\"https:\/\/comfort-works.com\/news\/wp-content\/uploads\/2011\/04\/Karlstad-coner-sofa-comfortworks.pdf\"><span style=\"font-weight: 400;\">\u25e6<\/span> <span style=\"font-weight: 400;\">IKEA Karlstad Divano angolare 2+3\/3+2<\/span><\/a><\/p>\n<p><a href=\"https:\/\/comfort-works.com\/news\/wp-content\/uploads\/2011\/04\/IKEA-Karlstad-Chaise-Lounge-add-on-unit.pdf\"><span style=\"font-weight: 400;\">\u25e6<\/span> <span style=\"font-weight: 400;\">IKEA Karlstad Chaise Lounge (componente aggiuntiva)<\/span><\/a><\/p>\n<p><a href=\"https:\/\/comfort-works.com\/news\/wp-content\/uploads\/2011\/04\/IKEA-Karlstad-Footstool-.pdf\"><span style=\"font-weight: 400;\">\u25e6<\/span> <span style=\"font-weight: 400;\">IKEA Karlstad Poggiapiedi<\/span><\/a><\/p>\n<p><a href=\"https:\/\/blog.comfort-works.com\/wp-content\/uploads\/2011\/04\/IKEA-Karlstad-Armchair.pdf\"><span style=\"font-weight: 400;\">\u25e6<\/span> <span style=\"font-weight: 400;\">IKEA Karlstad Poltroncina<\/span><\/a><\/p>\n<h2><span style=\"font-weight: 400;\">La nostra recensione<\/span><\/h2>\n<p><span style=\"font-weight: 400;\">Look retr\u00f2 e molto minimale per un divano IKEA introdotto nel 2008 in sostituzione della serie Karlanda \u2014 pu\u00f2 essere reso ancora pi\u00f9 scandinavo con gambe in stile vintage e cuscini con bottoni, rendendolo il divano ideale per gli amanti del fai-da-te. <\/span><\/p>\n<p><img loading=\"lazy\" decoding=\"async\" class=\"alignnone\" title=\"Custom Karlsatd slipcover \" src=\"http:\/\/2.bp.blogspot.com\/_19BDRJMYBd4\/TNGFQZ9e8EI\/AAAAAAAAFTI\/dxMyK9nMU0c\/s640\/DSC_0048.JPG\" alt=\"\" width=\"640\" height=\"425\" \/><\/p>\n<p><span style=\"font-weight: 400;\">Progetta il tuo <a href=\"https:\/\/comfort-works.com\/en\/karlstad-sofa-covers-70\">Karlstad su misura<\/a> oggi stesso!<\/span><\/p>\n<h2><span style=\"font-weight: 400;\">\u00a0<\/span><span style=\"font-weight: 400;\">Maggiori informazioni<\/span><\/h2>\n<p><span style=\"font-weight: 400;\">OurMidCentury\u00a0\u2014 Cuscini da seduta e da schienale con bottoni? Istruzioni e calcoli sui relativi costi.<\/span><\/p>\n<p><span style=\"font-weight: 400;\">APARTMENT THERAPY\u00a0\u2014 Opinioni e recensioni sul divano Karlstad<\/span><\/p>\n<p><span style=\"font-weight: 400;\">The Sweetest Digs \u2014 Recensione della fodera Karlstad in un bel tessuto Taupe Gray.<\/span><\/p>\n<p><span style=\"font-weight: 400;\"><a href=\"http:\/\/www.dooyoo.co.uk\/home-furniture\/ikea-karlstad-sofa\/\">dooyoo.co.uk<\/a>\u00a0\u2014 Recensioni di qualche fruitore del divano Karlstad in generale.<\/span><\/p>\n<p><span style=\"font-weight: 400;\"><a href=\"http:\/\/www.younghouselove.com\/2011\/01\/sectional-hunting\/\">Young House Love<\/a>\u00a0\u2014 \u00a0Recensione dei divani modulari pi\u00f9 attraenti, incluso il Karlstad.<\/span><\/p>\n<p><span style=\"font-weight: 400;\"><a href=\"http:\/\/www.ikeahackers.net\/2012\/04\/box-o-karlstad.html\">IKEA Hackers<\/a> \u2014 \u00a0Come rendere il vostro Karlstad a prova di animali usando il metodo \u2018box-in\u2019.<\/span><\/p>\n<p><span style=\"font-weight: 400;\"><a href=\"http:\/\/www.productreview.com.au\/p\/ikea-karlstad.html\">Productreview.com.au<\/a> \u2014 Recensione del divano Karlstad di IKEA <\/span><\/p>\n","protected":false},"excerpt":{"rendered":"<p>E\u2019 ufficiale: l\u2019adorato divano Karlstad \u00e8 fuori commercio dalla met\u00e0 del 2015; per chi vuole tentare la fortuna basta presentarsi in negozio e approfittare di qualche sconto del 50% sui modelli in esposizione \u2013 che probabilmente si limitano al divano a 2 e 3 posti. Sul Karlstad e sui modelli sostitutivi dopo che \u00e8 stato [&hellip;]<\/p>\n","protected":false},"author":1,"featured_media":75295,"parent":0,"menu_order":0,"comment_status":"open","ping_status":"closed","template":"","meta":{"_acf_changed":false,"footnotes":""},"class_list":["post-34891","page","type-page","status-publish","has-post-thumbnail","hentry"],"acf":[],"yoast_head":"<!-- This site is optimized with the Yoast SEO Premium plugin v25.1 (Yoast SEO v25.1) - https:\/\/yoast.com\/wordpress\/plugins\/seo\/ -->\n<title>IKEA Divano Karlastad guida e informazioni<\/title>\n<meta name=\"description\" content=\"La guida completa e tutte le informazioni del divano IKEA Karlstad - scopri misure, dimensioni, recensioni, istruzioni e molto altro qui.\" \/>\n<meta name=\"robots\" content=\"index, follow, max-snippet:-1, max-image-preview:large, max-video-preview:-1\" \/>\n<link rel=\"canonical\" href=\"https:\/\/blog.comfort-works.com\/it\/divano-ikea-karlstad-guida-e-informazioni-fuori-commercio-dal-2015\/\" \/>\n<meta property=\"og:locale\" content=\"it_IT\" \/>\n<meta property=\"og:type\" content=\"article\" \/>\n<meta property=\"og:title\" content=\"IKEA Divano Karlastad guida e informazioni\" \/>\n<meta property=\"og:description\" content=\"La guida completa e tutte le informazioni del divano IKEA Karlstad - scopri misure, dimensioni, recensioni, istruzioni e molto altro qui.\" \/>\n<meta property=\"og:url\" content=\"https:\/\/blog.comfort-works.com\/it\/divano-ikea-karlstad-guida-e-informazioni-fuori-commercio-dal-2015\/\" \/>\n<meta property=\"og:site_name\" content=\"Comfort Works Blog &amp; Sofa Resources\" \/>\n<meta property=\"article:publisher\" content=\"https:\/\/www.facebook.com\/comfortworkscovers\" \/>\n<meta property=\"article:modified_time\" content=\"2024-01-29T05:54:25+00:00\" \/>\n<meta property=\"og:image\" content=\"https:\/\/blog-v3.comfort-works.com\/wp-content\/uploads\/2021\/06\/IKEA-karlstad-information-guide.jpg\" \/>\n\t<meta property=\"og:image:width\" content=\"940\" \/>\n\t<meta property=\"og:image:height\" content=\"534\" \/>\n\t<meta property=\"og:image:type\" content=\"image\/jpeg\" \/>\n<meta name=\"twitter:card\" content=\"summary_large_image\" \/>\n<meta name=\"twitter:site\" content=\"@comfortworks\" \/>\n<meta name=\"twitter:label1\" content=\"Tempo di lettura stimato\" \/>\n\t<meta name=\"twitter:data1\" content=\"3 minuti\" \/>\n<script type=\"application\/ld+json\" class=\"yoast-schema-graph\">{\"@context\":\"https:\/\/schema.org\",\"@graph\":[{\"@type\":\"WebPage\",\"@id\":\"https:\/\/blog.comfort-works.com\/it\/divano-ikea-karlstad-guida-e-informazioni-fuori-commercio-dal-2015\/\",\"url\":\"https:\/\/blog.comfort-works.com\/it\/divano-ikea-karlstad-guida-e-informazioni-fuori-commercio-dal-2015\/\",\"name\":\"IKEA Divano Karlastad guida e informazioni\",\"isPartOf\":{\"@id\":\"https:\/\/blog.comfort-works.com\/#website\"},\"primaryImageOfPage\":{\"@id\":\"https:\/\/blog.comfort-works.com\/it\/divano-ikea-karlstad-guida-e-informazioni-fuori-commercio-dal-2015\/#primaryimage\"},\"image\":{\"@id\":\"https:\/\/blog.comfort-works.com\/it\/divano-ikea-karlstad-guida-e-informazioni-fuori-commercio-dal-2015\/#primaryimage\"},\"thumbnailUrl\":\"https:\/\/blog.comfort-works.com\/wp-content\/uploads\/2021\/06\/IKEA-karlstad-information-guide.jpg\",\"datePublished\":\"2019-02-08T17:17:05+00:00\",\"dateModified\":\"2024-01-29T05:54:25+00:00\",\"description\":\"La guida completa e tutte le informazioni del divano IKEA Karlstad - scopri misure, dimensioni, recensioni, istruzioni e molto altro qui.\",\"inLanguage\":\"it-IT\",\"potentialAction\":[{\"@type\":\"ReadAction\",\"target\":[\"https:\/\/blog.comfort-works.com\/it\/divano-ikea-karlstad-guida-e-informazioni-fuori-commercio-dal-2015\/\"]}]},{\"@type\":\"ImageObject\",\"inLanguage\":\"it-IT\",\"@id\":\"https:\/\/blog.comfort-works.com\/it\/divano-ikea-karlstad-guida-e-informazioni-fuori-commercio-dal-2015\/#primaryimage\",\"url\":\"https:\/\/blog.comfort-works.com\/wp-content\/uploads\/2021\/06\/IKEA-karlstad-information-guide.jpg\",\"contentUrl\":\"https:\/\/blog.comfort-works.com\/wp-content\/uploads\/2021\/06\/IKEA-karlstad-information-guide.jpg\",\"width\":940,\"height\":534},{\"@type\":\"WebSite\",\"@id\":\"https:\/\/blog.comfort-works.com\/#website\",\"url\":\"https:\/\/blog.comfort-works.com\/\",\"name\":\"Finding Comfort\",\"description\":\"Everything you need to know about sofas\",\"publisher\":{\"@id\":\"https:\/\/blog.comfort-works.com\/#organization\"},\"potentialAction\":[{\"@type\":\"SearchAction\",\"target\":{\"@type\":\"EntryPoint\",\"urlTemplate\":\"https:\/\/blog.comfort-works.com\/?s={search_term_string}\"},\"query-input\":{\"@type\":\"PropertyValueSpecification\",\"valueRequired\":true,\"valueName\":\"search_term_string\"}}],\"inLanguage\":\"it-IT\"},{\"@type\":\"Organization\",\"@id\":\"https:\/\/blog.comfort-works.com\/#organization\",\"name\":\"Comfort Works\",\"url\":\"https:\/\/blog.comfort-works.com\/\",\"logo\":{\"@type\":\"ImageObject\",\"inLanguage\":\"it-IT\",\"@id\":\"https:\/\/blog.comfort-works.com\/#\/schema\/logo\/image\/\",\"url\":\"https:\/\/blog.comfort-works.com\/wp-content\/uploads\/2025\/06\/Frame-31.png\",\"contentUrl\":\"https:\/\/blog.comfort-works.com\/wp-content\/uploads\/2025\/06\/Frame-31.png\",\"width\":1200,\"height\":675,\"caption\":\"Comfort Works\"},\"image\":{\"@id\":\"https:\/\/blog.comfort-works.com\/#\/schema\/logo\/image\/\"},\"sameAs\":[\"https:\/\/www.facebook.com\/comfortworkscovers\",\"https:\/\/x.com\/comfortworks\",\"https:\/\/www.instagram.com\/comfortworks\/\",\"https:\/\/www.pinterest.com\/comfortworks\/\",\"https:\/\/www.youtube.com\/channel\/UCiY0z-GqZUzfeBwrAhT2kAg\"]}]}<\/script>\n<!-- \/ Yoast SEO Premium plugin. -->","yoast_head_json":{"title":"IKEA Divano Karlastad guida e informazioni","description":"La guida completa e tutte le informazioni del divano IKEA Karlstad - scopri misure, dimensioni, recensioni, istruzioni e molto altro qui.","robots":{"index":"index","follow":"follow","max-snippet":"max-snippet:-1","max-image-preview":"max-image-preview:large","max-video-preview":"max-video-preview:-1"},"canonical":"https:\/\/blog.comfort-works.com\/it\/divano-ikea-karlstad-guida-e-informazioni-fuori-commercio-dal-2015\/","og_locale":"it_IT","og_type":"article","og_title":"IKEA Divano Karlastad guida e informazioni","og_description":"La guida completa e tutte le informazioni del divano IKEA Karlstad - scopri misure, dimensioni, recensioni, istruzioni e molto altro qui.","og_url":"https:\/\/blog.comfort-works.com\/it\/divano-ikea-karlstad-guida-e-informazioni-fuori-commercio-dal-2015\/","og_site_name":"Comfort Works Blog &amp; Sofa Resources","article_publisher":"https:\/\/www.facebook.com\/comfortworkscovers","article_modified_time":"2024-01-29T05:54:25+00:00","og_image":[{"width":940,"height":534,"url":"https:\/\/blog-v3.comfort-works.com\/wp-content\/uploads\/2021\/06\/IKEA-karlstad-information-guide.jpg","type":"image\/jpeg"}],"twitter_card":"summary_large_image","twitter_site":"@comfortworks","twitter_misc":{"Tempo di lettura stimato":"3 minuti"},"schema":{"@context":"https:\/\/schema.org","@graph":[{"@type":"WebPage","@id":"https:\/\/blog.comfort-works.com\/it\/divano-ikea-karlstad-guida-e-informazioni-fuori-commercio-dal-2015\/","url":"https:\/\/blog.comfort-works.com\/it\/divano-ikea-karlstad-guida-e-informazioni-fuori-commercio-dal-2015\/","name":"IKEA Divano Karlastad guida e informazioni","isPartOf":{"@id":"https:\/\/blog.comfort-works.com\/#website"},"primaryImageOfPage":{"@id":"https:\/\/blog.comfort-works.com\/it\/divano-ikea-karlstad-guida-e-informazioni-fuori-commercio-dal-2015\/#primaryimage"},"image":{"@id":"https:\/\/blog.comfort-works.com\/it\/divano-ikea-karlstad-guida-e-informazioni-fuori-commercio-dal-2015\/#primaryimage"},"thumbnailUrl":"https:\/\/blog.comfort-works.com\/wp-content\/uploads\/2021\/06\/IKEA-karlstad-information-guide.jpg","datePublished":"2019-02-08T17:17:05+00:00","dateModified":"2024-01-29T05:54:25+00:00","description":"La guida completa e tutte le informazioni del divano IKEA Karlstad - scopri misure, dimensioni, recensioni, istruzioni e molto altro qui.","inLanguage":"it-IT","potentialAction":[{"@type":"ReadAction","target":["https:\/\/blog.comfort-works.com\/it\/divano-ikea-karlstad-guida-e-informazioni-fuori-commercio-dal-2015\/"]}]},{"@type":"ImageObject","inLanguage":"it-IT","@id":"https:\/\/blog.comfort-works.com\/it\/divano-ikea-karlstad-guida-e-informazioni-fuori-commercio-dal-2015\/#primaryimage","url":"https:\/\/blog.comfort-works.com\/wp-content\/uploads\/2021\/06\/IKEA-karlstad-information-guide.jpg","contentUrl":"https:\/\/blog.comfort-works.com\/wp-content\/uploads\/2021\/06\/IKEA-karlstad-information-guide.jpg","width":940,"height":534},{"@type":"WebSite","@id":"https:\/\/blog.comfort-works.com\/#website","url":"https:\/\/blog.comfort-works.com\/","name":"Finding Comfort","description":"Everything you need to know about sofas","publisher":{"@id":"https:\/\/blog.comfort-works.com\/#organization"},"potentialAction":[{"@type":"SearchAction","target":{"@type":"EntryPoint","urlTemplate":"https:\/\/blog.comfort-works.com\/?s={search_term_string}"},"query-input":{"@type":"PropertyValueSpecification","valueRequired":true,"valueName":"search_term_string"}}],"inLanguage":"it-IT"},{"@type":"Organization","@id":"https:\/\/blog.comfort-works.com\/#organization","name":"Comfort Works","url":"https:\/\/blog.comfort-works.com\/","logo":{"@type":"ImageObject","inLanguage":"it-IT","@id":"https:\/\/blog.comfort-works.com\/#\/schema\/logo\/image\/","url":"https:\/\/blog.comfort-works.com\/wp-content\/uploads\/2025\/06\/Frame-31.png","contentUrl":"https:\/\/blog.comfort-works.com\/wp-content\/uploads\/2025\/06\/Frame-31.png","width":1200,"height":675,"caption":"Comfort Works"},"image":{"@id":"https:\/\/blog.comfort-works.com\/#\/schema\/logo\/image\/"},"sameAs":["https:\/\/www.facebook.com\/comfortworkscovers","https:\/\/x.com\/comfortworks","https:\/\/www.instagram.com\/comfortworks\/","https:\/\/www.pinterest.com\/comfortworks\/","https:\/\/www.youtube.com\/channel\/UCiY0z-GqZUzfeBwrAhT2kAg"]}]}},"_links":{"self":[{"href":"https:\/\/blog.comfort-works.com\/it\/wp-json\/wp\/v2\/pages\/34891","targetHints":{"allow":["GET"]}}],"collection":[{"href":"https:\/\/blog.comfort-works.com\/it\/wp-json\/wp\/v2\/pages"}],"about":[{"href":"https:\/\/blog.comfort-works.com\/it\/wp-json\/wp\/v2\/types\/page"}],"author":[{"embeddable":true,"href":"https:\/\/blog.comfort-works.com\/it\/wp-json\/wp\/v2\/users\/1"}],"replies":[{"embeddable":true,"href":"https:\/\/blog.comfort-works.com\/it\/wp-json\/wp\/v2\/comments?post=34891"}],"version-history":[{"count":6,"href":"https:\/\/blog.comfort-works.com\/it\/wp-json\/wp\/v2\/pages\/34891\/revisions"}],"predecessor-version":[{"id":113103,"href":"https:\/\/blog.comfort-works.com\/it\/wp-json\/wp\/v2\/pages\/34891\/revisions\/113103"}],"wp:featuredmedia":[{"embeddable":true,"href":"https:\/\/blog.comfort-works.com\/it\/wp-json\/wp\/v2\/media\/75295"}],"wp:attachment":[{"href":"https:\/\/blog.comfort-works.com\/it\/wp-json\/wp\/v2\/media?parent=34891"}],"curies":[{"name":"wp","href":"https:\/\/api.w.org\/{rel}","templated":true}]}}