{"id":34899,"date":"2019-02-09T08:22:17","date_gmt":"2019-02-09T00:22:17","guid":{"rendered":"https:\/\/www.comfort-works.com\/news\/ikea-divano-soderhamn-guida-e-informazioni\/"},"modified":"2024-01-15T13:06:53","modified_gmt":"2024-01-15T05:06:53","slug":"ikea-divano-soderhamn-guida-e-informazioni","status":"publish","type":"page","link":"https:\/\/blog.comfort-works.com\/it\/ikea-divano-soderhamn-guida-e-informazioni\/","title":{"rendered":"IKEA Divano Soderhamn guida e informazioni"},"content":{"rendered":"<p><span style=\"font-weight: 400;\">Benvenuti alla pagina dedicata a tutto quello che avreste voluto sapere sul Soderhamn di IKEA e molto di pi\u00f9 \u2014 misure, versioni, recensioni, rivestimenti, istruzioni per l\u2019assemblaggio e molto altro.<\/span><\/p>\n<p><span style=\"font-weight: 400;\">Forse state cercando il divano perfetto e avete bisogno di un aiutino. Forse avete gi\u00e0 deciso di orientarvi sul Soderhamn, ne avete trovato uno su Craigslist o Ebay e vi occorrono maggiori informazioni. Forse avete gi\u00e0 un Soderhamn e qualche ospite ha deciso di versare del caff\u00e8 sulle sue fodere impossibili da trovare. Forse, ancora, un vostro parente sta per arrivare in citt\u00e0 e vorreste dare un look pi\u00f9 \u2018adulto\u2019 ai vostri rivestimenti. In questo post, vi aiuteremo con quasi tutti questi dubbi.<\/span><\/p>\n<p><span style=\"font-weight: 400;\">E se ancora restano questioni senza risposta, sentitevi liberi di contattarci qui: info@comfortworks.com.au<\/span><\/p>\n<p><a href=\"https:\/\/blog.comfort-works.com\/wp-content\/uploads\/2015\/07\/Soderhamn.jpg\"><img loading=\"lazy\" decoding=\"async\" class=\" wp-image-6209 \" src=\"https:\/\/blog.comfort-works.com\/wp-content\/uploads\/2015\/07\/Soderhamn.jpg\" alt=\"Soderhamn sectional in Liege Biscuit\" width=\"855\" height=\"569\" srcset=\"https:\/\/blog.comfort-works.com\/wp-content\/uploads\/2015\/07\/Soderhamn.jpg 1600w, https:\/\/blog.comfort-works.com\/wp-content\/uploads\/2015\/07\/Soderhamn-950x633.jpg 950w, https:\/\/blog.comfort-works.com\/wp-content\/uploads\/2015\/07\/Soderhamn-768x512.jpg 768w, https:\/\/blog.comfort-works.com\/wp-content\/uploads\/2015\/07\/Soderhamn-1024x682.jpg 1024w\" sizes=\"auto, (max-width: 855px) 100vw, 855px\" \/><\/a><\/p>\n<p><span style=\"font-weight: 400;\">Divano componibile Soderhamn in Liege Biscuit<\/span><\/p>\n<p><span style=\"font-weight: 400;\">Divano 3+1 Soderhamn con fodere in pelle bycast Modena bianco<\/span><\/p>\n<h2><span style=\"font-weight: 400;\">Veloce Verifica<\/span><\/h2>\n<p><span style=\"font-weight: 400;\"><strong>Status<\/strong>: Sia divani, sia le fodere sono disponibili da IKEA (Italia).<\/span><\/p>\n<p><span style=\"font-weight: 400;\"><strong>Copridivano<\/strong>: Copridivani su misura per il Soderhamn sono disponibili da Comfort Works<\/span><\/p>\n<p><span style=\"font-weight: 400;\"><strong>Dimensioni<\/strong>:<\/span><\/p>\n<p><span style=\"font-weight: 400;\">\u25e6<\/span> <span style=\"font-weight: 400;\">Divano componibile a 3 posti Soderhamn L 99cm \/ P 99cm \/ A 83cm<\/span><\/p>\n<p><span style=\"font-weight: 400;\">\u25e6<\/span> <span style=\"font-weight: 400;\">Divano a 1 posto Soderhamn L 93cm \/ P 99cm \/ A 83cm<\/span><\/p>\n<p><span style=\"font-weight: 400;\">\u25e6<\/span> <span style=\"font-weight: 400;\">Chaise Lounge Soderhamn L 99cm \/ P 151cm \/ A 83cm<\/span><\/p>\n<p><span style=\"font-weight: 400;\">\u25e6<\/span> <span style=\"font-weight: 400;\">Poggiapiedi Soderhamn L 93cm \/ P 93cm \/ A 40cm<\/span><\/p>\n<p><span style=\"font-weight: 400;\">\u25e6<\/span> <span style=\"font-weight: 400;\">Bracciolo Soderhamn Armrest (componente aggiuntiva) L 82cm \/ P 6cm \/ A 53cm<\/span><\/p>\n<p><span style=\"font-weight: 400;\">\u25e6<\/span> <span style=\"font-weight: 400;\">Divano letto Soderhamn L 200cm \/ P 99cm \/ A 83cm<\/span><\/p>\n<p><span style=\"font-weight: 400;\">\u25e6<\/span> <span style=\"font-weight: 400;\">Divano angolare Soderhamn L 99cm \/ P 99cm \/ A 83cm<\/span><\/p>\n<p><span style=\"font-weight: 400;\"><strong>Fattore \u2018wow!\u2019:<\/strong> Le fodere e i divani sono ancora disponibili da IKEA. Facili da mantenere, rivestimenti facilmente rimovibili.<\/span><\/p>\n<p><span style=\"font-weight: 400;\"><strong>Fattore \u2018ugh!\u2019<\/strong>: Poche opzioni di fodere disponibili da IKEA, l\u2019assemblaggio pu\u00f2 risultare un po\u2019 complicato, specialmente i primi step \u2014 <strong>la barra rotante pu\u00f2 essere ruotata<\/strong> ma ci vuole un bel po\u2019 di forza.<\/span><\/p>\n<h2><span style=\"font-weight: 400;\">Manuale d&#8217;istruzioni<\/span><\/h2>\n<p><span style=\"font-weight: 400;\">Volete sapere come assemblare un divano Soderhamn?<\/span><\/p>\n<p><span style=\"font-weight: 400;\">Cliccate sul modello corrispondente per scaricare il Manuale d\u2019istruzioni per l\u2019Assemblaggio: <\/span><\/p>\n<p><a href=\"https:\/\/www.comfort-works.com\/news\/wp-content\/uploads\/2015\/07\/Soderhamn-3-seat-Section.pdf\"><span style=\"font-weight: 400;\">\u25e6<\/span> <\/a><span style=\"font-weight: 400;\"><a href=\"https:\/\/www.comfort-works.com\/news\/wp-content\/uploads\/2015\/07\/Soderhamn-3-seat-Section.pdf\">Divano a 3 posti sezionale Soderhamn<\/a> <\/span><\/p>\n<p><a href=\"https:\/\/www.comfort-works.com\/news\/wp-content\/uploads\/2015\/07\/Soderhamn-One-Seat-Section.pdf\"><span style=\"font-weight: 400;\">\u25e6<\/span> <\/a><span style=\"font-weight: 400;\"><a href=\"https:\/\/www.comfort-works.com\/news\/wp-content\/uploads\/2015\/07\/Soderhamn-One-Seat-Section.pdf\">Divano a 1 posto Soderhamn<\/a> <\/span><\/p>\n<p><a href=\"https:\/\/www.comfort-works.com\/news\/wp-content\/uploads\/2015\/07\/Soderhamn-Chaise-longue.pdf\"><span style=\"font-weight: 400;\">\u25e6<\/span> <\/a><span style=\"font-weight: 400;\"><a href=\"https:\/\/www.comfort-works.com\/news\/wp-content\/uploads\/2015\/07\/Soderhamn-Chaise-longue.pdf\">Chaise Lounge Soderhamn<\/a> <\/span><\/p>\n<p><a href=\"https:\/\/www.comfort-works.com\/news\/wp-content\/uploads\/2015\/07\/Soderhamn-Footstool.pdf\"><span style=\"font-weight: 400;\">\u25e6<\/span> <\/a><span style=\"font-weight: 400;\"><a href=\"https:\/\/www.comfort-works.com\/news\/wp-content\/uploads\/2015\/07\/Soderhamn-Footstool.pdf\">Poggiapiedi Soderhamn<\/a> <\/span><\/p>\n<p><a href=\"https:\/\/www.comfort-works.com\/news\/wp-content\/uploads\/2015\/07\/Soderhamn-Sofa-Bed.pdf\"><span style=\"font-weight: 400;\">\u25e6<\/span> <\/a><span style=\"font-weight: 400;\"><a href=\"https:\/\/www.comfort-works.com\/news\/wp-content\/uploads\/2015\/07\/Soderhamn-Sofa-Bed.pdf\">Divano Letto Soderhamn<\/a> <\/span><\/p>\n<p><a href=\"https:\/\/www.comfort-works.com\/news\/wp-content\/uploads\/2015\/07\/Soderhamn-Corner-Section.pdf\"><span style=\"font-weight: 400;\">\u25e6<\/span> <\/a><span style=\"font-weight: 400;\"><a href=\"https:\/\/www.comfort-works.com\/news\/wp-content\/uploads\/2015\/07\/Soderhamn-Corner-Section.pdf\">Sezione angolare Soderhamn<\/a> <\/span><\/p>\n<h2><span style=\"font-weight: 400;\">La nostra recensione<\/span><\/h2>\n<p><span style=\"font-weight: 400;\">Il Soderhamn di IKEA \u00e8 un divano di design, unico e stiloso. I suoi braccioli sottili gli conferiscono una personalit\u00e0 ultra moderna e contemporanea, tuttavia i braccioli non si prestano molto per adagiarvi mani e testa. Se volete qualcosa di pi\u00f9 morbido, arricchirlo con qualche cuscino extra potrebbe essere un buon suggerimento.<\/span><\/p>\n<p>&nbsp;<\/p>\n<p><span style=\"font-weight: 400;\">Quindi, s\u00ec, per noi \u00e8 un s\u00ec! Come plus, potete sempre comporre il vostro set personalizzato, con il modulare Soderhamn; magari per adattarlo all\u2019angolo del vostro living: basta acquistare alcune componenti modulabili e sar\u00e0 perfetto. Qui sotto un divano Soderhamn con fodere su misura in tessuto Herringbone Pebble fabric \u2014 e abbiamo anche <a href=\"https:\/\/comfort-works.com\/en\/replacement-ikea-sofa-legs-29\">sostituito le gambe original<\/a>i con gambe sostitutive per un raffinato look met\u00e0-secolo! <\/span><\/p>\n<p><span style=\"font-weight: 400;\"><a href=\"https:\/\/www.comfort-works.com\/news\/wp-content\/uploads\/2015\/07\/Soderhamn-in-Mid-Century-Wooden-Sofa-legs-+-Herringbone-Pebble13.jpg\"><img loading=\"lazy\" decoding=\"async\" class=\"size-medium wp-image-6269\" src=\"https:\/\/blog.comfort-works.com\/wp-content\/uploads\/2015\/07\/Soderhamn-in-Mid-Century-Wooden-Sofa-legs-+-Herringbone-Pebble13-950x633.jpg\" alt=\"Soderhamn Sofa in Mid Century Legs - Comfort Works\" width=\"950\" height=\"633\" srcset=\"https:\/\/blog.comfort-works.com\/wp-content\/uploads\/2015\/07\/Soderhamn-in-Mid-Century-Wooden-Sofa-legs-+-Herringbone-Pebble13-950x633.jpg 950w, https:\/\/blog.comfort-works.com\/wp-content\/uploads\/2015\/07\/Soderhamn-in-Mid-Century-Wooden-Sofa-legs-+-Herringbone-Pebble13-1024x683.jpg 1024w, https:\/\/blog.comfort-works.com\/wp-content\/uploads\/2015\/07\/Soderhamn-in-Mid-Century-Wooden-Sofa-legs-+-Herringbone-Pebble13-768x512.jpg 768w, https:\/\/blog.comfort-works.com\/wp-content\/uploads\/2015\/07\/Soderhamn-in-Mid-Century-Wooden-Sofa-legs-+-Herringbone-Pebble13-370x247.jpg 370w, https:\/\/blog.comfort-works.com\/wp-content\/uploads\/2015\/07\/Soderhamn-in-Mid-Century-Wooden-Sofa-legs-+-Herringbone-Pebble13-1010x673.jpg 1010w, https:\/\/blog.comfort-works.com\/wp-content\/uploads\/2015\/07\/Soderhamn-in-Mid-Century-Wooden-Sofa-legs-+-Herringbone-Pebble13-470x313.jpg 470w, https:\/\/blog.comfort-works.com\/wp-content\/uploads\/2015\/07\/Soderhamn-in-Mid-Century-Wooden-Sofa-legs-+-Herringbone-Pebble13.jpg 1296w\" sizes=\"auto, (max-width: 950px) 100vw, 950px\" \/><\/a>Divano Soderhamn con gambe met\u00e0-secolo \u2013 Comfort Works<\/span><\/p>\n<h2><span style=\"font-weight: 400;\">Maggiori informazioni<\/span><\/h2>\n<p><span style=\"font-weight: 400;\"><a href=\"http:\/\/www.loveliesinmylife.com\/2015\/04\/comfort-works-soderhamn-slipcover-review.html\">Loveliesinmylife<\/a> \u2014 Recensione di una fodera Comfort Works in Liege Biscuit su un componibile con poggiapiedi Soderhamn<\/span><\/p>\n<p><span style=\"font-weight: 400;\"><a href=\"http:\/\/www.idainteriorlifestyle.com\/2015\/07\/custom-ikea-soderhamn-slipcover-from.html\">IDA Interior Lifestyle<\/a> \u2014Recensione di una fodera Comfort Works in Modena White su un divano Soderhamn <\/span><\/p>\n<p><span style=\"font-weight: 400;\">APARTMENT THERAPY\u00a0\u2014 Opzioni e recensioni del divano e della chaise longue Soderhamn <\/span><\/p>\n","protected":false},"excerpt":{"rendered":"<p>Benvenuti alla pagina dedicata a tutto quello che avreste voluto sapere sul Soderhamn di IKEA e molto di pi\u00f9 \u2014 misure, versioni, recensioni, rivestimenti, istruzioni per l\u2019assemblaggio e molto altro. Forse state cercando il divano perfetto e avete bisogno di un aiutino. Forse avete gi\u00e0 deciso di orientarvi sul Soderhamn, ne avete trovato uno su [&hellip;]<\/p>\n","protected":false},"author":1001007,"featured_media":0,"parent":0,"menu_order":0,"comment_status":"open","ping_status":"closed","template":"","meta":{"_acf_changed":false,"footnotes":""},"class_list":["post-34899","page","type-page","status-publish","hentry"],"acf":[],"yoast_head":"<!-- This site is optimized with the Yoast SEO Premium plugin v25.1 (Yoast SEO v25.1) - https:\/\/yoast.com\/wordpress\/plugins\/seo\/ -->\n<title>IKEA Divano Soderhamn guida e informazioni<\/title>\n<meta name=\"description\" content=\"La guida definitiva e le informazioni sul divano IKEA Sodrehamn - scopri misure, dimensioni, recensioni, fodere, manuali d&#039;istruzioni e molto altro.\" \/>\n<meta name=\"robots\" content=\"index, follow, max-snippet:-1, max-image-preview:large, max-video-preview:-1\" \/>\n<link rel=\"canonical\" href=\"https:\/\/blog.comfort-works.com\/it\/ikea-divano-soderhamn-guida-e-informazioni\/\" \/>\n<meta property=\"og:locale\" content=\"it_IT\" \/>\n<meta property=\"og:type\" content=\"article\" \/>\n<meta property=\"og:title\" content=\"IKEA Divano Soderhamn guida e informazioni\" \/>\n<meta property=\"og:description\" content=\"La guida definitiva e le informazioni sul divano IKEA Sodrehamn - scopri misure, dimensioni, recensioni, fodere, manuali d&#039;istruzioni e molto altro.\" \/>\n<meta property=\"og:url\" content=\"https:\/\/blog.comfort-works.com\/it\/ikea-divano-soderhamn-guida-e-informazioni\/\" \/>\n<meta property=\"og:site_name\" content=\"Comfort Works Blog &amp; Sofa Resources\" \/>\n<meta property=\"article:publisher\" content=\"https:\/\/www.facebook.com\/comfortworkscovers\" \/>\n<meta property=\"article:modified_time\" content=\"2024-01-15T05:06:53+00:00\" \/>\n<meta property=\"og:image\" content=\"https:\/\/blog.comfort-works.com\/wp-content\/uploads\/2015\/07\/Soderhamn.jpg\" \/>\n<meta name=\"twitter:card\" content=\"summary_large_image\" \/>\n<meta name=\"twitter:site\" content=\"@comfortworks\" \/>\n<meta name=\"twitter:label1\" content=\"Tempo di lettura stimato\" \/>\n\t<meta name=\"twitter:data1\" content=\"3 minuti\" \/>\n<script type=\"application\/ld+json\" class=\"yoast-schema-graph\">{\"@context\":\"https:\/\/schema.org\",\"@graph\":[{\"@type\":\"WebPage\",\"@id\":\"https:\/\/blog.comfort-works.com\/it\/ikea-divano-soderhamn-guida-e-informazioni\/\",\"url\":\"https:\/\/blog.comfort-works.com\/it\/ikea-divano-soderhamn-guida-e-informazioni\/\",\"name\":\"IKEA Divano Soderhamn guida e informazioni\",\"isPartOf\":{\"@id\":\"https:\/\/blog.comfort-works.com\/#website\"},\"primaryImageOfPage\":{\"@id\":\"https:\/\/blog.comfort-works.com\/it\/ikea-divano-soderhamn-guida-e-informazioni\/#primaryimage\"},\"image\":{\"@id\":\"https:\/\/blog.comfort-works.com\/it\/ikea-divano-soderhamn-guida-e-informazioni\/#primaryimage\"},\"thumbnailUrl\":\"https:\/\/blog.comfort-works.com\/wp-content\/uploads\/2015\/07\/Soderhamn.jpg\",\"datePublished\":\"2019-02-09T00:22:17+00:00\",\"dateModified\":\"2024-01-15T05:06:53+00:00\",\"description\":\"La guida definitiva e le informazioni sul divano IKEA Sodrehamn - scopri misure, dimensioni, recensioni, fodere, manuali d'istruzioni e molto altro.\",\"inLanguage\":\"it-IT\",\"potentialAction\":[{\"@type\":\"ReadAction\",\"target\":[\"https:\/\/blog.comfort-works.com\/it\/ikea-divano-soderhamn-guida-e-informazioni\/\"]}]},{\"@type\":\"ImageObject\",\"inLanguage\":\"it-IT\",\"@id\":\"https:\/\/blog.comfort-works.com\/it\/ikea-divano-soderhamn-guida-e-informazioni\/#primaryimage\",\"url\":\"https:\/\/blog.comfort-works.com\/wp-content\/uploads\/2015\/07\/Soderhamn.jpg\",\"contentUrl\":\"https:\/\/blog.comfort-works.com\/wp-content\/uploads\/2015\/07\/Soderhamn.jpg\"},{\"@type\":\"WebSite\",\"@id\":\"https:\/\/blog.comfort-works.com\/#website\",\"url\":\"https:\/\/blog.comfort-works.com\/\",\"name\":\"Finding Comfort\",\"description\":\"Everything you need to know about sofas\",\"publisher\":{\"@id\":\"https:\/\/blog.comfort-works.com\/#organization\"},\"potentialAction\":[{\"@type\":\"SearchAction\",\"target\":{\"@type\":\"EntryPoint\",\"urlTemplate\":\"https:\/\/blog.comfort-works.com\/?s={search_term_string}\"},\"query-input\":{\"@type\":\"PropertyValueSpecification\",\"valueRequired\":true,\"valueName\":\"search_term_string\"}}],\"inLanguage\":\"it-IT\"},{\"@type\":\"Organization\",\"@id\":\"https:\/\/blog.comfort-works.com\/#organization\",\"name\":\"Comfort Works\",\"url\":\"https:\/\/blog.comfort-works.com\/\",\"logo\":{\"@type\":\"ImageObject\",\"inLanguage\":\"it-IT\",\"@id\":\"https:\/\/blog.comfort-works.com\/#\/schema\/logo\/image\/\",\"url\":\"https:\/\/blog.comfort-works.com\/wp-content\/uploads\/2025\/06\/Frame-31.png\",\"contentUrl\":\"https:\/\/blog.comfort-works.com\/wp-content\/uploads\/2025\/06\/Frame-31.png\",\"width\":1200,\"height\":675,\"caption\":\"Comfort Works\"},\"image\":{\"@id\":\"https:\/\/blog.comfort-works.com\/#\/schema\/logo\/image\/\"},\"sameAs\":[\"https:\/\/www.facebook.com\/comfortworkscovers\",\"https:\/\/x.com\/comfortworks\",\"https:\/\/www.instagram.com\/comfortworks\/\",\"https:\/\/www.pinterest.com\/comfortworks\/\",\"https:\/\/www.youtube.com\/channel\/UCiY0z-GqZUzfeBwrAhT2kAg\"]}]}<\/script>\n<!-- \/ Yoast SEO Premium plugin. -->","yoast_head_json":{"title":"IKEA Divano Soderhamn guida e informazioni","description":"La guida definitiva e le informazioni sul divano IKEA Sodrehamn - scopri misure, dimensioni, recensioni, fodere, manuali d'istruzioni e molto altro.","robots":{"index":"index","follow":"follow","max-snippet":"max-snippet:-1","max-image-preview":"max-image-preview:large","max-video-preview":"max-video-preview:-1"},"canonical":"https:\/\/blog.comfort-works.com\/it\/ikea-divano-soderhamn-guida-e-informazioni\/","og_locale":"it_IT","og_type":"article","og_title":"IKEA Divano Soderhamn guida e informazioni","og_description":"La guida definitiva e le informazioni sul divano IKEA Sodrehamn - scopri misure, dimensioni, recensioni, fodere, manuali d'istruzioni e molto altro.","og_url":"https:\/\/blog.comfort-works.com\/it\/ikea-divano-soderhamn-guida-e-informazioni\/","og_site_name":"Comfort Works Blog &amp; Sofa Resources","article_publisher":"https:\/\/www.facebook.com\/comfortworkscovers","article_modified_time":"2024-01-15T05:06:53+00:00","og_image":[{"url":"https:\/\/blog.comfort-works.com\/wp-content\/uploads\/2015\/07\/Soderhamn.jpg","type":"","width":"","height":""}],"twitter_card":"summary_large_image","twitter_site":"@comfortworks","twitter_misc":{"Tempo di lettura stimato":"3 minuti"},"schema":{"@context":"https:\/\/schema.org","@graph":[{"@type":"WebPage","@id":"https:\/\/blog.comfort-works.com\/it\/ikea-divano-soderhamn-guida-e-informazioni\/","url":"https:\/\/blog.comfort-works.com\/it\/ikea-divano-soderhamn-guida-e-informazioni\/","name":"IKEA Divano Soderhamn guida e informazioni","isPartOf":{"@id":"https:\/\/blog.comfort-works.com\/#website"},"primaryImageOfPage":{"@id":"https:\/\/blog.comfort-works.com\/it\/ikea-divano-soderhamn-guida-e-informazioni\/#primaryimage"},"image":{"@id":"https:\/\/blog.comfort-works.com\/it\/ikea-divano-soderhamn-guida-e-informazioni\/#primaryimage"},"thumbnailUrl":"https:\/\/blog.comfort-works.com\/wp-content\/uploads\/2015\/07\/Soderhamn.jpg","datePublished":"2019-02-09T00:22:17+00:00","dateModified":"2024-01-15T05:06:53+00:00","description":"La guida definitiva e le informazioni sul divano IKEA Sodrehamn - scopri misure, dimensioni, recensioni, fodere, manuali d'istruzioni e molto altro.","inLanguage":"it-IT","potentialAction":[{"@type":"ReadAction","target":["https:\/\/blog.comfort-works.com\/it\/ikea-divano-soderhamn-guida-e-informazioni\/"]}]},{"@type":"ImageObject","inLanguage":"it-IT","@id":"https:\/\/blog.comfort-works.com\/it\/ikea-divano-soderhamn-guida-e-informazioni\/#primaryimage","url":"https:\/\/blog.comfort-works.com\/wp-content\/uploads\/2015\/07\/Soderhamn.jpg","contentUrl":"https:\/\/blog.comfort-works.com\/wp-content\/uploads\/2015\/07\/Soderhamn.jpg"},{"@type":"WebSite","@id":"https:\/\/blog.comfort-works.com\/#website","url":"https:\/\/blog.comfort-works.com\/","name":"Finding Comfort","description":"Everything you need to know about sofas","publisher":{"@id":"https:\/\/blog.comfort-works.com\/#organization"},"potentialAction":[{"@type":"SearchAction","target":{"@type":"EntryPoint","urlTemplate":"https:\/\/blog.comfort-works.com\/?s={search_term_string}"},"query-input":{"@type":"PropertyValueSpecification","valueRequired":true,"valueName":"search_term_string"}}],"inLanguage":"it-IT"},{"@type":"Organization","@id":"https:\/\/blog.comfort-works.com\/#organization","name":"Comfort Works","url":"https:\/\/blog.comfort-works.com\/","logo":{"@type":"ImageObject","inLanguage":"it-IT","@id":"https:\/\/blog.comfort-works.com\/#\/schema\/logo\/image\/","url":"https:\/\/blog.comfort-works.com\/wp-content\/uploads\/2025\/06\/Frame-31.png","contentUrl":"https:\/\/blog.comfort-works.com\/wp-content\/uploads\/2025\/06\/Frame-31.png","width":1200,"height":675,"caption":"Comfort Works"},"image":{"@id":"https:\/\/blog.comfort-works.com\/#\/schema\/logo\/image\/"},"sameAs":["https:\/\/www.facebook.com\/comfortworkscovers","https:\/\/x.com\/comfortworks","https:\/\/www.instagram.com\/comfortworks\/","https:\/\/www.pinterest.com\/comfortworks\/","https:\/\/www.youtube.com\/channel\/UCiY0z-GqZUzfeBwrAhT2kAg"]}]}},"_links":{"self":[{"href":"https:\/\/blog.comfort-works.com\/it\/wp-json\/wp\/v2\/pages\/34899","targetHints":{"allow":["GET"]}}],"collection":[{"href":"https:\/\/blog.comfort-works.com\/it\/wp-json\/wp\/v2\/pages"}],"about":[{"href":"https:\/\/blog.comfort-works.com\/it\/wp-json\/wp\/v2\/types\/page"}],"author":[{"embeddable":true,"href":"https:\/\/blog.comfort-works.com\/it\/wp-json\/wp\/v2\/users\/1001007"}],"replies":[{"embeddable":true,"href":"https:\/\/blog.comfort-works.com\/it\/wp-json\/wp\/v2\/comments?post=34899"}],"version-history":[{"count":2,"href":"https:\/\/blog.comfort-works.com\/it\/wp-json\/wp\/v2\/pages\/34899\/revisions"}],"predecessor-version":[{"id":108001,"href":"https:\/\/blog.comfort-works.com\/it\/wp-json\/wp\/v2\/pages\/34899\/revisions\/108001"}],"wp:attachment":[{"href":"https:\/\/blog.comfort-works.com\/it\/wp-json\/wp\/v2\/media?parent=34899"}],"curies":[{"name":"wp","href":"https:\/\/api.w.org\/{rel}","templated":true}]}}