{"id":36850,"date":"2019-02-23T05:29:24","date_gmt":"2019-02-22T21:29:24","guid":{"rendered":"https:\/\/www.comfort-works.com\/news\/divano-letto-ikea-beddinge-guida-e-informazioni\/"},"modified":"2024-01-31T14:16:35","modified_gmt":"2024-01-31T06:16:35","slug":"divano-letto-ikea-beddinge-guida-e-informazioni","status":"publish","type":"page","link":"https:\/\/blog.comfort-works.com\/it\/divano-letto-ikea-beddinge-guida-e-informazioni\/","title":{"rendered":"Divano letto IKEA Beddinge: guida e informazioni"},"content":{"rendered":"<p><span style=\"font-weight: 400;\">Benvenuti nella pagina dedicata a tutto quello che avreste voluto sapere sul Beddinge di IKEA e molto di pi\u00f9 \u2014 misure, versioni, recensioni, rivestimenti, istruzioni per l\u2019assemblaggio e molto altro.<\/span><\/p>\n<p><span style=\"font-weight: 400;\">Forse state cercando il divano perfetto e avete bisogno di un aiutino. Forse avete gi\u00e0 deciso di orientarvi sul Beddinge, ne avete trovato uno su Craigslist o Ebay e vi occorrono maggiori informazioni. Forse avete gi\u00e0 un Beddinge e qualche ospite ha deciso di versare del caff\u00e8 sulle sue fodere impossibili da trovare. Forse, ancora, un vostro parente sta per arrivare in citt\u00e0 e vorreste dare un look pi\u00f9 \u2018adulto\u2019 ai vostri rivestimenti. In questo post, vi aiuteremo con quasi tutto.<\/span><\/p>\n<p><span style=\"font-weight: 400;\">E se ancora vi restano questioni senza risposta, sentitevi liberi di contattarci qui: <a href=\"mailto:info@comfortworks.com.au\">info@comfortworks.com.au<\/a><\/span><\/p>\n<h3><\/h3>\n<h3><span style=\"font-weight: 400;\">Veloce verifica<\/span><\/h3>\n<p><span style=\"font-weight: 400;\">Disponibilit\u00e0 presso IKEA: Il divano e le fodere sono ancora disponibili da IKEA.<\/span><\/p>\n<p><span style=\"font-weight: 400;\">Modello: Divano Letto Beddinge Lovas<\/span><\/p>\n<p><span style=\"font-weight: 400;\">Fodera: <a href=\"https:\/\/comfort-works.com\/en\/beddinge\/beddinge-sofa-bed-slipcover-543?1003-05,DF,CUST,SHRT,SP,JH-07\">Rivestimenti su misura<\/a> per il divano letto sono disponibili da Comfort Works<\/span><\/p>\n<p><span style=\"font-weight: 400;\">Dimensioni del divano letto Beddinge:\u00a0L 200 cm \/\u00a0P 104 cm \/\u00a0A 91 cm<\/span><\/p>\n<p><span style=\"font-weight: 400;\">Fattore \u2018wow!\u2019: Il divano si trasforma in un solido futon e potete anche sistemare l&#8217;angolazione dello schienale<\/span><\/p>\n<p><span style=\"font-weight: 400;\">Fattore \u2018ugh!\u2019: E\u2019 un divano letto a \u2018clik-clak\u2019 \u2013 non esattamente il pi\u00f9 bel pezzo di arredamento da avere a casa \u2028<\/span><\/p>\n<h3><span style=\"font-weight: 400;\">Manuale d&#8217;istruzioni<\/span><\/h3>\n<p><span style=\"font-weight: 400;\">Volete sapere come assemblare il divano letto Beddinge?<\/span><\/p>\n<p><span style=\"font-weight: 400;\">Cliccate sul <a href=\"https:\/\/www.ikea.com\/us\/en\/assembly_instructions\/beddinge-sofa-bed-slipcover__AA-203737-4_pub.PDF\">Manuale d\u2019Istruzioni<\/a> per scaricarlo\u2028<\/span><\/p>\n<h3><span style=\"font-weight: 400;\">La nostra recensione<\/span><\/h3>\n<p><span style=\"font-weight: 400;\">Il Beddinge \u00e8 il tipico divano letto a \u201cclik-clak\u201d concepito per essere reclinato a piacere fino ad ottenere l\u2019angolazione ottimale \u2014 sia come divano, sia come letto. \u00c8 completo di 2 cuscini che possono essere impiegati anche come guanciali. Sembra essere la scelta ideale per un divano che funzioni davvero bene anche come letto. E ci\u00f2 grazie all\u2019alta qualit\u00e0 del materasso e ad un prezzo incredibilmente conveniente. Il divano Beddinge si pu\u00f2 anche accoppiare con il vano contenitore Beddinge (non pi\u00f9 in vendita presso IKEA) che si colloca perfettamente sotto il divano.<\/span><\/p>\n<p><span style=\"font-weight: 400;\">Progetta la tua fodera per il divano letto Beddinge oggi stesso!<\/span><\/p>\n","protected":false},"excerpt":{"rendered":"<p>Benvenuti nella pagina dedicata a tutto quello che avreste voluto sapere sul Beddinge di IKEA e molto di pi\u00f9 \u2014 misure, versioni, recensioni, rivestimenti, istruzioni per l\u2019assemblaggio e molto altro. Forse state cercando il divano perfetto e avete bisogno di un aiutino. Forse avete gi\u00e0 deciso di orientarvi sul Beddinge, ne avete trovato uno su [&hellip;]<\/p>\n","protected":false},"author":1001006,"featured_media":0,"parent":0,"menu_order":0,"comment_status":"open","ping_status":"closed","template":"","meta":{"_acf_changed":false,"footnotes":""},"class_list":["post-36850","page","type-page","status-publish","hentry"],"acf":[],"yoast_head":"<!-- This site is optimized with the Yoast SEO Premium plugin v25.1 (Yoast SEO v25.1) - https:\/\/yoast.com\/wordpress\/plugins\/seo\/ -->\n<title>Divano letto IKEA Beddinge: guida e informazioni<\/title>\n<meta name=\"description\" content=\"La guida definitiva e tutte le informazioni per il divano letto IKEA Beddinge - troverai misure, dimensioni, recensioni, fodere, manuale d&#039;istruzioni e molto altro.\" \/>\n<meta name=\"robots\" content=\"index, follow, max-snippet:-1, max-image-preview:large, max-video-preview:-1\" \/>\n<link rel=\"canonical\" href=\"https:\/\/blog.comfort-works.com\/it\/divano-letto-ikea-beddinge-guida-e-informazioni\/\" \/>\n<meta property=\"og:locale\" content=\"it_IT\" \/>\n<meta property=\"og:type\" content=\"article\" \/>\n<meta property=\"og:title\" content=\"Divano letto IKEA Beddinge: guida e informazioni\" \/>\n<meta property=\"og:description\" content=\"La guida definitiva e tutte le informazioni per il divano letto IKEA Beddinge - troverai misure, dimensioni, recensioni, fodere, manuale d&#039;istruzioni e molto altro.\" \/>\n<meta property=\"og:url\" content=\"https:\/\/blog.comfort-works.com\/it\/divano-letto-ikea-beddinge-guida-e-informazioni\/\" \/>\n<meta property=\"og:site_name\" content=\"Comfort Works Blog &amp; Sofa Resources\" \/>\n<meta property=\"article:publisher\" content=\"https:\/\/www.facebook.com\/comfortworkscovers\" \/>\n<meta property=\"article:modified_time\" content=\"2024-01-31T06:16:35+00:00\" \/>\n<meta property=\"og:image\" content=\"https:\/\/blog.comfort-works.com\/wp-content\/uploads\/2025\/06\/Frame-51.png\" \/>\n\t<meta property=\"og:image:width\" content=\"1200\" \/>\n\t<meta property=\"og:image:height\" content=\"675\" \/>\n\t<meta property=\"og:image:type\" content=\"image\/png\" \/>\n<meta name=\"twitter:card\" content=\"summary_large_image\" \/>\n<meta name=\"twitter:site\" content=\"@comfortworks\" \/>\n<meta name=\"twitter:label1\" content=\"Tempo di lettura stimato\" \/>\n\t<meta name=\"twitter:data1\" content=\"2 minuti\" \/>\n<script type=\"application\/ld+json\" class=\"yoast-schema-graph\">{\"@context\":\"https:\/\/schema.org\",\"@graph\":[{\"@type\":\"WebPage\",\"@id\":\"https:\/\/blog.comfort-works.com\/it\/divano-letto-ikea-beddinge-guida-e-informazioni\/\",\"url\":\"https:\/\/blog.comfort-works.com\/it\/divano-letto-ikea-beddinge-guida-e-informazioni\/\",\"name\":\"Divano letto IKEA Beddinge: guida e informazioni\",\"isPartOf\":{\"@id\":\"https:\/\/blog.comfort-works.com\/#website\"},\"datePublished\":\"2019-02-22T21:29:24+00:00\",\"dateModified\":\"2024-01-31T06:16:35+00:00\",\"description\":\"La guida definitiva e tutte le informazioni per il divano letto IKEA Beddinge - troverai misure, dimensioni, recensioni, fodere, manuale d'istruzioni e molto altro.\",\"inLanguage\":\"it-IT\",\"potentialAction\":[{\"@type\":\"ReadAction\",\"target\":[\"https:\/\/blog.comfort-works.com\/it\/divano-letto-ikea-beddinge-guida-e-informazioni\/\"]}]},{\"@type\":\"WebSite\",\"@id\":\"https:\/\/blog.comfort-works.com\/#website\",\"url\":\"https:\/\/blog.comfort-works.com\/\",\"name\":\"Finding Comfort\",\"description\":\"Everything you need to know about sofas\",\"publisher\":{\"@id\":\"https:\/\/blog.comfort-works.com\/#organization\"},\"potentialAction\":[{\"@type\":\"SearchAction\",\"target\":{\"@type\":\"EntryPoint\",\"urlTemplate\":\"https:\/\/blog.comfort-works.com\/?s={search_term_string}\"},\"query-input\":{\"@type\":\"PropertyValueSpecification\",\"valueRequired\":true,\"valueName\":\"search_term_string\"}}],\"inLanguage\":\"it-IT\"},{\"@type\":\"Organization\",\"@id\":\"https:\/\/blog.comfort-works.com\/#organization\",\"name\":\"Comfort Works\",\"url\":\"https:\/\/blog.comfort-works.com\/\",\"logo\":{\"@type\":\"ImageObject\",\"inLanguage\":\"it-IT\",\"@id\":\"https:\/\/blog.comfort-works.com\/#\/schema\/logo\/image\/\",\"url\":\"https:\/\/blog.comfort-works.com\/wp-content\/uploads\/2025\/06\/Frame-31.png\",\"contentUrl\":\"https:\/\/blog.comfort-works.com\/wp-content\/uploads\/2025\/06\/Frame-31.png\",\"width\":1200,\"height\":675,\"caption\":\"Comfort Works\"},\"image\":{\"@id\":\"https:\/\/blog.comfort-works.com\/#\/schema\/logo\/image\/\"},\"sameAs\":[\"https:\/\/www.facebook.com\/comfortworkscovers\",\"https:\/\/x.com\/comfortworks\",\"https:\/\/www.instagram.com\/comfortworks\/\",\"https:\/\/www.pinterest.com\/comfortworks\/\",\"https:\/\/www.youtube.com\/channel\/UCiY0z-GqZUzfeBwrAhT2kAg\"]}]}<\/script>\n<!-- \/ Yoast SEO Premium plugin. -->","yoast_head_json":{"title":"Divano letto IKEA Beddinge: guida e informazioni","description":"La guida definitiva e tutte le informazioni per il divano letto IKEA Beddinge - troverai misure, dimensioni, recensioni, fodere, manuale d'istruzioni e molto altro.","robots":{"index":"index","follow":"follow","max-snippet":"max-snippet:-1","max-image-preview":"max-image-preview:large","max-video-preview":"max-video-preview:-1"},"canonical":"https:\/\/blog.comfort-works.com\/it\/divano-letto-ikea-beddinge-guida-e-informazioni\/","og_locale":"it_IT","og_type":"article","og_title":"Divano letto IKEA Beddinge: guida e informazioni","og_description":"La guida definitiva e tutte le informazioni per il divano letto IKEA Beddinge - troverai misure, dimensioni, recensioni, fodere, manuale d'istruzioni e molto altro.","og_url":"https:\/\/blog.comfort-works.com\/it\/divano-letto-ikea-beddinge-guida-e-informazioni\/","og_site_name":"Comfort Works Blog &amp; Sofa Resources","article_publisher":"https:\/\/www.facebook.com\/comfortworkscovers","article_modified_time":"2024-01-31T06:16:35+00:00","og_image":[{"width":1200,"height":675,"url":"https:\/\/blog.comfort-works.com\/wp-content\/uploads\/2025\/06\/Frame-51.png","type":"image\/png"}],"twitter_card":"summary_large_image","twitter_site":"@comfortworks","twitter_misc":{"Tempo di lettura stimato":"2 minuti"},"schema":{"@context":"https:\/\/schema.org","@graph":[{"@type":"WebPage","@id":"https:\/\/blog.comfort-works.com\/it\/divano-letto-ikea-beddinge-guida-e-informazioni\/","url":"https:\/\/blog.comfort-works.com\/it\/divano-letto-ikea-beddinge-guida-e-informazioni\/","name":"Divano letto IKEA Beddinge: guida e informazioni","isPartOf":{"@id":"https:\/\/blog.comfort-works.com\/#website"},"datePublished":"2019-02-22T21:29:24+00:00","dateModified":"2024-01-31T06:16:35+00:00","description":"La guida definitiva e tutte le informazioni per il divano letto IKEA Beddinge - troverai misure, dimensioni, recensioni, fodere, manuale d'istruzioni e molto altro.","inLanguage":"it-IT","potentialAction":[{"@type":"ReadAction","target":["https:\/\/blog.comfort-works.com\/it\/divano-letto-ikea-beddinge-guida-e-informazioni\/"]}]},{"@type":"WebSite","@id":"https:\/\/blog.comfort-works.com\/#website","url":"https:\/\/blog.comfort-works.com\/","name":"Finding Comfort","description":"Everything you need to know about sofas","publisher":{"@id":"https:\/\/blog.comfort-works.com\/#organization"},"potentialAction":[{"@type":"SearchAction","target":{"@type":"EntryPoint","urlTemplate":"https:\/\/blog.comfort-works.com\/?s={search_term_string}"},"query-input":{"@type":"PropertyValueSpecification","valueRequired":true,"valueName":"search_term_string"}}],"inLanguage":"it-IT"},{"@type":"Organization","@id":"https:\/\/blog.comfort-works.com\/#organization","name":"Comfort Works","url":"https:\/\/blog.comfort-works.com\/","logo":{"@type":"ImageObject","inLanguage":"it-IT","@id":"https:\/\/blog.comfort-works.com\/#\/schema\/logo\/image\/","url":"https:\/\/blog.comfort-works.com\/wp-content\/uploads\/2025\/06\/Frame-31.png","contentUrl":"https:\/\/blog.comfort-works.com\/wp-content\/uploads\/2025\/06\/Frame-31.png","width":1200,"height":675,"caption":"Comfort Works"},"image":{"@id":"https:\/\/blog.comfort-works.com\/#\/schema\/logo\/image\/"},"sameAs":["https:\/\/www.facebook.com\/comfortworkscovers","https:\/\/x.com\/comfortworks","https:\/\/www.instagram.com\/comfortworks\/","https:\/\/www.pinterest.com\/comfortworks\/","https:\/\/www.youtube.com\/channel\/UCiY0z-GqZUzfeBwrAhT2kAg"]}]}},"_links":{"self":[{"href":"https:\/\/blog.comfort-works.com\/it\/wp-json\/wp\/v2\/pages\/36850","targetHints":{"allow":["GET"]}}],"collection":[{"href":"https:\/\/blog.comfort-works.com\/it\/wp-json\/wp\/v2\/pages"}],"about":[{"href":"https:\/\/blog.comfort-works.com\/it\/wp-json\/wp\/v2\/types\/page"}],"author":[{"embeddable":true,"href":"https:\/\/blog.comfort-works.com\/it\/wp-json\/wp\/v2\/users\/1001006"}],"replies":[{"embeddable":true,"href":"https:\/\/blog.comfort-works.com\/it\/wp-json\/wp\/v2\/comments?post=36850"}],"version-history":[{"count":2,"href":"https:\/\/blog.comfort-works.com\/it\/wp-json\/wp\/v2\/pages\/36850\/revisions"}],"predecessor-version":[{"id":114913,"href":"https:\/\/blog.comfort-works.com\/it\/wp-json\/wp\/v2\/pages\/36850\/revisions\/114913"}],"wp:attachment":[{"href":"https:\/\/blog.comfort-works.com\/it\/wp-json\/wp\/v2\/media?parent=36850"}],"curies":[{"name":"wp","href":"https:\/\/api.w.org\/{rel}","templated":true}]}}