{"id":36854,"date":"2019-02-23T06:38:50","date_gmt":"2019-02-22T22:38:50","guid":{"rendered":"https:\/\/www.comfort-works.com\/news\/divano-letto-ikea-friheten-guida-e-informazioni\/"},"modified":"2024-01-15T13:37:52","modified_gmt":"2024-01-15T05:37:52","slug":"divano-letto-ikea-friheten-guida-e-informazioni","status":"publish","type":"page","link":"https:\/\/blog.comfort-works.com\/it\/divano-letto-ikea-friheten-guida-e-informazioni\/","title":{"rendered":"Divano letto IKEA Friheten: guida e informazioni"},"content":{"rendered":"<p><span style=\"font-weight: 400;\">Benvenuti alla pagina dedicata a tutto quello che avreste voluto sapere sul Friheten di IKEA e molto di pi\u00f9 \u2014 misure, versioni, recensioni, rivestimenti, istruzioni per l\u2019assemblaggio e molto altro.<\/span><\/p>\n<p><span style=\"font-weight: 400;\">Forse state cercando il divano perfetto e avete bisogno di un aiutino. Forse avete gi\u00e0 deciso di orientarvi sul Friheten, ne avete trovato uno su Craigslist o Ebay e vi occorrono maggiori informazioni. Forse avete gi\u00e0 un Friheten e qualche ospite ha deciso di versare del caff\u00e8 sulle sue fodere impossibili da trovare. Forse, ancora, un vostro parente sta per arrivare in citt\u00e0 e vorreste dare un look pi\u00f9 \u2018adulto\u2019 ai vostri rivestimenti. In questo post, vi aiuteremo con quasi tutto.<\/span><\/p>\n<p><span style=\"font-weight: 400;\">E se ancora restano questioni senza risposta, sentitevi liberi di contattarci qui: <a href=\"mailto:info@comfortworks.com.au\" target=\"_blank\" rel=\"noopener noreferrer\">info@comfortworks.com.au<\/a><\/span><\/p>\n<h3><\/h3>\n<h3><span style=\"font-weight: 400;\">Veloce verifica<\/span><\/h3>\n<p><span style=\"font-weight: 400;\">Disponibilit\u00e0 IKEA: Divano letto angolare ancora disponibile da IKEA.<\/span><\/p>\n<p><span style=\"font-weight: 400;\">Fodere:\u00a0<a href=\"https:\/\/comfort-works.com\/it\/friheten-sofa-bed-covers-115\" target=\"_blank\" rel=\"noopener noreferrer\">Fodere su misura<\/a> per il Friheten sono disponibili da Comfort Works<\/span><\/p>\n<p><span style=\"font-weight: 400;\">Dimensioni Friheten:\u00a0L 230 x P 68\/151 x A 66 cm<\/span><\/p>\n<p><span style=\"font-weight: 400;\">Fattore \u2018wow!\u2019: Il vano contenitore della chaise-longue, e la possibilit\u00e0 di modificare la configurazione della chaise-longue in qualsiasi momento :)<\/span><\/p>\n<p><span style=\"font-weight: 400;\">Fattore \u2018ugh!\u2019: Le fodere del rivestimento originale non sono facilmente rimovibili :(<\/span><\/p>\n<h3><span style=\"font-weight: 400;\">Manuale d&#8217;istruzioni<\/span><\/h3>\n<p><span style=\"font-weight: 400;\">Volete sapere come assemblare un divano Friheten?<\/span><\/p>\n<p><span style=\"font-weight: 400;\">Cliccate sul <a href=\"https:\/\/www.comfort-works.com\/news\/wp-content\/uploads\/2015\/01\/Friheten-Sofa-Bed.pdf\" target=\"_blank\" rel=\"noopener noreferrer\">Manuale d\u2019Istruzioni<\/a> per l\u2019Assemblaggio del divano letto Friheten per scaricarlo. <\/span><\/p>\n<h3><span style=\"font-weight: 400;\">La nostra recensione<\/span><\/h3>\n<p><span style=\"font-weight: 400;\">Il Friheten \u00e8 stato introdotto dopo che il Manstad \u00e8 stato messo fuori commercio. Il Friheten funziona in maniera similare al divano letto Manstad; presenta un vano contenitore sotto la chaise-longue, ma consente di cambiare la configurazione del divano letto spostando la chaise a destra o a sinistra. Il bracciolo dalla parte della seduta del divano \u00e8 anche allo stesso livello delle sedute, il che permette di allungare comodamente le gambe a chi \u00e8 molto alto senza sentirsi claustrofobico. Il Friheten IKEA nasce rivestito, quindi il lavaggio pu\u00f2 risultare difficile. \u00a0<\/span><\/p>\n<p><span style=\"font-weight: 400;\">Fortunatamente, <a href=\"https:\/\/comfort-works.com\/it\/friheten-sofa-bed-covers-115\" target=\"_blank\" rel=\"noopener noreferrer\">Comfort Works produce fodere per questo modello<\/a>. Personalizza il rivestimento per il tuo divano letto Friheten oggi stesso.<\/span><\/p>\n<h3><span style=\"font-weight: 400;\">Maggiori informazioni<\/span><\/h3>\n<p><span style=\"font-weight: 400;\"><a href=\"\/news?p=3824\" target=\"_blank\" rel=\"noopener noreferrer\">Morte del Manstad<\/a>\u00a0\u2014 \u00a0Una recensione Comfort Works dei divani letto Friheten, Moheda e Lugnvik.<\/span><\/p>\n<p><span style=\"font-weight: 400;\">eXpressWardrobe\u00a0\u2014\u00a0Una video-introduzione al divano letto angolare IKEA Friheten.<\/span><\/p>\n<p>&nbsp;<\/p>\n<p><span style=\"font-weight: 400;\">MumsNet \u2014 Segui la discussione a proposito del divano letto angolare IKEA Friheten.<\/span><\/p>\n","protected":false},"excerpt":{"rendered":"<p>Benvenuti alla pagina dedicata a tutto quello che avreste voluto sapere sul Friheten di IKEA e molto di pi\u00f9 \u2014 misure, versioni, recensioni, rivestimenti, istruzioni per l\u2019assemblaggio e molto altro. Forse state cercando il divano perfetto e avete bisogno di un aiutino. Forse avete gi\u00e0 deciso di orientarvi sul Friheten, ne avete trovato uno su [&hellip;]<\/p>\n","protected":false},"author":1001006,"featured_media":75231,"parent":0,"menu_order":0,"comment_status":"open","ping_status":"closed","template":"","meta":{"_acf_changed":false,"footnotes":""},"class_list":["post-36854","page","type-page","status-publish","has-post-thumbnail","hentry"],"acf":[],"yoast_head":"<!-- This site is optimized with the Yoast SEO Premium plugin v25.1 (Yoast SEO v25.1) - https:\/\/yoast.com\/wordpress\/plugins\/seo\/ -->\n<title>Divano letto IKEA Friheten: guida e informazioni<\/title>\n<meta name=\"description\" content=\"La guida completa e tutte le informazioni riguardo il divano letto IKEA Friheten - troverai misure, dimensioni, fodere, manuale d&#039;istruzioni e molto altro.\" \/>\n<meta name=\"robots\" content=\"index, follow, max-snippet:-1, max-image-preview:large, max-video-preview:-1\" \/>\n<link rel=\"canonical\" href=\"https:\/\/blog.comfort-works.com\/it\/divano-letto-ikea-friheten-guida-e-informazioni\/\" \/>\n<meta property=\"og:locale\" content=\"it_IT\" \/>\n<meta property=\"og:type\" content=\"article\" \/>\n<meta property=\"og:title\" content=\"Divano letto IKEA Friheten: guida e informazioni\" \/>\n<meta property=\"og:description\" content=\"La guida completa e tutte le informazioni riguardo il divano letto IKEA Friheten - troverai misure, dimensioni, fodere, manuale d&#039;istruzioni e molto altro.\" \/>\n<meta property=\"og:url\" content=\"https:\/\/blog.comfort-works.com\/it\/divano-letto-ikea-friheten-guida-e-informazioni\/\" \/>\n<meta property=\"og:site_name\" content=\"Comfort Works Blog &amp; Sofa Resources\" \/>\n<meta property=\"article:publisher\" content=\"https:\/\/www.facebook.com\/comfortworkscovers\" \/>\n<meta property=\"article:modified_time\" content=\"2024-01-15T05:37:52+00:00\" \/>\n<meta property=\"og:image\" content=\"https:\/\/blog-v3.comfort-works.com\/wp-content\/uploads\/2021\/06\/Friheten-information-guide.jpg\" \/>\n\t<meta property=\"og:image:width\" content=\"940\" \/>\n\t<meta property=\"og:image:height\" content=\"534\" \/>\n\t<meta property=\"og:image:type\" content=\"image\/jpeg\" \/>\n<meta name=\"twitter:card\" content=\"summary_large_image\" \/>\n<meta name=\"twitter:site\" content=\"@comfortworks\" \/>\n<meta name=\"twitter:label1\" content=\"Tempo di lettura stimato\" \/>\n\t<meta name=\"twitter:data1\" content=\"2 minuti\" \/>\n<script type=\"application\/ld+json\" class=\"yoast-schema-graph\">{\"@context\":\"https:\/\/schema.org\",\"@graph\":[{\"@type\":\"WebPage\",\"@id\":\"https:\/\/blog.comfort-works.com\/it\/divano-letto-ikea-friheten-guida-e-informazioni\/\",\"url\":\"https:\/\/blog.comfort-works.com\/it\/divano-letto-ikea-friheten-guida-e-informazioni\/\",\"name\":\"Divano letto IKEA Friheten: guida e informazioni\",\"isPartOf\":{\"@id\":\"https:\/\/blog.comfort-works.com\/#website\"},\"primaryImageOfPage\":{\"@id\":\"https:\/\/blog.comfort-works.com\/it\/divano-letto-ikea-friheten-guida-e-informazioni\/#primaryimage\"},\"image\":{\"@id\":\"https:\/\/blog.comfort-works.com\/it\/divano-letto-ikea-friheten-guida-e-informazioni\/#primaryimage\"},\"thumbnailUrl\":\"https:\/\/blog.comfort-works.com\/wp-content\/uploads\/2021\/06\/Friheten-information-guide.jpg\",\"datePublished\":\"2019-02-22T22:38:50+00:00\",\"dateModified\":\"2024-01-15T05:37:52+00:00\",\"description\":\"La guida completa e tutte le informazioni riguardo il divano letto IKEA Friheten - troverai misure, dimensioni, fodere, manuale d'istruzioni e molto altro.\",\"inLanguage\":\"it-IT\",\"potentialAction\":[{\"@type\":\"ReadAction\",\"target\":[\"https:\/\/blog.comfort-works.com\/it\/divano-letto-ikea-friheten-guida-e-informazioni\/\"]}]},{\"@type\":\"ImageObject\",\"inLanguage\":\"it-IT\",\"@id\":\"https:\/\/blog.comfort-works.com\/it\/divano-letto-ikea-friheten-guida-e-informazioni\/#primaryimage\",\"url\":\"https:\/\/blog.comfort-works.com\/wp-content\/uploads\/2021\/06\/Friheten-information-guide.jpg\",\"contentUrl\":\"https:\/\/blog.comfort-works.com\/wp-content\/uploads\/2021\/06\/Friheten-information-guide.jpg\",\"width\":940,\"height\":534},{\"@type\":\"WebSite\",\"@id\":\"https:\/\/blog.comfort-works.com\/#website\",\"url\":\"https:\/\/blog.comfort-works.com\/\",\"name\":\"Finding Comfort\",\"description\":\"Everything you need to know about sofas\",\"publisher\":{\"@id\":\"https:\/\/blog.comfort-works.com\/#organization\"},\"potentialAction\":[{\"@type\":\"SearchAction\",\"target\":{\"@type\":\"EntryPoint\",\"urlTemplate\":\"https:\/\/blog.comfort-works.com\/?s={search_term_string}\"},\"query-input\":{\"@type\":\"PropertyValueSpecification\",\"valueRequired\":true,\"valueName\":\"search_term_string\"}}],\"inLanguage\":\"it-IT\"},{\"@type\":\"Organization\",\"@id\":\"https:\/\/blog.comfort-works.com\/#organization\",\"name\":\"Comfort Works\",\"url\":\"https:\/\/blog.comfort-works.com\/\",\"logo\":{\"@type\":\"ImageObject\",\"inLanguage\":\"it-IT\",\"@id\":\"https:\/\/blog.comfort-works.com\/#\/schema\/logo\/image\/\",\"url\":\"https:\/\/blog.comfort-works.com\/wp-content\/uploads\/2025\/06\/Frame-31.png\",\"contentUrl\":\"https:\/\/blog.comfort-works.com\/wp-content\/uploads\/2025\/06\/Frame-31.png\",\"width\":1200,\"height\":675,\"caption\":\"Comfort Works\"},\"image\":{\"@id\":\"https:\/\/blog.comfort-works.com\/#\/schema\/logo\/image\/\"},\"sameAs\":[\"https:\/\/www.facebook.com\/comfortworkscovers\",\"https:\/\/x.com\/comfortworks\",\"https:\/\/www.instagram.com\/comfortworks\/\",\"https:\/\/www.pinterest.com\/comfortworks\/\",\"https:\/\/www.youtube.com\/channel\/UCiY0z-GqZUzfeBwrAhT2kAg\"]}]}<\/script>\n<!-- \/ Yoast SEO Premium plugin. -->","yoast_head_json":{"title":"Divano letto IKEA Friheten: guida e informazioni","description":"La guida completa e tutte le informazioni riguardo il divano letto IKEA Friheten - troverai misure, dimensioni, fodere, manuale d'istruzioni e molto altro.","robots":{"index":"index","follow":"follow","max-snippet":"max-snippet:-1","max-image-preview":"max-image-preview:large","max-video-preview":"max-video-preview:-1"},"canonical":"https:\/\/blog.comfort-works.com\/it\/divano-letto-ikea-friheten-guida-e-informazioni\/","og_locale":"it_IT","og_type":"article","og_title":"Divano letto IKEA Friheten: guida e informazioni","og_description":"La guida completa e tutte le informazioni riguardo il divano letto IKEA Friheten - troverai misure, dimensioni, fodere, manuale d'istruzioni e molto altro.","og_url":"https:\/\/blog.comfort-works.com\/it\/divano-letto-ikea-friheten-guida-e-informazioni\/","og_site_name":"Comfort Works Blog &amp; Sofa Resources","article_publisher":"https:\/\/www.facebook.com\/comfortworkscovers","article_modified_time":"2024-01-15T05:37:52+00:00","og_image":[{"width":940,"height":534,"url":"https:\/\/blog-v3.comfort-works.com\/wp-content\/uploads\/2021\/06\/Friheten-information-guide.jpg","type":"image\/jpeg"}],"twitter_card":"summary_large_image","twitter_site":"@comfortworks","twitter_misc":{"Tempo di lettura stimato":"2 minuti"},"schema":{"@context":"https:\/\/schema.org","@graph":[{"@type":"WebPage","@id":"https:\/\/blog.comfort-works.com\/it\/divano-letto-ikea-friheten-guida-e-informazioni\/","url":"https:\/\/blog.comfort-works.com\/it\/divano-letto-ikea-friheten-guida-e-informazioni\/","name":"Divano letto IKEA Friheten: guida e informazioni","isPartOf":{"@id":"https:\/\/blog.comfort-works.com\/#website"},"primaryImageOfPage":{"@id":"https:\/\/blog.comfort-works.com\/it\/divano-letto-ikea-friheten-guida-e-informazioni\/#primaryimage"},"image":{"@id":"https:\/\/blog.comfort-works.com\/it\/divano-letto-ikea-friheten-guida-e-informazioni\/#primaryimage"},"thumbnailUrl":"https:\/\/blog.comfort-works.com\/wp-content\/uploads\/2021\/06\/Friheten-information-guide.jpg","datePublished":"2019-02-22T22:38:50+00:00","dateModified":"2024-01-15T05:37:52+00:00","description":"La guida completa e tutte le informazioni riguardo il divano letto IKEA Friheten - troverai misure, dimensioni, fodere, manuale d'istruzioni e molto altro.","inLanguage":"it-IT","potentialAction":[{"@type":"ReadAction","target":["https:\/\/blog.comfort-works.com\/it\/divano-letto-ikea-friheten-guida-e-informazioni\/"]}]},{"@type":"ImageObject","inLanguage":"it-IT","@id":"https:\/\/blog.comfort-works.com\/it\/divano-letto-ikea-friheten-guida-e-informazioni\/#primaryimage","url":"https:\/\/blog.comfort-works.com\/wp-content\/uploads\/2021\/06\/Friheten-information-guide.jpg","contentUrl":"https:\/\/blog.comfort-works.com\/wp-content\/uploads\/2021\/06\/Friheten-information-guide.jpg","width":940,"height":534},{"@type":"WebSite","@id":"https:\/\/blog.comfort-works.com\/#website","url":"https:\/\/blog.comfort-works.com\/","name":"Finding Comfort","description":"Everything you need to know about sofas","publisher":{"@id":"https:\/\/blog.comfort-works.com\/#organization"},"potentialAction":[{"@type":"SearchAction","target":{"@type":"EntryPoint","urlTemplate":"https:\/\/blog.comfort-works.com\/?s={search_term_string}"},"query-input":{"@type":"PropertyValueSpecification","valueRequired":true,"valueName":"search_term_string"}}],"inLanguage":"it-IT"},{"@type":"Organization","@id":"https:\/\/blog.comfort-works.com\/#organization","name":"Comfort Works","url":"https:\/\/blog.comfort-works.com\/","logo":{"@type":"ImageObject","inLanguage":"it-IT","@id":"https:\/\/blog.comfort-works.com\/#\/schema\/logo\/image\/","url":"https:\/\/blog.comfort-works.com\/wp-content\/uploads\/2025\/06\/Frame-31.png","contentUrl":"https:\/\/blog.comfort-works.com\/wp-content\/uploads\/2025\/06\/Frame-31.png","width":1200,"height":675,"caption":"Comfort Works"},"image":{"@id":"https:\/\/blog.comfort-works.com\/#\/schema\/logo\/image\/"},"sameAs":["https:\/\/www.facebook.com\/comfortworkscovers","https:\/\/x.com\/comfortworks","https:\/\/www.instagram.com\/comfortworks\/","https:\/\/www.pinterest.com\/comfortworks\/","https:\/\/www.youtube.com\/channel\/UCiY0z-GqZUzfeBwrAhT2kAg"]}]}},"_links":{"self":[{"href":"https:\/\/blog.comfort-works.com\/it\/wp-json\/wp\/v2\/pages\/36854","targetHints":{"allow":["GET"]}}],"collection":[{"href":"https:\/\/blog.comfort-works.com\/it\/wp-json\/wp\/v2\/pages"}],"about":[{"href":"https:\/\/blog.comfort-works.com\/it\/wp-json\/wp\/v2\/types\/page"}],"author":[{"embeddable":true,"href":"https:\/\/blog.comfort-works.com\/it\/wp-json\/wp\/v2\/users\/1001006"}],"replies":[{"embeddable":true,"href":"https:\/\/blog.comfort-works.com\/it\/wp-json\/wp\/v2\/comments?post=36854"}],"version-history":[{"count":3,"href":"https:\/\/blog.comfort-works.com\/it\/wp-json\/wp\/v2\/pages\/36854\/revisions"}],"predecessor-version":[{"id":108607,"href":"https:\/\/blog.comfort-works.com\/it\/wp-json\/wp\/v2\/pages\/36854\/revisions\/108607"}],"wp:featuredmedia":[{"embeddable":true,"href":"https:\/\/blog.comfort-works.com\/it\/wp-json\/wp\/v2\/media\/75231"}],"wp:attachment":[{"href":"https:\/\/blog.comfort-works.com\/it\/wp-json\/wp\/v2\/media?parent=36854"}],"curies":[{"name":"wp","href":"https:\/\/api.w.org\/{rel}","templated":true}]}}