{"id":37269,"date":"2019-03-01T07:04:45","date_gmt":"2019-02-28T23:04:45","guid":{"rendered":"https:\/\/www.comfort-works.com\/news\/divano-ikea-ektorp-guida-e-informazioni\/"},"modified":"2024-01-29T13:55:53","modified_gmt":"2024-01-29T05:55:53","slug":"divano-ikea-ektorp-guida-e-informazioni","status":"publish","type":"page","link":"https:\/\/blog.comfort-works.com\/it\/divano-ikea-ektorp-guida-e-informazioni\/","title":{"rendered":"Divano IKEA Ektorp: guida e informazioni"},"content":{"rendered":"<p><span style=\"font-weight: 400;\">Benvenuti alla pagina dedicata a tutto quello che avreste voluto sapere sul Ektorp di IKEA e molto di pi\u00f9 \u2014 misure, versioni, recensioni, rivestimenti, istruzioni per l\u2019assemblaggio e molto altro.<\/span><\/p>\n<p><span style=\"font-weight: 400;\">Forse state cercando il divano perfetto e avete bisogno di un aiutino. Forse avete gi\u00e0 deciso di orientarvi sul Ektorp, ne avete trovato uno su Craigslist o Ebay e vi occorrono maggiori informazioni. Forse avete gi\u00e0 un Ektorp e qualche ospite ha deciso di versare del caff\u00e8 sulle sue fodere impossibili da trovare. Forse, ancora, un vostro parente sta per arrivare in citt\u00e0 e vorreste dare un look pi\u00f9 \u2018adulto\u2019 ai vostri rivestimenti. In questo post, vi aiuteremo con quasi tutto.<\/span><\/p>\n<p><span style=\"font-weight: 400;\">E se ancora restano questioni senza risposta, sentitevi liberi di contattarci qui: info@comfortworks.com.au<\/span><\/p>\n<p><span style=\"font-weight: 400;\">Fodera per la Chaise Ektorp in cotone 100% bianco <\/span><\/p>\n<h2><span style=\"font-weight: 400;\">Veloce verifica<\/span><\/h2>\n<p><span style=\"font-weight: 400;\">Stato: La maggior parte dei divani e delle fodere sono ancora disponibili presso IKEA ad eccezione del divano letto a 2 posti, il divano letto angolare 2+2, la chaise lounge con braccioli e il divano angolare 2+2.<\/span><\/p>\n<p><span style=\"font-weight: 400;\">Fodere: <a href=\"https:\/\/comfort-works.com\/it\/ektorp-fodere-divano-63\">Fodere su misura per l\u2019Ektorp <\/a>sono disponibili da Comfort Works<\/span><\/p>\n<p><span style=\"font-weight: 400;\">Dimensioni:<\/span><\/p>\n<p><span style=\"font-weight: 400;\">Tutti i modelli, versioni, e dimensioni li potete trovare in questo post:\u00a0https:\/\/www.comfort-works.com\/news\/discontinued-ikea-ektorp-sofa-size-and-dimensions\/<\/span><\/p>\n<p><span style=\"font-weight: 400;\">Fattore \u2018wow!\u2019: Poco caro, durevole, confortevole, ed estremamente lavabile. A prova di bambini.<\/span><\/p>\n<p><span style=\"font-weight: 400;\">Fattore \u2018ugh!\u2019: Le fodere originali IKEA sono appena accettabili: non facili da installare, non sempre immediatamente disponibili per alcuni modelli fuori commercio.<\/span><\/p>\n<h2><span style=\"font-weight: 400;\">Manuale d&#8217;istruzioni<\/span><\/h2>\n<p><span style=\"font-weight: 400;\">Volete sapere come assemblare un divano Ektorp? Cliccate sul modello corrispondente per scaricare il Manuale d\u2019Istruzioni per l\u2019Assemblaggio: <\/span><\/p>\n<p>&nbsp;<\/p>\n<p><a href=\"https:\/\/www.comfort-works.com\/news\/wp-content\/uploads\/2010\/10\/Ektorp-Armchair-Loveseat-and-3-Seater.pdf\"><span style=\"font-weight: 400;\">Poltrona\/divano\/ divanetto Ektorp<\/span><\/a><\/p>\n<p><a href=\"https:\/\/www.comfort-works.com\/news\/wp-content\/uploads\/2010\/10\/Ektorp-2-Seater-and-Chaise.pdf\"><span style=\"font-weight: 400;\">Divano a 2 posti e Chaise Ektorp \u2028<\/span><\/a><\/p>\n<p><a href=\"https:\/\/www.comfort-works.com\/news\/wp-content\/uploads\/2010\/10\/Ektorp-2-seat-Sofa-Bed.pdf\"><span style=\"font-weight: 400;\">Divano letto a 2 posti<\/span><\/a><\/p>\n<p><a href=\"https:\/\/www.comfort-works.com\/news\/wp-content\/uploads\/2010\/10\/Ektop-3-Seater-Sofabed-Pixbo.pdf\"><span style=\"font-weight: 400;\">Divano letto a 3 posti Ektorp Pixbo\u2028<\/span><\/a><\/p>\n<p><a href=\"https:\/\/www.comfort-works.com\/news\/wp-content\/uploads\/2010\/10\/Ektorp-Left-hand-Chaise-Cover.pdf\"><span style=\"font-weight: 400;\">\u2028Chaise a sinistra Ektorp<\/span><\/a><\/p>\n<p><a href=\"https:\/\/blog.comfort-works.com\/wp-content\/uploads\/2010\/10\/Ektorp-Bromma-Footstool.pdf\"><span style=\"font-weight: 400;\">Poggiapiedi Ektorp Bromma\u2028<\/span><\/a><\/p>\n<p><a href=\"https:\/\/www.comfort-works.com\/news\/wp-content\/uploads\/2010\/10\/Ektorp-Jennylund-Armchair.pdf\"><span style=\"font-weight: 400;\">Poltrona Ektorp Jennylund<\/span><\/a><\/p>\n<h2><span style=\"font-weight: 400;\">La nostra recensione<\/span><\/h2>\n<p><span style=\"font-weight: 400;\">C\u2019\u00e8 poco di negativo da dire su questo classicone, perfetto per famiglie con bambini. Durevole, e facilmente rimovibili, le fodere lo rendono il modello IKEA pi\u00f9 pratico in assoluto.<\/span><\/p>\n<p><span style=\"font-weight: 400;\">Anche se molte versioni dell\u2019Ektorp sono fuori commercio e introvabili nei negozi IKEA, Comfort Works continua a produrne le<a href=\"https:\/\/comfort-works.com\/it\/ektorp-fodere-divano-63\"> fodere sostitutive.<\/a> Con cordoncini tubolari e pieghettature come nell\u2019originale, ma anche una serie di opzioni per la personalizzazione!\u00a0Mettiti in <a href=\"https:\/\/help.comfort-works.com\/it\/support\/home\">contatto con noi<\/a> per saperne di pi\u00f9.\u2028<\/span><\/p>\n<h2><span style=\"font-weight: 400;\">Maggiori informazioni<\/span><\/h2>\n<p><span style=\"font-weight: 400;\"><a href=\"https:\/\/modernmrsdarcy.com\/a-dissenting-opinion-on-the-ikea-ektorp-sofa\/\">Modern Mrs. Darcy\u00a0<\/a>\u2014 \u00a0Recensione e dritte per mantenere il tuo sof\u00e0 Ektorp bianco e luminoso.<\/span><\/p>\n<p><span style=\"font-weight: 400;\"><a href=\"https:\/\/www.productreview.com.au\/listings\/ikea-ektorp\">PRODUCT REVIEW<\/a>\u00a0\u2014 \u00a0Pro e contra, \u2018mi piace\u2019 e \u2018non mi piace\u2019 di chi ha comprato un sof\u00e0 Ektorp.<\/span><\/p>\n<p><span style=\"font-weight: 400;\"><a href=\"http:\/\/www.viewpoints.com\/IKEA-Ektorp-Living-Room-Furniture-reviews\">VIEWPOINTS<\/a>\u00a0\u2014 \u00a0I fattori positivi e negativi rilevati dai fruitori del divano Ektorp.<\/span><\/p>\n<p><span style=\"font-weight: 400;\"><a href=\"http:\/\/leftonhighland.blogspot.com\/2012\/03\/part-i-ikea-ektorp-vs-pottery-barn.html\">Left on Highland\u00a0<\/a>\u2013 IKEA Ektorp vs Pottery Barn Basic; qualche differenza?<\/span><\/p>\n<p><span style=\"font-weight: 400;\"><a href=\"http:\/\/www.thethreesweetpeas.com\/2012\/03\/ikea-ektorp-couch-slip-cover-review-tip.html\">The Three Sweet Peas<\/a> \u2014 \u00a0Recensione sulla facile lavabilit\u00e0 della fodera per il divano IKEA Ektorp: \u00e8 tutto vero quello che si dice?<\/span><\/p>\n<p><span style=\"font-weight: 400;\"><a href=\"http:\/\/www.thetinytwig.com\/2011\/11\/10\/the-truth-about-the-white-ikea-ektorp-sectional\/\">Tiny Twig<\/a>\u00a0\u2014 Una completa recensione del sezionale Ektorp bianco<\/span><\/p>\n<p><span style=\"font-weight: 400;\">Shabby French Cottage \u2014 Recensione del divano Ektorp a 3 posti in bianco con video istruzioni per l\u2019assemblaggio<\/span><\/p>\n<p><span style=\"font-weight: 400;\"><a href=\"http:\/\/niagaranovice.blogspot.com\/2011\/10\/comfort-works-slipcover-review-and.html\">Color Outside the Lines<\/a> \u2014 Recensione della fodera Ektorp in Lino Broadweave <\/span><\/p>\n<p><span style=\"font-weight: 400;\"><a href=\"http:\/\/www.onsuttonplace.com\/2011\/11\/comfort-works-and-ikea\/\">On Sutton Place<\/a>\u2014 Recensione della fodera Ektorp con dettagli sui cordoncini tubolari.<\/span><\/p>\n<p><span style=\"font-weight: 400;\">Pretty Petals\u00a0\u2014 \u00a0Fodera per il divano Ektorp in Rough Ash (velluto grigio) Slipcover con bellissime fotografie.<\/span><\/p>\n<p><span style=\"font-weight: 400;\"><a href=\"http:\/\/cottage4c.com\/ikea-ektorp-slipcovers\/\">Cottage4c<\/a> \u2014 Seguite la discussione per ottenere fodere \u2018pi\u00f9-che-bianche\u2019 da IKEA e dove poter trovare le migliori versioni sostitutive in bianco puro. <\/span><\/p>\n","protected":false},"excerpt":{"rendered":"<p>Benvenuti alla pagina dedicata a tutto quello che avreste voluto sapere sul Ektorp di IKEA e molto di pi\u00f9 \u2014 misure, versioni, recensioni, rivestimenti, istruzioni per l\u2019assemblaggio e molto altro. Forse state cercando il divano perfetto e avete bisogno di un aiutino. Forse avete gi\u00e0 deciso di orientarvi sul Ektorp, ne avete trovato uno su [&hellip;]<\/p>\n","protected":false},"author":1,"featured_media":75222,"parent":0,"menu_order":0,"comment_status":"open","ping_status":"closed","template":"","meta":{"_acf_changed":false,"footnotes":""},"class_list":["post-37269","page","type-page","status-publish","has-post-thumbnail","hentry"],"acf":[],"yoast_head":"<!-- This site is optimized with the Yoast SEO Premium plugin v25.1 (Yoast SEO v25.1) - https:\/\/yoast.com\/wordpress\/plugins\/seo\/ -->\n<title>Divano IKEA Ektorp: guida e informazioni<\/title>\n<meta name=\"description\" content=\"L&#039;ultima guida e informazioni sulla serie di divani IKEA Ektorp - troverai misure, dimensioni, recensioni, fodere, manuali d&#039;istruzioni e molto altro.\" \/>\n<meta name=\"robots\" content=\"index, follow, max-snippet:-1, max-image-preview:large, max-video-preview:-1\" \/>\n<link rel=\"canonical\" href=\"https:\/\/blog.comfort-works.com\/it\/divano-ikea-ektorp-guida-e-informazioni\/\" \/>\n<meta property=\"og:locale\" content=\"it_IT\" \/>\n<meta property=\"og:type\" content=\"article\" \/>\n<meta property=\"og:title\" content=\"Divano IKEA Ektorp: guida e informazioni\" \/>\n<meta property=\"og:description\" content=\"L&#039;ultima guida e informazioni sulla serie di divani IKEA Ektorp - troverai misure, dimensioni, recensioni, fodere, manuali d&#039;istruzioni e molto altro.\" \/>\n<meta property=\"og:url\" content=\"https:\/\/blog.comfort-works.com\/it\/divano-ikea-ektorp-guida-e-informazioni\/\" \/>\n<meta property=\"og:site_name\" content=\"Comfort Works Blog &amp; Sofa Resources\" \/>\n<meta property=\"article:publisher\" content=\"https:\/\/www.facebook.com\/comfortworkscovers\" \/>\n<meta property=\"article:modified_time\" content=\"2024-01-29T05:55:53+00:00\" \/>\n<meta property=\"og:image\" content=\"https:\/\/blog-v3.comfort-works.com\/wp-content\/uploads\/2021\/06\/ektorp-information-guide.jpg\" \/>\n\t<meta property=\"og:image:width\" content=\"940\" \/>\n\t<meta property=\"og:image:height\" content=\"534\" \/>\n\t<meta property=\"og:image:type\" content=\"image\/jpeg\" \/>\n<meta name=\"twitter:card\" content=\"summary_large_image\" \/>\n<meta name=\"twitter:site\" content=\"@comfortworks\" \/>\n<meta name=\"twitter:label1\" content=\"Tempo di lettura stimato\" \/>\n\t<meta name=\"twitter:data1\" content=\"3 minuti\" \/>\n<script type=\"application\/ld+json\" class=\"yoast-schema-graph\">{\"@context\":\"https:\/\/schema.org\",\"@graph\":[{\"@type\":\"WebPage\",\"@id\":\"https:\/\/blog.comfort-works.com\/it\/divano-ikea-ektorp-guida-e-informazioni\/\",\"url\":\"https:\/\/blog.comfort-works.com\/it\/divano-ikea-ektorp-guida-e-informazioni\/\",\"name\":\"Divano IKEA Ektorp: guida e informazioni\",\"isPartOf\":{\"@id\":\"https:\/\/blog.comfort-works.com\/#website\"},\"primaryImageOfPage\":{\"@id\":\"https:\/\/blog.comfort-works.com\/it\/divano-ikea-ektorp-guida-e-informazioni\/#primaryimage\"},\"image\":{\"@id\":\"https:\/\/blog.comfort-works.com\/it\/divano-ikea-ektorp-guida-e-informazioni\/#primaryimage\"},\"thumbnailUrl\":\"https:\/\/blog.comfort-works.com\/wp-content\/uploads\/2021\/06\/ektorp-information-guide.jpg\",\"datePublished\":\"2019-02-28T23:04:45+00:00\",\"dateModified\":\"2024-01-29T05:55:53+00:00\",\"description\":\"L'ultima guida e informazioni sulla serie di divani IKEA Ektorp - troverai misure, dimensioni, recensioni, fodere, manuali d'istruzioni e molto altro.\",\"inLanguage\":\"it-IT\",\"potentialAction\":[{\"@type\":\"ReadAction\",\"target\":[\"https:\/\/blog.comfort-works.com\/it\/divano-ikea-ektorp-guida-e-informazioni\/\"]}]},{\"@type\":\"ImageObject\",\"inLanguage\":\"it-IT\",\"@id\":\"https:\/\/blog.comfort-works.com\/it\/divano-ikea-ektorp-guida-e-informazioni\/#primaryimage\",\"url\":\"https:\/\/blog.comfort-works.com\/wp-content\/uploads\/2021\/06\/ektorp-information-guide.jpg\",\"contentUrl\":\"https:\/\/blog.comfort-works.com\/wp-content\/uploads\/2021\/06\/ektorp-information-guide.jpg\",\"width\":940,\"height\":534},{\"@type\":\"WebSite\",\"@id\":\"https:\/\/blog.comfort-works.com\/#website\",\"url\":\"https:\/\/blog.comfort-works.com\/\",\"name\":\"Finding Comfort\",\"description\":\"Everything you need to know about sofas\",\"publisher\":{\"@id\":\"https:\/\/blog.comfort-works.com\/#organization\"},\"potentialAction\":[{\"@type\":\"SearchAction\",\"target\":{\"@type\":\"EntryPoint\",\"urlTemplate\":\"https:\/\/blog.comfort-works.com\/?s={search_term_string}\"},\"query-input\":{\"@type\":\"PropertyValueSpecification\",\"valueRequired\":true,\"valueName\":\"search_term_string\"}}],\"inLanguage\":\"it-IT\"},{\"@type\":\"Organization\",\"@id\":\"https:\/\/blog.comfort-works.com\/#organization\",\"name\":\"Comfort Works\",\"url\":\"https:\/\/blog.comfort-works.com\/\",\"logo\":{\"@type\":\"ImageObject\",\"inLanguage\":\"it-IT\",\"@id\":\"https:\/\/blog.comfort-works.com\/#\/schema\/logo\/image\/\",\"url\":\"https:\/\/blog.comfort-works.com\/wp-content\/uploads\/2025\/06\/Frame-31.png\",\"contentUrl\":\"https:\/\/blog.comfort-works.com\/wp-content\/uploads\/2025\/06\/Frame-31.png\",\"width\":1200,\"height\":675,\"caption\":\"Comfort Works\"},\"image\":{\"@id\":\"https:\/\/blog.comfort-works.com\/#\/schema\/logo\/image\/\"},\"sameAs\":[\"https:\/\/www.facebook.com\/comfortworkscovers\",\"https:\/\/x.com\/comfortworks\",\"https:\/\/www.instagram.com\/comfortworks\/\",\"https:\/\/www.pinterest.com\/comfortworks\/\",\"https:\/\/www.youtube.com\/channel\/UCiY0z-GqZUzfeBwrAhT2kAg\"]}]}<\/script>\n<!-- \/ Yoast SEO Premium plugin. -->","yoast_head_json":{"title":"Divano IKEA Ektorp: guida e informazioni","description":"L'ultima guida e informazioni sulla serie di divani IKEA Ektorp - troverai misure, dimensioni, recensioni, fodere, manuali d'istruzioni e molto altro.","robots":{"index":"index","follow":"follow","max-snippet":"max-snippet:-1","max-image-preview":"max-image-preview:large","max-video-preview":"max-video-preview:-1"},"canonical":"https:\/\/blog.comfort-works.com\/it\/divano-ikea-ektorp-guida-e-informazioni\/","og_locale":"it_IT","og_type":"article","og_title":"Divano IKEA Ektorp: guida e informazioni","og_description":"L'ultima guida e informazioni sulla serie di divani IKEA Ektorp - troverai misure, dimensioni, recensioni, fodere, manuali d'istruzioni e molto altro.","og_url":"https:\/\/blog.comfort-works.com\/it\/divano-ikea-ektorp-guida-e-informazioni\/","og_site_name":"Comfort Works Blog &amp; Sofa Resources","article_publisher":"https:\/\/www.facebook.com\/comfortworkscovers","article_modified_time":"2024-01-29T05:55:53+00:00","og_image":[{"width":940,"height":534,"url":"https:\/\/blog-v3.comfort-works.com\/wp-content\/uploads\/2021\/06\/ektorp-information-guide.jpg","type":"image\/jpeg"}],"twitter_card":"summary_large_image","twitter_site":"@comfortworks","twitter_misc":{"Tempo di lettura stimato":"3 minuti"},"schema":{"@context":"https:\/\/schema.org","@graph":[{"@type":"WebPage","@id":"https:\/\/blog.comfort-works.com\/it\/divano-ikea-ektorp-guida-e-informazioni\/","url":"https:\/\/blog.comfort-works.com\/it\/divano-ikea-ektorp-guida-e-informazioni\/","name":"Divano IKEA Ektorp: guida e informazioni","isPartOf":{"@id":"https:\/\/blog.comfort-works.com\/#website"},"primaryImageOfPage":{"@id":"https:\/\/blog.comfort-works.com\/it\/divano-ikea-ektorp-guida-e-informazioni\/#primaryimage"},"image":{"@id":"https:\/\/blog.comfort-works.com\/it\/divano-ikea-ektorp-guida-e-informazioni\/#primaryimage"},"thumbnailUrl":"https:\/\/blog.comfort-works.com\/wp-content\/uploads\/2021\/06\/ektorp-information-guide.jpg","datePublished":"2019-02-28T23:04:45+00:00","dateModified":"2024-01-29T05:55:53+00:00","description":"L'ultima guida e informazioni sulla serie di divani IKEA Ektorp - troverai misure, dimensioni, recensioni, fodere, manuali d'istruzioni e molto altro.","inLanguage":"it-IT","potentialAction":[{"@type":"ReadAction","target":["https:\/\/blog.comfort-works.com\/it\/divano-ikea-ektorp-guida-e-informazioni\/"]}]},{"@type":"ImageObject","inLanguage":"it-IT","@id":"https:\/\/blog.comfort-works.com\/it\/divano-ikea-ektorp-guida-e-informazioni\/#primaryimage","url":"https:\/\/blog.comfort-works.com\/wp-content\/uploads\/2021\/06\/ektorp-information-guide.jpg","contentUrl":"https:\/\/blog.comfort-works.com\/wp-content\/uploads\/2021\/06\/ektorp-information-guide.jpg","width":940,"height":534},{"@type":"WebSite","@id":"https:\/\/blog.comfort-works.com\/#website","url":"https:\/\/blog.comfort-works.com\/","name":"Finding Comfort","description":"Everything you need to know about sofas","publisher":{"@id":"https:\/\/blog.comfort-works.com\/#organization"},"potentialAction":[{"@type":"SearchAction","target":{"@type":"EntryPoint","urlTemplate":"https:\/\/blog.comfort-works.com\/?s={search_term_string}"},"query-input":{"@type":"PropertyValueSpecification","valueRequired":true,"valueName":"search_term_string"}}],"inLanguage":"it-IT"},{"@type":"Organization","@id":"https:\/\/blog.comfort-works.com\/#organization","name":"Comfort Works","url":"https:\/\/blog.comfort-works.com\/","logo":{"@type":"ImageObject","inLanguage":"it-IT","@id":"https:\/\/blog.comfort-works.com\/#\/schema\/logo\/image\/","url":"https:\/\/blog.comfort-works.com\/wp-content\/uploads\/2025\/06\/Frame-31.png","contentUrl":"https:\/\/blog.comfort-works.com\/wp-content\/uploads\/2025\/06\/Frame-31.png","width":1200,"height":675,"caption":"Comfort Works"},"image":{"@id":"https:\/\/blog.comfort-works.com\/#\/schema\/logo\/image\/"},"sameAs":["https:\/\/www.facebook.com\/comfortworkscovers","https:\/\/x.com\/comfortworks","https:\/\/www.instagram.com\/comfortworks\/","https:\/\/www.pinterest.com\/comfortworks\/","https:\/\/www.youtube.com\/channel\/UCiY0z-GqZUzfeBwrAhT2kAg"]}]}},"_links":{"self":[{"href":"https:\/\/blog.comfort-works.com\/it\/wp-json\/wp\/v2\/pages\/37269","targetHints":{"allow":["GET"]}}],"collection":[{"href":"https:\/\/blog.comfort-works.com\/it\/wp-json\/wp\/v2\/pages"}],"about":[{"href":"https:\/\/blog.comfort-works.com\/it\/wp-json\/wp\/v2\/types\/page"}],"author":[{"embeddable":true,"href":"https:\/\/blog.comfort-works.com\/it\/wp-json\/wp\/v2\/users\/1"}],"replies":[{"embeddable":true,"href":"https:\/\/blog.comfort-works.com\/it\/wp-json\/wp\/v2\/comments?post=37269"}],"version-history":[{"count":6,"href":"https:\/\/blog.comfort-works.com\/it\/wp-json\/wp\/v2\/pages\/37269\/revisions"}],"predecessor-version":[{"id":113116,"href":"https:\/\/blog.comfort-works.com\/it\/wp-json\/wp\/v2\/pages\/37269\/revisions\/113116"}],"wp:featuredmedia":[{"embeddable":true,"href":"https:\/\/blog.comfort-works.com\/it\/wp-json\/wp\/v2\/media\/75222"}],"wp:attachment":[{"href":"https:\/\/blog.comfort-works.com\/it\/wp-json\/wp\/v2\/media?parent=37269"}],"curies":[{"name":"wp","href":"https:\/\/api.w.org\/{rel}","templated":true}]}}