{"id":38920,"date":"2019-03-18T23:18:24","date_gmt":"2019-03-18T15:18:24","guid":{"rendered":"https:\/\/www.comfort-works.com\/news\/divano-ekeskog-ikea-guida-e-informazioni\/"},"modified":"2024-01-16T09:11:10","modified_gmt":"2024-01-16T01:11:10","slug":"divano-ekeskog-ikea-guida-e-informazioni","status":"publish","type":"page","link":"https:\/\/blog.comfort-works.com\/it\/divano-ekeskog-ikea-guida-e-informazioni\/","title":{"rendered":"Divano Ekeskog IKEA guida e informazioni"},"content":{"rendered":"<p>Benvenuti alla pagina dedicata a tutto quello che avreste voluto sapere sul Ekeskog di IKEA e molto di pi\u00f9 \u2014 misure, versioni, recensioni, rivestimenti, istruzioni per l\u2019assemblaggio e molto altro.<\/p>\n<p>Forse state cercando il divano perfetto e avete bisogno di un aiutino. Forse avete gi\u00e0 deciso di orientarvi sul Ekeskog, ne avete trovato uno su Craigslist o Ebay e vi occorrono maggiori informazioni. Forse avete gi\u00e0 un Ekeskog e qualche ospite ha deciso di versare del caff\u00e8 sulle sue fodere impossibili da trovare. Forse, ancora, un vostro parente sta per arrivare in citt\u00e0 e vorreste dare un look pi\u00f9 \u2018adulto\u2019 ai vostri rivestimenti. In questo post, vi aiuteremo con quasi tutto.<\/p>\n<p>E se ancora restano questioni senza risposta, sentitevi liberi di contattarci qui: <a href=\"mailto:info@comfortworks.com.au\">info@comfortworks.com.au<\/a><\/p>\n<p><span style=\"font-size: 18pt;\">Controllo veloce<\/span><br \/>\nStato: Divano e fodera non pi\u00f9 disponibili da IKEA.<\/p>\n<p>Fodera: fodera <a href=\"https:\/\/comfort-works.com\/it\/ekeskog-37\">personalizzata per divano Ekeskog disponibile da Comfort Works<\/a><\/p>\n<p>Misure per Ekeskog 3 posti: larghezza telaio 235, profondit\u00e0 telaio 98, altezza posteriore 72, larghezza bracciolo 195, larghezza bracciolo 20, profondit\u00e0 cuscino sedile 77<\/p>\n<p>Fattore &#8220;wow&#8221;: il divano \u00e8 estremamente confortevole.<\/p>\n<p>Fattore &#8220;Ugh&#8221;: i sedili sono noti per essere molto scivolosi, in particolare il divano letto Ekeskog.<\/p>\n<p><span style=\"font-size: 18pt;\">Manuale di istruzioni<\/span><br \/>\nVuoi sapere come assemblare un divano Ekeskog?<\/p>\n<p>Scarica il<a href=\"https:\/\/www.comfort-works.com\/news\/wp-content\/uploads\/2010\/10\/Ekeskog-Sofa.pdf\"> Manuale di istruzioni per l&#8217;assemblaggio di Ekeskog Sofa<\/a><br \/>\nScarica il <a href=\"https:\/\/www.comfort-works.com\/news\/wp-content\/uploads\/2010\/10\/Ekeskog-Sofa-Bed.pdf\">Manuale di istruzioni per l&#8217;assemblaggio del divano letto Ekeskog<\/a><\/p>\n<p><span style=\"font-size: 18pt;\">La nostra recensione<\/span><br \/>\nUn divano robusto e duraturo. Ha una seduta ampia e generosa e un grande bracciolo. Tuttavia, i cuscini di seduta sono anche molto scivolosi e scivolano sempre fuori dal divano. Ci sono anche critiche riguardo il fatto che le travi di supporto siano deboli e si rompono facilmente.<\/p>\n<p>Fodera di Ekeskog in Nomad Red<br \/>\nSebbene questo modello sia stato messo fuori commercio nei negozi IKEA, <a href=\"https:\/\/comfort-works.com\/ekeskog-37\">Comfort Works continua a produrre copertine sostitutive per IKEA Ekeskog.<\/a><\/p>\n<p><span style=\"font-size: 18pt;\">Maggiori informazioni.<\/span><br \/>\nAPPARTAMENTO TERAPIA &#8211; Discussione su Hovas come nuovo Ekeskog?<\/p>\n<p><a href=\"http:\/\/www.productreview.com.au\/p\/ikea-ekeskog.html\">Productreview.com.au<\/a> &#8211; Recensioni del divano Ekeskog IKEA.<\/p>\n<p><a href=\"https:\/\/www.flickr.com\/photos\/12738795@N00\/2080692469\/\">Flickr<\/a> &#8211; Discussione su come i cuscini Ekeskog stanno scivolando<\/p>\n<p><a href=\"\/news?p=3287\">Differenza tra Hovas ed Ekskog<\/a> &#8211; Un post che spiega come distinguere tra Hovas ed Ekeskog e se le fodere si adattano l&#8217;un l&#8217;altro.<\/p>\n","protected":false},"excerpt":{"rendered":"<p>Benvenuti alla pagina dedicata a tutto quello che avreste voluto sapere sul Ekeskog di IKEA e molto di pi\u00f9 \u2014 misure, versioni, recensioni, rivestimenti, istruzioni per l\u2019assemblaggio e molto altro. Forse state cercando il divano perfetto e avete bisogno di un aiutino. Forse avete gi\u00e0 deciso di orientarvi sul Ekeskog, ne avete trovato uno su [&hellip;]<\/p>\n","protected":false},"author":1,"featured_media":14825,"parent":0,"menu_order":0,"comment_status":"open","ping_status":"closed","template":"","meta":{"_acf_changed":false,"footnotes":""},"class_list":["post-38920","page","type-page","status-publish","has-post-thumbnail","hentry"],"acf":[],"yoast_head":"<!-- This site is optimized with the Yoast SEO Premium plugin v25.1 (Yoast SEO v25.1) - https:\/\/yoast.com\/wordpress\/plugins\/seo\/ -->\n<title>Divano Ekeskog IKEA guida e informazioni<\/title>\n<meta name=\"description\" content=\"La guida definitiva e le informazioni sul divano IKEA Ekeskog - troverai misure, dimensioni, recensioni, fodere, manuale d&#039;istruzioni e altro qui.\" \/>\n<meta name=\"robots\" content=\"index, follow, max-snippet:-1, max-image-preview:large, max-video-preview:-1\" \/>\n<link rel=\"canonical\" href=\"https:\/\/blog.comfort-works.com\/it\/divano-ekeskog-ikea-guida-e-informazioni\/\" \/>\n<meta property=\"og:locale\" content=\"it_IT\" \/>\n<meta property=\"og:type\" content=\"article\" \/>\n<meta property=\"og:title\" content=\"Divano Ekeskog IKEA guida e informazioni\" \/>\n<meta property=\"og:description\" content=\"La guida definitiva e le informazioni sul divano IKEA Ekeskog - troverai misure, dimensioni, recensioni, fodere, manuale d&#039;istruzioni e altro qui.\" \/>\n<meta property=\"og:url\" content=\"https:\/\/blog.comfort-works.com\/it\/divano-ekeskog-ikea-guida-e-informazioni\/\" \/>\n<meta property=\"og:site_name\" content=\"Comfort Works Blog &amp; Sofa Resources\" \/>\n<meta property=\"article:publisher\" content=\"https:\/\/www.facebook.com\/comfortworkscovers\" \/>\n<meta property=\"article:modified_time\" content=\"2024-01-16T01:11:10+00:00\" \/>\n<meta property=\"og:image\" content=\"https:\/\/blog-v3.comfort-works.com\/wp-content\/uploads\/2014\/08\/Ekeskog-3-seater-in-Nomad-Red.jpg\" \/>\n\t<meta property=\"og:image:width\" content=\"640\" \/>\n\t<meta property=\"og:image:height\" content=\"426\" \/>\n\t<meta property=\"og:image:type\" content=\"image\/jpeg\" \/>\n<meta name=\"twitter:card\" content=\"summary_large_image\" \/>\n<meta name=\"twitter:site\" content=\"@comfortworks\" \/>\n<meta name=\"twitter:label1\" content=\"Tempo di lettura stimato\" \/>\n\t<meta name=\"twitter:data1\" content=\"2 minuti\" \/>\n<script type=\"application\/ld+json\" class=\"yoast-schema-graph\">{\"@context\":\"https:\/\/schema.org\",\"@graph\":[{\"@type\":\"WebPage\",\"@id\":\"https:\/\/blog.comfort-works.com\/it\/divano-ekeskog-ikea-guida-e-informazioni\/\",\"url\":\"https:\/\/blog.comfort-works.com\/it\/divano-ekeskog-ikea-guida-e-informazioni\/\",\"name\":\"Divano Ekeskog IKEA guida e informazioni\",\"isPartOf\":{\"@id\":\"https:\/\/blog.comfort-works.com\/#website\"},\"primaryImageOfPage\":{\"@id\":\"https:\/\/blog.comfort-works.com\/it\/divano-ekeskog-ikea-guida-e-informazioni\/#primaryimage\"},\"image\":{\"@id\":\"https:\/\/blog.comfort-works.com\/it\/divano-ekeskog-ikea-guida-e-informazioni\/#primaryimage\"},\"thumbnailUrl\":\"https:\/\/blog.comfort-works.com\/wp-content\/uploads\/2014\/08\/Ekeskog-3-seater-in-Nomad-Red.jpg\",\"datePublished\":\"2019-03-18T15:18:24+00:00\",\"dateModified\":\"2024-01-16T01:11:10+00:00\",\"description\":\"La guida definitiva e le informazioni sul divano IKEA Ekeskog - troverai misure, dimensioni, recensioni, fodere, manuale d'istruzioni e altro qui.\",\"inLanguage\":\"it-IT\",\"potentialAction\":[{\"@type\":\"ReadAction\",\"target\":[\"https:\/\/blog.comfort-works.com\/it\/divano-ekeskog-ikea-guida-e-informazioni\/\"]}]},{\"@type\":\"ImageObject\",\"inLanguage\":\"it-IT\",\"@id\":\"https:\/\/blog.comfort-works.com\/it\/divano-ekeskog-ikea-guida-e-informazioni\/#primaryimage\",\"url\":\"https:\/\/blog.comfort-works.com\/wp-content\/uploads\/2014\/08\/Ekeskog-3-seater-in-Nomad-Red.jpg\",\"contentUrl\":\"https:\/\/blog.comfort-works.com\/wp-content\/uploads\/2014\/08\/Ekeskog-3-seater-in-Nomad-Red.jpg\",\"width\":640,\"height\":426,\"caption\":\"Ekeskog 3 seater in Nomad Red\"},{\"@type\":\"WebSite\",\"@id\":\"https:\/\/blog.comfort-works.com\/#website\",\"url\":\"https:\/\/blog.comfort-works.com\/\",\"name\":\"Finding Comfort\",\"description\":\"Everything you need to know about sofas\",\"publisher\":{\"@id\":\"https:\/\/blog.comfort-works.com\/#organization\"},\"potentialAction\":[{\"@type\":\"SearchAction\",\"target\":{\"@type\":\"EntryPoint\",\"urlTemplate\":\"https:\/\/blog.comfort-works.com\/?s={search_term_string}\"},\"query-input\":{\"@type\":\"PropertyValueSpecification\",\"valueRequired\":true,\"valueName\":\"search_term_string\"}}],\"inLanguage\":\"it-IT\"},{\"@type\":\"Organization\",\"@id\":\"https:\/\/blog.comfort-works.com\/#organization\",\"name\":\"Comfort Works\",\"url\":\"https:\/\/blog.comfort-works.com\/\",\"logo\":{\"@type\":\"ImageObject\",\"inLanguage\":\"it-IT\",\"@id\":\"https:\/\/blog.comfort-works.com\/#\/schema\/logo\/image\/\",\"url\":\"https:\/\/blog.comfort-works.com\/wp-content\/uploads\/2025\/06\/Frame-31.png\",\"contentUrl\":\"https:\/\/blog.comfort-works.com\/wp-content\/uploads\/2025\/06\/Frame-31.png\",\"width\":1200,\"height\":675,\"caption\":\"Comfort Works\"},\"image\":{\"@id\":\"https:\/\/blog.comfort-works.com\/#\/schema\/logo\/image\/\"},\"sameAs\":[\"https:\/\/www.facebook.com\/comfortworkscovers\",\"https:\/\/x.com\/comfortworks\",\"https:\/\/www.instagram.com\/comfortworks\/\",\"https:\/\/www.pinterest.com\/comfortworks\/\",\"https:\/\/www.youtube.com\/channel\/UCiY0z-GqZUzfeBwrAhT2kAg\"]}]}<\/script>\n<!-- \/ Yoast SEO Premium plugin. -->","yoast_head_json":{"title":"Divano Ekeskog IKEA guida e informazioni","description":"La guida definitiva e le informazioni sul divano IKEA Ekeskog - troverai misure, dimensioni, recensioni, fodere, manuale d'istruzioni e altro qui.","robots":{"index":"index","follow":"follow","max-snippet":"max-snippet:-1","max-image-preview":"max-image-preview:large","max-video-preview":"max-video-preview:-1"},"canonical":"https:\/\/blog.comfort-works.com\/it\/divano-ekeskog-ikea-guida-e-informazioni\/","og_locale":"it_IT","og_type":"article","og_title":"Divano Ekeskog IKEA guida e informazioni","og_description":"La guida definitiva e le informazioni sul divano IKEA Ekeskog - troverai misure, dimensioni, recensioni, fodere, manuale d'istruzioni e altro qui.","og_url":"https:\/\/blog.comfort-works.com\/it\/divano-ekeskog-ikea-guida-e-informazioni\/","og_site_name":"Comfort Works Blog &amp; Sofa Resources","article_publisher":"https:\/\/www.facebook.com\/comfortworkscovers","article_modified_time":"2024-01-16T01:11:10+00:00","og_image":[{"width":640,"height":426,"url":"https:\/\/blog-v3.comfort-works.com\/wp-content\/uploads\/2014\/08\/Ekeskog-3-seater-in-Nomad-Red.jpg","type":"image\/jpeg"}],"twitter_card":"summary_large_image","twitter_site":"@comfortworks","twitter_misc":{"Tempo di lettura stimato":"2 minuti"},"schema":{"@context":"https:\/\/schema.org","@graph":[{"@type":"WebPage","@id":"https:\/\/blog.comfort-works.com\/it\/divano-ekeskog-ikea-guida-e-informazioni\/","url":"https:\/\/blog.comfort-works.com\/it\/divano-ekeskog-ikea-guida-e-informazioni\/","name":"Divano Ekeskog IKEA guida e informazioni","isPartOf":{"@id":"https:\/\/blog.comfort-works.com\/#website"},"primaryImageOfPage":{"@id":"https:\/\/blog.comfort-works.com\/it\/divano-ekeskog-ikea-guida-e-informazioni\/#primaryimage"},"image":{"@id":"https:\/\/blog.comfort-works.com\/it\/divano-ekeskog-ikea-guida-e-informazioni\/#primaryimage"},"thumbnailUrl":"https:\/\/blog.comfort-works.com\/wp-content\/uploads\/2014\/08\/Ekeskog-3-seater-in-Nomad-Red.jpg","datePublished":"2019-03-18T15:18:24+00:00","dateModified":"2024-01-16T01:11:10+00:00","description":"La guida definitiva e le informazioni sul divano IKEA Ekeskog - troverai misure, dimensioni, recensioni, fodere, manuale d'istruzioni e altro qui.","inLanguage":"it-IT","potentialAction":[{"@type":"ReadAction","target":["https:\/\/blog.comfort-works.com\/it\/divano-ekeskog-ikea-guida-e-informazioni\/"]}]},{"@type":"ImageObject","inLanguage":"it-IT","@id":"https:\/\/blog.comfort-works.com\/it\/divano-ekeskog-ikea-guida-e-informazioni\/#primaryimage","url":"https:\/\/blog.comfort-works.com\/wp-content\/uploads\/2014\/08\/Ekeskog-3-seater-in-Nomad-Red.jpg","contentUrl":"https:\/\/blog.comfort-works.com\/wp-content\/uploads\/2014\/08\/Ekeskog-3-seater-in-Nomad-Red.jpg","width":640,"height":426,"caption":"Ekeskog 3 seater in Nomad Red"},{"@type":"WebSite","@id":"https:\/\/blog.comfort-works.com\/#website","url":"https:\/\/blog.comfort-works.com\/","name":"Finding Comfort","description":"Everything you need to know about sofas","publisher":{"@id":"https:\/\/blog.comfort-works.com\/#organization"},"potentialAction":[{"@type":"SearchAction","target":{"@type":"EntryPoint","urlTemplate":"https:\/\/blog.comfort-works.com\/?s={search_term_string}"},"query-input":{"@type":"PropertyValueSpecification","valueRequired":true,"valueName":"search_term_string"}}],"inLanguage":"it-IT"},{"@type":"Organization","@id":"https:\/\/blog.comfort-works.com\/#organization","name":"Comfort Works","url":"https:\/\/blog.comfort-works.com\/","logo":{"@type":"ImageObject","inLanguage":"it-IT","@id":"https:\/\/blog.comfort-works.com\/#\/schema\/logo\/image\/","url":"https:\/\/blog.comfort-works.com\/wp-content\/uploads\/2025\/06\/Frame-31.png","contentUrl":"https:\/\/blog.comfort-works.com\/wp-content\/uploads\/2025\/06\/Frame-31.png","width":1200,"height":675,"caption":"Comfort Works"},"image":{"@id":"https:\/\/blog.comfort-works.com\/#\/schema\/logo\/image\/"},"sameAs":["https:\/\/www.facebook.com\/comfortworkscovers","https:\/\/x.com\/comfortworks","https:\/\/www.instagram.com\/comfortworks\/","https:\/\/www.pinterest.com\/comfortworks\/","https:\/\/www.youtube.com\/channel\/UCiY0z-GqZUzfeBwrAhT2kAg"]}]}},"_links":{"self":[{"href":"https:\/\/blog.comfort-works.com\/it\/wp-json\/wp\/v2\/pages\/38920","targetHints":{"allow":["GET"]}}],"collection":[{"href":"https:\/\/blog.comfort-works.com\/it\/wp-json\/wp\/v2\/pages"}],"about":[{"href":"https:\/\/blog.comfort-works.com\/it\/wp-json\/wp\/v2\/types\/page"}],"author":[{"embeddable":true,"href":"https:\/\/blog.comfort-works.com\/it\/wp-json\/wp\/v2\/users\/1"}],"replies":[{"embeddable":true,"href":"https:\/\/blog.comfort-works.com\/it\/wp-json\/wp\/v2\/comments?post=38920"}],"version-history":[{"count":7,"href":"https:\/\/blog.comfort-works.com\/it\/wp-json\/wp\/v2\/pages\/38920\/revisions"}],"predecessor-version":[{"id":110009,"href":"https:\/\/blog.comfort-works.com\/it\/wp-json\/wp\/v2\/pages\/38920\/revisions\/110009"}],"wp:featuredmedia":[{"embeddable":true,"href":"https:\/\/blog.comfort-works.com\/it\/wp-json\/wp\/v2\/media\/14825"}],"wp:attachment":[{"href":"https:\/\/blog.comfort-works.com\/it\/wp-json\/wp\/v2\/media?parent=38920"}],"curies":[{"name":"wp","href":"https:\/\/api.w.org\/{rel}","templated":true}]}}