{"id":38943,"date":"2019-03-19T04:21:18","date_gmt":"2019-03-18T20:21:18","guid":{"rendered":"https:\/\/www.comfort-works.com\/news\/divano-ikea-hovas-guida-e-informazioni\/"},"modified":"2024-01-31T14:16:39","modified_gmt":"2024-01-31T06:16:39","slug":"divano-ikea-hovas-guida-e-informazioni","status":"publish","type":"page","link":"https:\/\/blog.comfort-works.com\/it\/divano-ikea-hovas-guida-e-informazioni\/","title":{"rendered":"Divano IKEA Hovas &#8211; Guida e informazioni"},"content":{"rendered":"<p class=\"p1\">Benvenuti alla pagina dedicata a tutto quello che avreste voluto sapere sull&#8217; Hovas di IKEA e molto di pi\u00f9 \u2014 misure, versioni, recensioni, rivestimenti, istruzioni per l\u2019assemblaggio e molto altro.<\/p>\n<p class=\"p1\">Forse state cercando il divano perfetto e avete bisogno di un aiutino. Forse avete gi\u00e0 deciso di orientarvi sull&#8217;Hovas, ne avete trovato uno su Craigslist o Ebay e vi occorrono maggiori informazioni. Se non sei sicuro che il tuo divano <a href=\"\/news?p=3846\">IKEA 3 posti<\/a> sia un <a href=\"\/news?p=3287\">Hovas o un Ekeskog a 3 posti<\/a>, naviga semplicemente sul nostro blog o fai clic sui link in questo paragrafo. Tipicamente, l&#8217;Ekeskog avrebbe i cordoncini molto in evidenza e delle pieghe che sono solo a met\u00e0 della lunghezza della gonna.<\/p>\n<p class=\"p1\">E se ancora restano questioni senza risposta, sentitevi liberi di contattarci qui: <a href=\"mailto:info@comfortworks.com.au\"><span class=\"s1\">info@comfortworks.com.au<\/span><\/a><\/p>\n<p><span style=\"font-size: 18pt;\">Controllo veloce.<\/span><br \/>\nStato: (fuori produzione) Divano e fodera non pi\u00f9 disponibili da IKEA.<\/p>\n<p>Fodera: Copridivani personalizzabili per il divano a 3 posti sono disponibili da Comfort Works.<\/p>\n<p>Misure: P- 243cm L- 110cm A- 89cm<\/p>\n<p>Fattore &#8220;wow!: Un divano super spazioso e super comodo che si adatta a persone super alte.<\/p>\n<p>Fattore &#8220;Ugh&#8221;: Se stai cercando qualcosa di moderno, elegante o contemporaneo, gli Hovas potrebbero non essere fatti esattamente per te.<\/p>\n<p><span style=\"font-size: 18pt;\">La nostra recensione<\/span><br \/>\nLa cosa pi\u00f9 bella di questi divani grandi e sinuosi \u00e8 che sono sempre comodi &#8211; la maggior parte del tempo. Purtroppo la grande comodit\u00e0, \u00e8 quasi sempre accompagnata da un grande sacrificio in termini di estetica. Non fraintendetemi, il divano \u00e8 bellissimo &#8230; se sei cresciuto durante la seconda guerra mondiale, quindi non \u00e8 sicuramente un divano per tutti. \u00c8 un ottimo letto se vivi sulla spiaggia e vuoi semplicemente rilassarti in una pigra domenica pomeriggio con la famiglia.<\/p>\n<p>Fodera Hovas a 3 posti in Gaia Lino<\/p>\n<p>Sebbene questo modello sia stato messo fuori commercio nei negozi IKEA, Comfort Works sta ancora producendo copridivani sostitutivi per IKEA Hovas 3 posti.<\/p>\n<p><span style=\"font-size: 18pt;\">Maggiori informazioni.<\/span><br \/>\n<a href=\"\/news?p=3287\">Hovas vs. Ekeskog:<\/a> scopri quale divano hai e quali fodere dovresti avere.<\/p>\n","protected":false},"excerpt":{"rendered":"<p>Benvenuti alla pagina dedicata a tutto quello che avreste voluto sapere sull&#8217; Hovas di IKEA e molto di pi\u00f9 \u2014 misure, versioni, recensioni, rivestimenti, istruzioni per l\u2019assemblaggio e molto altro. Forse state cercando il divano perfetto e avete bisogno di un aiutino. Forse avete gi\u00e0 deciso di orientarvi sull&#8217;Hovas, ne avete trovato uno su Craigslist [&hellip;]<\/p>\n","protected":false},"author":1001006,"featured_media":16085,"parent":0,"menu_order":0,"comment_status":"open","ping_status":"closed","template":"","meta":{"_acf_changed":false,"footnotes":""},"class_list":["post-38943","page","type-page","status-publish","has-post-thumbnail","hentry"],"acf":[],"yoast_head":"<!-- This site is optimized with the Yoast SEO Premium plugin v25.1 (Yoast SEO v25.1) - https:\/\/yoast.com\/wordpress\/plugins\/seo\/ -->\n<title>Divano IKEA Hovas - Guida e informazioni<\/title>\n<meta name=\"description\" content=\"La guida definitiva e tutte le informazioni sul divano iKEA Hovas - troverai misure, dimensioni, recensioni, fodere, manuale d&#039;istruzioni e molto altro.\" \/>\n<meta name=\"robots\" content=\"index, follow, max-snippet:-1, max-image-preview:large, max-video-preview:-1\" \/>\n<link rel=\"canonical\" href=\"https:\/\/blog.comfort-works.com\/it\/divano-ikea-hovas-guida-e-informazioni\/\" \/>\n<meta property=\"og:locale\" content=\"it_IT\" \/>\n<meta property=\"og:type\" content=\"article\" \/>\n<meta property=\"og:title\" content=\"Divano IKEA Hovas - Guida e informazioni\" \/>\n<meta property=\"og:description\" content=\"La guida definitiva e tutte le informazioni sul divano iKEA Hovas - troverai misure, dimensioni, recensioni, fodere, manuale d&#039;istruzioni e molto altro.\" \/>\n<meta property=\"og:url\" content=\"https:\/\/blog.comfort-works.com\/it\/divano-ikea-hovas-guida-e-informazioni\/\" \/>\n<meta property=\"og:site_name\" content=\"Comfort Works Blog &amp; Sofa Resources\" \/>\n<meta property=\"article:publisher\" content=\"https:\/\/www.facebook.com\/comfortworkscovers\" \/>\n<meta property=\"article:modified_time\" content=\"2024-01-31T06:16:39+00:00\" \/>\n<meta property=\"og:image\" content=\"https:\/\/blog-v3.comfort-works.com\/wp-content\/uploads\/2015\/03\/hs3-hovas-slipcover_1.jpg\" \/>\n\t<meta property=\"og:image:width\" content=\"640\" \/>\n\t<meta property=\"og:image:height\" content=\"480\" \/>\n\t<meta property=\"og:image:type\" content=\"image\/jpeg\" \/>\n<meta name=\"twitter:card\" content=\"summary_large_image\" \/>\n<meta name=\"twitter:site\" content=\"@comfortworks\" \/>\n<meta name=\"twitter:label1\" content=\"Tempo di lettura stimato\" \/>\n\t<meta name=\"twitter:data1\" content=\"2 minuti\" \/>\n<script type=\"application\/ld+json\" class=\"yoast-schema-graph\">{\"@context\":\"https:\/\/schema.org\",\"@graph\":[{\"@type\":\"WebPage\",\"@id\":\"https:\/\/blog.comfort-works.com\/it\/divano-ikea-hovas-guida-e-informazioni\/\",\"url\":\"https:\/\/blog.comfort-works.com\/it\/divano-ikea-hovas-guida-e-informazioni\/\",\"name\":\"Divano IKEA Hovas - Guida e informazioni\",\"isPartOf\":{\"@id\":\"https:\/\/blog.comfort-works.com\/#website\"},\"primaryImageOfPage\":{\"@id\":\"https:\/\/blog.comfort-works.com\/it\/divano-ikea-hovas-guida-e-informazioni\/#primaryimage\"},\"image\":{\"@id\":\"https:\/\/blog.comfort-works.com\/it\/divano-ikea-hovas-guida-e-informazioni\/#primaryimage\"},\"thumbnailUrl\":\"https:\/\/blog.comfort-works.com\/wp-content\/uploads\/2015\/03\/hs3-hovas-slipcover_1.jpg\",\"datePublished\":\"2019-03-18T20:21:18+00:00\",\"dateModified\":\"2024-01-31T06:16:39+00:00\",\"description\":\"La guida definitiva e tutte le informazioni sul divano iKEA Hovas - troverai misure, dimensioni, recensioni, fodere, manuale d'istruzioni e molto altro.\",\"inLanguage\":\"it-IT\",\"potentialAction\":[{\"@type\":\"ReadAction\",\"target\":[\"https:\/\/blog.comfort-works.com\/it\/divano-ikea-hovas-guida-e-informazioni\/\"]}]},{\"@type\":\"ImageObject\",\"inLanguage\":\"it-IT\",\"@id\":\"https:\/\/blog.comfort-works.com\/it\/divano-ikea-hovas-guida-e-informazioni\/#primaryimage\",\"url\":\"https:\/\/blog.comfort-works.com\/wp-content\/uploads\/2015\/03\/hs3-hovas-slipcover_1.jpg\",\"contentUrl\":\"https:\/\/blog.comfort-works.com\/wp-content\/uploads\/2015\/03\/hs3-hovas-slipcover_1.jpg\",\"width\":640,\"height\":480,\"caption\":\"Hovas fodera\"},{\"@type\":\"WebSite\",\"@id\":\"https:\/\/blog.comfort-works.com\/#website\",\"url\":\"https:\/\/blog.comfort-works.com\/\",\"name\":\"Finding Comfort\",\"description\":\"Everything you need to know about sofas\",\"publisher\":{\"@id\":\"https:\/\/blog.comfort-works.com\/#organization\"},\"potentialAction\":[{\"@type\":\"SearchAction\",\"target\":{\"@type\":\"EntryPoint\",\"urlTemplate\":\"https:\/\/blog.comfort-works.com\/?s={search_term_string}\"},\"query-input\":{\"@type\":\"PropertyValueSpecification\",\"valueRequired\":true,\"valueName\":\"search_term_string\"}}],\"inLanguage\":\"it-IT\"},{\"@type\":\"Organization\",\"@id\":\"https:\/\/blog.comfort-works.com\/#organization\",\"name\":\"Comfort Works\",\"url\":\"https:\/\/blog.comfort-works.com\/\",\"logo\":{\"@type\":\"ImageObject\",\"inLanguage\":\"it-IT\",\"@id\":\"https:\/\/blog.comfort-works.com\/#\/schema\/logo\/image\/\",\"url\":\"https:\/\/blog.comfort-works.com\/wp-content\/uploads\/2025\/06\/Frame-31.png\",\"contentUrl\":\"https:\/\/blog.comfort-works.com\/wp-content\/uploads\/2025\/06\/Frame-31.png\",\"width\":1200,\"height\":675,\"caption\":\"Comfort Works\"},\"image\":{\"@id\":\"https:\/\/blog.comfort-works.com\/#\/schema\/logo\/image\/\"},\"sameAs\":[\"https:\/\/www.facebook.com\/comfortworkscovers\",\"https:\/\/x.com\/comfortworks\",\"https:\/\/www.instagram.com\/comfortworks\/\",\"https:\/\/www.pinterest.com\/comfortworks\/\",\"https:\/\/www.youtube.com\/channel\/UCiY0z-GqZUzfeBwrAhT2kAg\"]}]}<\/script>\n<!-- \/ Yoast SEO Premium plugin. -->","yoast_head_json":{"title":"Divano IKEA Hovas - Guida e informazioni","description":"La guida definitiva e tutte le informazioni sul divano iKEA Hovas - troverai misure, dimensioni, recensioni, fodere, manuale d'istruzioni e molto altro.","robots":{"index":"index","follow":"follow","max-snippet":"max-snippet:-1","max-image-preview":"max-image-preview:large","max-video-preview":"max-video-preview:-1"},"canonical":"https:\/\/blog.comfort-works.com\/it\/divano-ikea-hovas-guida-e-informazioni\/","og_locale":"it_IT","og_type":"article","og_title":"Divano IKEA Hovas - Guida e informazioni","og_description":"La guida definitiva e tutte le informazioni sul divano iKEA Hovas - troverai misure, dimensioni, recensioni, fodere, manuale d'istruzioni e molto altro.","og_url":"https:\/\/blog.comfort-works.com\/it\/divano-ikea-hovas-guida-e-informazioni\/","og_site_name":"Comfort Works Blog &amp; Sofa Resources","article_publisher":"https:\/\/www.facebook.com\/comfortworkscovers","article_modified_time":"2024-01-31T06:16:39+00:00","og_image":[{"width":640,"height":480,"url":"https:\/\/blog-v3.comfort-works.com\/wp-content\/uploads\/2015\/03\/hs3-hovas-slipcover_1.jpg","type":"image\/jpeg"}],"twitter_card":"summary_large_image","twitter_site":"@comfortworks","twitter_misc":{"Tempo di lettura stimato":"2 minuti"},"schema":{"@context":"https:\/\/schema.org","@graph":[{"@type":"WebPage","@id":"https:\/\/blog.comfort-works.com\/it\/divano-ikea-hovas-guida-e-informazioni\/","url":"https:\/\/blog.comfort-works.com\/it\/divano-ikea-hovas-guida-e-informazioni\/","name":"Divano IKEA Hovas - Guida e informazioni","isPartOf":{"@id":"https:\/\/blog.comfort-works.com\/#website"},"primaryImageOfPage":{"@id":"https:\/\/blog.comfort-works.com\/it\/divano-ikea-hovas-guida-e-informazioni\/#primaryimage"},"image":{"@id":"https:\/\/blog.comfort-works.com\/it\/divano-ikea-hovas-guida-e-informazioni\/#primaryimage"},"thumbnailUrl":"https:\/\/blog.comfort-works.com\/wp-content\/uploads\/2015\/03\/hs3-hovas-slipcover_1.jpg","datePublished":"2019-03-18T20:21:18+00:00","dateModified":"2024-01-31T06:16:39+00:00","description":"La guida definitiva e tutte le informazioni sul divano iKEA Hovas - troverai misure, dimensioni, recensioni, fodere, manuale d'istruzioni e molto altro.","inLanguage":"it-IT","potentialAction":[{"@type":"ReadAction","target":["https:\/\/blog.comfort-works.com\/it\/divano-ikea-hovas-guida-e-informazioni\/"]}]},{"@type":"ImageObject","inLanguage":"it-IT","@id":"https:\/\/blog.comfort-works.com\/it\/divano-ikea-hovas-guida-e-informazioni\/#primaryimage","url":"https:\/\/blog.comfort-works.com\/wp-content\/uploads\/2015\/03\/hs3-hovas-slipcover_1.jpg","contentUrl":"https:\/\/blog.comfort-works.com\/wp-content\/uploads\/2015\/03\/hs3-hovas-slipcover_1.jpg","width":640,"height":480,"caption":"Hovas fodera"},{"@type":"WebSite","@id":"https:\/\/blog.comfort-works.com\/#website","url":"https:\/\/blog.comfort-works.com\/","name":"Finding Comfort","description":"Everything you need to know about sofas","publisher":{"@id":"https:\/\/blog.comfort-works.com\/#organization"},"potentialAction":[{"@type":"SearchAction","target":{"@type":"EntryPoint","urlTemplate":"https:\/\/blog.comfort-works.com\/?s={search_term_string}"},"query-input":{"@type":"PropertyValueSpecification","valueRequired":true,"valueName":"search_term_string"}}],"inLanguage":"it-IT"},{"@type":"Organization","@id":"https:\/\/blog.comfort-works.com\/#organization","name":"Comfort Works","url":"https:\/\/blog.comfort-works.com\/","logo":{"@type":"ImageObject","inLanguage":"it-IT","@id":"https:\/\/blog.comfort-works.com\/#\/schema\/logo\/image\/","url":"https:\/\/blog.comfort-works.com\/wp-content\/uploads\/2025\/06\/Frame-31.png","contentUrl":"https:\/\/blog.comfort-works.com\/wp-content\/uploads\/2025\/06\/Frame-31.png","width":1200,"height":675,"caption":"Comfort Works"},"image":{"@id":"https:\/\/blog.comfort-works.com\/#\/schema\/logo\/image\/"},"sameAs":["https:\/\/www.facebook.com\/comfortworkscovers","https:\/\/x.com\/comfortworks","https:\/\/www.instagram.com\/comfortworks\/","https:\/\/www.pinterest.com\/comfortworks\/","https:\/\/www.youtube.com\/channel\/UCiY0z-GqZUzfeBwrAhT2kAg"]}]}},"_links":{"self":[{"href":"https:\/\/blog.comfort-works.com\/it\/wp-json\/wp\/v2\/pages\/38943","targetHints":{"allow":["GET"]}}],"collection":[{"href":"https:\/\/blog.comfort-works.com\/it\/wp-json\/wp\/v2\/pages"}],"about":[{"href":"https:\/\/blog.comfort-works.com\/it\/wp-json\/wp\/v2\/types\/page"}],"author":[{"embeddable":true,"href":"https:\/\/blog.comfort-works.com\/it\/wp-json\/wp\/v2\/users\/1001006"}],"replies":[{"embeddable":true,"href":"https:\/\/blog.comfort-works.com\/it\/wp-json\/wp\/v2\/comments?post=38943"}],"version-history":[{"count":7,"href":"https:\/\/blog.comfort-works.com\/it\/wp-json\/wp\/v2\/pages\/38943\/revisions"}],"predecessor-version":[{"id":114916,"href":"https:\/\/blog.comfort-works.com\/it\/wp-json\/wp\/v2\/pages\/38943\/revisions\/114916"}],"wp:featuredmedia":[{"embeddable":true,"href":"https:\/\/blog.comfort-works.com\/it\/wp-json\/wp\/v2\/media\/16085"}],"wp:attachment":[{"href":"https:\/\/blog.comfort-works.com\/it\/wp-json\/wp\/v2\/media?parent=38943"}],"curies":[{"name":"wp","href":"https:\/\/api.w.org\/{rel}","templated":true}]}}