{"id":38945,"date":"2019-03-19T04:50:47","date_gmt":"2019-03-18T20:50:47","guid":{"rendered":"https:\/\/www.comfort-works.com\/news\/divano-ikea-karlanda-guida-e-informazioni\/"},"modified":"2024-01-30T13:01:48","modified_gmt":"2024-01-30T05:01:48","slug":"divano-ikea-karlanda-guida-e-informazioni","status":"publish","type":"page","link":"https:\/\/blog.comfort-works.com\/it\/divano-ikea-karlanda-guida-e-informazioni\/","title":{"rendered":"Divano IKEA Karlanda &#8211; Guida e informazioni"},"content":{"rendered":"<p class=\"p1\">Benvenuti alla pagina dedicata a tutto quello che avreste voluto sapere sul Karlanda di IKEA e molto di pi\u00f9 \u2014 misure, versioni, recensioni, rivestimenti, istruzioni per l\u2019assemblaggio e molto altro.<\/p>\n<p class=\"p1\">Forse state cercando il divano perfetto e avete bisogno di un aiutino. Forse avete gi\u00e0 deciso di orientarvi sul Karlanda, ne avete trovato uno su Craigslist o Ebay e vi occorrono maggiori informazioni. Forse avete gi\u00e0 un Karlanda e qualche ospite ha deciso di versare del caff\u00e8 sulle sue fodere impossibili da trovare. Forse, ancora, un vostro parente sta per arrivare in citt\u00e0 e vorreste dare un look pi\u00f9 \u2018adulto\u2019 ai vostri rivestimenti. In questo post, vi aiuteremo con quasi tutto.<\/p>\n<p class=\"p1\">E se ancora restano questioni senza risposta, sentitevi liberi di contattarci qui: <a href=\"mailto:info@comfortworks.com.au\"><span class=\"s1\">info@comfortworks.com.au<\/span><\/a><\/p>\n<p><span style=\"font-size: 18pt;\">Controllo veloce<\/span><br \/>\nStato: Divano e fodera non pi\u00f9 disponibili da IKEA (fuori produzione).<\/p>\n<p>Fodera: <a href=\"https:\/\/comfort-works.com\/es-es\/collections\/ikea-karlanda-slipcovers\">Copridivano personalizzato Karlanda disponibile da Comfort Works<\/a><\/p>\n<p>Misure: ecco un link per <a href=\"\/news?p=3051\">tutte le misure del divano Karlanda<\/a><\/p>\n<p>Fattore &#8220;wow&#8221;: la Chaise Lounge&nbsp; pu\u00f2 essere facilmente attaccata al divano principale semplicemente rimuovendo un cuscino.<\/p>\n<p>Fattore &#8220;Ugh&#8221;: le gambe di legno standard che vengono con il divano non sono proprio cos\u00ec&#8230; carine.<\/p>\n<p>Copridivano per divano Karlanda a 3 posti &#8211; Comfort Works<\/p>\n<p><span style=\"font-size: 18pt;\">La nostra recensione<\/span><br \/>\nSi dice che il Karlanda sia il fratello maggiore della <a href=\"https:\/\/comfort-works.com\/it\/fodere-per-divano-karlstad-70\">serie di divani di Karlstad<\/a> e, in effetti, \u00e8 incredibilmente simile. La differenza \u00e8 nella loro cornice: l&#8217;armatura del Karlstad pu\u00f2 essere separata dal divano principale mentre nel Karlanda non pu\u00f2 essere fatto, visto che il telaio \u00e8 un unico pezzo intero. Con il <a href=\"https:\/\/comfort-works.com\/it\/fodere-per-divano-karlstad\/fodera-divano-a-3-posti-karlstad-262?USB0,1003-05,DF,CUST,SNUG,SP,JH-07\">3 posti Karlstad<\/a> vedremo 2 cuscini pi\u00f9 larghi rispetto ai 3 normali di Karlanda. Nel complesso, abbastanza confortevole, moderno ed elegante. Peccato che non sia pi\u00f9 disponibile presso IKEA :\/<\/p>\n<p>Fodera per divano angolare Karlanda in Kino Orange<\/p>\n<p>Sebbene la Karlanda sia stata messa fuori produzione nei negozi IKEA, <a href=\"https:\/\/comfort-works.com\/it\/fodere-per-divano-karlstad\/fodera-divano-a-3-posti-karlstad-262?USB0,1003-05,DF,CUST,SNUG,SP,JH-07\">Comfort Works continua a produrre copertine sostitutive per l&#8217;IKEA Karlanda.<\/a> Per ulteriori opzioni di personalizzazione, <a href=\"https:\/\/help.comfort-works.com\/it\/support\/home\">mettiti in contatto con noi<\/a>!<\/p>\n<p><span style=\"font-size: 18pt;\">Maggiori informazioni.<\/span><br \/>\nMumsnet &#8211; Una discussione su come lavare le fodere di Ikea Karlanda<\/p>\n","protected":false},"excerpt":{"rendered":"<p>Benvenuti alla pagina dedicata a tutto quello che avreste voluto sapere sul Karlanda di IKEA e molto di pi\u00f9 \u2014 misure, versioni, recensioni, rivestimenti, istruzioni per l\u2019assemblaggio e molto altro. Forse state cercando il divano perfetto e avete bisogno di un aiutino. Forse avete gi\u00e0 deciso di orientarvi sul Karlanda, ne avete trovato uno su [&hellip;]<\/p>\n","protected":false},"author":1,"featured_media":16685,"parent":0,"menu_order":0,"comment_status":"open","ping_status":"closed","template":"","meta":{"_acf_changed":false,"footnotes":""},"class_list":["post-38945","page","type-page","status-publish","has-post-thumbnail","hentry"],"acf":[],"yoast_head":"<!-- This site is optimized with the Yoast SEO Premium plugin v25.1 (Yoast SEO v25.1) - https:\/\/yoast.com\/wordpress\/plugins\/seo\/ -->\n<title>Divano IKEA Karlanda - Guida e informazioni<\/title>\n<meta name=\"description\" content=\"La guida definitiva e tutte le informazioni sul divano iKEA Karlanda - troverai misure, dimensioni, recensioni, fodere, manuale d&#039;istruzioni e molto altro.\" \/>\n<meta name=\"robots\" content=\"index, follow, max-snippet:-1, max-image-preview:large, max-video-preview:-1\" \/>\n<link rel=\"canonical\" href=\"https:\/\/blog.comfort-works.com\/it\/divano-ikea-karlanda-guida-e-informazioni\/\" \/>\n<meta property=\"og:locale\" content=\"it_IT\" \/>\n<meta property=\"og:type\" content=\"article\" \/>\n<meta property=\"og:title\" content=\"Divano IKEA Karlanda - Guida e informazioni\" \/>\n<meta property=\"og:description\" content=\"La guida definitiva e tutte le informazioni sul divano iKEA Karlanda - troverai misure, dimensioni, recensioni, fodere, manuale d&#039;istruzioni e molto altro.\" \/>\n<meta property=\"og:url\" content=\"https:\/\/blog.comfort-works.com\/it\/divano-ikea-karlanda-guida-e-informazioni\/\" \/>\n<meta property=\"og:site_name\" content=\"Comfort Works Blog &amp; Sofa Resources\" \/>\n<meta property=\"article:publisher\" content=\"https:\/\/www.facebook.com\/comfortworkscovers\" \/>\n<meta property=\"article:modified_time\" content=\"2024-01-30T05:01:48+00:00\" \/>\n<meta property=\"og:image\" content=\"https:\/\/blog-v3.comfort-works.com\/wp-content\/uploads\/2011\/10\/Karlanda-3-seater-in-Rouge-Ash.jpg\" \/>\n\t<meta property=\"og:image:width\" content=\"838\" \/>\n\t<meta property=\"og:image:height\" content=\"598\" \/>\n\t<meta property=\"og:image:type\" content=\"image\/jpeg\" \/>\n<meta name=\"twitter:card\" content=\"summary_large_image\" \/>\n<meta name=\"twitter:site\" content=\"@comfortworks\" \/>\n<meta name=\"twitter:label1\" content=\"Tempo di lettura stimato\" \/>\n\t<meta name=\"twitter:data1\" content=\"2 minuti\" \/>\n<script type=\"application\/ld+json\" class=\"yoast-schema-graph\">{\"@context\":\"https:\/\/schema.org\",\"@graph\":[{\"@type\":\"WebPage\",\"@id\":\"https:\/\/blog.comfort-works.com\/it\/divano-ikea-karlanda-guida-e-informazioni\/\",\"url\":\"https:\/\/blog.comfort-works.com\/it\/divano-ikea-karlanda-guida-e-informazioni\/\",\"name\":\"Divano IKEA Karlanda - Guida e informazioni\",\"isPartOf\":{\"@id\":\"https:\/\/blog.comfort-works.com\/#website\"},\"primaryImageOfPage\":{\"@id\":\"https:\/\/blog.comfort-works.com\/it\/divano-ikea-karlanda-guida-e-informazioni\/#primaryimage\"},\"image\":{\"@id\":\"https:\/\/blog.comfort-works.com\/it\/divano-ikea-karlanda-guida-e-informazioni\/#primaryimage\"},\"thumbnailUrl\":\"https:\/\/blog.comfort-works.com\/wp-content\/uploads\/2011\/10\/Karlanda-3-seater-in-Rouge-Ash.jpg\",\"datePublished\":\"2019-03-18T20:50:47+00:00\",\"dateModified\":\"2024-01-30T05:01:48+00:00\",\"description\":\"La guida definitiva e tutte le informazioni sul divano iKEA Karlanda - troverai misure, dimensioni, recensioni, fodere, manuale d'istruzioni e molto altro.\",\"inLanguage\":\"it-IT\",\"potentialAction\":[{\"@type\":\"ReadAction\",\"target\":[\"https:\/\/blog.comfort-works.com\/it\/divano-ikea-karlanda-guida-e-informazioni\/\"]}]},{\"@type\":\"ImageObject\",\"inLanguage\":\"it-IT\",\"@id\":\"https:\/\/blog.comfort-works.com\/it\/divano-ikea-karlanda-guida-e-informazioni\/#primaryimage\",\"url\":\"https:\/\/blog.comfort-works.com\/wp-content\/uploads\/2011\/10\/Karlanda-3-seater-in-Rouge-Ash.jpg\",\"contentUrl\":\"https:\/\/blog.comfort-works.com\/wp-content\/uploads\/2011\/10\/Karlanda-3-seater-in-Rouge-Ash.jpg\",\"width\":838,\"height\":598,\"caption\":\"Karlanda 3 posti fodera in Rouge Ash\"},{\"@type\":\"WebSite\",\"@id\":\"https:\/\/blog.comfort-works.com\/#website\",\"url\":\"https:\/\/blog.comfort-works.com\/\",\"name\":\"Finding Comfort\",\"description\":\"Everything you need to know about sofas\",\"publisher\":{\"@id\":\"https:\/\/blog.comfort-works.com\/#organization\"},\"potentialAction\":[{\"@type\":\"SearchAction\",\"target\":{\"@type\":\"EntryPoint\",\"urlTemplate\":\"https:\/\/blog.comfort-works.com\/?s={search_term_string}\"},\"query-input\":{\"@type\":\"PropertyValueSpecification\",\"valueRequired\":true,\"valueName\":\"search_term_string\"}}],\"inLanguage\":\"it-IT\"},{\"@type\":\"Organization\",\"@id\":\"https:\/\/blog.comfort-works.com\/#organization\",\"name\":\"Comfort Works\",\"url\":\"https:\/\/blog.comfort-works.com\/\",\"logo\":{\"@type\":\"ImageObject\",\"inLanguage\":\"it-IT\",\"@id\":\"https:\/\/blog.comfort-works.com\/#\/schema\/logo\/image\/\",\"url\":\"https:\/\/blog.comfort-works.com\/wp-content\/uploads\/2025\/06\/Frame-31.png\",\"contentUrl\":\"https:\/\/blog.comfort-works.com\/wp-content\/uploads\/2025\/06\/Frame-31.png\",\"width\":1200,\"height\":675,\"caption\":\"Comfort Works\"},\"image\":{\"@id\":\"https:\/\/blog.comfort-works.com\/#\/schema\/logo\/image\/\"},\"sameAs\":[\"https:\/\/www.facebook.com\/comfortworkscovers\",\"https:\/\/x.com\/comfortworks\",\"https:\/\/www.instagram.com\/comfortworks\/\",\"https:\/\/www.pinterest.com\/comfortworks\/\",\"https:\/\/www.youtube.com\/channel\/UCiY0z-GqZUzfeBwrAhT2kAg\"]}]}<\/script>\n<!-- \/ Yoast SEO Premium plugin. -->","yoast_head_json":{"title":"Divano IKEA Karlanda - Guida e informazioni","description":"La guida definitiva e tutte le informazioni sul divano iKEA Karlanda - troverai misure, dimensioni, recensioni, fodere, manuale d'istruzioni e molto altro.","robots":{"index":"index","follow":"follow","max-snippet":"max-snippet:-1","max-image-preview":"max-image-preview:large","max-video-preview":"max-video-preview:-1"},"canonical":"https:\/\/blog.comfort-works.com\/it\/divano-ikea-karlanda-guida-e-informazioni\/","og_locale":"it_IT","og_type":"article","og_title":"Divano IKEA Karlanda - Guida e informazioni","og_description":"La guida definitiva e tutte le informazioni sul divano iKEA Karlanda - troverai misure, dimensioni, recensioni, fodere, manuale d'istruzioni e molto altro.","og_url":"https:\/\/blog.comfort-works.com\/it\/divano-ikea-karlanda-guida-e-informazioni\/","og_site_name":"Comfort Works Blog &amp; Sofa Resources","article_publisher":"https:\/\/www.facebook.com\/comfortworkscovers","article_modified_time":"2024-01-30T05:01:48+00:00","og_image":[{"width":838,"height":598,"url":"https:\/\/blog-v3.comfort-works.com\/wp-content\/uploads\/2011\/10\/Karlanda-3-seater-in-Rouge-Ash.jpg","type":"image\/jpeg"}],"twitter_card":"summary_large_image","twitter_site":"@comfortworks","twitter_misc":{"Tempo di lettura stimato":"2 minuti"},"schema":{"@context":"https:\/\/schema.org","@graph":[{"@type":"WebPage","@id":"https:\/\/blog.comfort-works.com\/it\/divano-ikea-karlanda-guida-e-informazioni\/","url":"https:\/\/blog.comfort-works.com\/it\/divano-ikea-karlanda-guida-e-informazioni\/","name":"Divano IKEA Karlanda - Guida e informazioni","isPartOf":{"@id":"https:\/\/blog.comfort-works.com\/#website"},"primaryImageOfPage":{"@id":"https:\/\/blog.comfort-works.com\/it\/divano-ikea-karlanda-guida-e-informazioni\/#primaryimage"},"image":{"@id":"https:\/\/blog.comfort-works.com\/it\/divano-ikea-karlanda-guida-e-informazioni\/#primaryimage"},"thumbnailUrl":"https:\/\/blog.comfort-works.com\/wp-content\/uploads\/2011\/10\/Karlanda-3-seater-in-Rouge-Ash.jpg","datePublished":"2019-03-18T20:50:47+00:00","dateModified":"2024-01-30T05:01:48+00:00","description":"La guida definitiva e tutte le informazioni sul divano iKEA Karlanda - troverai misure, dimensioni, recensioni, fodere, manuale d'istruzioni e molto altro.","inLanguage":"it-IT","potentialAction":[{"@type":"ReadAction","target":["https:\/\/blog.comfort-works.com\/it\/divano-ikea-karlanda-guida-e-informazioni\/"]}]},{"@type":"ImageObject","inLanguage":"it-IT","@id":"https:\/\/blog.comfort-works.com\/it\/divano-ikea-karlanda-guida-e-informazioni\/#primaryimage","url":"https:\/\/blog.comfort-works.com\/wp-content\/uploads\/2011\/10\/Karlanda-3-seater-in-Rouge-Ash.jpg","contentUrl":"https:\/\/blog.comfort-works.com\/wp-content\/uploads\/2011\/10\/Karlanda-3-seater-in-Rouge-Ash.jpg","width":838,"height":598,"caption":"Karlanda 3 posti fodera in Rouge Ash"},{"@type":"WebSite","@id":"https:\/\/blog.comfort-works.com\/#website","url":"https:\/\/blog.comfort-works.com\/","name":"Finding Comfort","description":"Everything you need to know about sofas","publisher":{"@id":"https:\/\/blog.comfort-works.com\/#organization"},"potentialAction":[{"@type":"SearchAction","target":{"@type":"EntryPoint","urlTemplate":"https:\/\/blog.comfort-works.com\/?s={search_term_string}"},"query-input":{"@type":"PropertyValueSpecification","valueRequired":true,"valueName":"search_term_string"}}],"inLanguage":"it-IT"},{"@type":"Organization","@id":"https:\/\/blog.comfort-works.com\/#organization","name":"Comfort Works","url":"https:\/\/blog.comfort-works.com\/","logo":{"@type":"ImageObject","inLanguage":"it-IT","@id":"https:\/\/blog.comfort-works.com\/#\/schema\/logo\/image\/","url":"https:\/\/blog.comfort-works.com\/wp-content\/uploads\/2025\/06\/Frame-31.png","contentUrl":"https:\/\/blog.comfort-works.com\/wp-content\/uploads\/2025\/06\/Frame-31.png","width":1200,"height":675,"caption":"Comfort Works"},"image":{"@id":"https:\/\/blog.comfort-works.com\/#\/schema\/logo\/image\/"},"sameAs":["https:\/\/www.facebook.com\/comfortworkscovers","https:\/\/x.com\/comfortworks","https:\/\/www.instagram.com\/comfortworks\/","https:\/\/www.pinterest.com\/comfortworks\/","https:\/\/www.youtube.com\/channel\/UCiY0z-GqZUzfeBwrAhT2kAg"]}]}},"_links":{"self":[{"href":"https:\/\/blog.comfort-works.com\/it\/wp-json\/wp\/v2\/pages\/38945","targetHints":{"allow":["GET"]}}],"collection":[{"href":"https:\/\/blog.comfort-works.com\/it\/wp-json\/wp\/v2\/pages"}],"about":[{"href":"https:\/\/blog.comfort-works.com\/it\/wp-json\/wp\/v2\/types\/page"}],"author":[{"embeddable":true,"href":"https:\/\/blog.comfort-works.com\/it\/wp-json\/wp\/v2\/users\/1"}],"replies":[{"embeddable":true,"href":"https:\/\/blog.comfort-works.com\/it\/wp-json\/wp\/v2\/comments?post=38945"}],"version-history":[{"count":7,"href":"https:\/\/blog.comfort-works.com\/it\/wp-json\/wp\/v2\/pages\/38945\/revisions"}],"predecessor-version":[{"id":113831,"href":"https:\/\/blog.comfort-works.com\/it\/wp-json\/wp\/v2\/pages\/38945\/revisions\/113831"}],"wp:featuredmedia":[{"embeddable":true,"href":"https:\/\/blog.comfort-works.com\/it\/wp-json\/wp\/v2\/media\/16685"}],"wp:attachment":[{"href":"https:\/\/blog.comfort-works.com\/it\/wp-json\/wp\/v2\/media?parent=38945"}],"curies":[{"name":"wp","href":"https:\/\/api.w.org\/{rel}","templated":true}]}}