{"id":39397,"date":"2019-03-26T04:49:00","date_gmt":"2019-03-25T20:49:00","guid":{"rendered":"https:\/\/www.comfort-works.com\/news\/divano-ikea-kramfors-guida-e-informazioni\/"},"modified":"2024-01-18T17:00:26","modified_gmt":"2024-01-18T09:00:26","slug":"divano-ikea-kramfors-guida-e-informazioni","status":"publish","type":"page","link":"https:\/\/blog.comfort-works.com\/it\/divano-ikea-kramfors-guida-e-informazioni\/","title":{"rendered":"Divano IKEA Kramfors &#8211; Guida e informazioni"},"content":{"rendered":"<p class=\"p1\">Benvenuti alla pagina dedicata a tutto quello che avreste voluto sapere sul Kramfors di IKEA e molto di pi\u00f9 \u2014 misure, versioni, recensioni, rivestimenti, istruzioni per l\u2019assemblaggio e molto altro.<\/p>\n<p class=\"p1\">Forse state cercando il divano perfetto e avete bisogno di un aiutino. Forse avete gi\u00e0 deciso di orientarvi sul Kramfors, ne avete trovato uno su Craigslist o Ebay e vi occorrono maggiori informazioni. Forse avete gi\u00e0 un Kramfors e qualche ospite ha deciso di versare del caff\u00e8 sulle sue fodere impossibili da trovare. Forse, ancora, un vostro parente sta per arrivare in citt\u00e0 e vorreste dare un look pi\u00f9 \u2018adulto\u2019 ai vostri rivestimenti. In questo post, vi aiuteremo con quasi tutto.<\/p>\n<p class=\"p1\">E se ancora restano questioni senza risposta, sentitevi liberi di contattarci qui: <a href=\"mailto:info@comfortworks.com.au\"><span class=\"s1\">info@comfortworks.com.au<\/span><\/a><\/p>\n<p><strong><span style=\"font-size: 14pt;\">Controllo veloce.<\/span><\/strong><br \/>\nStato: Divano e copriletti non pi\u00f9 disponibili da IKEA.<\/p>\n<p>Fodera: <a href=\"https:\/\/comfort-works.com\/it\/kramfors-fodere-divano-cuscino-35\">copridivani\u00a0Kramfors<\/a> disponibili da Comfort Works<\/p>\n<p>Fattore &#8220;wow&#8221;: moderno, minimalista e magnifico da guardare. Con questo divano in una casa in stile contemporaneo davvero non si pu\u00f2 sbagliare.<\/p>\n<p><span style=\"font-size: 1em;\">Fattore &#8220;Ugh&#8221;: le versioni in pelle sono incredibilmente soggette a logoramento, principalmente a causa delle cuciture orizzontali.<\/span><\/p>\n<p><strong><span style=\"font-size: 14pt;\">Misure<\/span><\/strong><\/p>\n<ul>\n<li>Poggiapiedi Kramfors: L- 93cm P- 84cm A- 50cm<\/li>\n<li>Kramfors Corner Unit: L- 94cm P- 94cm A- 66cm<\/li>\n<li>Divano Kramfors 2 posti (Love Seat): L- 174cm P- 95cm A- 66cm<\/li>\n<li>Divano Kramfors a 3 posti: L- 214 cm P- 93 cm A- 59 cm<\/li>\n<li>Kramfors 2 Sedute Bracciolo Sinistra \/ Destra: L- 144cm P- 95cm A- 59cm<\/li>\n<li>Kramfors Chaise Lounge sinistra \/ destra: L- 100cm P- 128cm A- 69cm<\/li>\n<\/ul>\n<p><strong><span style=\"font-size: 14pt;\">Manuale di istruzioni<\/span><\/strong><\/p>\n<p>Vuoi sapere come assemblare un divano Kramfors?<\/p>\n<p>Fare clic sul modello qui sotto per scaricare il relativo Manuale di istruzioni del gruppo.<\/p>\n<ul>\n<li><a href=\"https:\/\/www.comfort-works.com\/news\/wp-content\/uploads\/2013\/06\/Kramfors-3-seater-and-Chaise-Manual.pdf\">IKEA Kramfors 3 posti e Chaise<\/a><\/li>\n<li><a href=\"https:\/\/www.comfort-works.com\/news\/wp-content\/uploads\/2013\/06\/Kramfors-2-Seater-Manual.pdf\">IKEA Kramfors 2 posti<\/a><\/li>\n<li><a href=\"https:\/\/www.comfort-works.com\/news\/wp-content\/uploads\/2013\/06\/Kramfors-Corner-Unit-Manual.pdf\">Kramfors unit\u00e0 angolare<\/a><\/li>\n<li><a href=\"https:\/\/www.comfort-works.com\/news\/wp-content\/uploads\/2013\/06\/Kramfors-Footstool-Manual.pdf\">Kramfors poggiapiedi<\/a><\/li>\n<\/ul>\n<p><span style=\"font-size: 14pt;\"><strong>La nostra recensione<\/strong><\/span><br \/>\nIl Kramfors era stato un favorito assoluto dalla sua introduzione nel 2000, ma la sua interruzione nel 2009 aveva lasciato molti di noi piuttosto tristi. Fantastico da vedere, la pelle Kramfors \u00e8 sexy, liscia e super seducente. Purtroppo, sarebbe bello se fosse un po&#8217; pi\u00f9 comodo.<\/p>\n<p>Versione in pelle Kramfors 3 posti in carboncino kino<\/p>\n<p>Sebbene questo modello sia stato messo fuori produzione nei negozi IKEA, Comfort Works sta producendo <a href=\"https:\/\/comfort-works.com\/it\/\">fodere sostitutive<\/a> per questo modello.<\/p>\n<p>Disegna oggi la tua <a href=\"https:\/\/comfort-works.com\/it\/kramfors-fodere-divano-cuscino-35\">fodera Kramfors<\/a>.<\/p>\n<p>Disponibili anche le versioni con fodera Kramfors pi\u00f9 attillata: non esitate a chiedere ulteriori opzioni di personalizzazione, <a href=\"https:\/\/www.comfort-works.com\/news\/wp-content\/uploads\/2013\/06\/Kramfors-Footstool-Manual.pdf\">mettetevi in contatto con noi!<\/a><\/p>\n<p><span style=\"font-size: 14pt;\"><strong>Maggiori informazioni<\/strong><\/span><br \/>\nPOPPY HAUS &#8211; Recensione: Utilizzo di una fodera in tessuto su una pelle Kramfors Chaise Lounge.<\/p>\n<p><a href=\"http:\/\/theborrowedabode.com\/2013\/03\/pet-proofing-furniture-comfort-works-leather-sofa-cover\/\">The Borrowed Abode<\/a> &#8211; Recensione: Kramfors in tessuto a prova di animali domestici passando a Leather Kramfors.<\/p>\n<p><a href=\"\/news?p=1794\">Comfort Works<\/a> &#8211; Kramfors interrotto, ma la sua anima vive ancora con Urbanskin Kramfors.<\/p>\n","protected":false},"excerpt":{"rendered":"<p>Benvenuti alla pagina dedicata a tutto quello che avreste voluto sapere sul Kramfors di IKEA e molto di pi\u00f9 \u2014 misure, versioni, recensioni, rivestimenti, istruzioni per l\u2019assemblaggio e molto altro. Forse state cercando il divano perfetto e avete bisogno di un aiutino. Forse avete gi\u00e0 deciso di orientarvi sul Kramfors, ne avete trovato uno su [&hellip;]<\/p>\n","protected":false},"author":1,"featured_media":19391,"parent":0,"menu_order":0,"comment_status":"open","ping_status":"closed","template":"","meta":{"_acf_changed":false,"footnotes":""},"class_list":["post-39397","page","type-page","status-publish","has-post-thumbnail","hentry"],"acf":[],"yoast_head":"<!-- This site is optimized with the Yoast SEO Premium plugin v25.1 (Yoast SEO v25.1) - https:\/\/yoast.com\/wordpress\/plugins\/seo\/ -->\n<title>Divano IKEA Kramfors - Guida e informazioni<\/title>\n<meta name=\"description\" content=\"La guida definitiva e tutte le informazioni sul divano IKEA Kramfors - troverai misure, dimensioni, recensioni, fodere, manuale d&#039;istruzioni e molto altro.\" \/>\n<meta name=\"robots\" content=\"index, follow, max-snippet:-1, max-image-preview:large, max-video-preview:-1\" \/>\n<link rel=\"canonical\" href=\"https:\/\/blog.comfort-works.com\/it\/divano-ikea-kramfors-guida-e-informazioni\/\" \/>\n<meta property=\"og:locale\" content=\"it_IT\" \/>\n<meta property=\"og:type\" content=\"article\" \/>\n<meta property=\"og:title\" content=\"Divano IKEA Kramfors - Guida e informazioni\" \/>\n<meta property=\"og:description\" content=\"La guida definitiva e tutte le informazioni sul divano IKEA Kramfors - troverai misure, dimensioni, recensioni, fodere, manuale d&#039;istruzioni e molto altro.\" \/>\n<meta property=\"og:url\" content=\"https:\/\/blog.comfort-works.com\/it\/divano-ikea-kramfors-guida-e-informazioni\/\" \/>\n<meta property=\"og:site_name\" content=\"Comfort Works Blog &amp; Sofa Resources\" \/>\n<meta property=\"article:publisher\" content=\"https:\/\/www.facebook.com\/comfortworkscovers\" \/>\n<meta property=\"article:modified_time\" content=\"2024-01-18T09:00:26+00:00\" \/>\n<meta property=\"og:image\" content=\"https:\/\/blog-v3.comfort-works.com\/wp-content\/uploads\/2016\/07\/Kramfors-sectional-in-Nomad-Grey-fabric-by-Comfort-Works.jpg\" \/>\n\t<meta property=\"og:image:width\" content=\"960\" \/>\n\t<meta property=\"og:image:height\" content=\"639\" \/>\n\t<meta property=\"og:image:type\" content=\"image\/jpeg\" \/>\n<meta name=\"twitter:card\" content=\"summary_large_image\" \/>\n<meta name=\"twitter:site\" content=\"@comfortworks\" \/>\n<meta name=\"twitter:label1\" content=\"Tempo di lettura stimato\" \/>\n\t<meta name=\"twitter:data1\" content=\"2 minuti\" \/>\n<script type=\"application\/ld+json\" class=\"yoast-schema-graph\">{\"@context\":\"https:\/\/schema.org\",\"@graph\":[{\"@type\":\"WebPage\",\"@id\":\"https:\/\/blog.comfort-works.com\/it\/divano-ikea-kramfors-guida-e-informazioni\/\",\"url\":\"https:\/\/blog.comfort-works.com\/it\/divano-ikea-kramfors-guida-e-informazioni\/\",\"name\":\"Divano IKEA Kramfors - Guida e informazioni\",\"isPartOf\":{\"@id\":\"https:\/\/blog.comfort-works.com\/#website\"},\"primaryImageOfPage\":{\"@id\":\"https:\/\/blog.comfort-works.com\/it\/divano-ikea-kramfors-guida-e-informazioni\/#primaryimage\"},\"image\":{\"@id\":\"https:\/\/blog.comfort-works.com\/it\/divano-ikea-kramfors-guida-e-informazioni\/#primaryimage\"},\"thumbnailUrl\":\"https:\/\/blog.comfort-works.com\/wp-content\/uploads\/2016\/07\/Kramfors-sectional-in-Nomad-Grey-fabric-by-Comfort-Works.jpg\",\"datePublished\":\"2019-03-25T20:49:00+00:00\",\"dateModified\":\"2024-01-18T09:00:26+00:00\",\"description\":\"La guida definitiva e tutte le informazioni sul divano IKEA Kramfors - troverai misure, dimensioni, recensioni, fodere, manuale d'istruzioni e molto altro.\",\"inLanguage\":\"it-IT\",\"potentialAction\":[{\"@type\":\"ReadAction\",\"target\":[\"https:\/\/blog.comfort-works.com\/it\/divano-ikea-kramfors-guida-e-informazioni\/\"]}]},{\"@type\":\"ImageObject\",\"inLanguage\":\"it-IT\",\"@id\":\"https:\/\/blog.comfort-works.com\/it\/divano-ikea-kramfors-guida-e-informazioni\/#primaryimage\",\"url\":\"https:\/\/blog.comfort-works.com\/wp-content\/uploads\/2016\/07\/Kramfors-sectional-in-Nomad-Grey-fabric-by-Comfort-Works.jpg\",\"contentUrl\":\"https:\/\/blog.comfort-works.com\/wp-content\/uploads\/2016\/07\/Kramfors-sectional-in-Nomad-Grey-fabric-by-Comfort-Works.jpg\",\"width\":960,\"height\":639,\"caption\":\"Kramfors sectional in Nomad Grey fabric by Comfort Works\"},{\"@type\":\"WebSite\",\"@id\":\"https:\/\/blog.comfort-works.com\/#website\",\"url\":\"https:\/\/blog.comfort-works.com\/\",\"name\":\"Finding Comfort\",\"description\":\"Everything you need to know about sofas\",\"publisher\":{\"@id\":\"https:\/\/blog.comfort-works.com\/#organization\"},\"potentialAction\":[{\"@type\":\"SearchAction\",\"target\":{\"@type\":\"EntryPoint\",\"urlTemplate\":\"https:\/\/blog.comfort-works.com\/?s={search_term_string}\"},\"query-input\":{\"@type\":\"PropertyValueSpecification\",\"valueRequired\":true,\"valueName\":\"search_term_string\"}}],\"inLanguage\":\"it-IT\"},{\"@type\":\"Organization\",\"@id\":\"https:\/\/blog.comfort-works.com\/#organization\",\"name\":\"Comfort Works\",\"url\":\"https:\/\/blog.comfort-works.com\/\",\"logo\":{\"@type\":\"ImageObject\",\"inLanguage\":\"it-IT\",\"@id\":\"https:\/\/blog.comfort-works.com\/#\/schema\/logo\/image\/\",\"url\":\"https:\/\/blog.comfort-works.com\/wp-content\/uploads\/2025\/06\/Frame-31.png\",\"contentUrl\":\"https:\/\/blog.comfort-works.com\/wp-content\/uploads\/2025\/06\/Frame-31.png\",\"width\":1200,\"height\":675,\"caption\":\"Comfort Works\"},\"image\":{\"@id\":\"https:\/\/blog.comfort-works.com\/#\/schema\/logo\/image\/\"},\"sameAs\":[\"https:\/\/www.facebook.com\/comfortworkscovers\",\"https:\/\/x.com\/comfortworks\",\"https:\/\/www.instagram.com\/comfortworks\/\",\"https:\/\/www.pinterest.com\/comfortworks\/\",\"https:\/\/www.youtube.com\/channel\/UCiY0z-GqZUzfeBwrAhT2kAg\"]}]}<\/script>\n<!-- \/ Yoast SEO Premium plugin. -->","yoast_head_json":{"title":"Divano IKEA Kramfors - Guida e informazioni","description":"La guida definitiva e tutte le informazioni sul divano IKEA Kramfors - troverai misure, dimensioni, recensioni, fodere, manuale d'istruzioni e molto altro.","robots":{"index":"index","follow":"follow","max-snippet":"max-snippet:-1","max-image-preview":"max-image-preview:large","max-video-preview":"max-video-preview:-1"},"canonical":"https:\/\/blog.comfort-works.com\/it\/divano-ikea-kramfors-guida-e-informazioni\/","og_locale":"it_IT","og_type":"article","og_title":"Divano IKEA Kramfors - Guida e informazioni","og_description":"La guida definitiva e tutte le informazioni sul divano IKEA Kramfors - troverai misure, dimensioni, recensioni, fodere, manuale d'istruzioni e molto altro.","og_url":"https:\/\/blog.comfort-works.com\/it\/divano-ikea-kramfors-guida-e-informazioni\/","og_site_name":"Comfort Works Blog &amp; Sofa Resources","article_publisher":"https:\/\/www.facebook.com\/comfortworkscovers","article_modified_time":"2024-01-18T09:00:26+00:00","og_image":[{"width":960,"height":639,"url":"https:\/\/blog-v3.comfort-works.com\/wp-content\/uploads\/2016\/07\/Kramfors-sectional-in-Nomad-Grey-fabric-by-Comfort-Works.jpg","type":"image\/jpeg"}],"twitter_card":"summary_large_image","twitter_site":"@comfortworks","twitter_misc":{"Tempo di lettura stimato":"2 minuti"},"schema":{"@context":"https:\/\/schema.org","@graph":[{"@type":"WebPage","@id":"https:\/\/blog.comfort-works.com\/it\/divano-ikea-kramfors-guida-e-informazioni\/","url":"https:\/\/blog.comfort-works.com\/it\/divano-ikea-kramfors-guida-e-informazioni\/","name":"Divano IKEA Kramfors - Guida e informazioni","isPartOf":{"@id":"https:\/\/blog.comfort-works.com\/#website"},"primaryImageOfPage":{"@id":"https:\/\/blog.comfort-works.com\/it\/divano-ikea-kramfors-guida-e-informazioni\/#primaryimage"},"image":{"@id":"https:\/\/blog.comfort-works.com\/it\/divano-ikea-kramfors-guida-e-informazioni\/#primaryimage"},"thumbnailUrl":"https:\/\/blog.comfort-works.com\/wp-content\/uploads\/2016\/07\/Kramfors-sectional-in-Nomad-Grey-fabric-by-Comfort-Works.jpg","datePublished":"2019-03-25T20:49:00+00:00","dateModified":"2024-01-18T09:00:26+00:00","description":"La guida definitiva e tutte le informazioni sul divano IKEA Kramfors - troverai misure, dimensioni, recensioni, fodere, manuale d'istruzioni e molto altro.","inLanguage":"it-IT","potentialAction":[{"@type":"ReadAction","target":["https:\/\/blog.comfort-works.com\/it\/divano-ikea-kramfors-guida-e-informazioni\/"]}]},{"@type":"ImageObject","inLanguage":"it-IT","@id":"https:\/\/blog.comfort-works.com\/it\/divano-ikea-kramfors-guida-e-informazioni\/#primaryimage","url":"https:\/\/blog.comfort-works.com\/wp-content\/uploads\/2016\/07\/Kramfors-sectional-in-Nomad-Grey-fabric-by-Comfort-Works.jpg","contentUrl":"https:\/\/blog.comfort-works.com\/wp-content\/uploads\/2016\/07\/Kramfors-sectional-in-Nomad-Grey-fabric-by-Comfort-Works.jpg","width":960,"height":639,"caption":"Kramfors sectional in Nomad Grey fabric by Comfort Works"},{"@type":"WebSite","@id":"https:\/\/blog.comfort-works.com\/#website","url":"https:\/\/blog.comfort-works.com\/","name":"Finding Comfort","description":"Everything you need to know about sofas","publisher":{"@id":"https:\/\/blog.comfort-works.com\/#organization"},"potentialAction":[{"@type":"SearchAction","target":{"@type":"EntryPoint","urlTemplate":"https:\/\/blog.comfort-works.com\/?s={search_term_string}"},"query-input":{"@type":"PropertyValueSpecification","valueRequired":true,"valueName":"search_term_string"}}],"inLanguage":"it-IT"},{"@type":"Organization","@id":"https:\/\/blog.comfort-works.com\/#organization","name":"Comfort Works","url":"https:\/\/blog.comfort-works.com\/","logo":{"@type":"ImageObject","inLanguage":"it-IT","@id":"https:\/\/blog.comfort-works.com\/#\/schema\/logo\/image\/","url":"https:\/\/blog.comfort-works.com\/wp-content\/uploads\/2025\/06\/Frame-31.png","contentUrl":"https:\/\/blog.comfort-works.com\/wp-content\/uploads\/2025\/06\/Frame-31.png","width":1200,"height":675,"caption":"Comfort Works"},"image":{"@id":"https:\/\/blog.comfort-works.com\/#\/schema\/logo\/image\/"},"sameAs":["https:\/\/www.facebook.com\/comfortworkscovers","https:\/\/x.com\/comfortworks","https:\/\/www.instagram.com\/comfortworks\/","https:\/\/www.pinterest.com\/comfortworks\/","https:\/\/www.youtube.com\/channel\/UCiY0z-GqZUzfeBwrAhT2kAg"]}]}},"_links":{"self":[{"href":"https:\/\/blog.comfort-works.com\/it\/wp-json\/wp\/v2\/pages\/39397","targetHints":{"allow":["GET"]}}],"collection":[{"href":"https:\/\/blog.comfort-works.com\/it\/wp-json\/wp\/v2\/pages"}],"about":[{"href":"https:\/\/blog.comfort-works.com\/it\/wp-json\/wp\/v2\/types\/page"}],"author":[{"embeddable":true,"href":"https:\/\/blog.comfort-works.com\/it\/wp-json\/wp\/v2\/users\/1"}],"replies":[{"embeddable":true,"href":"https:\/\/blog.comfort-works.com\/it\/wp-json\/wp\/v2\/comments?post=39397"}],"version-history":[{"count":5,"href":"https:\/\/blog.comfort-works.com\/it\/wp-json\/wp\/v2\/pages\/39397\/revisions"}],"predecessor-version":[{"id":112504,"href":"https:\/\/blog.comfort-works.com\/it\/wp-json\/wp\/v2\/pages\/39397\/revisions\/112504"}],"wp:featuredmedia":[{"embeddable":true,"href":"https:\/\/blog.comfort-works.com\/it\/wp-json\/wp\/v2\/media\/19391"}],"wp:attachment":[{"href":"https:\/\/blog.comfort-works.com\/it\/wp-json\/wp\/v2\/media?parent=39397"}],"curies":[{"name":"wp","href":"https:\/\/api.w.org\/{rel}","templated":true}]}}