{"id":39400,"date":"2019-03-26T05:40:08","date_gmt":"2019-03-25T21:40:08","guid":{"rendered":"https:\/\/www.comfort-works.com\/news\/divano-ikea-norsborg-guida-e-informazioni\/"},"modified":"2024-01-16T13:30:01","modified_gmt":"2024-01-16T05:30:01","slug":"divano-ikea-norsborg-guida-e-informazioni","status":"publish","type":"page","link":"https:\/\/blog.comfort-works.com\/it\/divano-ikea-norsborg-guida-e-informazioni\/","title":{"rendered":"Divano IKEA Norsborg &#8211; Guida e informazioni"},"content":{"rendered":"<p class=\"p1\">Benvenuti alla pagina dedicata a tutto quello che avreste voluto sapere sul Norsborg di IKEA e molto di pi\u00f9 \u2014 misure, versioni, recensioni, rivestimenti, istruzioni per l\u2019assemblaggio e molto altro.<\/p>\n<p class=\"p1\">Forse state cercando il divano perfetto e avete bisogno di un aiutino. Forse avete gi\u00e0 deciso di orientarvi sul Norsborg, ne avete trovato uno su Craigslist o Ebay e vi occorrono maggiori informazioni. Forse avete gi\u00e0 un Norsborg e qualche ospite ha deciso di versare del caff\u00e8 sulle sue fodere impossibili da trovare. Forse, ancora, un vostro parente sta per arrivare in citt\u00e0 e vorreste dare un look pi\u00f9 \u2018adulto\u2019 ai vostri rivestimenti. In questo post, vi aiuteremo con quasi tutto.<\/p>\n<p class=\"p1\">E se ancora restano questioni senza risposta, sentitevi liberi di contattarci qui: <a href=\"mailto:info@comfortworks.com.au\" data-mce-href=\"mailto:info@comfortworks.com.au\"><span class=\"s1\">info@comfortworks.com.au<\/span><\/a><\/p>\n<\/p>\n<p>CONTROLLO VELOCE.<br \/>Stato: Divano e copridivano ancora disponibili presso IKEA.<\/p>\n<p>Fodera: <a data-mce-href=\"https:\/\/comfort-works.com\/it\/norsborg-fodere-divano-222\" href=\"https:\/\/comfort-works.com\/it\/norsborg-fodere-divano-222\">copridivani Norsborg<\/a> disponibili da Comfort Works<\/p>\n<p>Fattore &#8220;wow&#8221;:<br \/>1. Divano super modulare con molti pezzi che possono essere separati e \/ o combinati per creare varie configurazioni;<\/p>\n<p>2. Ha le tasche sui braccioli laterali, cos\u00ec ora puoi avere le tue riviste, il telecomando e l&#8217;iPad vicino a te;<\/p>\n<p>Fattore &#8220;Ugh&#8221;: cuscini da seduta poco comodi e un po&#8217; rigidi rispetto al suo successore Kivik.<\/p>\n<p><strong><span style=\"font-size: 14pt;\" data-mce-style=\"font-size: 14pt;\">Misure<\/span><\/strong><\/p>\n<ul>\n<li>Copridivano a tre posti Norsborg &#8211; Larghezza: 213 cm Profondit\u00e0: 88 cm Altezza: 85 cm<\/li>\n<li>Copridivano a due posti Norsborg &#8211; Larghezza: 153 cm Profondit\u00e0: 88 cm Altezza: 85 cm<\/li>\n<li>Copridivano Norsborg &#8211; Larghezza: 110 cm Profondit\u00e0: 157 cm Altezza: 85 cm<\/li>\n<li>Copridivano per sezione d&#8217;angolo Norsborg &#8211; Larghezza: 88 cm, Profondit\u00e0: 88 cm, Altezza 52 cm<\/li>\n<\/ul>\n<p>Comfort Works realizza anche fodere Norsborg per sezioni modulari a tre\/due posti, sezioni di chaise longue e braccioli separatamente.<\/p>\n<p><span style=\"font-size: 14pt;\" data-mce-style=\"font-size: 14pt;\"><strong>Manuale di istruzioni<\/strong><\/span><\/p>\n<p>Vuoi sapere come assemblare un divano Norsborg?<\/p>\n<p>Fai clic sul rispettivo modello qui sotto per scaricare le istruzioni di montaggio<\/p>\n<ul>\n<li><a data-mce-href=\"https:\/\/www.comfort-works.com\/news\/wp-content\/uploads\/2018\/09\/IKEA-Norsborg-3-seater-Assemby-Instructions-Guide.pdf\" href=\"https:\/\/www.comfort-works.com\/news\/wp-content\/uploads\/2018\/09\/IKEA-Norsborg-3-seater-Assemby-Instructions-Guide.pdf\">Guida alle istruzioni per montaggio a 3 posti IKEA Norsborg<\/a><\/li>\n<li><a data-mce-href=\"https:\/\/www.comfort-works.com\/news\/wp-content\/uploads\/2018\/09\/IKEA-Norsborg-2-seater-Assemby-Instructions-Guide.pdf\" href=\"https:\/\/www.comfort-works.com\/news\/wp-content\/uploads\/2018\/09\/IKEA-Norsborg-2-seater-Assemby-Instructions-Guide.pdf\">Guida alle istruzioni per montaggio a 2 posti IKEA Norsborg<\/a><\/li>\n<li><a data-mce-href=\"https:\/\/www.comfort-works.com\/news\/wp-content\/uploads\/2018\/09\/IKEA-Norsborg-Chaise-Assemby-Instructions-Guide.pdf\" href=\"https:\/\/www.comfort-works.com\/news\/wp-content\/uploads\/2018\/09\/IKEA-Norsborg-Chaise-Assemby-Instructions-Guide.pdf\">IKEA Norsborg Chaise Assemby Guida alle istruzioni<\/a><\/li>\n<li><a data-mce-href=\"https:\/\/www.comfort-works.com\/news\/wp-content\/uploads\/2018\/09\/IKEA-Norsborg-Corner-sofa-Assemby-Instructions-Guide.pdf\" href=\"https:\/\/www.comfort-works.com\/news\/wp-content\/uploads\/2018\/09\/IKEA-Norsborg-Corner-sofa-Assemby-Instructions-Guide.pdf\">IKEA Norsborg Divano angolare Assemby Guida alle istruzioni<\/a><\/li>\n<\/ul>\n<p>Fodera IKEA Norsborg Comfort Works in velluto grigio<\/p>\n<p><strong><span style=\"font-size: 14pt;\" data-mce-style=\"font-size: 14pt;\">La nostra recensione<\/span><\/strong><\/p>\n<p>Considerato il divano come un ibrido, un incrocio tra Karlstad e Kivik, IKEA Norsborg non \u00e8 all&#8217;altezza delle aspettative create dai suoi successori. I sedili super profondi lo rendono un po&#8217; scomodo per le persone non molto alte.<\/p>\n<p>Tuttavia, \u00e8 una serie estremamente modulare e pu\u00f2 essere realizzata in qualsiasi configurazione a seconda dello spazio della casa. Se cerchi un divano dall&#8217;aspetto molto scandinavo e desideri impressionare gli amici senza che restino troppo a lungo nella tua casa &#8211; questo \u00e8 il divano da comprare ?<\/p>\n<p>Ma aspetta, c&#8217;\u00e8 dell&#8217;altro! Puoi <a data-mce-href=\"https:\/\/comfort-works.com\/en\/replacement-ikea-sofa-legs-29\" href=\"https:\/\/comfort-works.com\/en\/replacement-ikea-sofa-legs-29\">cambiare le gambe<\/a> con alcune gambe ispirate alla met\u00e0 del secolo, super sottili, che si adattano ai divani Norsborg per un look diverso.<\/p>\n<p>Anche a Comfort Works abbiamo realizzato dei copridivani personalizzati in gonna lunga per uno dei nostri clienti, dando all&#8217;IKEA Norsborg un look completamente nuovo, dai un&#8217;occhiata qui sotto:<\/p>\n<\/p>\n<p>A Comfort Works, vendiamo separatamente vari <a data-mce-href=\"https:\/\/comfort-works.com\/en\/norsborg-sofa-covers-222\" href=\"https:\/\/comfort-works.com\/en\/norsborg-sofa-covers-222\">componenti modulari<\/a>, non esitate a chiedere ulteriori opzioni di personalizzazione,<a data-mce-href=\"https:\/\/comfort-works.com\/en\/replacement-ikea-sofa-legs-29\" href=\"https:\/\/comfort-works.com\/en\/replacement-ikea-sofa-legs-29\"> mettetevi in \u200b\u200bcontatto con noi<\/a>!<\/p>\n<p>MAGGIORI INFORMAZIONI<br \/>Appartamento Therapy &#8211; I migliori e pi\u00f9 comodi divani Ikea<\/p>\n<p><a href=\"https:\/\/blog.comfort-works.com\/ikea-norsborg-sofa-review\/\">Slant<\/a> &#8211; IKEA Norsborg Review<\/p>\n<p>Hey Mama Blog &#8211; Comfort Works Ikea Norsborg Copridivano<\/p>\n<p><a data-mce-href=\"\/news?p=7246\" href=\"\/news?p=7246\">Comfort Works<\/a> &#8211; Revisione del divano Hybrid: Norsborg<\/p>\n","protected":false},"excerpt":{"rendered":"<p>Benvenuti alla pagina dedicata a tutto quello che avreste voluto sapere sul Norsborg di IKEA e molto di pi\u00f9 \u2014 misure, versioni, recensioni, rivestimenti, istruzioni per l\u2019assemblaggio e molto altro. Forse state cercando il divano perfetto e avete bisogno di un aiutino. Forse avete gi\u00e0 deciso di orientarvi sul Norsborg, ne avete trovato uno su [&hellip;]<\/p>\n","protected":false},"author":1001022,"featured_media":39406,"parent":0,"menu_order":0,"comment_status":"closed","ping_status":"closed","template":"","meta":{"_acf_changed":false,"footnotes":""},"class_list":["post-39400","page","type-page","status-publish","has-post-thumbnail","hentry"],"acf":[],"yoast_head":"<!-- This site is optimized with the Yoast SEO Premium plugin v25.1 (Yoast SEO v25.1) - https:\/\/yoast.com\/wordpress\/plugins\/seo\/ -->\n<title>Divano IKEA Norsborg - Guida e informazioni &#8212; Comfort Works Blog &amp; Sofa Resources<\/title>\n<meta name=\"robots\" content=\"index, follow, max-snippet:-1, max-image-preview:large, max-video-preview:-1\" \/>\n<link rel=\"canonical\" href=\"https:\/\/blog.comfort-works.com\/it\/divano-ikea-norsborg-guida-e-informazioni\/\" \/>\n<meta property=\"og:locale\" content=\"it_IT\" \/>\n<meta property=\"og:type\" content=\"article\" \/>\n<meta property=\"og:title\" content=\"Divano IKEA Norsborg - Guida e informazioni &#8212; Comfort Works Blog &amp; Sofa Resources\" \/>\n<meta property=\"og:description\" content=\"Benvenuti alla pagina dedicata a tutto quello che avreste voluto sapere sul Norsborg di IKEA e molto di pi\u00f9 \u2014 misure, versioni, recensioni, rivestimenti, istruzioni per l\u2019assemblaggio e molto altro. Forse state cercando il divano perfetto e avete bisogno di un aiutino. Forse avete gi\u00e0 deciso di orientarvi sul Norsborg, ne avete trovato uno su [&hellip;]\" \/>\n<meta property=\"og:url\" content=\"https:\/\/blog.comfort-works.com\/it\/divano-ikea-norsborg-guida-e-informazioni\/\" \/>\n<meta property=\"og:site_name\" content=\"Comfort Works Blog &amp; Sofa Resources\" \/>\n<meta property=\"article:publisher\" content=\"https:\/\/www.facebook.com\/comfortworkscovers\" \/>\n<meta property=\"article:modified_time\" content=\"2024-01-16T05:30:01+00:00\" \/>\n<meta property=\"og:image\" content=\"https:\/\/blog-v3.comfort-works.com\/wp-content\/uploads\/2018\/09\/norsborg-ikea-sofa.png\" \/>\n\t<meta property=\"og:image:width\" content=\"700\" \/>\n\t<meta property=\"og:image:height\" content=\"500\" \/>\n\t<meta property=\"og:image:type\" content=\"image\/png\" \/>\n<meta name=\"twitter:card\" content=\"summary_large_image\" \/>\n<meta name=\"twitter:site\" content=\"@comfortworks\" \/>\n<meta name=\"twitter:label1\" content=\"Tempo di lettura stimato\" \/>\n\t<meta name=\"twitter:data1\" content=\"3 minuti\" \/>\n<script type=\"application\/ld+json\" class=\"yoast-schema-graph\">{\"@context\":\"https:\/\/schema.org\",\"@graph\":[{\"@type\":\"WebPage\",\"@id\":\"https:\/\/blog.comfort-works.com\/it\/divano-ikea-norsborg-guida-e-informazioni\/\",\"url\":\"https:\/\/blog.comfort-works.com\/it\/divano-ikea-norsborg-guida-e-informazioni\/\",\"name\":\"Divano IKEA Norsborg - Guida e informazioni &#8212; Comfort Works Blog &amp; Sofa Resources\",\"isPartOf\":{\"@id\":\"https:\/\/blog.comfort-works.com\/#website\"},\"primaryImageOfPage\":{\"@id\":\"https:\/\/blog.comfort-works.com\/it\/divano-ikea-norsborg-guida-e-informazioni\/#primaryimage\"},\"image\":{\"@id\":\"https:\/\/blog.comfort-works.com\/it\/divano-ikea-norsborg-guida-e-informazioni\/#primaryimage\"},\"thumbnailUrl\":\"https:\/\/blog.comfort-works.com\/wp-content\/uploads\/2018\/09\/norsborg-ikea-sofa.png\",\"datePublished\":\"2019-03-25T21:40:08+00:00\",\"dateModified\":\"2024-01-16T05:30:01+00:00\",\"inLanguage\":\"it-IT\",\"potentialAction\":[{\"@type\":\"ReadAction\",\"target\":[\"https:\/\/blog.comfort-works.com\/it\/divano-ikea-norsborg-guida-e-informazioni\/\"]}]},{\"@type\":\"ImageObject\",\"inLanguage\":\"it-IT\",\"@id\":\"https:\/\/blog.comfort-works.com\/it\/divano-ikea-norsborg-guida-e-informazioni\/#primaryimage\",\"url\":\"https:\/\/blog.comfort-works.com\/wp-content\/uploads\/2018\/09\/norsborg-ikea-sofa.png\",\"contentUrl\":\"https:\/\/blog.comfort-works.com\/wp-content\/uploads\/2018\/09\/norsborg-ikea-sofa.png\",\"width\":700,\"height\":500,\"caption\":\"IKEA Norsborg Sofa\"},{\"@type\":\"WebSite\",\"@id\":\"https:\/\/blog.comfort-works.com\/#website\",\"url\":\"https:\/\/blog.comfort-works.com\/\",\"name\":\"Finding Comfort\",\"description\":\"Everything you need to know about sofas\",\"publisher\":{\"@id\":\"https:\/\/blog.comfort-works.com\/#organization\"},\"potentialAction\":[{\"@type\":\"SearchAction\",\"target\":{\"@type\":\"EntryPoint\",\"urlTemplate\":\"https:\/\/blog.comfort-works.com\/?s={search_term_string}\"},\"query-input\":{\"@type\":\"PropertyValueSpecification\",\"valueRequired\":true,\"valueName\":\"search_term_string\"}}],\"inLanguage\":\"it-IT\"},{\"@type\":\"Organization\",\"@id\":\"https:\/\/blog.comfort-works.com\/#organization\",\"name\":\"Comfort Works\",\"url\":\"https:\/\/blog.comfort-works.com\/\",\"logo\":{\"@type\":\"ImageObject\",\"inLanguage\":\"it-IT\",\"@id\":\"https:\/\/blog.comfort-works.com\/#\/schema\/logo\/image\/\",\"url\":\"https:\/\/blog.comfort-works.com\/wp-content\/uploads\/2025\/06\/Frame-31.png\",\"contentUrl\":\"https:\/\/blog.comfort-works.com\/wp-content\/uploads\/2025\/06\/Frame-31.png\",\"width\":1200,\"height\":675,\"caption\":\"Comfort Works\"},\"image\":{\"@id\":\"https:\/\/blog.comfort-works.com\/#\/schema\/logo\/image\/\"},\"sameAs\":[\"https:\/\/www.facebook.com\/comfortworkscovers\",\"https:\/\/x.com\/comfortworks\",\"https:\/\/www.instagram.com\/comfortworks\/\",\"https:\/\/www.pinterest.com\/comfortworks\/\",\"https:\/\/www.youtube.com\/channel\/UCiY0z-GqZUzfeBwrAhT2kAg\"]}]}<\/script>\n<!-- \/ Yoast SEO Premium plugin. -->","yoast_head_json":{"title":"Divano IKEA Norsborg - Guida e informazioni &#8212; Comfort Works Blog &amp; Sofa Resources","robots":{"index":"index","follow":"follow","max-snippet":"max-snippet:-1","max-image-preview":"max-image-preview:large","max-video-preview":"max-video-preview:-1"},"canonical":"https:\/\/blog.comfort-works.com\/it\/divano-ikea-norsborg-guida-e-informazioni\/","og_locale":"it_IT","og_type":"article","og_title":"Divano IKEA Norsborg - Guida e informazioni &#8212; Comfort Works Blog &amp; Sofa Resources","og_description":"Benvenuti alla pagina dedicata a tutto quello che avreste voluto sapere sul Norsborg di IKEA e molto di pi\u00f9 \u2014 misure, versioni, recensioni, rivestimenti, istruzioni per l\u2019assemblaggio e molto altro. Forse state cercando il divano perfetto e avete bisogno di un aiutino. Forse avete gi\u00e0 deciso di orientarvi sul Norsborg, ne avete trovato uno su [&hellip;]","og_url":"https:\/\/blog.comfort-works.com\/it\/divano-ikea-norsborg-guida-e-informazioni\/","og_site_name":"Comfort Works Blog &amp; Sofa Resources","article_publisher":"https:\/\/www.facebook.com\/comfortworkscovers","article_modified_time":"2024-01-16T05:30:01+00:00","og_image":[{"width":700,"height":500,"url":"https:\/\/blog-v3.comfort-works.com\/wp-content\/uploads\/2018\/09\/norsborg-ikea-sofa.png","type":"image\/png"}],"twitter_card":"summary_large_image","twitter_site":"@comfortworks","twitter_misc":{"Tempo di lettura stimato":"3 minuti"},"schema":{"@context":"https:\/\/schema.org","@graph":[{"@type":"WebPage","@id":"https:\/\/blog.comfort-works.com\/it\/divano-ikea-norsborg-guida-e-informazioni\/","url":"https:\/\/blog.comfort-works.com\/it\/divano-ikea-norsborg-guida-e-informazioni\/","name":"Divano IKEA Norsborg - Guida e informazioni &#8212; Comfort Works Blog &amp; Sofa Resources","isPartOf":{"@id":"https:\/\/blog.comfort-works.com\/#website"},"primaryImageOfPage":{"@id":"https:\/\/blog.comfort-works.com\/it\/divano-ikea-norsborg-guida-e-informazioni\/#primaryimage"},"image":{"@id":"https:\/\/blog.comfort-works.com\/it\/divano-ikea-norsborg-guida-e-informazioni\/#primaryimage"},"thumbnailUrl":"https:\/\/blog.comfort-works.com\/wp-content\/uploads\/2018\/09\/norsborg-ikea-sofa.png","datePublished":"2019-03-25T21:40:08+00:00","dateModified":"2024-01-16T05:30:01+00:00","inLanguage":"it-IT","potentialAction":[{"@type":"ReadAction","target":["https:\/\/blog.comfort-works.com\/it\/divano-ikea-norsborg-guida-e-informazioni\/"]}]},{"@type":"ImageObject","inLanguage":"it-IT","@id":"https:\/\/blog.comfort-works.com\/it\/divano-ikea-norsborg-guida-e-informazioni\/#primaryimage","url":"https:\/\/blog.comfort-works.com\/wp-content\/uploads\/2018\/09\/norsborg-ikea-sofa.png","contentUrl":"https:\/\/blog.comfort-works.com\/wp-content\/uploads\/2018\/09\/norsborg-ikea-sofa.png","width":700,"height":500,"caption":"IKEA Norsborg Sofa"},{"@type":"WebSite","@id":"https:\/\/blog.comfort-works.com\/#website","url":"https:\/\/blog.comfort-works.com\/","name":"Finding Comfort","description":"Everything you need to know about sofas","publisher":{"@id":"https:\/\/blog.comfort-works.com\/#organization"},"potentialAction":[{"@type":"SearchAction","target":{"@type":"EntryPoint","urlTemplate":"https:\/\/blog.comfort-works.com\/?s={search_term_string}"},"query-input":{"@type":"PropertyValueSpecification","valueRequired":true,"valueName":"search_term_string"}}],"inLanguage":"it-IT"},{"@type":"Organization","@id":"https:\/\/blog.comfort-works.com\/#organization","name":"Comfort Works","url":"https:\/\/blog.comfort-works.com\/","logo":{"@type":"ImageObject","inLanguage":"it-IT","@id":"https:\/\/blog.comfort-works.com\/#\/schema\/logo\/image\/","url":"https:\/\/blog.comfort-works.com\/wp-content\/uploads\/2025\/06\/Frame-31.png","contentUrl":"https:\/\/blog.comfort-works.com\/wp-content\/uploads\/2025\/06\/Frame-31.png","width":1200,"height":675,"caption":"Comfort Works"},"image":{"@id":"https:\/\/blog.comfort-works.com\/#\/schema\/logo\/image\/"},"sameAs":["https:\/\/www.facebook.com\/comfortworkscovers","https:\/\/x.com\/comfortworks","https:\/\/www.instagram.com\/comfortworks\/","https:\/\/www.pinterest.com\/comfortworks\/","https:\/\/www.youtube.com\/channel\/UCiY0z-GqZUzfeBwrAhT2kAg"]}]}},"_links":{"self":[{"href":"https:\/\/blog.comfort-works.com\/it\/wp-json\/wp\/v2\/pages\/39400","targetHints":{"allow":["GET"]}}],"collection":[{"href":"https:\/\/blog.comfort-works.com\/it\/wp-json\/wp\/v2\/pages"}],"about":[{"href":"https:\/\/blog.comfort-works.com\/it\/wp-json\/wp\/v2\/types\/page"}],"author":[{"embeddable":true,"href":"https:\/\/blog.comfort-works.com\/it\/wp-json\/wp\/v2\/users\/1001022"}],"replies":[{"embeddable":true,"href":"https:\/\/blog.comfort-works.com\/it\/wp-json\/wp\/v2\/comments?post=39400"}],"version-history":[{"count":5,"href":"https:\/\/blog.comfort-works.com\/it\/wp-json\/wp\/v2\/pages\/39400\/revisions"}],"predecessor-version":[{"id":110723,"href":"https:\/\/blog.comfort-works.com\/it\/wp-json\/wp\/v2\/pages\/39400\/revisions\/110723"}],"wp:featuredmedia":[{"embeddable":true,"href":"https:\/\/blog.comfort-works.com\/it\/wp-json\/wp\/v2\/media\/39406"}],"wp:attachment":[{"href":"https:\/\/blog.comfort-works.com\/it\/wp-json\/wp\/v2\/media?parent=39400"}],"curies":[{"name":"wp","href":"https:\/\/api.w.org\/{rel}","templated":true}]}}