{"id":39432,"date":"2019-03-26T05:49:12","date_gmt":"2019-03-25T21:49:12","guid":{"rendered":"https:\/\/www.comfort-works.com\/news\/divano-ikea-stockholm-guida-e-recensioni\/"},"modified":"2024-01-30T10:43:59","modified_gmt":"2024-01-30T02:43:59","slug":"divano-ikea-stockholm-guida-e-informazioni","status":"publish","type":"page","link":"https:\/\/blog.comfort-works.com\/it\/divano-ikea-stockholm-guida-e-informazioni\/","title":{"rendered":"Divano IKEA Stockholm &#8211; Guida e informazioni"},"content":{"rendered":"<p class=\"p1\">Benvenuti alla pagina dedicata a tutto quello che avreste voluto sapere sul Goteborg di IKEA e molto di pi\u00f9 \u2014 misure, versioni, recensioni, rivestimenti, istruzioni per l\u2019assemblaggio e molto altro.<\/p>\n<p class=\"p1\">Forse state cercando il divano perfetto e avete bisogno di un aiutino. Forse avete gi\u00e0 deciso di orientarvi sul Ektorp, ne avete trovato uno su Craigslist o Ebay e vi occorrono maggiori informazioni. Forse avete gi\u00e0 un Ektorp e qualche ospite ha deciso di versare del caff\u00e8 sulle sue fodere impossibili da trovare. Forse, ancora, un vostro parente sta per arrivare in citt\u00e0 e vorreste dare un look pi\u00f9 \u2018adulto\u2019 ai vostri rivestimenti. In questo post, vi aiuteremo con quasi tutto.<\/p>\n<p class=\"p1\">E se ancora restano questioni senza risposta, sentitevi liberi di contattarci qui: <a href=\"mailto:info@comfortworks.com.au\"><span class=\"s1\">info@comfortworks.com.au<\/span><\/a><\/p>\n<p><span style=\"font-size: 14pt;\"><strong>Controllo veloce<\/strong><\/span><br \/>\nStato: il divano e le fodere sono disponibili nei negozi IKEA ad eccezione di 1,5 e 3,5 posti.<\/p>\n<p>Fodera: le <a href=\"https:\/\/comfort-works.com\/es-es\/collections\/ikea-stockholm-slipcovers\">fodere personalizzate per divano Stockholm<\/a> sono ancora disponibili presso Comfort Works<\/p>\n<p>Misure<\/p>\n<ul>\n<li>1,5 posti: L112 x P93 x H81 cm<\/li>\n<li>3 posti: L211 x P88 x H80 cm<\/li>\n<li>3,5 posti: L238 x P93 x H81 cm<\/li>\n<li>Poltroncina: L67 x P77 x H76 cm<\/li>\n<\/ul>\n<p>Fattore &#8220;wow&#8221;: il divano ha una seduta ampia e profonda per un design comodo ed elegante.<\/p>\n<p>Fattore &#8220;Ugh&#8221;: bracciolo alto e posti a sedere bassi.<\/p>\n<p>Manuale di istruzioni.<br \/>\nVuoi sapere come assemblare un divano di Stoccolma? Clicca sui modelli qui sotto per scaricare il loro manuale di istruzioni di assemblaggio.<\/p>\n<p><a href=\"https:\/\/blog.comfort-works.com\/wp-content\/uploads\/2015\/02\/Stockholm-1.5-Seater.pdf\">IKEA Stockholm 1.5 Posti<\/a><br \/>\n<a href=\"https:\/\/www.comfort-works.com\/news\/wp-content\/uploads\/2015\/02\/Stockholm-3.5-Seater.pdf\">IKEA Stockholm 3.5 posti<\/a><br \/>\n<a href=\"https:\/\/blog.comfort-works.com\/wp-content\/uploads\/2015\/02\/Stockholm-Easy-Chair.pdf\">IKEA Stockholm Poltroncina<\/a><\/p>\n<p><strong><span style=\"font-size: 14pt;\">La nostra recensione<\/span><\/strong><br \/>\nLe serie IKEA Stockholm \u00e8 una delle linee di prodotti pi\u00f9 pregiate di IKEA, i prodotti sono famosi per la loro ampia e profonda seduta. Decisamente comodo, ha un design minimalista che gli conferisce anche un aspetto lussuoso. Si noti che la 3.5 posti \u00e8 stata messa fuori produzione e sostituita dalla nuova 3 posti con gambe pi\u00f9 lunghe (e pi\u00f9 sexy) del divano.<\/p>\n<p><img loading=\"lazy\" decoding=\"async\" class=\"size-medium wp-image-5447\" src=\"https:\/\/blog.comfort-works.com\/wp-content\/uploads\/2015\/02\/stockholm-long-skirt-in-lino-vintage-539x700.jpg\" alt=\"stockholm long skirt in lino vintage\" width=\"538\" height=\"700\" srcset=\"https:\/\/blog.comfort-works.com\/wp-content\/uploads\/2015\/02\/stockholm-long-skirt-in-lino-vintage-539x700.jpg 539w, https:\/\/blog.comfort-works.com\/wp-content\/uploads\/2015\/02\/stockholm-long-skirt-in-lino-vintage-768x998.jpg 768w, https:\/\/blog.comfort-works.com\/wp-content\/uploads\/2015\/02\/stockholm-long-skirt-in-lino-vintage-788x1024.jpg 788w, https:\/\/blog.comfort-works.com\/wp-content\/uploads\/2015\/02\/stockholm-long-skirt-in-lino-vintage.jpg 1231w\" sizes=\"auto, (max-width: 538px) 100vw, 538px\" \/>Fodera personalizzata con gonna lunga 1,5 posti Stockholm in Lino Vintage<\/p>\n<p>Progetta oggi le tue <a href=\"https:\/\/blog.comfort-works.com\/wp-content\/uploads\/2015\/02\/Stockholm-Easy-Chair.pdf\">fodere personalizzate Stockholm<\/a> da Comfort Works.<\/p>\n","protected":false},"excerpt":{"rendered":"<p>Benvenuti alla pagina dedicata a tutto quello che avreste voluto sapere sul Goteborg di IKEA e molto di pi\u00f9 \u2014 misure, versioni, recensioni, rivestimenti, istruzioni per l\u2019assemblaggio e molto altro. Forse state cercando il divano perfetto e avete bisogno di un aiutino. Forse avete gi\u00e0 deciso di orientarvi sul Ektorp, ne avete trovato uno su [&hellip;]<\/p>\n","protected":false},"author":1001006,"featured_media":29384,"parent":0,"menu_order":0,"comment_status":"open","ping_status":"closed","template":"","meta":{"_acf_changed":false,"footnotes":""},"class_list":["post-39432","page","type-page","status-publish","has-post-thumbnail","hentry"],"acf":[],"yoast_head":"<!-- This site is optimized with the Yoast SEO Premium plugin v25.1 (Yoast SEO v25.1) - https:\/\/yoast.com\/wordpress\/plugins\/seo\/ -->\n<title>Divano IKEA Stockholm - Guida e informazioni<\/title>\n<meta name=\"description\" content=\"La guida definitiva e tutte le informazioni sul divano IKEA Stockholm - troverai misure, dimensioni, recensioni, fodere, manuale d&#039;istruzioni e molto altro.\" \/>\n<meta name=\"robots\" content=\"index, follow, max-snippet:-1, max-image-preview:large, max-video-preview:-1\" \/>\n<link rel=\"canonical\" href=\"https:\/\/blog.comfort-works.com\/it\/divano-ikea-stockholm-guida-e-informazioni\/\" \/>\n<meta property=\"og:locale\" content=\"it_IT\" \/>\n<meta property=\"og:type\" content=\"article\" \/>\n<meta property=\"og:title\" content=\"Divano IKEA Stockholm - Guida e informazioni\" \/>\n<meta property=\"og:description\" content=\"La guida definitiva e tutte le informazioni sul divano IKEA Stockholm - troverai misure, dimensioni, recensioni, fodere, manuale d&#039;istruzioni e molto altro.\" \/>\n<meta property=\"og:url\" content=\"https:\/\/blog.comfort-works.com\/it\/divano-ikea-stockholm-guida-e-informazioni\/\" \/>\n<meta property=\"og:site_name\" content=\"Comfort Works Blog &amp; Sofa Resources\" \/>\n<meta property=\"article:publisher\" content=\"https:\/\/www.facebook.com\/comfortworkscovers\" \/>\n<meta property=\"article:modified_time\" content=\"2024-01-30T02:43:59+00:00\" \/>\n<meta property=\"og:image\" content=\"https:\/\/blog-v3.comfort-works.com\/wp-content\/uploads\/2018\/06\/IKEA-Stockholm-2017-Madison-Ash-slipcover-scaled.jpg\" \/>\n\t<meta property=\"og:image:width\" content=\"6000\" \/>\n\t<meta property=\"og:image:height\" content=\"4000\" \/>\n\t<meta property=\"og:image:type\" content=\"image\/jpeg\" \/>\n<meta name=\"twitter:card\" content=\"summary_large_image\" \/>\n<meta name=\"twitter:site\" content=\"@comfortworks\" \/>\n<meta name=\"twitter:label1\" content=\"Tempo di lettura stimato\" \/>\n\t<meta name=\"twitter:data1\" content=\"2 minuti\" \/>\n<script type=\"application\/ld+json\" class=\"yoast-schema-graph\">{\"@context\":\"https:\/\/schema.org\",\"@graph\":[{\"@type\":\"WebPage\",\"@id\":\"https:\/\/blog.comfort-works.com\/it\/divano-ikea-stockholm-guida-e-informazioni\/\",\"url\":\"https:\/\/blog.comfort-works.com\/it\/divano-ikea-stockholm-guida-e-informazioni\/\",\"name\":\"Divano IKEA Stockholm - Guida e informazioni\",\"isPartOf\":{\"@id\":\"https:\/\/blog.comfort-works.com\/#website\"},\"primaryImageOfPage\":{\"@id\":\"https:\/\/blog.comfort-works.com\/it\/divano-ikea-stockholm-guida-e-informazioni\/#primaryimage\"},\"image\":{\"@id\":\"https:\/\/blog.comfort-works.com\/it\/divano-ikea-stockholm-guida-e-informazioni\/#primaryimage\"},\"thumbnailUrl\":\"https:\/\/blog.comfort-works.com\/wp-content\/uploads\/2018\/06\/IKEA-Stockholm-2017-Madison-Ash-slipcover-scaled.jpg\",\"datePublished\":\"2019-03-25T21:49:12+00:00\",\"dateModified\":\"2024-01-30T02:43:59+00:00\",\"description\":\"La guida definitiva e tutte le informazioni sul divano IKEA Stockholm - troverai misure, dimensioni, recensioni, fodere, manuale d'istruzioni e molto altro.\",\"inLanguage\":\"it-IT\",\"potentialAction\":[{\"@type\":\"ReadAction\",\"target\":[\"https:\/\/blog.comfort-works.com\/it\/divano-ikea-stockholm-guida-e-informazioni\/\"]}]},{\"@type\":\"ImageObject\",\"inLanguage\":\"it-IT\",\"@id\":\"https:\/\/blog.comfort-works.com\/it\/divano-ikea-stockholm-guida-e-informazioni\/#primaryimage\",\"url\":\"https:\/\/blog.comfort-works.com\/wp-content\/uploads\/2018\/06\/IKEA-Stockholm-2017-Madison-Ash-slipcover-scaled.jpg\",\"contentUrl\":\"https:\/\/blog.comfort-works.com\/wp-content\/uploads\/2018\/06\/IKEA-Stockholm-2017-Madison-Ash-slipcover-scaled.jpg\",\"width\":6000,\"height\":4000,\"caption\":\"IKEA Stockholm 2017 in Madison Ash slipcover\"},{\"@type\":\"WebSite\",\"@id\":\"https:\/\/blog.comfort-works.com\/#website\",\"url\":\"https:\/\/blog.comfort-works.com\/\",\"name\":\"Finding Comfort\",\"description\":\"Everything you need to know about sofas\",\"publisher\":{\"@id\":\"https:\/\/blog.comfort-works.com\/#organization\"},\"potentialAction\":[{\"@type\":\"SearchAction\",\"target\":{\"@type\":\"EntryPoint\",\"urlTemplate\":\"https:\/\/blog.comfort-works.com\/?s={search_term_string}\"},\"query-input\":{\"@type\":\"PropertyValueSpecification\",\"valueRequired\":true,\"valueName\":\"search_term_string\"}}],\"inLanguage\":\"it-IT\"},{\"@type\":\"Organization\",\"@id\":\"https:\/\/blog.comfort-works.com\/#organization\",\"name\":\"Comfort Works\",\"url\":\"https:\/\/blog.comfort-works.com\/\",\"logo\":{\"@type\":\"ImageObject\",\"inLanguage\":\"it-IT\",\"@id\":\"https:\/\/blog.comfort-works.com\/#\/schema\/logo\/image\/\",\"url\":\"https:\/\/blog.comfort-works.com\/wp-content\/uploads\/2025\/06\/Frame-31.png\",\"contentUrl\":\"https:\/\/blog.comfort-works.com\/wp-content\/uploads\/2025\/06\/Frame-31.png\",\"width\":1200,\"height\":675,\"caption\":\"Comfort Works\"},\"image\":{\"@id\":\"https:\/\/blog.comfort-works.com\/#\/schema\/logo\/image\/\"},\"sameAs\":[\"https:\/\/www.facebook.com\/comfortworkscovers\",\"https:\/\/x.com\/comfortworks\",\"https:\/\/www.instagram.com\/comfortworks\/\",\"https:\/\/www.pinterest.com\/comfortworks\/\",\"https:\/\/www.youtube.com\/channel\/UCiY0z-GqZUzfeBwrAhT2kAg\"]}]}<\/script>\n<!-- \/ Yoast SEO Premium plugin. -->","yoast_head_json":{"title":"Divano IKEA Stockholm - Guida e informazioni","description":"La guida definitiva e tutte le informazioni sul divano IKEA Stockholm - troverai misure, dimensioni, recensioni, fodere, manuale d'istruzioni e molto altro.","robots":{"index":"index","follow":"follow","max-snippet":"max-snippet:-1","max-image-preview":"max-image-preview:large","max-video-preview":"max-video-preview:-1"},"canonical":"https:\/\/blog.comfort-works.com\/it\/divano-ikea-stockholm-guida-e-informazioni\/","og_locale":"it_IT","og_type":"article","og_title":"Divano IKEA Stockholm - Guida e informazioni","og_description":"La guida definitiva e tutte le informazioni sul divano IKEA Stockholm - troverai misure, dimensioni, recensioni, fodere, manuale d'istruzioni e molto altro.","og_url":"https:\/\/blog.comfort-works.com\/it\/divano-ikea-stockholm-guida-e-informazioni\/","og_site_name":"Comfort Works Blog &amp; Sofa Resources","article_publisher":"https:\/\/www.facebook.com\/comfortworkscovers","article_modified_time":"2024-01-30T02:43:59+00:00","og_image":[{"width":6000,"height":4000,"url":"https:\/\/blog-v3.comfort-works.com\/wp-content\/uploads\/2018\/06\/IKEA-Stockholm-2017-Madison-Ash-slipcover-scaled.jpg","type":"image\/jpeg"}],"twitter_card":"summary_large_image","twitter_site":"@comfortworks","twitter_misc":{"Tempo di lettura stimato":"2 minuti"},"schema":{"@context":"https:\/\/schema.org","@graph":[{"@type":"WebPage","@id":"https:\/\/blog.comfort-works.com\/it\/divano-ikea-stockholm-guida-e-informazioni\/","url":"https:\/\/blog.comfort-works.com\/it\/divano-ikea-stockholm-guida-e-informazioni\/","name":"Divano IKEA Stockholm - Guida e informazioni","isPartOf":{"@id":"https:\/\/blog.comfort-works.com\/#website"},"primaryImageOfPage":{"@id":"https:\/\/blog.comfort-works.com\/it\/divano-ikea-stockholm-guida-e-informazioni\/#primaryimage"},"image":{"@id":"https:\/\/blog.comfort-works.com\/it\/divano-ikea-stockholm-guida-e-informazioni\/#primaryimage"},"thumbnailUrl":"https:\/\/blog.comfort-works.com\/wp-content\/uploads\/2018\/06\/IKEA-Stockholm-2017-Madison-Ash-slipcover-scaled.jpg","datePublished":"2019-03-25T21:49:12+00:00","dateModified":"2024-01-30T02:43:59+00:00","description":"La guida definitiva e tutte le informazioni sul divano IKEA Stockholm - troverai misure, dimensioni, recensioni, fodere, manuale d'istruzioni e molto altro.","inLanguage":"it-IT","potentialAction":[{"@type":"ReadAction","target":["https:\/\/blog.comfort-works.com\/it\/divano-ikea-stockholm-guida-e-informazioni\/"]}]},{"@type":"ImageObject","inLanguage":"it-IT","@id":"https:\/\/blog.comfort-works.com\/it\/divano-ikea-stockholm-guida-e-informazioni\/#primaryimage","url":"https:\/\/blog.comfort-works.com\/wp-content\/uploads\/2018\/06\/IKEA-Stockholm-2017-Madison-Ash-slipcover-scaled.jpg","contentUrl":"https:\/\/blog.comfort-works.com\/wp-content\/uploads\/2018\/06\/IKEA-Stockholm-2017-Madison-Ash-slipcover-scaled.jpg","width":6000,"height":4000,"caption":"IKEA Stockholm 2017 in Madison Ash slipcover"},{"@type":"WebSite","@id":"https:\/\/blog.comfort-works.com\/#website","url":"https:\/\/blog.comfort-works.com\/","name":"Finding Comfort","description":"Everything you need to know about sofas","publisher":{"@id":"https:\/\/blog.comfort-works.com\/#organization"},"potentialAction":[{"@type":"SearchAction","target":{"@type":"EntryPoint","urlTemplate":"https:\/\/blog.comfort-works.com\/?s={search_term_string}"},"query-input":{"@type":"PropertyValueSpecification","valueRequired":true,"valueName":"search_term_string"}}],"inLanguage":"it-IT"},{"@type":"Organization","@id":"https:\/\/blog.comfort-works.com\/#organization","name":"Comfort Works","url":"https:\/\/blog.comfort-works.com\/","logo":{"@type":"ImageObject","inLanguage":"it-IT","@id":"https:\/\/blog.comfort-works.com\/#\/schema\/logo\/image\/","url":"https:\/\/blog.comfort-works.com\/wp-content\/uploads\/2025\/06\/Frame-31.png","contentUrl":"https:\/\/blog.comfort-works.com\/wp-content\/uploads\/2025\/06\/Frame-31.png","width":1200,"height":675,"caption":"Comfort Works"},"image":{"@id":"https:\/\/blog.comfort-works.com\/#\/schema\/logo\/image\/"},"sameAs":["https:\/\/www.facebook.com\/comfortworkscovers","https:\/\/x.com\/comfortworks","https:\/\/www.instagram.com\/comfortworks\/","https:\/\/www.pinterest.com\/comfortworks\/","https:\/\/www.youtube.com\/channel\/UCiY0z-GqZUzfeBwrAhT2kAg"]}]}},"_links":{"self":[{"href":"https:\/\/blog.comfort-works.com\/it\/wp-json\/wp\/v2\/pages\/39432","targetHints":{"allow":["GET"]}}],"collection":[{"href":"https:\/\/blog.comfort-works.com\/it\/wp-json\/wp\/v2\/pages"}],"about":[{"href":"https:\/\/blog.comfort-works.com\/it\/wp-json\/wp\/v2\/types\/page"}],"author":[{"embeddable":true,"href":"https:\/\/blog.comfort-works.com\/it\/wp-json\/wp\/v2\/users\/1001006"}],"replies":[{"embeddable":true,"href":"https:\/\/blog.comfort-works.com\/it\/wp-json\/wp\/v2\/comments?post=39432"}],"version-history":[{"count":7,"href":"https:\/\/blog.comfort-works.com\/it\/wp-json\/wp\/v2\/pages\/39432\/revisions"}],"predecessor-version":[{"id":113504,"href":"https:\/\/blog.comfort-works.com\/it\/wp-json\/wp\/v2\/pages\/39432\/revisions\/113504"}],"wp:featuredmedia":[{"embeddable":true,"href":"https:\/\/blog.comfort-works.com\/it\/wp-json\/wp\/v2\/media\/29384"}],"wp:attachment":[{"href":"https:\/\/blog.comfort-works.com\/it\/wp-json\/wp\/v2\/media?parent=39432"}],"curies":[{"name":"wp","href":"https:\/\/api.w.org\/{rel}","templated":true}]}}