{"id":39824,"date":"2019-04-05T01:07:37","date_gmt":"2019-04-04T17:07:37","guid":{"rendered":"https:\/\/www.comfort-works.com\/news\/divano-ikea-stocksund-guida-e-informazioni\/"},"modified":"2024-01-30T13:25:10","modified_gmt":"2024-01-30T05:25:10","slug":"divano-ikea-stocksund-guida-e-informazioni","status":"publish","type":"page","link":"https:\/\/blog.comfort-works.com\/it\/divano-ikea-stocksund-guida-e-informazioni\/","title":{"rendered":"Divano IKEA Stocksund &#8211; Guida e informazioni"},"content":{"rendered":"<p class=\"p1\">Benvenuti alla pagina dedicata a tutto quello che avreste voluto sapere sullo Stocksund di IKEA e molto di pi\u00f9 \u2014 misure, versioni, recensioni, rivestimenti, istruzioni per l\u2019assemblaggio e molto altro.<\/p>\n<p class=\"p1\">Forse state cercando il divano perfetto e avete bisogno di un aiutino. Forse avete gi\u00e0 deciso di orientarvi sullo Stocksund, ne avete trovato uno su Craigslist o Ebay e vi occorrono maggiori informazioni. Forse avete gi\u00e0 uno Stocksund e qualche ospite ha deciso di versare del caff\u00e8 sulle sue fodere impossibili da trovare. Forse, ancora, un vostro parente sta per arrivare in citt\u00e0 e vorreste dare un look pi\u00f9 \u2018adulto\u2019 ai vostri rivestimenti. In questo post, vi aiuteremo con quasi tutto.<\/p>\n<p class=\"p1\">E se ancora restano questioni senza risposta, sentitevi liberi di contattarci qui: <a href=\"mailto:info@comfortworks.com.au\"><span class=\"s1\">info@comfortworks.com.au<\/span><\/a><\/p>\n<p><span style=\"font-size: 14pt;\"><strong>CONTROLLO VELOCE.<\/strong><\/span><br \/>\nStato: Divano e copridivani ancora disponibili presso IKEA.<\/p>\n<p>Fodera: Fodere Stocksund disponibili da Comfort Works<\/p>\n<p>Fattore &#8220;cool&#8221;: Classici braccioli\u00a0 arrotolati e gambe affusolate; estremamente confortevole con seduta profonda e una buona imbottitura.<\/p>\n<p>Fattore &#8220;Ugh&#8221;: un po&#8217; troppo grande per piccoli spazi e monolocali.<\/p>\n<p><span style=\"font-size: 14pt;\"><strong>Misure<\/strong><\/span>:<\/p>\n<ul>\n<li>Stocksund Poggiapiedi: Larghezza: 101 cm, Profondit\u00e0: 79 cm, Altezza: 48 cm<\/li>\n<li>Poltrona Stocksund: Larghezza: 92 cm, Profondit\u00e0: 95 cm, Altezza: 89 cm<\/li>\n<li>Stocksund Divano 2 posti: Larghezza: 154 cm, Profondit\u00e0: 95 cm, Altezza: 89 cm<\/li>\n<li>Divano 3 posti Stocksund: Larghezza: 199 cm, Profondit\u00e0: 95 cm, Altezza: 89 cm<\/li>\n<li>Panca Stocksund: Larghezza: 144 cm, Profondit\u00e0: 49 cm, Altezza: 47 cm<\/li>\n<\/ul>\n<p><span style=\"font-size: 14pt;\"><strong>MANUALE DI ISTRUZIONI.<\/strong><\/span><br \/>\nVuoi sapere come assemblare un divano Stocksund?<\/p>\n<p>Fai clic sul rispettivo modello qui sotto per scaricare le istruzioni di montaggio<\/p>\n<ul>\n<li><a href=\"https:\/\/www.comfort-works.com\/news\/wp-content\/uploads\/2018\/07\/IKEA-Stocksund-Footstool-Assembly-Instruction-Manual.pdf\">IKEA Stocksund Poggiapiedi Istruzioni per l&#8217;uso<\/a><\/li>\n<li><a href=\"https:\/\/www.comfort-works.com\/news\/wp-content\/uploads\/2018\/07\/IKEA-Stocksund-Armchair-Assembly-Instruction-Manual.pdf\">Manuale di istruzioni per l&#8217;assemblaggio della poltrona di Stocksund IKEA<\/a><\/li>\n<li><a href=\"https:\/\/www.comfort-works.com\/news\/wp-content\/uploads\/2018\/07\/IKEA-Stocksund-2-Seater-Sofa-Assembly-Instruction-Manual.pdf\">Manuale di istruzioni IKEA Stocksund 2 Divano Divano<\/a><\/li>\n<li><a href=\"https:\/\/www.comfort-works.com\/news\/wp-content\/uploads\/2018\/07\/IKEA-Stocksund-3-Seater-Sofa-Assembly-Instruction-Manual.pdf\">Manuale di istruzioni IKEA Stocksund 3 Sofa Sofa Assembly<\/a><\/li>\n<li><a href=\"https:\/\/blog.comfort-works.com\/wp-content\/uploads\/2018\/07\/IKEA-Stocksund-Bench-Assembly-Instruction-Manual.pdf\">Manuale di istruzioni per banco da banco IKEA Stocksund<\/a><\/li>\n<\/ul>\n<p><strong><span style=\"font-size: 14pt;\">LA NOSTRA RECENSIONE<\/span><\/strong><br \/>\nIl robusto divano Stocksund si \u00e8 fatto largo sin dalla sua introduzione nel 2014. I suoi sedili profondi e confortevoli sono perfetti per rilassarsi, e i classici braccioli laminati inglesi con le gambe affusolate si rivolgono all&#8217;estetica pi\u00f9 tradizionale. La gamma comprende poltrona, 3 posti, 2 posti e panca (con contenitore), quindi \u00e8 perfetta per arredare un&#8217;ampia zona giorno con mobili coordinati.<\/p>\n<p>Disegna la tua <a href=\"https:\/\/blog.comfort-works.com\/wp-content\/uploads\/2018\/07\/IKEA-Stocksund-Bench-Assembly-Instruction-Manual.pdf\">fodera Stocksund<\/a> con Comfort Works!<\/p>\n<p>Sentiti libero di chiedere ulteriori opzioni di personalizzazione, <a href=\"https:\/\/comfort-works.com\/de-de\/pages\/contact-us\n\">mettiti in contatto con noi<\/a>!<\/p>\n<p><span style=\"font-size: 14pt;\"><strong>MAGGIORI INFORMAZIONI<\/strong><\/span><br \/>\nCure 4 Decor &#8211; IKEA Stocksund Review<\/p>\n<p><a href=\"https:\/\/placeofmytaste.com\/comfort-works\/\">Place of my Taste<\/a> &#8211; Rivista di rivestimento per divano Comfort Works<\/p>\n<p><a href=\"\/news?p=5040\">Comfort Works<\/a> &#8211; IKEA Stocksund Sofa Series (2014) Recensione<\/p>\n","protected":false},"excerpt":{"rendered":"<p>Benvenuti alla pagina dedicata a tutto quello che avreste voluto sapere sullo Stocksund di IKEA e molto di pi\u00f9 \u2014 misure, versioni, recensioni, rivestimenti, istruzioni per l\u2019assemblaggio e molto altro. Forse state cercando il divano perfetto e avete bisogno di un aiutino. Forse avete gi\u00e0 deciso di orientarvi sullo Stocksund, ne avete trovato uno su [&hellip;]<\/p>\n","protected":false},"author":1001022,"featured_media":39825,"parent":0,"menu_order":0,"comment_status":"closed","ping_status":"closed","template":"","meta":{"_acf_changed":false,"footnotes":""},"class_list":["post-39824","page","type-page","status-publish","has-post-thumbnail","hentry"],"acf":[],"yoast_head":"<!-- This site is optimized with the Yoast SEO Premium plugin v25.1 (Yoast SEO v25.1) - https:\/\/yoast.com\/wordpress\/plugins\/seo\/ -->\n<title>Divano IKEA Stocksund - guida e recensione<\/title>\n<meta name=\"description\" content=\"La guida definitiva e tutte le informazioni sul divano iKEA Stocksund - troverai misure, dimensioni, recensioni, fodere, manuale d&#039;istruzioni e molto altro.\" \/>\n<meta name=\"robots\" content=\"index, follow, max-snippet:-1, max-image-preview:large, max-video-preview:-1\" \/>\n<link rel=\"canonical\" href=\"https:\/\/blog.comfort-works.com\/it\/divano-ikea-stocksund-guida-e-informazioni\/\" \/>\n<meta property=\"og:locale\" content=\"it_IT\" \/>\n<meta property=\"og:type\" content=\"article\" \/>\n<meta property=\"og:title\" content=\"Divano IKEA Stocksund - guida e recensione\" \/>\n<meta property=\"og:description\" content=\"La guida definitiva e tutte le informazioni sul divano iKEA Stocksund - troverai misure, dimensioni, recensioni, fodere, manuale d&#039;istruzioni e molto altro.\" \/>\n<meta property=\"og:url\" content=\"https:\/\/blog.comfort-works.com\/it\/divano-ikea-stocksund-guida-e-informazioni\/\" \/>\n<meta property=\"og:site_name\" content=\"Comfort Works Blog &amp; Sofa Resources\" \/>\n<meta property=\"article:publisher\" content=\"https:\/\/www.facebook.com\/comfortworkscovers\" \/>\n<meta property=\"article:modified_time\" content=\"2024-01-30T05:25:10+00:00\" \/>\n<meta property=\"og:image\" content=\"https:\/\/blog-v3.comfort-works.com\/wp-content\/uploads\/2018\/07\/Stocksund-3-seater-sofa-with-Gaia-White-slipcovers.jpg\" \/>\n\t<meta property=\"og:image:width\" content=\"980\" \/>\n\t<meta property=\"og:image:height\" content=\"552\" \/>\n\t<meta property=\"og:image:type\" content=\"image\/jpeg\" \/>\n<meta name=\"twitter:card\" content=\"summary_large_image\" \/>\n<meta name=\"twitter:site\" content=\"@comfortworks\" \/>\n<meta name=\"twitter:label1\" content=\"Tempo di lettura stimato\" \/>\n\t<meta name=\"twitter:data1\" content=\"2 minuti\" \/>\n<script type=\"application\/ld+json\" class=\"yoast-schema-graph\">{\"@context\":\"https:\/\/schema.org\",\"@graph\":[{\"@type\":\"WebPage\",\"@id\":\"https:\/\/blog.comfort-works.com\/it\/divano-ikea-stocksund-guida-e-informazioni\/\",\"url\":\"https:\/\/blog.comfort-works.com\/it\/divano-ikea-stocksund-guida-e-informazioni\/\",\"name\":\"Divano IKEA Stocksund - guida e recensione\",\"isPartOf\":{\"@id\":\"https:\/\/blog.comfort-works.com\/#website\"},\"primaryImageOfPage\":{\"@id\":\"https:\/\/blog.comfort-works.com\/it\/divano-ikea-stocksund-guida-e-informazioni\/#primaryimage\"},\"image\":{\"@id\":\"https:\/\/blog.comfort-works.com\/it\/divano-ikea-stocksund-guida-e-informazioni\/#primaryimage\"},\"thumbnailUrl\":\"https:\/\/blog.comfort-works.com\/wp-content\/uploads\/2018\/07\/Stocksund-3-seater-sofa-with-Gaia-White-slipcovers.jpg\",\"datePublished\":\"2019-04-04T17:07:37+00:00\",\"dateModified\":\"2024-01-30T05:25:10+00:00\",\"description\":\"La guida definitiva e tutte le informazioni sul divano iKEA Stocksund - troverai misure, dimensioni, recensioni, fodere, manuale d'istruzioni e molto altro.\",\"inLanguage\":\"it-IT\",\"potentialAction\":[{\"@type\":\"ReadAction\",\"target\":[\"https:\/\/blog.comfort-works.com\/it\/divano-ikea-stocksund-guida-e-informazioni\/\"]}]},{\"@type\":\"ImageObject\",\"inLanguage\":\"it-IT\",\"@id\":\"https:\/\/blog.comfort-works.com\/it\/divano-ikea-stocksund-guida-e-informazioni\/#primaryimage\",\"url\":\"https:\/\/blog.comfort-works.com\/wp-content\/uploads\/2018\/07\/Stocksund-3-seater-sofa-with-Gaia-White-slipcovers.jpg\",\"contentUrl\":\"https:\/\/blog.comfort-works.com\/wp-content\/uploads\/2018\/07\/Stocksund-3-seater-sofa-with-Gaia-White-slipcovers.jpg\",\"width\":980,\"height\":552,\"caption\":\"Stocksund 3 seater sofa with our Gaia White slipcovers\"},{\"@type\":\"WebSite\",\"@id\":\"https:\/\/blog.comfort-works.com\/#website\",\"url\":\"https:\/\/blog.comfort-works.com\/\",\"name\":\"Finding Comfort\",\"description\":\"Everything you need to know about sofas\",\"publisher\":{\"@id\":\"https:\/\/blog.comfort-works.com\/#organization\"},\"potentialAction\":[{\"@type\":\"SearchAction\",\"target\":{\"@type\":\"EntryPoint\",\"urlTemplate\":\"https:\/\/blog.comfort-works.com\/?s={search_term_string}\"},\"query-input\":{\"@type\":\"PropertyValueSpecification\",\"valueRequired\":true,\"valueName\":\"search_term_string\"}}],\"inLanguage\":\"it-IT\"},{\"@type\":\"Organization\",\"@id\":\"https:\/\/blog.comfort-works.com\/#organization\",\"name\":\"Comfort Works\",\"url\":\"https:\/\/blog.comfort-works.com\/\",\"logo\":{\"@type\":\"ImageObject\",\"inLanguage\":\"it-IT\",\"@id\":\"https:\/\/blog.comfort-works.com\/#\/schema\/logo\/image\/\",\"url\":\"https:\/\/blog.comfort-works.com\/wp-content\/uploads\/2025\/06\/Frame-31.png\",\"contentUrl\":\"https:\/\/blog.comfort-works.com\/wp-content\/uploads\/2025\/06\/Frame-31.png\",\"width\":1200,\"height\":675,\"caption\":\"Comfort Works\"},\"image\":{\"@id\":\"https:\/\/blog.comfort-works.com\/#\/schema\/logo\/image\/\"},\"sameAs\":[\"https:\/\/www.facebook.com\/comfortworkscovers\",\"https:\/\/x.com\/comfortworks\",\"https:\/\/www.instagram.com\/comfortworks\/\",\"https:\/\/www.pinterest.com\/comfortworks\/\",\"https:\/\/www.youtube.com\/channel\/UCiY0z-GqZUzfeBwrAhT2kAg\"]}]}<\/script>\n<!-- \/ Yoast SEO Premium plugin. -->","yoast_head_json":{"title":"Divano IKEA Stocksund - guida e recensione","description":"La guida definitiva e tutte le informazioni sul divano iKEA Stocksund - troverai misure, dimensioni, recensioni, fodere, manuale d'istruzioni e molto altro.","robots":{"index":"index","follow":"follow","max-snippet":"max-snippet:-1","max-image-preview":"max-image-preview:large","max-video-preview":"max-video-preview:-1"},"canonical":"https:\/\/blog.comfort-works.com\/it\/divano-ikea-stocksund-guida-e-informazioni\/","og_locale":"it_IT","og_type":"article","og_title":"Divano IKEA Stocksund - guida e recensione","og_description":"La guida definitiva e tutte le informazioni sul divano iKEA Stocksund - troverai misure, dimensioni, recensioni, fodere, manuale d'istruzioni e molto altro.","og_url":"https:\/\/blog.comfort-works.com\/it\/divano-ikea-stocksund-guida-e-informazioni\/","og_site_name":"Comfort Works Blog &amp; Sofa Resources","article_publisher":"https:\/\/www.facebook.com\/comfortworkscovers","article_modified_time":"2024-01-30T05:25:10+00:00","og_image":[{"width":980,"height":552,"url":"https:\/\/blog-v3.comfort-works.com\/wp-content\/uploads\/2018\/07\/Stocksund-3-seater-sofa-with-Gaia-White-slipcovers.jpg","type":"image\/jpeg"}],"twitter_card":"summary_large_image","twitter_site":"@comfortworks","twitter_misc":{"Tempo di lettura stimato":"2 minuti"},"schema":{"@context":"https:\/\/schema.org","@graph":[{"@type":"WebPage","@id":"https:\/\/blog.comfort-works.com\/it\/divano-ikea-stocksund-guida-e-informazioni\/","url":"https:\/\/blog.comfort-works.com\/it\/divano-ikea-stocksund-guida-e-informazioni\/","name":"Divano IKEA Stocksund - guida e recensione","isPartOf":{"@id":"https:\/\/blog.comfort-works.com\/#website"},"primaryImageOfPage":{"@id":"https:\/\/blog.comfort-works.com\/it\/divano-ikea-stocksund-guida-e-informazioni\/#primaryimage"},"image":{"@id":"https:\/\/blog.comfort-works.com\/it\/divano-ikea-stocksund-guida-e-informazioni\/#primaryimage"},"thumbnailUrl":"https:\/\/blog.comfort-works.com\/wp-content\/uploads\/2018\/07\/Stocksund-3-seater-sofa-with-Gaia-White-slipcovers.jpg","datePublished":"2019-04-04T17:07:37+00:00","dateModified":"2024-01-30T05:25:10+00:00","description":"La guida definitiva e tutte le informazioni sul divano iKEA Stocksund - troverai misure, dimensioni, recensioni, fodere, manuale d'istruzioni e molto altro.","inLanguage":"it-IT","potentialAction":[{"@type":"ReadAction","target":["https:\/\/blog.comfort-works.com\/it\/divano-ikea-stocksund-guida-e-informazioni\/"]}]},{"@type":"ImageObject","inLanguage":"it-IT","@id":"https:\/\/blog.comfort-works.com\/it\/divano-ikea-stocksund-guida-e-informazioni\/#primaryimage","url":"https:\/\/blog.comfort-works.com\/wp-content\/uploads\/2018\/07\/Stocksund-3-seater-sofa-with-Gaia-White-slipcovers.jpg","contentUrl":"https:\/\/blog.comfort-works.com\/wp-content\/uploads\/2018\/07\/Stocksund-3-seater-sofa-with-Gaia-White-slipcovers.jpg","width":980,"height":552,"caption":"Stocksund 3 seater sofa with our Gaia White slipcovers"},{"@type":"WebSite","@id":"https:\/\/blog.comfort-works.com\/#website","url":"https:\/\/blog.comfort-works.com\/","name":"Finding Comfort","description":"Everything you need to know about sofas","publisher":{"@id":"https:\/\/blog.comfort-works.com\/#organization"},"potentialAction":[{"@type":"SearchAction","target":{"@type":"EntryPoint","urlTemplate":"https:\/\/blog.comfort-works.com\/?s={search_term_string}"},"query-input":{"@type":"PropertyValueSpecification","valueRequired":true,"valueName":"search_term_string"}}],"inLanguage":"it-IT"},{"@type":"Organization","@id":"https:\/\/blog.comfort-works.com\/#organization","name":"Comfort Works","url":"https:\/\/blog.comfort-works.com\/","logo":{"@type":"ImageObject","inLanguage":"it-IT","@id":"https:\/\/blog.comfort-works.com\/#\/schema\/logo\/image\/","url":"https:\/\/blog.comfort-works.com\/wp-content\/uploads\/2025\/06\/Frame-31.png","contentUrl":"https:\/\/blog.comfort-works.com\/wp-content\/uploads\/2025\/06\/Frame-31.png","width":1200,"height":675,"caption":"Comfort Works"},"image":{"@id":"https:\/\/blog.comfort-works.com\/#\/schema\/logo\/image\/"},"sameAs":["https:\/\/www.facebook.com\/comfortworkscovers","https:\/\/x.com\/comfortworks","https:\/\/www.instagram.com\/comfortworks\/","https:\/\/www.pinterest.com\/comfortworks\/","https:\/\/www.youtube.com\/channel\/UCiY0z-GqZUzfeBwrAhT2kAg"]}]}},"_links":{"self":[{"href":"https:\/\/blog.comfort-works.com\/it\/wp-json\/wp\/v2\/pages\/39824","targetHints":{"allow":["GET"]}}],"collection":[{"href":"https:\/\/blog.comfort-works.com\/it\/wp-json\/wp\/v2\/pages"}],"about":[{"href":"https:\/\/blog.comfort-works.com\/it\/wp-json\/wp\/v2\/types\/page"}],"author":[{"embeddable":true,"href":"https:\/\/blog.comfort-works.com\/it\/wp-json\/wp\/v2\/users\/1001022"}],"replies":[{"embeddable":true,"href":"https:\/\/blog.comfort-works.com\/it\/wp-json\/wp\/v2\/comments?post=39824"}],"version-history":[{"count":6,"href":"https:\/\/blog.comfort-works.com\/it\/wp-json\/wp\/v2\/pages\/39824\/revisions"}],"predecessor-version":[{"id":113906,"href":"https:\/\/blog.comfort-works.com\/it\/wp-json\/wp\/v2\/pages\/39824\/revisions\/113906"}],"wp:featuredmedia":[{"embeddable":true,"href":"https:\/\/blog.comfort-works.com\/it\/wp-json\/wp\/v2\/media\/39825"}],"wp:attachment":[{"href":"https:\/\/blog.comfort-works.com\/it\/wp-json\/wp\/v2\/media?parent=39824"}],"curies":[{"name":"wp","href":"https:\/\/api.w.org\/{rel}","templated":true}]}}