{"id":39878,"date":"2019-04-05T01:33:17","date_gmt":"2019-04-04T17:33:17","guid":{"rendered":"https:\/\/www.comfort-works.com\/news\/divano-ikea-tylosand-guida-e-recensione\/"},"modified":"2024-01-15T14:44:56","modified_gmt":"2024-01-15T06:44:56","slug":"divano-ikea-tylosand-guida-e-recensione","status":"publish","type":"page","link":"https:\/\/blog.comfort-works.com\/it\/divano-ikea-tylosand-guida-e-recensione\/","title":{"rendered":"Divano IKEA Tylosand &#8211; Guida e recensione"},"content":{"rendered":"<p class=\"p1\">Benvenuti alla pagina dedicata a tutto quello che avreste voluto sapere sul Tylosand di IKEA e molto di pi\u00f9 \u2014 misure, versioni, recensioni, rivestimenti, istruzioni per l\u2019assemblaggio e molto altro.<\/p>\n<p class=\"p1\">Forse state cercando il divano perfetto e avete bisogno di un aiutino. Forse avete gi\u00e0 deciso di orientarvi sul Tylosand, ne avete trovato uno su Craigslist o Ebay e vi occorrono maggiori informazioni. Forse avete gi\u00e0 un Tylosand e qualche ospite ha deciso di versare del caff\u00e8 sulle sue fodere impossibili da trovare. Forse, ancora, un vostro parente sta per arrivare in citt\u00e0 e vorreste dare un look pi\u00f9 \u2018adulto\u2019 ai vostri rivestimenti. In questo post, vi aiuteremo con quasi tutto.<\/p>\n<p class=\"p1\">E se ancora restano questioni senza risposta, sentitevi liberi di contattarci qui: <a href=\"mailto:info@comfortworks.com.au\"><span class=\"s1\">info@comfortworks.com.au<\/span><\/a><\/p>\n<p><span style=\"font-size: 14pt;\"><strong>Controllo veloce<\/strong><\/span><br \/>\nStato: Divano e fodera non pi\u00f9 disponibili da IKEA.<\/p>\n<p>Fodera: <a href=\"https:\/\/comfort-works.com\/it\/tylosand-76\/\">Fodere personalizzate Tylosand<\/a> ancora disponibili da Comfort Works<\/p>\n<p><span style=\"font-size: 14pt;\"><strong>Misure<\/strong><\/span><\/p>\n<ul>\n<li>Tyl\u00f6sand Pggiapiedi Slipcover W- 58 D- 92 H- 40<\/li>\n<li>Fodera Tyl\u00f6sand 1 sezione W- 85 D- 86 H- 55<\/li>\n<li>Tyl\u00f6sand 2 sedute Braccio destro \/ Fodera del braccio sinistro W- 154 D- 89 H- 55<\/li>\n<li>Tyl\u00f6sand 3 posti divano Fodera W- 234 D- 89 H- 52<\/li>\n<li>Fodera per divano letto Tylosand W- 240 D- 89 H- 52<\/li>\n<li>Tyl\u00f6sand Chaise Lounge Destra W- 86 D- 87 H- 55<\/li>\n<li>Tyl\u00f6sand Chaise Lounge Sinistra W- 86 D- 87 H- 55<\/li>\n<\/ul>\n<p>Factor &#8220;wow&#8221;: bello da vedere e super modulare, in pratica avrai i vari pezzi come fossero Lego.<\/p>\n<p>Fattore &#8220;Ugh&#8221;: non \u00e8 il pi\u00f9 comodo divano IKEA, si incurva e si comprime nel tempo.<\/p>\n<p><span style=\"font-size: 14pt;\"><strong>Manuale di istruzioni<\/strong><\/span><br \/>\nVuoi sapere come assemblare un divano Tylosand?<\/p>\n<p>Tutti i modelli di divani, dimensioni e misure possono essere trovati in questo post &#8211; <a href=\"\/news?p=2003\">IKEA Tylosand Misure<\/a>.<\/p>\n<p><span style=\"font-size: 14pt;\"><strong>La nostra recensione<\/strong><\/span><br \/>\nIl divano potrebbe essere pi\u00f9 comodo, ma i cuscini intorno sembrano funzionare e ha un aspetto esteticamente moderno &#8211; l&#8217;unico lato negativo del Tylosand \u00e8 che cede nel tempo. Vedi la nostra recensione completa <a href=\"\/news?p=2003\">qui.<\/a><\/p>\n<p>Sebbene questo modello sia stato messo fuori produzione nei negozi IKEA, Comfort Works continua a produrre <a href=\"https:\/\/comfort-works.com\/it\/tylosand-76\/\">fodere sostitutive per IKEA Tylosand.<\/a><\/p>\n<p>Maggiori informazioni.<br \/>\nAPPARTAMENTO TERAPIA &#8211; Come acquistare nuove fodere per il tuo Tylosand.<\/p>\n<p>APPARTAMENTO TERAPIA &#8211; Recensione del divano letto Tylosand.<\/p>\n<p>Blog Ikea &#8211; Semplice ripartizione dei pro e dei contro di un divanetto Tylosand e poltrona singola senza braccioli.<\/p>\n","protected":false},"excerpt":{"rendered":"<p>Benvenuti alla pagina dedicata a tutto quello che avreste voluto sapere sul Tylosand di IKEA e molto di pi\u00f9 \u2014 misure, versioni, recensioni, rivestimenti, istruzioni per l\u2019assemblaggio e molto altro. Forse state cercando il divano perfetto e avete bisogno di un aiutino. Forse avete gi\u00e0 deciso di orientarvi sul Tylosand, ne avete trovato uno su [&hellip;]<\/p>\n","protected":false},"author":1,"featured_media":25861,"parent":0,"menu_order":0,"comment_status":"open","ping_status":"closed","template":"","meta":{"_acf_changed":false,"footnotes":""},"class_list":["post-39878","page","type-page","status-publish","has-post-thumbnail","hentry"],"acf":[],"yoast_head":"<!-- This site is optimized with the Yoast SEO Premium plugin v25.1 (Yoast SEO v25.1) - https:\/\/yoast.com\/wordpress\/plugins\/seo\/ -->\n<title>Divano IKEA Tylosand - Guida e recensioni<\/title>\n<meta name=\"description\" content=\"La guida definitiva e tutte le informazioni sul divano IKEA Tylosand - troverai misure, dimensioni, recensioni, fodere, manuale d&#039;istruzioni e molto altro.\" \/>\n<meta name=\"robots\" content=\"index, follow, max-snippet:-1, max-image-preview:large, max-video-preview:-1\" \/>\n<link rel=\"canonical\" href=\"https:\/\/blog.comfort-works.com\/it\/divano-ikea-tylosand-guida-e-recensione\/\" \/>\n<meta property=\"og:locale\" content=\"it_IT\" \/>\n<meta property=\"og:type\" content=\"article\" \/>\n<meta property=\"og:title\" content=\"Divano IKEA Tylosand - Guida e recensioni\" \/>\n<meta property=\"og:description\" content=\"La guida definitiva e tutte le informazioni sul divano IKEA Tylosand - troverai misure, dimensioni, recensioni, fodere, manuale d&#039;istruzioni e molto altro.\" \/>\n<meta property=\"og:url\" content=\"https:\/\/blog.comfort-works.com\/it\/divano-ikea-tylosand-guida-e-recensione\/\" \/>\n<meta property=\"og:site_name\" content=\"Comfort Works Blog &amp; Sofa Resources\" \/>\n<meta property=\"article:publisher\" content=\"https:\/\/www.facebook.com\/comfortworkscovers\" \/>\n<meta property=\"article:modified_time\" content=\"2024-01-15T06:44:56+00:00\" \/>\n<meta property=\"og:image\" content=\"https:\/\/blog-v3.comfort-works.com\/wp-content\/uploads\/2017\/10\/Tylosand-TD4-TD0-in-Kino-Charcoal.jpeg\" \/>\n\t<meta property=\"og:image:width\" content=\"3264\" \/>\n\t<meta property=\"og:image:height\" content=\"1836\" \/>\n\t<meta property=\"og:image:type\" content=\"image\/jpeg\" \/>\n<meta name=\"twitter:card\" content=\"summary_large_image\" \/>\n<meta name=\"twitter:site\" content=\"@comfortworks\" \/>\n<meta name=\"twitter:label1\" content=\"Tempo di lettura stimato\" \/>\n\t<meta name=\"twitter:data1\" content=\"2 minuti\" \/>\n<script type=\"application\/ld+json\" class=\"yoast-schema-graph\">{\"@context\":\"https:\/\/schema.org\",\"@graph\":[{\"@type\":\"WebPage\",\"@id\":\"https:\/\/blog.comfort-works.com\/it\/divano-ikea-tylosand-guida-e-recensione\/\",\"url\":\"https:\/\/blog.comfort-works.com\/it\/divano-ikea-tylosand-guida-e-recensione\/\",\"name\":\"Divano IKEA Tylosand - Guida e recensioni\",\"isPartOf\":{\"@id\":\"https:\/\/blog.comfort-works.com\/#website\"},\"primaryImageOfPage\":{\"@id\":\"https:\/\/blog.comfort-works.com\/it\/divano-ikea-tylosand-guida-e-recensione\/#primaryimage\"},\"image\":{\"@id\":\"https:\/\/blog.comfort-works.com\/it\/divano-ikea-tylosand-guida-e-recensione\/#primaryimage\"},\"thumbnailUrl\":\"https:\/\/blog.comfort-works.com\/wp-content\/uploads\/2017\/10\/Tylosand-TD4-TD0-in-Kino-Charcoal.jpeg\",\"datePublished\":\"2019-04-04T17:33:17+00:00\",\"dateModified\":\"2024-01-15T06:44:56+00:00\",\"description\":\"La guida definitiva e tutte le informazioni sul divano IKEA Tylosand - troverai misure, dimensioni, recensioni, fodere, manuale d'istruzioni e molto altro.\",\"inLanguage\":\"it-IT\",\"potentialAction\":[{\"@type\":\"ReadAction\",\"target\":[\"https:\/\/blog.comfort-works.com\/it\/divano-ikea-tylosand-guida-e-recensione\/\"]}]},{\"@type\":\"ImageObject\",\"inLanguage\":\"it-IT\",\"@id\":\"https:\/\/blog.comfort-works.com\/it\/divano-ikea-tylosand-guida-e-recensione\/#primaryimage\",\"url\":\"https:\/\/blog.comfort-works.com\/wp-content\/uploads\/2017\/10\/Tylosand-TD4-TD0-in-Kino-Charcoal.jpeg\",\"contentUrl\":\"https:\/\/blog.comfort-works.com\/wp-content\/uploads\/2017\/10\/Tylosand-TD4-TD0-in-Kino-Charcoal.jpeg\",\"width\":3264,\"height\":1836,\"caption\":\"Divano IKEA Tylosand Kino Charcoal\"},{\"@type\":\"WebSite\",\"@id\":\"https:\/\/blog.comfort-works.com\/#website\",\"url\":\"https:\/\/blog.comfort-works.com\/\",\"name\":\"Finding Comfort\",\"description\":\"Everything you need to know about sofas\",\"publisher\":{\"@id\":\"https:\/\/blog.comfort-works.com\/#organization\"},\"potentialAction\":[{\"@type\":\"SearchAction\",\"target\":{\"@type\":\"EntryPoint\",\"urlTemplate\":\"https:\/\/blog.comfort-works.com\/?s={search_term_string}\"},\"query-input\":{\"@type\":\"PropertyValueSpecification\",\"valueRequired\":true,\"valueName\":\"search_term_string\"}}],\"inLanguage\":\"it-IT\"},{\"@type\":\"Organization\",\"@id\":\"https:\/\/blog.comfort-works.com\/#organization\",\"name\":\"Comfort Works\",\"url\":\"https:\/\/blog.comfort-works.com\/\",\"logo\":{\"@type\":\"ImageObject\",\"inLanguage\":\"it-IT\",\"@id\":\"https:\/\/blog.comfort-works.com\/#\/schema\/logo\/image\/\",\"url\":\"https:\/\/blog.comfort-works.com\/wp-content\/uploads\/2025\/06\/Frame-31.png\",\"contentUrl\":\"https:\/\/blog.comfort-works.com\/wp-content\/uploads\/2025\/06\/Frame-31.png\",\"width\":1200,\"height\":675,\"caption\":\"Comfort Works\"},\"image\":{\"@id\":\"https:\/\/blog.comfort-works.com\/#\/schema\/logo\/image\/\"},\"sameAs\":[\"https:\/\/www.facebook.com\/comfortworkscovers\",\"https:\/\/x.com\/comfortworks\",\"https:\/\/www.instagram.com\/comfortworks\/\",\"https:\/\/www.pinterest.com\/comfortworks\/\",\"https:\/\/www.youtube.com\/channel\/UCiY0z-GqZUzfeBwrAhT2kAg\"]}]}<\/script>\n<!-- \/ Yoast SEO Premium plugin. -->","yoast_head_json":{"title":"Divano IKEA Tylosand - Guida e recensioni","description":"La guida definitiva e tutte le informazioni sul divano IKEA Tylosand - troverai misure, dimensioni, recensioni, fodere, manuale d'istruzioni e molto altro.","robots":{"index":"index","follow":"follow","max-snippet":"max-snippet:-1","max-image-preview":"max-image-preview:large","max-video-preview":"max-video-preview:-1"},"canonical":"https:\/\/blog.comfort-works.com\/it\/divano-ikea-tylosand-guida-e-recensione\/","og_locale":"it_IT","og_type":"article","og_title":"Divano IKEA Tylosand - Guida e recensioni","og_description":"La guida definitiva e tutte le informazioni sul divano IKEA Tylosand - troverai misure, dimensioni, recensioni, fodere, manuale d'istruzioni e molto altro.","og_url":"https:\/\/blog.comfort-works.com\/it\/divano-ikea-tylosand-guida-e-recensione\/","og_site_name":"Comfort Works Blog &amp; Sofa Resources","article_publisher":"https:\/\/www.facebook.com\/comfortworkscovers","article_modified_time":"2024-01-15T06:44:56+00:00","og_image":[{"width":3264,"height":1836,"url":"https:\/\/blog-v3.comfort-works.com\/wp-content\/uploads\/2017\/10\/Tylosand-TD4-TD0-in-Kino-Charcoal.jpeg","type":"image\/jpeg"}],"twitter_card":"summary_large_image","twitter_site":"@comfortworks","twitter_misc":{"Tempo di lettura stimato":"2 minuti"},"schema":{"@context":"https:\/\/schema.org","@graph":[{"@type":"WebPage","@id":"https:\/\/blog.comfort-works.com\/it\/divano-ikea-tylosand-guida-e-recensione\/","url":"https:\/\/blog.comfort-works.com\/it\/divano-ikea-tylosand-guida-e-recensione\/","name":"Divano IKEA Tylosand - Guida e recensioni","isPartOf":{"@id":"https:\/\/blog.comfort-works.com\/#website"},"primaryImageOfPage":{"@id":"https:\/\/blog.comfort-works.com\/it\/divano-ikea-tylosand-guida-e-recensione\/#primaryimage"},"image":{"@id":"https:\/\/blog.comfort-works.com\/it\/divano-ikea-tylosand-guida-e-recensione\/#primaryimage"},"thumbnailUrl":"https:\/\/blog.comfort-works.com\/wp-content\/uploads\/2017\/10\/Tylosand-TD4-TD0-in-Kino-Charcoal.jpeg","datePublished":"2019-04-04T17:33:17+00:00","dateModified":"2024-01-15T06:44:56+00:00","description":"La guida definitiva e tutte le informazioni sul divano IKEA Tylosand - troverai misure, dimensioni, recensioni, fodere, manuale d'istruzioni e molto altro.","inLanguage":"it-IT","potentialAction":[{"@type":"ReadAction","target":["https:\/\/blog.comfort-works.com\/it\/divano-ikea-tylosand-guida-e-recensione\/"]}]},{"@type":"ImageObject","inLanguage":"it-IT","@id":"https:\/\/blog.comfort-works.com\/it\/divano-ikea-tylosand-guida-e-recensione\/#primaryimage","url":"https:\/\/blog.comfort-works.com\/wp-content\/uploads\/2017\/10\/Tylosand-TD4-TD0-in-Kino-Charcoal.jpeg","contentUrl":"https:\/\/blog.comfort-works.com\/wp-content\/uploads\/2017\/10\/Tylosand-TD4-TD0-in-Kino-Charcoal.jpeg","width":3264,"height":1836,"caption":"Divano IKEA Tylosand Kino Charcoal"},{"@type":"WebSite","@id":"https:\/\/blog.comfort-works.com\/#website","url":"https:\/\/blog.comfort-works.com\/","name":"Finding Comfort","description":"Everything you need to know about sofas","publisher":{"@id":"https:\/\/blog.comfort-works.com\/#organization"},"potentialAction":[{"@type":"SearchAction","target":{"@type":"EntryPoint","urlTemplate":"https:\/\/blog.comfort-works.com\/?s={search_term_string}"},"query-input":{"@type":"PropertyValueSpecification","valueRequired":true,"valueName":"search_term_string"}}],"inLanguage":"it-IT"},{"@type":"Organization","@id":"https:\/\/blog.comfort-works.com\/#organization","name":"Comfort Works","url":"https:\/\/blog.comfort-works.com\/","logo":{"@type":"ImageObject","inLanguage":"it-IT","@id":"https:\/\/blog.comfort-works.com\/#\/schema\/logo\/image\/","url":"https:\/\/blog.comfort-works.com\/wp-content\/uploads\/2025\/06\/Frame-31.png","contentUrl":"https:\/\/blog.comfort-works.com\/wp-content\/uploads\/2025\/06\/Frame-31.png","width":1200,"height":675,"caption":"Comfort Works"},"image":{"@id":"https:\/\/blog.comfort-works.com\/#\/schema\/logo\/image\/"},"sameAs":["https:\/\/www.facebook.com\/comfortworkscovers","https:\/\/x.com\/comfortworks","https:\/\/www.instagram.com\/comfortworks\/","https:\/\/www.pinterest.com\/comfortworks\/","https:\/\/www.youtube.com\/channel\/UCiY0z-GqZUzfeBwrAhT2kAg"]}]}},"_links":{"self":[{"href":"https:\/\/blog.comfort-works.com\/it\/wp-json\/wp\/v2\/pages\/39878","targetHints":{"allow":["GET"]}}],"collection":[{"href":"https:\/\/blog.comfort-works.com\/it\/wp-json\/wp\/v2\/pages"}],"about":[{"href":"https:\/\/blog.comfort-works.com\/it\/wp-json\/wp\/v2\/types\/page"}],"author":[{"embeddable":true,"href":"https:\/\/blog.comfort-works.com\/it\/wp-json\/wp\/v2\/users\/1"}],"replies":[{"embeddable":true,"href":"https:\/\/blog.comfort-works.com\/it\/wp-json\/wp\/v2\/comments?post=39878"}],"version-history":[{"count":6,"href":"https:\/\/blog.comfort-works.com\/it\/wp-json\/wp\/v2\/pages\/39878\/revisions"}],"predecessor-version":[{"id":108860,"href":"https:\/\/blog.comfort-works.com\/it\/wp-json\/wp\/v2\/pages\/39878\/revisions\/108860"}],"wp:featuredmedia":[{"embeddable":true,"href":"https:\/\/blog.comfort-works.com\/it\/wp-json\/wp\/v2\/media\/25861"}],"wp:attachment":[{"href":"https:\/\/blog.comfort-works.com\/it\/wp-json\/wp\/v2\/media?parent=39878"}],"curies":[{"name":"wp","href":"https:\/\/api.w.org\/{rel}","templated":true}]}}