{"id":39880,"date":"2019-04-05T01:59:47","date_gmt":"2019-04-04T17:59:47","guid":{"rendered":"https:\/\/www.comfort-works.com\/news\/divano-ikea-vimle-guida-e-informazioni\/"},"modified":"2024-01-29T13:58:27","modified_gmt":"2024-01-29T05:58:27","slug":"divano-ikea-vimle-guida-e-informazioni","status":"publish","type":"page","link":"https:\/\/blog.comfort-works.com\/it\/divano-ikea-vimle-guida-e-informazioni\/","title":{"rendered":"Divano IKEA Vimle &#8211; Guida e informazioni"},"content":{"rendered":"<p class=\"p1\">Benvenuti alla pagina dedicata a tutto quello che avreste voluto sapere sul Vimle di IKEA e molto di pi\u00f9 \u2014 misure, versioni, recensioni, rivestimenti, istruzioni per l\u2019assemblaggio e molto altro.<\/p>\n<p class=\"p1\">Forse state cercando il divano perfetto e avete bisogno di un aiutino. Forse avete gi\u00e0 deciso di orientarvi sul Vimle, ne avete trovato uno su Craigslist o Ebay e vi occorrono maggiori informazioni. Forse avete gi\u00e0 un Vimle e qualche ospite ha deciso di versare del caff\u00e8 sulle sue fodere impossibili da trovare. Forse, ancora, un vostro parente sta per arrivare in citt\u00e0 e vorreste dare un look pi\u00f9 \u2018adulto\u2019 ai vostri rivestimenti. In questo post, vi aiuteremo con quasi tutto.<\/p>\n<p class=\"p1\">E se ancora restano questioni senza risposta, sentitevi liberi di contattarci qui: <a href=\"mailto:info@comfortworks.com.au\"><span class=\"s1\">info@comfortworks.com.au<\/span><\/a><\/p>\n<p><span style=\"font-size: 14pt;\"><strong>CONTROLLO VELOCE<\/strong><\/span><br \/>\nStato: Divano e copridivani ancora disponibili presso IKEA.<\/p>\n<p>Fodera: <a href=\"https:\/\/comfort-works.com\/en\/vimle-sofa-covers-482\">fodere Vimle<\/a> disponibili presso Comfort Works<\/p>\n<p>Fattore &#8220;wow&#8221;: versatile, ampio, resistente, un divano moderno. Essendo super modulare, puoi creare una combinazione perfetta per il tuo spazio abitativo utilizzando vari pezzi modulari.<\/p>\n<p>Fattore &#8220;Ugh&#8221;: braccioli alti e sottili e la serie non ha la versione divano letto.<\/p>\n<p><span style=\"font-size: 14pt;\"><strong>Misure<\/strong><\/span><\/p>\n<ul>\n<li>Vimle Poggiapiedi: W- 73cm D- 98m H- 45cm<\/li>\n<li>Vimle Divanetto: W- 171 cm D- 98m H &#8211; 80 cm<\/li>\n<li>Vimle divano: W- 241 cm D- 98m H &#8211; 80 cm<\/li>\n<li>Vimle 2 posti con Chaise: W- 252 cm D- 98m H &#8211; 80 cm<\/li>\n<li>Vimle divano angolare (2 + 3): W- 249\/319 cm D- 98m H &#8211; 80 cm<\/li>\n<\/ul>\n<p><span style=\"font-size: 14pt;\"><strong>MANUALE DI ISTRUZIONI<\/strong><\/span><br \/>\nVuoi sapere come assemblare un divano Vimle?<\/p>\n<p>Fare clic sul rispettivo modello qui sotto per scaricare le istruzioni di montaggio<\/p>\n<ul>\n<li><a href=\"https:\/\/www.comfort-works.com\/news\/wp-content\/uploads\/2018\/06\/Ikea-Vimle-Footstool-Assembly-Instruction-Manual.pdf\">Manuale di istruzioni del gruppo poggiapiedi IKEA Vimle<\/a><\/li>\n<li><a href=\"https:\/\/blog.comfort-works.com\/wp-content\/uploads\/2018\/06\/vimle-cover-for-loveseat-section.pdf\">IKEA Vimle Loveseat Assembly Istruzioni per l&#8217;uso<\/a><\/li>\n<li><a href=\"https:\/\/www.comfort-works.com\/news\/wp-content\/uploads\/2018\/06\/IKEA-Vimle-Sofa-Assembly-Instruction-Manual.pdf\">IKEA Vimle Sofa Assembly Manuale di istruzioni<\/a><\/li>\n<\/ul>\n<p><strong>LA NOSTRA RECENSIONE<\/strong><br \/>\nLa serie Vimle \u00e8 semplice, comoda ed estremamente elegante. Data la sua natura modulare \u00e8 possibile adattare questo divano in diversi salotti e adattarlo a diversi stili di decorazione. Questo divano ha una struttura solida e, nonostante sia un divano modulare, quando si uniscono i pezzi si ha la sensazione che il divano sia stabile. Facile sedersi, sdraiarsi o fare un pisolino!<\/p>\n<p>&nbsp;<\/p>\n<p>Vimle divano 3 posti<\/p>\n<p>A Comfort Works, vendiamo separatamente vari <a href=\"https:\/\/www.comfort-works.com\/news\/wp-content\/uploads\/2018\/06\/IKEA-Vimle-Sofa-Assembly-Instruction-Manual.pdf\">componenti modulari<\/a>, non esitate a chiedere ulteriori opzioni di personalizzazione, mettetevi in <a href=\"https:\/\/comfort-works.com\/de-de\/content\/kontakt-379\/\">\u200b\u200bcontatto con noi!<\/a><\/p>\n<p>Ma aspetta, c&#8217;\u00e8 dell&#8217;altro! Puoi cambiare <a href=\"https:\/\/comfort-works.com\/en\/replacement-ikea-sofa-legs-29\">le gambe<\/a> con alcune gambe del divano ispirate alla met\u00e0 del secolo super sottile che si adattano ai divani Vimle per un look diverso<\/p>\n<p>Leggi la nostra <a href=\"\/news?p=22988\">recensione<\/a> completa del divano Vimle qui.<\/p>\n<p><span style=\"font-size: 14pt;\"><strong>MAGGIORI INFORMAZIONI<\/strong><\/span><br \/>\nApartment Therapy &#8211; I migliori e pi\u00f9 comodi divani ikea<\/p>\n<p><a href=\"http:\/\/reflektinteriors.com\/2017\/07\/checkoutournewloveseat-thevimle\/\">Rifletti interni<\/a> &#8211; Recensione del Vimle Loveseat<\/p>\n<p><a href=\"https:\/\/apopofpretty.com\/ikea-vimle-sofa-review-orrsta-black-blue\/\">Un bel po &#8216;di blog<\/a> &#8211; IKEA Vimle Sofa Review<\/p>\n<p><a href=\"\/news?p=22988\">Comfort Works<\/a> &#8211; Revisione del divano Vimle IKEA &#8211; un nuovo bestseller?<\/p>\n","protected":false},"excerpt":{"rendered":"<p>Benvenuti alla pagina dedicata a tutto quello che avreste voluto sapere sul Vimle di IKEA e molto di pi\u00f9 \u2014 misure, versioni, recensioni, rivestimenti, istruzioni per l\u2019assemblaggio e molto altro. Forse state cercando il divano perfetto e avete bisogno di un aiutino. Forse avete gi\u00e0 deciso di orientarvi sul Vimle, ne avete trovato uno su [&hellip;]<\/p>\n","protected":false},"author":1001022,"featured_media":39881,"parent":0,"menu_order":0,"comment_status":"closed","ping_status":"closed","template":"","meta":{"_acf_changed":false,"footnotes":""},"class_list":["post-39880","page","type-page","status-publish","has-post-thumbnail","hentry"],"acf":[],"yoast_head":"<!-- This site is optimized with the Yoast SEO Premium plugin v25.1 (Yoast SEO v25.1) - https:\/\/yoast.com\/wordpress\/plugins\/seo\/ -->\n<title>Divano IKEA Vimple - Guida e recensioni<\/title>\n<meta name=\"description\" content=\"La guida definitiva e tutte le informazioni sul divano IKEA Vimle - troverai misure, dimensioni, recensioni, fodere, manuale d&#039;istruzioni e molto altro.\" \/>\n<meta name=\"robots\" content=\"index, follow, max-snippet:-1, max-image-preview:large, max-video-preview:-1\" \/>\n<link rel=\"canonical\" href=\"https:\/\/blog.comfort-works.com\/it\/divano-ikea-vimle-guida-e-informazioni\/\" \/>\n<meta property=\"og:locale\" content=\"it_IT\" \/>\n<meta property=\"og:type\" content=\"article\" \/>\n<meta property=\"og:title\" content=\"Divano IKEA Vimple - Guida e recensioni\" \/>\n<meta property=\"og:description\" content=\"La guida definitiva e tutte le informazioni sul divano IKEA Vimle - troverai misure, dimensioni, recensioni, fodere, manuale d&#039;istruzioni e molto altro.\" \/>\n<meta property=\"og:url\" content=\"https:\/\/blog.comfort-works.com\/it\/divano-ikea-vimle-guida-e-informazioni\/\" \/>\n<meta property=\"og:site_name\" content=\"Comfort Works Blog &amp; Sofa Resources\" \/>\n<meta property=\"article:publisher\" content=\"https:\/\/www.facebook.com\/comfortworkscovers\" \/>\n<meta property=\"article:modified_time\" content=\"2024-01-29T05:58:27+00:00\" \/>\n<meta property=\"og:image\" content=\"https:\/\/blog-v3.comfort-works.com\/wp-content\/uploads\/2018\/06\/Vimle.jpeg\" \/>\n\t<meta property=\"og:image:width\" content=\"1024\" \/>\n\t<meta property=\"og:image:height\" content=\"670\" \/>\n\t<meta property=\"og:image:type\" content=\"image\/jpeg\" \/>\n<meta name=\"twitter:card\" content=\"summary_large_image\" \/>\n<meta name=\"twitter:site\" content=\"@comfortworks\" \/>\n<meta name=\"twitter:label1\" content=\"Tempo di lettura stimato\" \/>\n\t<meta name=\"twitter:data1\" content=\"2 minuti\" \/>\n<script type=\"application\/ld+json\" class=\"yoast-schema-graph\">{\"@context\":\"https:\/\/schema.org\",\"@graph\":[{\"@type\":\"WebPage\",\"@id\":\"https:\/\/blog.comfort-works.com\/it\/divano-ikea-vimle-guida-e-informazioni\/\",\"url\":\"https:\/\/blog.comfort-works.com\/it\/divano-ikea-vimle-guida-e-informazioni\/\",\"name\":\"Divano IKEA Vimple - Guida e recensioni\",\"isPartOf\":{\"@id\":\"https:\/\/blog.comfort-works.com\/#website\"},\"primaryImageOfPage\":{\"@id\":\"https:\/\/blog.comfort-works.com\/it\/divano-ikea-vimle-guida-e-informazioni\/#primaryimage\"},\"image\":{\"@id\":\"https:\/\/blog.comfort-works.com\/it\/divano-ikea-vimle-guida-e-informazioni\/#primaryimage\"},\"thumbnailUrl\":\"https:\/\/blog.comfort-works.com\/wp-content\/uploads\/2018\/06\/Vimle.jpeg\",\"datePublished\":\"2019-04-04T17:59:47+00:00\",\"dateModified\":\"2024-01-29T05:58:27+00:00\",\"description\":\"La guida definitiva e tutte le informazioni sul divano IKEA Vimle - troverai misure, dimensioni, recensioni, fodere, manuale d'istruzioni e molto altro.\",\"inLanguage\":\"it-IT\",\"potentialAction\":[{\"@type\":\"ReadAction\",\"target\":[\"https:\/\/blog.comfort-works.com\/it\/divano-ikea-vimle-guida-e-informazioni\/\"]}]},{\"@type\":\"ImageObject\",\"inLanguage\":\"it-IT\",\"@id\":\"https:\/\/blog.comfort-works.com\/it\/divano-ikea-vimle-guida-e-informazioni\/#primaryimage\",\"url\":\"https:\/\/blog.comfort-works.com\/wp-content\/uploads\/2018\/06\/Vimle.jpeg\",\"contentUrl\":\"https:\/\/blog.comfort-works.com\/wp-content\/uploads\/2018\/06\/Vimle.jpeg\",\"width\":1024,\"height\":670,\"caption\":\"Vimle angolare giallo\"},{\"@type\":\"WebSite\",\"@id\":\"https:\/\/blog.comfort-works.com\/#website\",\"url\":\"https:\/\/blog.comfort-works.com\/\",\"name\":\"Finding Comfort\",\"description\":\"Everything you need to know about sofas\",\"publisher\":{\"@id\":\"https:\/\/blog.comfort-works.com\/#organization\"},\"potentialAction\":[{\"@type\":\"SearchAction\",\"target\":{\"@type\":\"EntryPoint\",\"urlTemplate\":\"https:\/\/blog.comfort-works.com\/?s={search_term_string}\"},\"query-input\":{\"@type\":\"PropertyValueSpecification\",\"valueRequired\":true,\"valueName\":\"search_term_string\"}}],\"inLanguage\":\"it-IT\"},{\"@type\":\"Organization\",\"@id\":\"https:\/\/blog.comfort-works.com\/#organization\",\"name\":\"Comfort Works\",\"url\":\"https:\/\/blog.comfort-works.com\/\",\"logo\":{\"@type\":\"ImageObject\",\"inLanguage\":\"it-IT\",\"@id\":\"https:\/\/blog.comfort-works.com\/#\/schema\/logo\/image\/\",\"url\":\"https:\/\/blog.comfort-works.com\/wp-content\/uploads\/2025\/06\/Frame-31.png\",\"contentUrl\":\"https:\/\/blog.comfort-works.com\/wp-content\/uploads\/2025\/06\/Frame-31.png\",\"width\":1200,\"height\":675,\"caption\":\"Comfort Works\"},\"image\":{\"@id\":\"https:\/\/blog.comfort-works.com\/#\/schema\/logo\/image\/\"},\"sameAs\":[\"https:\/\/www.facebook.com\/comfortworkscovers\",\"https:\/\/x.com\/comfortworks\",\"https:\/\/www.instagram.com\/comfortworks\/\",\"https:\/\/www.pinterest.com\/comfortworks\/\",\"https:\/\/www.youtube.com\/channel\/UCiY0z-GqZUzfeBwrAhT2kAg\"]}]}<\/script>\n<!-- \/ Yoast SEO Premium plugin. -->","yoast_head_json":{"title":"Divano IKEA Vimple - Guida e recensioni","description":"La guida definitiva e tutte le informazioni sul divano IKEA Vimle - troverai misure, dimensioni, recensioni, fodere, manuale d'istruzioni e molto altro.","robots":{"index":"index","follow":"follow","max-snippet":"max-snippet:-1","max-image-preview":"max-image-preview:large","max-video-preview":"max-video-preview:-1"},"canonical":"https:\/\/blog.comfort-works.com\/it\/divano-ikea-vimle-guida-e-informazioni\/","og_locale":"it_IT","og_type":"article","og_title":"Divano IKEA Vimple - Guida e recensioni","og_description":"La guida definitiva e tutte le informazioni sul divano IKEA Vimle - troverai misure, dimensioni, recensioni, fodere, manuale d'istruzioni e molto altro.","og_url":"https:\/\/blog.comfort-works.com\/it\/divano-ikea-vimle-guida-e-informazioni\/","og_site_name":"Comfort Works Blog &amp; Sofa Resources","article_publisher":"https:\/\/www.facebook.com\/comfortworkscovers","article_modified_time":"2024-01-29T05:58:27+00:00","og_image":[{"width":1024,"height":670,"url":"https:\/\/blog-v3.comfort-works.com\/wp-content\/uploads\/2018\/06\/Vimle.jpeg","type":"image\/jpeg"}],"twitter_card":"summary_large_image","twitter_site":"@comfortworks","twitter_misc":{"Tempo di lettura stimato":"2 minuti"},"schema":{"@context":"https:\/\/schema.org","@graph":[{"@type":"WebPage","@id":"https:\/\/blog.comfort-works.com\/it\/divano-ikea-vimle-guida-e-informazioni\/","url":"https:\/\/blog.comfort-works.com\/it\/divano-ikea-vimle-guida-e-informazioni\/","name":"Divano IKEA Vimple - Guida e recensioni","isPartOf":{"@id":"https:\/\/blog.comfort-works.com\/#website"},"primaryImageOfPage":{"@id":"https:\/\/blog.comfort-works.com\/it\/divano-ikea-vimle-guida-e-informazioni\/#primaryimage"},"image":{"@id":"https:\/\/blog.comfort-works.com\/it\/divano-ikea-vimle-guida-e-informazioni\/#primaryimage"},"thumbnailUrl":"https:\/\/blog.comfort-works.com\/wp-content\/uploads\/2018\/06\/Vimle.jpeg","datePublished":"2019-04-04T17:59:47+00:00","dateModified":"2024-01-29T05:58:27+00:00","description":"La guida definitiva e tutte le informazioni sul divano IKEA Vimle - troverai misure, dimensioni, recensioni, fodere, manuale d'istruzioni e molto altro.","inLanguage":"it-IT","potentialAction":[{"@type":"ReadAction","target":["https:\/\/blog.comfort-works.com\/it\/divano-ikea-vimle-guida-e-informazioni\/"]}]},{"@type":"ImageObject","inLanguage":"it-IT","@id":"https:\/\/blog.comfort-works.com\/it\/divano-ikea-vimle-guida-e-informazioni\/#primaryimage","url":"https:\/\/blog.comfort-works.com\/wp-content\/uploads\/2018\/06\/Vimle.jpeg","contentUrl":"https:\/\/blog.comfort-works.com\/wp-content\/uploads\/2018\/06\/Vimle.jpeg","width":1024,"height":670,"caption":"Vimle angolare giallo"},{"@type":"WebSite","@id":"https:\/\/blog.comfort-works.com\/#website","url":"https:\/\/blog.comfort-works.com\/","name":"Finding Comfort","description":"Everything you need to know about sofas","publisher":{"@id":"https:\/\/blog.comfort-works.com\/#organization"},"potentialAction":[{"@type":"SearchAction","target":{"@type":"EntryPoint","urlTemplate":"https:\/\/blog.comfort-works.com\/?s={search_term_string}"},"query-input":{"@type":"PropertyValueSpecification","valueRequired":true,"valueName":"search_term_string"}}],"inLanguage":"it-IT"},{"@type":"Organization","@id":"https:\/\/blog.comfort-works.com\/#organization","name":"Comfort Works","url":"https:\/\/blog.comfort-works.com\/","logo":{"@type":"ImageObject","inLanguage":"it-IT","@id":"https:\/\/blog.comfort-works.com\/#\/schema\/logo\/image\/","url":"https:\/\/blog.comfort-works.com\/wp-content\/uploads\/2025\/06\/Frame-31.png","contentUrl":"https:\/\/blog.comfort-works.com\/wp-content\/uploads\/2025\/06\/Frame-31.png","width":1200,"height":675,"caption":"Comfort Works"},"image":{"@id":"https:\/\/blog.comfort-works.com\/#\/schema\/logo\/image\/"},"sameAs":["https:\/\/www.facebook.com\/comfortworkscovers","https:\/\/x.com\/comfortworks","https:\/\/www.instagram.com\/comfortworks\/","https:\/\/www.pinterest.com\/comfortworks\/","https:\/\/www.youtube.com\/channel\/UCiY0z-GqZUzfeBwrAhT2kAg"]}]}},"_links":{"self":[{"href":"https:\/\/blog.comfort-works.com\/it\/wp-json\/wp\/v2\/pages\/39880","targetHints":{"allow":["GET"]}}],"collection":[{"href":"https:\/\/blog.comfort-works.com\/it\/wp-json\/wp\/v2\/pages"}],"about":[{"href":"https:\/\/blog.comfort-works.com\/it\/wp-json\/wp\/v2\/types\/page"}],"author":[{"embeddable":true,"href":"https:\/\/blog.comfort-works.com\/it\/wp-json\/wp\/v2\/users\/1001022"}],"replies":[{"embeddable":true,"href":"https:\/\/blog.comfort-works.com\/it\/wp-json\/wp\/v2\/comments?post=39880"}],"version-history":[{"count":5,"href":"https:\/\/blog.comfort-works.com\/it\/wp-json\/wp\/v2\/pages\/39880\/revisions"}],"predecessor-version":[{"id":113142,"href":"https:\/\/blog.comfort-works.com\/it\/wp-json\/wp\/v2\/pages\/39880\/revisions\/113142"}],"wp:featuredmedia":[{"embeddable":true,"href":"https:\/\/blog.comfort-works.com\/it\/wp-json\/wp\/v2\/media\/39881"}],"wp:attachment":[{"href":"https:\/\/blog.comfort-works.com\/it\/wp-json\/wp\/v2\/media?parent=39880"}],"curies":[{"name":"wp","href":"https:\/\/api.w.org\/{rel}","templated":true}]}}